{"id":4233,"date":"2022-11-11T17:06:13","date_gmt":"2022-11-11T17:06:13","guid":{"rendered":"https:\/\/ecofinishcoatings.com\/giallo-versilia\/"},"modified":"2025-10-14T15:50:44","modified_gmt":"2025-10-14T15:50:44","slug":"giallo-versilia","status":"publish","type":"page","link":"https:\/\/ecofinishcoatings.com\/fr\/giallo-versilia\/","title":{"rendered":"Giallo Versilia"},"content":{"rendered":"<div id=\"cs-content\" class=\"cs-content\"><\/div>\n","protected":false},"excerpt":{"rendered":"<p>Giallo Versilia polyFIBRO : Giallo Versilia Embarquez pour un voyage sur les rivages ensoleill\u00e9s de la Versilia avec cette teinte radieuse. Sa base jaune vibrante exsude la chaleur du soleil m\u00e9diterran\u00e9en, rappelant les sables dor\u00e9s qui bordent la c\u00f4te italienne. Des taches d&rsquo;ambre et d&rsquo;or dansent \u00e0 la surface, faisant \u00e9cho \u00e0 l&rsquo;\u00e9clat lumineux du paysage toscan. Immergez-vous dans l&rsquo;attrait &#8230; <\/p>\n<div><a href=\"https:\/\/ecofinishcoatings.com\/fr\/giallo-versilia\/\" class=\"more-link\">Read More<\/a><\/div>\n","protected":false},"author":7,"featured_media":0,"parent":0,"menu_order":0,"comment_status":"closed","ping_status":"closed","template":"template-blank-4.php","meta":{"om_disable_all_campaigns":false,"_monsterinsights_skip_tracking":false,"_monsterinsights_sitenote_active":false,"_monsterinsights_sitenote_note":"","_monsterinsights_sitenote_category":0,"_uf_show_specific_survey":0,"_uf_disable_surveys":false,"footnotes":""},"class_list":["post-4233","page","type-page","status-publish","hentry","no-post-thumbnail"],"yoast_head":"<!-- This site is optimized with the Yoast SEO plugin v27.4 - https:\/\/yoast.com\/product\/yoast-seo-wordpress\/ -->\n<title>Giallo Versilia - ecoFINISH Coatings<\/title>\n<meta name=\"description\" content=\"Embarquez pour un voyage vers les rivages ensoleill\u00e9s de la Versilia avec polyFIBRO : Giallo Versilia. Cette teinte rayonnante se caract\u00e9rise par une base jaune vibrante.\" \/>\n<meta name=\"robots\" content=\"index, follow, max-snippet:-1, max-image-preview:large, max-video-preview:-1\" \/>\n<link rel=\"canonical\" href=\"https:\/\/ecofinishcoatings.com\/fr\/giallo-versilia\/\" \/>\n<meta property=\"og:locale\" content=\"fr_FR\" \/>\n<meta property=\"og:type\" content=\"article\" \/>\n<meta property=\"og:title\" content=\"Giallo Versilia - ecoFINISH Coatings\" \/>\n<meta property=\"og:description\" content=\"Embarquez pour un voyage vers les rivages ensoleill\u00e9s de la Versilia avec polyFIBRO : Giallo Versilia. Cette teinte rayonnante se caract\u00e9rise par une base jaune vibrante.\" \/>\n<meta property=\"og:url\" content=\"https:\/\/ecofinishcoatings.com\/fr\/giallo-versilia\/\" \/>\n<meta property=\"og:site_name\" content=\"ecoFINISH Coatings\" \/>\n<meta property=\"article:modified_time\" content=\"2025-10-14T15:50:44+00:00\" \/>\n<meta name=\"twitter:card\" content=\"summary_large_image\" \/>\n<meta name=\"twitter:label1\" content=\"Dur\u00e9e de lecture estim\u00e9e\" \/>\n\t<meta name=\"twitter:data1\" content=\"3 minutes\" \/>\n<script type=\"application\/ld+json\" class=\"yoast-schema-graph\">{\"@context\":\"https:\\\/\\\/schema.org\",\"@graph\":[{\"@type\":\"WebPage\",\"@id\":\"https:\\\/\\\/ecofinishcoatings.com\\\/fr\\\/giallo-versilia\\\/\",\"url\":\"https:\\\/\\\/ecofinishcoatings.com\\\/fr\\\/giallo-versilia\\\/\",\"name\":\"Giallo Versilia - ecoFINISH Coatings\",\"isPartOf\":{\"@id\":\"https:\\\/\\\/ecofinishcoatings.com\\\/fr\\\/#website\"},\"datePublished\":\"2022-11-11T17:06:13+00:00\",\"dateModified\":\"2025-10-14T15:50:44+00:00\",\"description\":\"Embarquez pour un voyage vers les rivages ensoleill\u00e9s de la Versilia avec polyFIBRO : Giallo Versilia. Cette teinte rayonnante se caract\u00e9rise par une base jaune vibrante.\",\"breadcrumb\":{\"@id\":\"https:\\\/\\\/ecofinishcoatings.com\\\/fr\\\/giallo-versilia\\\/#breadcrumb\"},\"inLanguage\":\"fr-FR\",\"potentialAction\":[{\"@type\":\"ReadAction\",\"target\":[\"https:\\\/\\\/ecofinishcoatings.com\\\/fr\\\/giallo-versilia\\\/\"]}]},{\"@type\":\"BreadcrumbList\",\"@id\":\"https:\\\/\\\/ecofinishcoatings.com\\\/fr\\\/giallo-versilia\\\/#breadcrumb\",\"itemListElement\":[{\"@type\":\"ListItem\",\"position\":1,\"name\":\"Home\",\"item\":\"https:\\\/\\\/ecofinishcoatings.com\\\/fr\\\/accueil\\\/\"},{\"@type\":\"ListItem\",\"position\":2,\"name\":\"Giallo Versilia\"}]},{\"@type\":\"WebSite\",\"@id\":\"https:\\\/\\\/ecofinishcoatings.com\\\/fr\\\/#website\",\"url\":\"https:\\\/\\\/ecofinishcoatings.com\\\/fr\\\/\",\"name\":\"ecoFINISH Coatings\",\"description\":\"a new era of coatings\",\"potentialAction\":[{\"@type\":\"SearchAction\",\"target\":{\"@type\":\"EntryPoint\",\"urlTemplate\":\"https:\\\/\\\/ecofinishcoatings.com\\\/fr\\\/?s={search_term_string}\"},\"query-input\":{\"@type\":\"PropertyValueSpecification\",\"valueRequired\":true,\"valueName\":\"search_term_string\"}}],\"inLanguage\":\"fr-FR\"}]}<\/script>\n<!-- \/ Yoast SEO plugin. -->","yoast_head_json":{"title":"Giallo Versilia - ecoFINISH Coatings","description":"Embarquez pour un voyage vers les rivages ensoleill\u00e9s de la Versilia avec polyFIBRO : Giallo Versilia. Cette teinte rayonnante se caract\u00e9rise par une base jaune vibrante.","robots":{"index":"index","follow":"follow","max-snippet":"max-snippet:-1","max-image-preview":"max-image-preview:large","max-video-preview":"max-video-preview:-1"},"canonical":"https:\/\/ecofinishcoatings.com\/fr\/giallo-versilia\/","og_locale":"fr_FR","og_type":"article","og_title":"Giallo Versilia - ecoFINISH Coatings","og_description":"Embarquez pour un voyage vers les rivages ensoleill\u00e9s de la Versilia avec polyFIBRO : Giallo Versilia. Cette teinte rayonnante se caract\u00e9rise par une base jaune vibrante.","og_url":"https:\/\/ecofinishcoatings.com\/fr\/giallo-versilia\/","og_site_name":"ecoFINISH Coatings","article_modified_time":"2025-10-14T15:50:44+00:00","twitter_card":"summary_large_image","twitter_misc":{"Dur\u00e9e de lecture estim\u00e9e":"3 minutes"},"schema":{"@context":"https:\/\/schema.org","@graph":[{"@type":"WebPage","@id":"https:\/\/ecofinishcoatings.com\/fr\/giallo-versilia\/","url":"https:\/\/ecofinishcoatings.com\/fr\/giallo-versilia\/","name":"Giallo Versilia - ecoFINISH Coatings","isPartOf":{"@id":"https:\/\/ecofinishcoatings.com\/fr\/#website"},"datePublished":"2022-11-11T17:06:13+00:00","dateModified":"2025-10-14T15:50:44+00:00","description":"Embarquez pour un voyage vers les rivages ensoleill\u00e9s de la Versilia avec polyFIBRO : Giallo Versilia. Cette teinte rayonnante se caract\u00e9rise par une base jaune vibrante.","breadcrumb":{"@id":"https:\/\/ecofinishcoatings.com\/fr\/giallo-versilia\/#breadcrumb"},"inLanguage":"fr-FR","potentialAction":[{"@type":"ReadAction","target":["https:\/\/ecofinishcoatings.com\/fr\/giallo-versilia\/"]}]},{"@type":"BreadcrumbList","@id":"https:\/\/ecofinishcoatings.com\/fr\/giallo-versilia\/#breadcrumb","itemListElement":[{"@type":"ListItem","position":1,"name":"Home","item":"https:\/\/ecofinishcoatings.com\/fr\/accueil\/"},{"@type":"ListItem","position":2,"name":"Giallo Versilia"}]},{"@type":"WebSite","@id":"https:\/\/ecofinishcoatings.com\/fr\/#website","url":"https:\/\/ecofinishcoatings.com\/fr\/","name":"ecoFINISH Coatings","description":"a new era of coatings","potentialAction":[{"@type":"SearchAction","target":{"@type":"EntryPoint","urlTemplate":"https:\/\/ecofinishcoatings.com\/fr\/?s={search_term_string}"},"query-input":{"@type":"PropertyValueSpecification","valueRequired":true,"valueName":"search_term_string"}}],"inLanguage":"fr-FR"}]}},"_links":{"self":[{"href":"https:\/\/ecofinishcoatings.com\/fr\/wp-json\/wp\/v2\/pages\/4233","targetHints":{"allow":["GET"]}}],"collection":[{"href":"https:\/\/ecofinishcoatings.com\/fr\/wp-json\/wp\/v2\/pages"}],"about":[{"href":"https:\/\/ecofinishcoatings.com\/fr\/wp-json\/wp\/v2\/types\/page"}],"author":[{"embeddable":true,"href":"https:\/\/ecofinishcoatings.com\/fr\/wp-json\/wp\/v2\/users\/7"}],"replies":[{"embeddable":true,"href":"https:\/\/ecofinishcoatings.com\/fr\/wp-json\/wp\/v2\/comments?post=4233"}],"version-history":[{"count":0,"href":"https:\/\/ecofinishcoatings.com\/fr\/wp-json\/wp\/v2\/pages\/4233\/revisions"}],"wp:attachment":[{"href":"https:\/\/ecofinishcoatings.com\/fr\/wp-json\/wp\/v2\/media?parent=4233"}],"curies":[{"name":"wp","href":"https:\/\/api.w.org\/{rel}","templated":true}]}}