{"id":4168,"date":"2023-01-02T14:28:51","date_gmt":"2023-01-02T14:28:51","guid":{"rendered":"https:\/\/ecofinishcoatings.com\/contact\/"},"modified":"2026-03-31T13:44:25","modified_gmt":"2026-03-31T13:44:25","slug":"contact","status":"publish","type":"page","link":"https:\/\/ecofinishcoatings.com\/fr\/contact\/","title":{"rendered":"Contact"},"content":{"rendered":"<div id=\"cs-content\" class=\"cs-content\"><\/div>\n","protected":false},"excerpt":{"rendered":"<p>Contactez nous Des questions ? Des commentaires ? Des inqui\u00e9tudes ? Nos implantations \u00c9tats-Unis T\u00e9l : 1-800-333-1443Fax : 1-800-704-4167Adresse : 415 Constance Drive Warminster, PA 18974, USARoyaume-Uni T\u00e9l : 01516040001Fax : 01516782819Adresse : 22 Tarran Way North, Moreton, Wirral, CH46 4UA, UKDistribution europ\u00e9enne T\u00e9l : +359 897 326818Adresse : 6R23+GJ, 4135 Voivodinovo, Bulgarie 6R23+GJ, 4135 Voivodinovo, Bulgarie<\/p>\n","protected":false},"author":7,"featured_media":0,"parent":0,"menu_order":0,"comment_status":"closed","ping_status":"closed","template":"template-blank-4.php","meta":{"om_disable_all_campaigns":false,"_monsterinsights_skip_tracking":false,"_monsterinsights_sitenote_active":false,"_monsterinsights_sitenote_note":"","_monsterinsights_sitenote_category":0,"_uf_show_specific_survey":0,"_uf_disable_surveys":false,"footnotes":""},"class_list":["post-4168","page","type-page","status-publish","hentry","no-post-thumbnail"],"yoast_head":"<!-- This site is optimized with the Yoast SEO plugin v27.4 - https:\/\/yoast.com\/product\/yoast-seo-wordpress\/ -->\n<title>Contact - ecoFINISH Coatings<\/title>\n<meta name=\"description\" content=\"Vous avez des questions sur nos rev\u00eatements ? Vous souhaitez devenir distributeur ? Contactez-nous d\u00e8s aujourd&#039;hui et nous nous ferons un plaisir de r\u00e9pondre \u00e0 vos questions !\" \/>\n<meta name=\"robots\" content=\"index, follow, max-snippet:-1, max-image-preview:large, max-video-preview:-1\" \/>\n<link rel=\"canonical\" href=\"https:\/\/ecofinishcoatings.com\/fr\/contact\/\" \/>\n<meta property=\"og:locale\" content=\"fr_FR\" \/>\n<meta property=\"og:type\" content=\"article\" \/>\n<meta property=\"og:title\" content=\"Contact - ecoFINISH Coatings\" \/>\n<meta property=\"og:description\" content=\"Vous avez des questions sur nos rev\u00eatements ? Vous souhaitez devenir distributeur ? Contactez-nous d\u00e8s aujourd&#039;hui et nous nous ferons un plaisir de r\u00e9pondre \u00e0 vos questions !\" \/>\n<meta property=\"og:url\" content=\"https:\/\/ecofinishcoatings.com\/fr\/contact\/\" \/>\n<meta property=\"og:site_name\" content=\"ecoFINISH Coatings\" \/>\n<meta property=\"article:modified_time\" content=\"2026-03-31T13:44:25+00:00\" \/>\n<meta name=\"twitter:card\" content=\"summary_large_image\" \/>\n<meta name=\"twitter:label1\" content=\"Dur\u00e9e de lecture estim\u00e9e\" \/>\n\t<meta name=\"twitter:data1\" content=\"3 minutes\" \/>\n<script type=\"application\/ld+json\" class=\"yoast-schema-graph\">{\"@context\":\"https:\\\/\\\/schema.org\",\"@graph\":[{\"@type\":\"WebPage\",\"@id\":\"https:\\\/\\\/ecofinishcoatings.com\\\/fr\\\/contact\\\/\",\"url\":\"https:\\\/\\\/ecofinishcoatings.com\\\/fr\\\/contact\\\/\",\"name\":\"Contact - ecoFINISH Coatings\",\"isPartOf\":{\"@id\":\"https:\\\/\\\/ecofinishcoatings.com\\\/fr\\\/#website\"},\"datePublished\":\"2023-01-02T14:28:51+00:00\",\"dateModified\":\"2026-03-31T13:44:25+00:00\",\"description\":\"Vous avez des questions sur nos rev\u00eatements ? Vous souhaitez devenir distributeur ? Contactez-nous d\u00e8s aujourd'hui et nous nous ferons un plaisir de r\u00e9pondre \u00e0 vos questions !\",\"breadcrumb\":{\"@id\":\"https:\\\/\\\/ecofinishcoatings.com\\\/fr\\\/contact\\\/#breadcrumb\"},\"inLanguage\":\"fr-FR\",\"potentialAction\":[{\"@type\":\"ReadAction\",\"target\":[\"https:\\\/\\\/ecofinishcoatings.com\\\/fr\\\/contact\\\/\"]}]},{\"@type\":\"BreadcrumbList\",\"@id\":\"https:\\\/\\\/ecofinishcoatings.com\\\/fr\\\/contact\\\/#breadcrumb\",\"itemListElement\":[{\"@type\":\"ListItem\",\"position\":1,\"name\":\"Home\",\"item\":\"https:\\\/\\\/ecofinishcoatings.com\\\/fr\\\/accueil\\\/\"},{\"@type\":\"ListItem\",\"position\":2,\"name\":\"Contact\"}]},{\"@type\":\"WebSite\",\"@id\":\"https:\\\/\\\/ecofinishcoatings.com\\\/fr\\\/#website\",\"url\":\"https:\\\/\\\/ecofinishcoatings.com\\\/fr\\\/\",\"name\":\"ecoFINISH Coatings\",\"description\":\"a new era of coatings\",\"potentialAction\":[{\"@type\":\"SearchAction\",\"target\":{\"@type\":\"EntryPoint\",\"urlTemplate\":\"https:\\\/\\\/ecofinishcoatings.com\\\/fr\\\/?s={search_term_string}\"},\"query-input\":{\"@type\":\"PropertyValueSpecification\",\"valueRequired\":true,\"valueName\":\"search_term_string\"}}],\"inLanguage\":\"fr-FR\"}]}<\/script>\n<!-- \/ Yoast SEO plugin. -->","yoast_head_json":{"title":"Contact - ecoFINISH Coatings","description":"Vous avez des questions sur nos rev\u00eatements ? Vous souhaitez devenir distributeur ? Contactez-nous d\u00e8s aujourd'hui et nous nous ferons un plaisir de r\u00e9pondre \u00e0 vos questions !","robots":{"index":"index","follow":"follow","max-snippet":"max-snippet:-1","max-image-preview":"max-image-preview:large","max-video-preview":"max-video-preview:-1"},"canonical":"https:\/\/ecofinishcoatings.com\/fr\/contact\/","og_locale":"fr_FR","og_type":"article","og_title":"Contact - ecoFINISH Coatings","og_description":"Vous avez des questions sur nos rev\u00eatements ? Vous souhaitez devenir distributeur ? Contactez-nous d\u00e8s aujourd'hui et nous nous ferons un plaisir de r\u00e9pondre \u00e0 vos questions !","og_url":"https:\/\/ecofinishcoatings.com\/fr\/contact\/","og_site_name":"ecoFINISH Coatings","article_modified_time":"2026-03-31T13:44:25+00:00","twitter_card":"summary_large_image","twitter_misc":{"Dur\u00e9e de lecture estim\u00e9e":"3 minutes"},"schema":{"@context":"https:\/\/schema.org","@graph":[{"@type":"WebPage","@id":"https:\/\/ecofinishcoatings.com\/fr\/contact\/","url":"https:\/\/ecofinishcoatings.com\/fr\/contact\/","name":"Contact - ecoFINISH Coatings","isPartOf":{"@id":"https:\/\/ecofinishcoatings.com\/fr\/#website"},"datePublished":"2023-01-02T14:28:51+00:00","dateModified":"2026-03-31T13:44:25+00:00","description":"Vous avez des questions sur nos rev\u00eatements ? Vous souhaitez devenir distributeur ? Contactez-nous d\u00e8s aujourd'hui et nous nous ferons un plaisir de r\u00e9pondre \u00e0 vos questions !","breadcrumb":{"@id":"https:\/\/ecofinishcoatings.com\/fr\/contact\/#breadcrumb"},"inLanguage":"fr-FR","potentialAction":[{"@type":"ReadAction","target":["https:\/\/ecofinishcoatings.com\/fr\/contact\/"]}]},{"@type":"BreadcrumbList","@id":"https:\/\/ecofinishcoatings.com\/fr\/contact\/#breadcrumb","itemListElement":[{"@type":"ListItem","position":1,"name":"Home","item":"https:\/\/ecofinishcoatings.com\/fr\/accueil\/"},{"@type":"ListItem","position":2,"name":"Contact"}]},{"@type":"WebSite","@id":"https:\/\/ecofinishcoatings.com\/fr\/#website","url":"https:\/\/ecofinishcoatings.com\/fr\/","name":"ecoFINISH Coatings","description":"a new era of coatings","potentialAction":[{"@type":"SearchAction","target":{"@type":"EntryPoint","urlTemplate":"https:\/\/ecofinishcoatings.com\/fr\/?s={search_term_string}"},"query-input":{"@type":"PropertyValueSpecification","valueRequired":true,"valueName":"search_term_string"}}],"inLanguage":"fr-FR"}]}},"_links":{"self":[{"href":"https:\/\/ecofinishcoatings.com\/fr\/wp-json\/wp\/v2\/pages\/4168","targetHints":{"allow":["GET"]}}],"collection":[{"href":"https:\/\/ecofinishcoatings.com\/fr\/wp-json\/wp\/v2\/pages"}],"about":[{"href":"https:\/\/ecofinishcoatings.com\/fr\/wp-json\/wp\/v2\/types\/page"}],"author":[{"embeddable":true,"href":"https:\/\/ecofinishcoatings.com\/fr\/wp-json\/wp\/v2\/users\/7"}],"replies":[{"embeddable":true,"href":"https:\/\/ecofinishcoatings.com\/fr\/wp-json\/wp\/v2\/comments?post=4168"}],"version-history":[{"count":0,"href":"https:\/\/ecofinishcoatings.com\/fr\/wp-json\/wp\/v2\/pages\/4168\/revisions"}],"wp:attachment":[{"href":"https:\/\/ecofinishcoatings.com\/fr\/wp-json\/wp\/v2\/media?parent=4168"}],"curies":[{"name":"wp","href":"https:\/\/api.w.org\/{rel}","templated":true}]}}