{"id":4167,"date":"2022-11-11T17:31:57","date_gmt":"2022-11-11T17:31:57","guid":{"rendered":"https:\/\/ecofinishcoatings.com\/blue-lagoon\/"},"modified":"2025-10-14T15:35:01","modified_gmt":"2025-10-14T15:35:01","slug":"blue-lagoon","status":"publish","type":"page","link":"https:\/\/ecofinishcoatings.com\/fr\/blue-lagoon\/","title":{"rendered":"Blue Lagoon"},"content":{"rendered":"<div id=\"cs-content\" class=\"cs-content\"><\/div>\n","protected":false},"excerpt":{"rendered":"<p>Blue Lagoon aquaBRIGHT : Lagon bleu Plongez dans les profondeurs enchanteresses de Blue Lagoon, o\u00f9 l&rsquo;attrait d&rsquo;une oasis tropicale vous attire. Sa base d&rsquo;aigue-marine vibrante scintille avec des m\u00e8ches iris\u00e9es d&rsquo;argent et de sarcelle, refl\u00e9tant les teintes hypnotiques d&rsquo;un lagon isol\u00e9. Plongez dans l&rsquo;\u00e9treinte rafra\u00eechissante de cette couleur captivante, et transportez vos sens dans un paradis de tranquillit\u00e9 sans fin &#8230; <\/p>\n<div><a href=\"https:\/\/ecofinishcoatings.com\/fr\/blue-lagoon\/\" class=\"more-link\">Read More<\/a><\/div>\n","protected":false},"author":7,"featured_media":0,"parent":0,"menu_order":0,"comment_status":"closed","ping_status":"closed","template":"template-blank-4.php","meta":{"om_disable_all_campaigns":false,"_monsterinsights_skip_tracking":false,"_monsterinsights_sitenote_active":false,"_monsterinsights_sitenote_note":"","_monsterinsights_sitenote_category":0,"_uf_show_specific_survey":0,"_uf_disable_surveys":false,"footnotes":""},"class_list":["post-4167","page","type-page","status-publish","hentry","no-post-thumbnail"],"yoast_head":"<!-- This site is optimized with the Yoast SEO plugin v27.4 - https:\/\/yoast.com\/product\/yoast-seo-wordpress\/ -->\n<title>Lagon bleu - ecoFINISH Coatings<\/title>\n<meta name=\"description\" content=\"Plongez dans les profondeurs enchanteresses d&#039;aquaBRIGHT : Blue Lagoon. Avec sa base d&#039;aigue-marine vibrante et ses mouchetures iris\u00e9es d&#039;argent et de sarcelle.\" \/>\n<meta name=\"robots\" content=\"index, follow, max-snippet:-1, max-image-preview:large, max-video-preview:-1\" \/>\n<link rel=\"canonical\" href=\"https:\/\/ecofinishcoatings.com\/fr\/blue-lagoon\/\" \/>\n<meta property=\"og:locale\" content=\"fr_FR\" \/>\n<meta property=\"og:type\" content=\"article\" \/>\n<meta property=\"og:title\" content=\"Lagon bleu - ecoFINISH Coatings\" \/>\n<meta property=\"og:description\" content=\"Plongez dans les profondeurs enchanteresses d&#039;aquaBRIGHT : Blue Lagoon. Avec sa base d&#039;aigue-marine vibrante et ses mouchetures iris\u00e9es d&#039;argent et de sarcelle.\" \/>\n<meta property=\"og:url\" content=\"https:\/\/ecofinishcoatings.com\/fr\/blue-lagoon\/\" \/>\n<meta property=\"og:site_name\" content=\"ecoFINISH Coatings\" \/>\n<meta property=\"article:modified_time\" content=\"2025-10-14T15:35:01+00:00\" \/>\n<meta name=\"twitter:card\" content=\"summary_large_image\" \/>\n<meta name=\"twitter:label1\" content=\"Dur\u00e9e de lecture estim\u00e9e\" \/>\n\t<meta name=\"twitter:data1\" content=\"4 minutes\" \/>\n<script type=\"application\/ld+json\" class=\"yoast-schema-graph\">{\"@context\":\"https:\\\/\\\/schema.org\",\"@graph\":[{\"@type\":\"WebPage\",\"@id\":\"https:\\\/\\\/ecofinishcoatings.com\\\/fr\\\/blue-lagoon\\\/\",\"url\":\"https:\\\/\\\/ecofinishcoatings.com\\\/fr\\\/blue-lagoon\\\/\",\"name\":\"Lagon bleu - ecoFINISH Coatings\",\"isPartOf\":{\"@id\":\"https:\\\/\\\/ecofinishcoatings.com\\\/fr\\\/#website\"},\"datePublished\":\"2022-11-11T17:31:57+00:00\",\"dateModified\":\"2025-10-14T15:35:01+00:00\",\"description\":\"Plongez dans les profondeurs enchanteresses d'aquaBRIGHT : Blue Lagoon. Avec sa base d'aigue-marine vibrante et ses mouchetures iris\u00e9es d'argent et de sarcelle.\",\"breadcrumb\":{\"@id\":\"https:\\\/\\\/ecofinishcoatings.com\\\/fr\\\/blue-lagoon\\\/#breadcrumb\"},\"inLanguage\":\"fr-FR\",\"potentialAction\":[{\"@type\":\"ReadAction\",\"target\":[\"https:\\\/\\\/ecofinishcoatings.com\\\/fr\\\/blue-lagoon\\\/\"]}]},{\"@type\":\"BreadcrumbList\",\"@id\":\"https:\\\/\\\/ecofinishcoatings.com\\\/fr\\\/blue-lagoon\\\/#breadcrumb\",\"itemListElement\":[{\"@type\":\"ListItem\",\"position\":1,\"name\":\"Home\",\"item\":\"https:\\\/\\\/ecofinishcoatings.com\\\/fr\\\/accueil\\\/\"},{\"@type\":\"ListItem\",\"position\":2,\"name\":\"Blue Lagoon\"}]},{\"@type\":\"WebSite\",\"@id\":\"https:\\\/\\\/ecofinishcoatings.com\\\/fr\\\/#website\",\"url\":\"https:\\\/\\\/ecofinishcoatings.com\\\/fr\\\/\",\"name\":\"ecoFINISH Coatings\",\"description\":\"a new era of coatings\",\"potentialAction\":[{\"@type\":\"SearchAction\",\"target\":{\"@type\":\"EntryPoint\",\"urlTemplate\":\"https:\\\/\\\/ecofinishcoatings.com\\\/fr\\\/?s={search_term_string}\"},\"query-input\":{\"@type\":\"PropertyValueSpecification\",\"valueRequired\":true,\"valueName\":\"search_term_string\"}}],\"inLanguage\":\"fr-FR\"}]}<\/script>\n<!-- \/ Yoast SEO plugin. -->","yoast_head_json":{"title":"Lagon bleu - ecoFINISH Coatings","description":"Plongez dans les profondeurs enchanteresses d'aquaBRIGHT : Blue Lagoon. Avec sa base d'aigue-marine vibrante et ses mouchetures iris\u00e9es d'argent et de sarcelle.","robots":{"index":"index","follow":"follow","max-snippet":"max-snippet:-1","max-image-preview":"max-image-preview:large","max-video-preview":"max-video-preview:-1"},"canonical":"https:\/\/ecofinishcoatings.com\/fr\/blue-lagoon\/","og_locale":"fr_FR","og_type":"article","og_title":"Lagon bleu - ecoFINISH Coatings","og_description":"Plongez dans les profondeurs enchanteresses d'aquaBRIGHT : Blue Lagoon. Avec sa base d'aigue-marine vibrante et ses mouchetures iris\u00e9es d'argent et de sarcelle.","og_url":"https:\/\/ecofinishcoatings.com\/fr\/blue-lagoon\/","og_site_name":"ecoFINISH Coatings","article_modified_time":"2025-10-14T15:35:01+00:00","twitter_card":"summary_large_image","twitter_misc":{"Dur\u00e9e de lecture estim\u00e9e":"4 minutes"},"schema":{"@context":"https:\/\/schema.org","@graph":[{"@type":"WebPage","@id":"https:\/\/ecofinishcoatings.com\/fr\/blue-lagoon\/","url":"https:\/\/ecofinishcoatings.com\/fr\/blue-lagoon\/","name":"Lagon bleu - ecoFINISH Coatings","isPartOf":{"@id":"https:\/\/ecofinishcoatings.com\/fr\/#website"},"datePublished":"2022-11-11T17:31:57+00:00","dateModified":"2025-10-14T15:35:01+00:00","description":"Plongez dans les profondeurs enchanteresses d'aquaBRIGHT : Blue Lagoon. Avec sa base d'aigue-marine vibrante et ses mouchetures iris\u00e9es d'argent et de sarcelle.","breadcrumb":{"@id":"https:\/\/ecofinishcoatings.com\/fr\/blue-lagoon\/#breadcrumb"},"inLanguage":"fr-FR","potentialAction":[{"@type":"ReadAction","target":["https:\/\/ecofinishcoatings.com\/fr\/blue-lagoon\/"]}]},{"@type":"BreadcrumbList","@id":"https:\/\/ecofinishcoatings.com\/fr\/blue-lagoon\/#breadcrumb","itemListElement":[{"@type":"ListItem","position":1,"name":"Home","item":"https:\/\/ecofinishcoatings.com\/fr\/accueil\/"},{"@type":"ListItem","position":2,"name":"Blue Lagoon"}]},{"@type":"WebSite","@id":"https:\/\/ecofinishcoatings.com\/fr\/#website","url":"https:\/\/ecofinishcoatings.com\/fr\/","name":"ecoFINISH Coatings","description":"a new era of coatings","potentialAction":[{"@type":"SearchAction","target":{"@type":"EntryPoint","urlTemplate":"https:\/\/ecofinishcoatings.com\/fr\/?s={search_term_string}"},"query-input":{"@type":"PropertyValueSpecification","valueRequired":true,"valueName":"search_term_string"}}],"inLanguage":"fr-FR"}]}},"_links":{"self":[{"href":"https:\/\/ecofinishcoatings.com\/fr\/wp-json\/wp\/v2\/pages\/4167","targetHints":{"allow":["GET"]}}],"collection":[{"href":"https:\/\/ecofinishcoatings.com\/fr\/wp-json\/wp\/v2\/pages"}],"about":[{"href":"https:\/\/ecofinishcoatings.com\/fr\/wp-json\/wp\/v2\/types\/page"}],"author":[{"embeddable":true,"href":"https:\/\/ecofinishcoatings.com\/fr\/wp-json\/wp\/v2\/users\/7"}],"replies":[{"embeddable":true,"href":"https:\/\/ecofinishcoatings.com\/fr\/wp-json\/wp\/v2\/comments?post=4167"}],"version-history":[{"count":0,"href":"https:\/\/ecofinishcoatings.com\/fr\/wp-json\/wp\/v2\/pages\/4167\/revisions"}],"wp:attachment":[{"href":"https:\/\/ecofinishcoatings.com\/fr\/wp-json\/wp\/v2\/media?parent=4167"}],"curies":[{"name":"wp","href":"https:\/\/api.w.org\/{rel}","templated":true}]}}