{"id":4166,"date":"2022-11-11T19:05:35","date_gmt":"2022-11-11T19:05:35","guid":{"rendered":"https:\/\/ecofinishcoatings.com\/blanc-commercial\/"},"modified":"2025-10-13T16:13:52","modified_gmt":"2025-10-13T16:13:52","slug":"blanc-commercial","status":"publish","type":"page","link":"https:\/\/ecofinishcoatings.com\/fr\/blanc-commercial\/","title":{"rendered":"Blanc commercial"},"content":{"rendered":"<div id=\"cs-content\" class=\"cs-content\"><\/div>\n","protected":false},"excerpt":{"rendered":"<p>CommercialBlanc Blanc commercial Blanc intemporel et polyvalent, Commercial White s&rsquo;adapte \u00e0 tous les styles d&rsquo;am\u00e9nagement. Il refl\u00e8te magnifiquement la lumi\u00e8re, cr\u00e9ant une sensation d&rsquo;espace et d&rsquo;a\u00e9ration, parfaite pour les environnements minimalistes ou professionnels. Ce blanc haute performance offre une durabilit\u00e9 exceptionnelle, id\u00e9ale pour les zones \u00e0 fort trafic. Son esth\u00e9tique claire et nette met en valeur n&rsquo;importe quel espace tout &#8230; <\/p>\n<div><a href=\"https:\/\/ecofinishcoatings.com\/fr\/blanc-commercial\/\" class=\"more-link\">Read More<\/a><\/div>\n","protected":false},"author":7,"featured_media":0,"parent":0,"menu_order":0,"comment_status":"closed","ping_status":"closed","template":"template-blank-4.php","meta":{"om_disable_all_campaigns":false,"_monsterinsights_skip_tracking":false,"_monsterinsights_sitenote_active":false,"_monsterinsights_sitenote_note":"","_monsterinsights_sitenote_category":0,"_uf_show_specific_survey":0,"_uf_disable_surveys":false,"footnotes":""},"class_list":["post-4166","page","type-page","status-publish","hentry","no-post-thumbnail"],"yoast_head":"<!-- This site is optimized with the Yoast SEO plugin v27.3 - https:\/\/yoast.com\/product\/yoast-seo-wordpress\/ -->\n<title>Blanc commercial - ecoFINISH Coatings<\/title>\n<meta name=\"description\" content=\"D\u00e9couvrez la polyvalence intemporelle du blanc commercial. Ce blanc haute performance refl\u00e8te magnifiquement la lumi\u00e8re, cr\u00e9ant une sensation d&#039;espace.\" \/>\n<meta name=\"robots\" content=\"index, follow, max-snippet:-1, max-image-preview:large, max-video-preview:-1\" \/>\n<link rel=\"canonical\" href=\"https:\/\/ecofinishcoatings.com\/fr\/blanc-commercial\/\" \/>\n<meta property=\"og:locale\" content=\"fr_FR\" \/>\n<meta property=\"og:type\" content=\"article\" \/>\n<meta property=\"og:title\" content=\"Blanc commercial - ecoFINISH Coatings\" \/>\n<meta property=\"og:description\" content=\"D\u00e9couvrez la polyvalence intemporelle du blanc commercial. Ce blanc haute performance refl\u00e8te magnifiquement la lumi\u00e8re, cr\u00e9ant une sensation d&#039;espace.\" \/>\n<meta property=\"og:url\" content=\"https:\/\/ecofinishcoatings.com\/fr\/blanc-commercial\/\" \/>\n<meta property=\"og:site_name\" content=\"ecoFINISH Coatings\" \/>\n<meta property=\"article:modified_time\" content=\"2025-10-13T16:13:52+00:00\" \/>\n<meta name=\"twitter:card\" content=\"summary_large_image\" \/>\n<meta name=\"twitter:label1\" content=\"Dur\u00e9e de lecture estim\u00e9e\" \/>\n\t<meta name=\"twitter:data1\" content=\"2 minutes\" \/>\n<script type=\"application\/ld+json\" class=\"yoast-schema-graph\">{\"@context\":\"https:\\\/\\\/schema.org\",\"@graph\":[{\"@type\":\"WebPage\",\"@id\":\"https:\\\/\\\/ecofinishcoatings.com\\\/fr\\\/blanc-commercial\\\/\",\"url\":\"https:\\\/\\\/ecofinishcoatings.com\\\/fr\\\/blanc-commercial\\\/\",\"name\":\"Blanc commercial - ecoFINISH Coatings\",\"isPartOf\":{\"@id\":\"https:\\\/\\\/ecofinishcoatings.com\\\/fr\\\/#website\"},\"datePublished\":\"2022-11-11T19:05:35+00:00\",\"dateModified\":\"2025-10-13T16:13:52+00:00\",\"description\":\"D\u00e9couvrez la polyvalence intemporelle du blanc commercial. Ce blanc haute performance refl\u00e8te magnifiquement la lumi\u00e8re, cr\u00e9ant une sensation d'espace.\",\"breadcrumb\":{\"@id\":\"https:\\\/\\\/ecofinishcoatings.com\\\/fr\\\/blanc-commercial\\\/#breadcrumb\"},\"inLanguage\":\"fr-FR\",\"potentialAction\":[{\"@type\":\"ReadAction\",\"target\":[\"https:\\\/\\\/ecofinishcoatings.com\\\/fr\\\/blanc-commercial\\\/\"]}]},{\"@type\":\"BreadcrumbList\",\"@id\":\"https:\\\/\\\/ecofinishcoatings.com\\\/fr\\\/blanc-commercial\\\/#breadcrumb\",\"itemListElement\":[{\"@type\":\"ListItem\",\"position\":1,\"name\":\"Home\",\"item\":\"https:\\\/\\\/ecofinishcoatings.com\\\/fr\\\/accueil\\\/\"},{\"@type\":\"ListItem\",\"position\":2,\"name\":\"Blanc commercial\"}]},{\"@type\":\"WebSite\",\"@id\":\"https:\\\/\\\/ecofinishcoatings.com\\\/fr\\\/#website\",\"url\":\"https:\\\/\\\/ecofinishcoatings.com\\\/fr\\\/\",\"name\":\"ecoFINISH Coatings\",\"description\":\"a new era of coatings\",\"potentialAction\":[{\"@type\":\"SearchAction\",\"target\":{\"@type\":\"EntryPoint\",\"urlTemplate\":\"https:\\\/\\\/ecofinishcoatings.com\\\/fr\\\/?s={search_term_string}\"},\"query-input\":{\"@type\":\"PropertyValueSpecification\",\"valueRequired\":true,\"valueName\":\"search_term_string\"}}],\"inLanguage\":\"fr-FR\"}]}<\/script>\n<!-- \/ Yoast SEO plugin. -->","yoast_head_json":{"title":"Blanc commercial - ecoFINISH Coatings","description":"D\u00e9couvrez la polyvalence intemporelle du blanc commercial. Ce blanc haute performance refl\u00e8te magnifiquement la lumi\u00e8re, cr\u00e9ant une sensation d'espace.","robots":{"index":"index","follow":"follow","max-snippet":"max-snippet:-1","max-image-preview":"max-image-preview:large","max-video-preview":"max-video-preview:-1"},"canonical":"https:\/\/ecofinishcoatings.com\/fr\/blanc-commercial\/","og_locale":"fr_FR","og_type":"article","og_title":"Blanc commercial - ecoFINISH Coatings","og_description":"D\u00e9couvrez la polyvalence intemporelle du blanc commercial. Ce blanc haute performance refl\u00e8te magnifiquement la lumi\u00e8re, cr\u00e9ant une sensation d'espace.","og_url":"https:\/\/ecofinishcoatings.com\/fr\/blanc-commercial\/","og_site_name":"ecoFINISH Coatings","article_modified_time":"2025-10-13T16:13:52+00:00","twitter_card":"summary_large_image","twitter_misc":{"Dur\u00e9e de lecture estim\u00e9e":"2 minutes"},"schema":{"@context":"https:\/\/schema.org","@graph":[{"@type":"WebPage","@id":"https:\/\/ecofinishcoatings.com\/fr\/blanc-commercial\/","url":"https:\/\/ecofinishcoatings.com\/fr\/blanc-commercial\/","name":"Blanc commercial - ecoFINISH Coatings","isPartOf":{"@id":"https:\/\/ecofinishcoatings.com\/fr\/#website"},"datePublished":"2022-11-11T19:05:35+00:00","dateModified":"2025-10-13T16:13:52+00:00","description":"D\u00e9couvrez la polyvalence intemporelle du blanc commercial. Ce blanc haute performance refl\u00e8te magnifiquement la lumi\u00e8re, cr\u00e9ant une sensation d'espace.","breadcrumb":{"@id":"https:\/\/ecofinishcoatings.com\/fr\/blanc-commercial\/#breadcrumb"},"inLanguage":"fr-FR","potentialAction":[{"@type":"ReadAction","target":["https:\/\/ecofinishcoatings.com\/fr\/blanc-commercial\/"]}]},{"@type":"BreadcrumbList","@id":"https:\/\/ecofinishcoatings.com\/fr\/blanc-commercial\/#breadcrumb","itemListElement":[{"@type":"ListItem","position":1,"name":"Home","item":"https:\/\/ecofinishcoatings.com\/fr\/accueil\/"},{"@type":"ListItem","position":2,"name":"Blanc commercial"}]},{"@type":"WebSite","@id":"https:\/\/ecofinishcoatings.com\/fr\/#website","url":"https:\/\/ecofinishcoatings.com\/fr\/","name":"ecoFINISH Coatings","description":"a new era of coatings","potentialAction":[{"@type":"SearchAction","target":{"@type":"EntryPoint","urlTemplate":"https:\/\/ecofinishcoatings.com\/fr\/?s={search_term_string}"},"query-input":{"@type":"PropertyValueSpecification","valueRequired":true,"valueName":"search_term_string"}}],"inLanguage":"fr-FR"}]}},"_links":{"self":[{"href":"https:\/\/ecofinishcoatings.com\/fr\/wp-json\/wp\/v2\/pages\/4166","targetHints":{"allow":["GET"]}}],"collection":[{"href":"https:\/\/ecofinishcoatings.com\/fr\/wp-json\/wp\/v2\/pages"}],"about":[{"href":"https:\/\/ecofinishcoatings.com\/fr\/wp-json\/wp\/v2\/types\/page"}],"author":[{"embeddable":true,"href":"https:\/\/ecofinishcoatings.com\/fr\/wp-json\/wp\/v2\/users\/7"}],"replies":[{"embeddable":true,"href":"https:\/\/ecofinishcoatings.com\/fr\/wp-json\/wp\/v2\/comments?post=4166"}],"version-history":[{"count":0,"href":"https:\/\/ecofinishcoatings.com\/fr\/wp-json\/wp\/v2\/pages\/4166\/revisions"}],"wp:attachment":[{"href":"https:\/\/ecofinishcoatings.com\/fr\/wp-json\/wp\/v2\/media?parent=4166"}],"curies":[{"name":"wp","href":"https:\/\/api.w.org\/{rel}","templated":true}]}}