{"id":4165,"date":"2022-11-11T17:38:59","date_gmt":"2022-11-11T17:38:59","guid":{"rendered":"https:\/\/ecofinishcoatings.com\/blue-granite\/"},"modified":"2025-10-14T15:58:22","modified_gmt":"2025-10-14T15:58:22","slug":"blue-granite","status":"publish","type":"page","link":"https:\/\/ecofinishcoatings.com\/fr\/blue-granite\/","title":{"rendered":"Blue Granite"},"content":{"rendered":"<div id=\"cs-content\" class=\"cs-content\"><\/div>\n","protected":false},"excerpt":{"rendered":"<p>Blue Granite aquaBRIGHT : Granit bleu \u00c9voquez l&rsquo;\u00e9l\u00e9gance intemporelle de la pierre naturelle avec Blue Granite, une teinte sophistiqu\u00e9e inspir\u00e9e par l&rsquo;allure sauvage des c\u00f4tes rocheuses. Sa base bleu ardoise profonde est infus\u00e9e de motifs complexes de mouchetures argent\u00e9es et grises, rappelant les veines que l&rsquo;on trouve dans les formations granitiques. Plongez dans l&rsquo;ambiance raffin\u00e9e de cette couleur et cr\u00e9ez &#8230; <\/p>\n<div><a href=\"https:\/\/ecofinishcoatings.com\/fr\/blue-granite\/\" class=\"more-link\">Read More<\/a><\/div>\n","protected":false},"author":7,"featured_media":0,"parent":0,"menu_order":0,"comment_status":"closed","ping_status":"closed","template":"template-blank-4.php","meta":{"om_disable_all_campaigns":false,"_monsterinsights_skip_tracking":false,"_monsterinsights_sitenote_active":false,"_monsterinsights_sitenote_note":"","_monsterinsights_sitenote_category":0,"_uf_show_specific_survey":0,"_uf_disable_surveys":false,"footnotes":""},"class_list":["post-4165","page","type-page","status-publish","hentry","no-post-thumbnail"],"yoast_head":"<!-- This site is optimized with the Yoast SEO plugin v27.3 - https:\/\/yoast.com\/product\/yoast-seo-wordpress\/ -->\n<title>Granit bleu - ecoFINISH Coatings<\/title>\n<meta name=\"description\" content=\"\u00c9voquez l&#039;\u00e9l\u00e9gance intemporelle avec aquaBRIGHT : Blue Granite. Inspir\u00e9e par les c\u00f4tes rocheuses, cette teinte sophistiqu\u00e9e se caract\u00e9rise par une base bleu ardoise profonde.\" \/>\n<meta name=\"robots\" content=\"index, follow, max-snippet:-1, max-image-preview:large, max-video-preview:-1\" \/>\n<link rel=\"canonical\" href=\"https:\/\/ecofinishcoatings.com\/fr\/blue-granite\/\" \/>\n<meta property=\"og:locale\" content=\"fr_FR\" \/>\n<meta property=\"og:type\" content=\"article\" \/>\n<meta property=\"og:title\" content=\"Granit bleu - ecoFINISH Coatings\" \/>\n<meta property=\"og:description\" content=\"\u00c9voquez l&#039;\u00e9l\u00e9gance intemporelle avec aquaBRIGHT : Blue Granite. Inspir\u00e9e par les c\u00f4tes rocheuses, cette teinte sophistiqu\u00e9e se caract\u00e9rise par une base bleu ardoise profonde.\" \/>\n<meta property=\"og:url\" content=\"https:\/\/ecofinishcoatings.com\/fr\/blue-granite\/\" \/>\n<meta property=\"og:site_name\" content=\"ecoFINISH Coatings\" \/>\n<meta property=\"article:modified_time\" content=\"2025-10-14T15:58:22+00:00\" \/>\n<meta name=\"twitter:card\" content=\"summary_large_image\" \/>\n<meta name=\"twitter:label1\" content=\"Dur\u00e9e de lecture estim\u00e9e\" \/>\n\t<meta name=\"twitter:data1\" content=\"3 minutes\" \/>\n<script type=\"application\/ld+json\" class=\"yoast-schema-graph\">{\"@context\":\"https:\\\/\\\/schema.org\",\"@graph\":[{\"@type\":\"WebPage\",\"@id\":\"https:\\\/\\\/ecofinishcoatings.com\\\/fr\\\/blue-granite\\\/\",\"url\":\"https:\\\/\\\/ecofinishcoatings.com\\\/fr\\\/blue-granite\\\/\",\"name\":\"Granit bleu - ecoFINISH Coatings\",\"isPartOf\":{\"@id\":\"https:\\\/\\\/ecofinishcoatings.com\\\/fr\\\/#website\"},\"datePublished\":\"2022-11-11T17:38:59+00:00\",\"dateModified\":\"2025-10-14T15:58:22+00:00\",\"description\":\"\u00c9voquez l'\u00e9l\u00e9gance intemporelle avec aquaBRIGHT : Blue Granite. Inspir\u00e9e par les c\u00f4tes rocheuses, cette teinte sophistiqu\u00e9e se caract\u00e9rise par une base bleu ardoise profonde.\",\"breadcrumb\":{\"@id\":\"https:\\\/\\\/ecofinishcoatings.com\\\/fr\\\/blue-granite\\\/#breadcrumb\"},\"inLanguage\":\"fr-FR\",\"potentialAction\":[{\"@type\":\"ReadAction\",\"target\":[\"https:\\\/\\\/ecofinishcoatings.com\\\/fr\\\/blue-granite\\\/\"]}]},{\"@type\":\"BreadcrumbList\",\"@id\":\"https:\\\/\\\/ecofinishcoatings.com\\\/fr\\\/blue-granite\\\/#breadcrumb\",\"itemListElement\":[{\"@type\":\"ListItem\",\"position\":1,\"name\":\"Home\",\"item\":\"https:\\\/\\\/ecofinishcoatings.com\\\/fr\\\/accueil\\\/\"},{\"@type\":\"ListItem\",\"position\":2,\"name\":\"Blue Granite\"}]},{\"@type\":\"WebSite\",\"@id\":\"https:\\\/\\\/ecofinishcoatings.com\\\/fr\\\/#website\",\"url\":\"https:\\\/\\\/ecofinishcoatings.com\\\/fr\\\/\",\"name\":\"ecoFINISH Coatings\",\"description\":\"a new era of coatings\",\"potentialAction\":[{\"@type\":\"SearchAction\",\"target\":{\"@type\":\"EntryPoint\",\"urlTemplate\":\"https:\\\/\\\/ecofinishcoatings.com\\\/fr\\\/?s={search_term_string}\"},\"query-input\":{\"@type\":\"PropertyValueSpecification\",\"valueRequired\":true,\"valueName\":\"search_term_string\"}}],\"inLanguage\":\"fr-FR\"}]}<\/script>\n<!-- \/ Yoast SEO plugin. -->","yoast_head_json":{"title":"Granit bleu - ecoFINISH Coatings","description":"\u00c9voquez l'\u00e9l\u00e9gance intemporelle avec aquaBRIGHT : Blue Granite. Inspir\u00e9e par les c\u00f4tes rocheuses, cette teinte sophistiqu\u00e9e se caract\u00e9rise par une base bleu ardoise profonde.","robots":{"index":"index","follow":"follow","max-snippet":"max-snippet:-1","max-image-preview":"max-image-preview:large","max-video-preview":"max-video-preview:-1"},"canonical":"https:\/\/ecofinishcoatings.com\/fr\/blue-granite\/","og_locale":"fr_FR","og_type":"article","og_title":"Granit bleu - ecoFINISH Coatings","og_description":"\u00c9voquez l'\u00e9l\u00e9gance intemporelle avec aquaBRIGHT : Blue Granite. Inspir\u00e9e par les c\u00f4tes rocheuses, cette teinte sophistiqu\u00e9e se caract\u00e9rise par une base bleu ardoise profonde.","og_url":"https:\/\/ecofinishcoatings.com\/fr\/blue-granite\/","og_site_name":"ecoFINISH Coatings","article_modified_time":"2025-10-14T15:58:22+00:00","twitter_card":"summary_large_image","twitter_misc":{"Dur\u00e9e de lecture estim\u00e9e":"3 minutes"},"schema":{"@context":"https:\/\/schema.org","@graph":[{"@type":"WebPage","@id":"https:\/\/ecofinishcoatings.com\/fr\/blue-granite\/","url":"https:\/\/ecofinishcoatings.com\/fr\/blue-granite\/","name":"Granit bleu - ecoFINISH Coatings","isPartOf":{"@id":"https:\/\/ecofinishcoatings.com\/fr\/#website"},"datePublished":"2022-11-11T17:38:59+00:00","dateModified":"2025-10-14T15:58:22+00:00","description":"\u00c9voquez l'\u00e9l\u00e9gance intemporelle avec aquaBRIGHT : Blue Granite. Inspir\u00e9e par les c\u00f4tes rocheuses, cette teinte sophistiqu\u00e9e se caract\u00e9rise par une base bleu ardoise profonde.","breadcrumb":{"@id":"https:\/\/ecofinishcoatings.com\/fr\/blue-granite\/#breadcrumb"},"inLanguage":"fr-FR","potentialAction":[{"@type":"ReadAction","target":["https:\/\/ecofinishcoatings.com\/fr\/blue-granite\/"]}]},{"@type":"BreadcrumbList","@id":"https:\/\/ecofinishcoatings.com\/fr\/blue-granite\/#breadcrumb","itemListElement":[{"@type":"ListItem","position":1,"name":"Home","item":"https:\/\/ecofinishcoatings.com\/fr\/accueil\/"},{"@type":"ListItem","position":2,"name":"Blue Granite"}]},{"@type":"WebSite","@id":"https:\/\/ecofinishcoatings.com\/fr\/#website","url":"https:\/\/ecofinishcoatings.com\/fr\/","name":"ecoFINISH Coatings","description":"a new era of coatings","potentialAction":[{"@type":"SearchAction","target":{"@type":"EntryPoint","urlTemplate":"https:\/\/ecofinishcoatings.com\/fr\/?s={search_term_string}"},"query-input":{"@type":"PropertyValueSpecification","valueRequired":true,"valueName":"search_term_string"}}],"inLanguage":"fr-FR"}]}},"_links":{"self":[{"href":"https:\/\/ecofinishcoatings.com\/fr\/wp-json\/wp\/v2\/pages\/4165","targetHints":{"allow":["GET"]}}],"collection":[{"href":"https:\/\/ecofinishcoatings.com\/fr\/wp-json\/wp\/v2\/pages"}],"about":[{"href":"https:\/\/ecofinishcoatings.com\/fr\/wp-json\/wp\/v2\/types\/page"}],"author":[{"embeddable":true,"href":"https:\/\/ecofinishcoatings.com\/fr\/wp-json\/wp\/v2\/users\/7"}],"replies":[{"embeddable":true,"href":"https:\/\/ecofinishcoatings.com\/fr\/wp-json\/wp\/v2\/comments?post=4165"}],"version-history":[{"count":0,"href":"https:\/\/ecofinishcoatings.com\/fr\/wp-json\/wp\/v2\/pages\/4165\/revisions"}],"wp:attachment":[{"href":"https:\/\/ecofinishcoatings.com\/fr\/wp-json\/wp\/v2\/media?parent=4165"}],"curies":[{"name":"wp","href":"https:\/\/api.w.org\/{rel}","templated":true}]}}