{"id":4164,"date":"2022-11-11T19:01:50","date_gmt":"2022-11-11T19:01:50","guid":{"rendered":"https:\/\/ecofinishcoatings.com\/california-white\/"},"modified":"2025-10-13T16:13:52","modified_gmt":"2025-10-13T16:13:52","slug":"california-white","status":"publish","type":"page","link":"https:\/\/ecofinishcoatings.com\/fr\/california-white\/","title":{"rendered":"California White"},"content":{"rendered":"<div id=\"cs-content\" class=\"cs-content\"><\/div>\n","protected":false},"excerpt":{"rendered":"<p>CalifornieBlanc California White Embrassez le luxe d\u00e9contract\u00e9 de la c\u00f4te californienne avec cette teinte radieuse. Comme les plages immacul\u00e9es de Malibu au coucher du soleil, cette base blanche douce et cr\u00e9meuse respire la chaleur et la tranquillit\u00e9. De subtiles mouchetures argent\u00e9es dansent \u00e0 la surface, refl\u00e9tant les vagues scintillantes de l&rsquo;oc\u00e9an Pacifique. Plongez dans la s\u00e9r\u00e9nit\u00e9 de California White et &#8230; <\/p>\n<div><a href=\"https:\/\/ecofinishcoatings.com\/fr\/california-white\/\" class=\"more-link\">Read More<\/a><\/div>\n","protected":false},"author":7,"featured_media":0,"parent":0,"menu_order":0,"comment_status":"closed","ping_status":"closed","template":"template-blank-4.php","meta":{"om_disable_all_campaigns":false,"_monsterinsights_skip_tracking":false,"_monsterinsights_sitenote_active":false,"_monsterinsights_sitenote_note":"","_monsterinsights_sitenote_category":0,"_uf_show_specific_survey":0,"_uf_disable_surveys":false,"footnotes":""},"class_list":["post-4164","page","type-page","status-publish","hentry","no-post-thumbnail"],"yoast_head":"<!-- This site is optimized with the Yoast SEO plugin v27.4 - https:\/\/yoast.com\/product\/yoast-seo-wordpress\/ -->\n<title>Blanc californien - ecoFINISH Coatings<\/title>\n<meta name=\"description\" content=\"Adoptez le luxe d\u00e9contract\u00e9 du blanc californien. Cette teinte rayonnante a une base blanche douce et cr\u00e9meuse et de subtiles mouchetures argent\u00e9es.\" \/>\n<meta name=\"robots\" content=\"index, follow, max-snippet:-1, max-image-preview:large, max-video-preview:-1\" \/>\n<link rel=\"canonical\" href=\"https:\/\/ecofinishcoatings.com\/fr\/california-white\/\" \/>\n<meta property=\"og:locale\" content=\"fr_FR\" \/>\n<meta property=\"og:type\" content=\"article\" \/>\n<meta property=\"og:title\" content=\"Blanc californien - ecoFINISH Coatings\" \/>\n<meta property=\"og:description\" content=\"Adoptez le luxe d\u00e9contract\u00e9 du blanc californien. Cette teinte rayonnante a une base blanche douce et cr\u00e9meuse et de subtiles mouchetures argent\u00e9es.\" \/>\n<meta property=\"og:url\" content=\"https:\/\/ecofinishcoatings.com\/fr\/california-white\/\" \/>\n<meta property=\"og:site_name\" content=\"ecoFINISH Coatings\" \/>\n<meta property=\"article:modified_time\" content=\"2025-10-13T16:13:52+00:00\" \/>\n<meta name=\"twitter:card\" content=\"summary_large_image\" \/>\n<meta name=\"twitter:label1\" content=\"Dur\u00e9e de lecture estim\u00e9e\" \/>\n\t<meta name=\"twitter:data1\" content=\"1 minute\" \/>\n<script type=\"application\/ld+json\" class=\"yoast-schema-graph\">{\"@context\":\"https:\\\/\\\/schema.org\",\"@graph\":[{\"@type\":\"WebPage\",\"@id\":\"https:\\\/\\\/ecofinishcoatings.com\\\/fr\\\/california-white\\\/\",\"url\":\"https:\\\/\\\/ecofinishcoatings.com\\\/fr\\\/california-white\\\/\",\"name\":\"Blanc californien - ecoFINISH Coatings\",\"isPartOf\":{\"@id\":\"https:\\\/\\\/ecofinishcoatings.com\\\/fr\\\/#website\"},\"datePublished\":\"2022-11-11T19:01:50+00:00\",\"dateModified\":\"2025-10-13T16:13:52+00:00\",\"description\":\"Adoptez le luxe d\u00e9contract\u00e9 du blanc californien. Cette teinte rayonnante a une base blanche douce et cr\u00e9meuse et de subtiles mouchetures argent\u00e9es.\",\"breadcrumb\":{\"@id\":\"https:\\\/\\\/ecofinishcoatings.com\\\/fr\\\/california-white\\\/#breadcrumb\"},\"inLanguage\":\"fr-FR\",\"potentialAction\":[{\"@type\":\"ReadAction\",\"target\":[\"https:\\\/\\\/ecofinishcoatings.com\\\/fr\\\/california-white\\\/\"]}]},{\"@type\":\"BreadcrumbList\",\"@id\":\"https:\\\/\\\/ecofinishcoatings.com\\\/fr\\\/california-white\\\/#breadcrumb\",\"itemListElement\":[{\"@type\":\"ListItem\",\"position\":1,\"name\":\"Home\",\"item\":\"https:\\\/\\\/ecofinishcoatings.com\\\/fr\\\/accueil\\\/\"},{\"@type\":\"ListItem\",\"position\":2,\"name\":\"California White\"}]},{\"@type\":\"WebSite\",\"@id\":\"https:\\\/\\\/ecofinishcoatings.com\\\/fr\\\/#website\",\"url\":\"https:\\\/\\\/ecofinishcoatings.com\\\/fr\\\/\",\"name\":\"ecoFINISH Coatings\",\"description\":\"a new era of coatings\",\"potentialAction\":[{\"@type\":\"SearchAction\",\"target\":{\"@type\":\"EntryPoint\",\"urlTemplate\":\"https:\\\/\\\/ecofinishcoatings.com\\\/fr\\\/?s={search_term_string}\"},\"query-input\":{\"@type\":\"PropertyValueSpecification\",\"valueRequired\":true,\"valueName\":\"search_term_string\"}}],\"inLanguage\":\"fr-FR\"}]}<\/script>\n<!-- \/ Yoast SEO plugin. -->","yoast_head_json":{"title":"Blanc californien - ecoFINISH Coatings","description":"Adoptez le luxe d\u00e9contract\u00e9 du blanc californien. Cette teinte rayonnante a une base blanche douce et cr\u00e9meuse et de subtiles mouchetures argent\u00e9es.","robots":{"index":"index","follow":"follow","max-snippet":"max-snippet:-1","max-image-preview":"max-image-preview:large","max-video-preview":"max-video-preview:-1"},"canonical":"https:\/\/ecofinishcoatings.com\/fr\/california-white\/","og_locale":"fr_FR","og_type":"article","og_title":"Blanc californien - ecoFINISH Coatings","og_description":"Adoptez le luxe d\u00e9contract\u00e9 du blanc californien. Cette teinte rayonnante a une base blanche douce et cr\u00e9meuse et de subtiles mouchetures argent\u00e9es.","og_url":"https:\/\/ecofinishcoatings.com\/fr\/california-white\/","og_site_name":"ecoFINISH Coatings","article_modified_time":"2025-10-13T16:13:52+00:00","twitter_card":"summary_large_image","twitter_misc":{"Dur\u00e9e de lecture estim\u00e9e":"1 minute"},"schema":{"@context":"https:\/\/schema.org","@graph":[{"@type":"WebPage","@id":"https:\/\/ecofinishcoatings.com\/fr\/california-white\/","url":"https:\/\/ecofinishcoatings.com\/fr\/california-white\/","name":"Blanc californien - ecoFINISH Coatings","isPartOf":{"@id":"https:\/\/ecofinishcoatings.com\/fr\/#website"},"datePublished":"2022-11-11T19:01:50+00:00","dateModified":"2025-10-13T16:13:52+00:00","description":"Adoptez le luxe d\u00e9contract\u00e9 du blanc californien. Cette teinte rayonnante a une base blanche douce et cr\u00e9meuse et de subtiles mouchetures argent\u00e9es.","breadcrumb":{"@id":"https:\/\/ecofinishcoatings.com\/fr\/california-white\/#breadcrumb"},"inLanguage":"fr-FR","potentialAction":[{"@type":"ReadAction","target":["https:\/\/ecofinishcoatings.com\/fr\/california-white\/"]}]},{"@type":"BreadcrumbList","@id":"https:\/\/ecofinishcoatings.com\/fr\/california-white\/#breadcrumb","itemListElement":[{"@type":"ListItem","position":1,"name":"Home","item":"https:\/\/ecofinishcoatings.com\/fr\/accueil\/"},{"@type":"ListItem","position":2,"name":"California White"}]},{"@type":"WebSite","@id":"https:\/\/ecofinishcoatings.com\/fr\/#website","url":"https:\/\/ecofinishcoatings.com\/fr\/","name":"ecoFINISH Coatings","description":"a new era of coatings","potentialAction":[{"@type":"SearchAction","target":{"@type":"EntryPoint","urlTemplate":"https:\/\/ecofinishcoatings.com\/fr\/?s={search_term_string}"},"query-input":{"@type":"PropertyValueSpecification","valueRequired":true,"valueName":"search_term_string"}}],"inLanguage":"fr-FR"}]}},"_links":{"self":[{"href":"https:\/\/ecofinishcoatings.com\/fr\/wp-json\/wp\/v2\/pages\/4164","targetHints":{"allow":["GET"]}}],"collection":[{"href":"https:\/\/ecofinishcoatings.com\/fr\/wp-json\/wp\/v2\/pages"}],"about":[{"href":"https:\/\/ecofinishcoatings.com\/fr\/wp-json\/wp\/v2\/types\/page"}],"author":[{"embeddable":true,"href":"https:\/\/ecofinishcoatings.com\/fr\/wp-json\/wp\/v2\/users\/7"}],"replies":[{"embeddable":true,"href":"https:\/\/ecofinishcoatings.com\/fr\/wp-json\/wp\/v2\/comments?post=4164"}],"version-history":[{"count":0,"href":"https:\/\/ecofinishcoatings.com\/fr\/wp-json\/wp\/v2\/pages\/4164\/revisions"}],"wp:attachment":[{"href":"https:\/\/ecofinishcoatings.com\/fr\/wp-json\/wp\/v2\/media?parent=4164"}],"curies":[{"name":"wp","href":"https:\/\/api.w.org\/{rel}","templated":true}]}}