{"id":4160,"date":"2024-04-08T20:44:29","date_gmt":"2024-04-08T20:44:29","guid":{"rendered":"https:\/\/ecofinishcoatings.com\/devenez-revendeur\/"},"modified":"2025-10-22T20:16:18","modified_gmt":"2025-10-22T20:16:18","slug":"devenez-revendeur","status":"publish","type":"page","link":"https:\/\/ecofinishcoatings.com\/fr\/devenez-revendeur\/","title":{"rendered":"Devenez revendeur"},"content":{"rendered":"<div id=\"cs-content\" class=\"cs-content\"><\/div>\n","protected":false},"excerpt":{"rendered":"<p>Devenez un revendeurEcofinish Devenez d\u00e8s aujourd&rsquo;hui distributeur ecoFINISHPr\u00eat \u00e0 devenir un distributeur ecoFINISH\u00ae ? Rejoignez la famille ecoFINISH\u00ae et \u00e9levez votre entreprise gr\u00e2ce \u00e0 des rev\u00eatements de haute performance. Nous recherchons des professionnels exp\u00e9riment\u00e9s pr\u00eats \u00e0 \u00e9largir leur offre et \u00e0 fournir des r\u00e9sultats exceptionnels \u00e0 leurs clients. En tant que revendeur, vous aurez acc\u00e8s \u00e0 une marque mondialement reconnue, &#8230; <\/p>\n<div><a href=\"https:\/\/ecofinishcoatings.com\/fr\/devenez-revendeur\/\" class=\"more-link\">Read More<\/a><\/div>\n","protected":false},"author":7,"featured_media":0,"parent":0,"menu_order":0,"comment_status":"closed","ping_status":"closed","template":"template-blank-4.php","meta":{"om_disable_all_campaigns":false,"_monsterinsights_skip_tracking":false,"_monsterinsights_sitenote_active":false,"_monsterinsights_sitenote_note":"","_monsterinsights_sitenote_category":0,"_uf_show_specific_survey":0,"_uf_disable_surveys":false,"footnotes":""},"class_list":["post-4160","page","type-page","status-publish","hentry","no-post-thumbnail"],"yoast_head":"<!-- This site is optimized with the Yoast SEO plugin v27.3 - https:\/\/yoast.com\/product\/yoast-seo-wordpress\/ -->\n<title>Devenez un distributeur ecoFINISH<\/title>\n<meta name=\"description\" content=\"Devenez un revendeur ecoFINISH et rejoignez notre \u00e9quipe avec une formation sur site, des conseils d&#039;experts, un soutien continu et des frais de franchise nuls.\" \/>\n<meta name=\"robots\" content=\"index, follow, max-snippet:-1, max-image-preview:large, max-video-preview:-1\" \/>\n<link rel=\"canonical\" href=\"https:\/\/ecofinishcoatings.com\/fr\/devenez-revendeur\/\" \/>\n<meta property=\"og:locale\" content=\"fr_FR\" \/>\n<meta property=\"og:type\" content=\"article\" \/>\n<meta property=\"og:title\" content=\"Devenez un distributeur ecoFINISH\" \/>\n<meta property=\"og:description\" content=\"Devenez un revendeur ecoFINISH et rejoignez notre \u00e9quipe avec une formation sur site, des conseils d&#039;experts, un soutien continu et des frais de franchise nuls.\" \/>\n<meta property=\"og:url\" content=\"https:\/\/ecofinishcoatings.com\/fr\/devenez-revendeur\/\" \/>\n<meta property=\"og:site_name\" content=\"ecoFINISH Coatings\" \/>\n<meta property=\"article:modified_time\" content=\"2025-10-22T20:16:18+00:00\" \/>\n<meta name=\"twitter:card\" content=\"summary_large_image\" \/>\n<meta name=\"twitter:label1\" content=\"Dur\u00e9e de lecture estim\u00e9e\" \/>\n\t<meta name=\"twitter:data1\" content=\"2 minutes\" \/>\n<script type=\"application\/ld+json\" class=\"yoast-schema-graph\">{\"@context\":\"https:\\\/\\\/schema.org\",\"@graph\":[{\"@type\":\"WebPage\",\"@id\":\"https:\\\/\\\/ecofinishcoatings.com\\\/fr\\\/devenez-revendeur\\\/\",\"url\":\"https:\\\/\\\/ecofinishcoatings.com\\\/fr\\\/devenez-revendeur\\\/\",\"name\":\"Devenez un distributeur ecoFINISH\",\"isPartOf\":{\"@id\":\"https:\\\/\\\/ecofinishcoatings.com\\\/fr\\\/#website\"},\"datePublished\":\"2024-04-08T20:44:29+00:00\",\"dateModified\":\"2025-10-22T20:16:18+00:00\",\"description\":\"Devenez un revendeur ecoFINISH et rejoignez notre \u00e9quipe avec une formation sur site, des conseils d'experts, un soutien continu et des frais de franchise nuls.\",\"breadcrumb\":{\"@id\":\"https:\\\/\\\/ecofinishcoatings.com\\\/fr\\\/devenez-revendeur\\\/#breadcrumb\"},\"inLanguage\":\"fr-FR\",\"potentialAction\":[{\"@type\":\"ReadAction\",\"target\":[\"https:\\\/\\\/ecofinishcoatings.com\\\/fr\\\/devenez-revendeur\\\/\"]}]},{\"@type\":\"BreadcrumbList\",\"@id\":\"https:\\\/\\\/ecofinishcoatings.com\\\/fr\\\/devenez-revendeur\\\/#breadcrumb\",\"itemListElement\":[{\"@type\":\"ListItem\",\"position\":1,\"name\":\"Home\",\"item\":\"https:\\\/\\\/ecofinishcoatings.com\\\/fr\\\/accueil\\\/\"},{\"@type\":\"ListItem\",\"position\":2,\"name\":\"Devenez revendeur\"}]},{\"@type\":\"WebSite\",\"@id\":\"https:\\\/\\\/ecofinishcoatings.com\\\/fr\\\/#website\",\"url\":\"https:\\\/\\\/ecofinishcoatings.com\\\/fr\\\/\",\"name\":\"ecoFINISH Coatings\",\"description\":\"a new era of coatings\",\"potentialAction\":[{\"@type\":\"SearchAction\",\"target\":{\"@type\":\"EntryPoint\",\"urlTemplate\":\"https:\\\/\\\/ecofinishcoatings.com\\\/fr\\\/?s={search_term_string}\"},\"query-input\":{\"@type\":\"PropertyValueSpecification\",\"valueRequired\":true,\"valueName\":\"search_term_string\"}}],\"inLanguage\":\"fr-FR\"}]}<\/script>\n<!-- \/ Yoast SEO plugin. -->","yoast_head_json":{"title":"Devenez un distributeur ecoFINISH","description":"Devenez un revendeur ecoFINISH et rejoignez notre \u00e9quipe avec une formation sur site, des conseils d'experts, un soutien continu et des frais de franchise nuls.","robots":{"index":"index","follow":"follow","max-snippet":"max-snippet:-1","max-image-preview":"max-image-preview:large","max-video-preview":"max-video-preview:-1"},"canonical":"https:\/\/ecofinishcoatings.com\/fr\/devenez-revendeur\/","og_locale":"fr_FR","og_type":"article","og_title":"Devenez un distributeur ecoFINISH","og_description":"Devenez un revendeur ecoFINISH et rejoignez notre \u00e9quipe avec une formation sur site, des conseils d'experts, un soutien continu et des frais de franchise nuls.","og_url":"https:\/\/ecofinishcoatings.com\/fr\/devenez-revendeur\/","og_site_name":"ecoFINISH Coatings","article_modified_time":"2025-10-22T20:16:18+00:00","twitter_card":"summary_large_image","twitter_misc":{"Dur\u00e9e de lecture estim\u00e9e":"2 minutes"},"schema":{"@context":"https:\/\/schema.org","@graph":[{"@type":"WebPage","@id":"https:\/\/ecofinishcoatings.com\/fr\/devenez-revendeur\/","url":"https:\/\/ecofinishcoatings.com\/fr\/devenez-revendeur\/","name":"Devenez un distributeur ecoFINISH","isPartOf":{"@id":"https:\/\/ecofinishcoatings.com\/fr\/#website"},"datePublished":"2024-04-08T20:44:29+00:00","dateModified":"2025-10-22T20:16:18+00:00","description":"Devenez un revendeur ecoFINISH et rejoignez notre \u00e9quipe avec une formation sur site, des conseils d'experts, un soutien continu et des frais de franchise nuls.","breadcrumb":{"@id":"https:\/\/ecofinishcoatings.com\/fr\/devenez-revendeur\/#breadcrumb"},"inLanguage":"fr-FR","potentialAction":[{"@type":"ReadAction","target":["https:\/\/ecofinishcoatings.com\/fr\/devenez-revendeur\/"]}]},{"@type":"BreadcrumbList","@id":"https:\/\/ecofinishcoatings.com\/fr\/devenez-revendeur\/#breadcrumb","itemListElement":[{"@type":"ListItem","position":1,"name":"Home","item":"https:\/\/ecofinishcoatings.com\/fr\/accueil\/"},{"@type":"ListItem","position":2,"name":"Devenez revendeur"}]},{"@type":"WebSite","@id":"https:\/\/ecofinishcoatings.com\/fr\/#website","url":"https:\/\/ecofinishcoatings.com\/fr\/","name":"ecoFINISH Coatings","description":"a new era of coatings","potentialAction":[{"@type":"SearchAction","target":{"@type":"EntryPoint","urlTemplate":"https:\/\/ecofinishcoatings.com\/fr\/?s={search_term_string}"},"query-input":{"@type":"PropertyValueSpecification","valueRequired":true,"valueName":"search_term_string"}}],"inLanguage":"fr-FR"}]}},"_links":{"self":[{"href":"https:\/\/ecofinishcoatings.com\/fr\/wp-json\/wp\/v2\/pages\/4160","targetHints":{"allow":["GET"]}}],"collection":[{"href":"https:\/\/ecofinishcoatings.com\/fr\/wp-json\/wp\/v2\/pages"}],"about":[{"href":"https:\/\/ecofinishcoatings.com\/fr\/wp-json\/wp\/v2\/types\/page"}],"author":[{"embeddable":true,"href":"https:\/\/ecofinishcoatings.com\/fr\/wp-json\/wp\/v2\/users\/7"}],"replies":[{"embeddable":true,"href":"https:\/\/ecofinishcoatings.com\/fr\/wp-json\/wp\/v2\/comments?post=4160"}],"version-history":[{"count":0,"href":"https:\/\/ecofinishcoatings.com\/fr\/wp-json\/wp\/v2\/pages\/4160\/revisions"}],"wp:attachment":[{"href":"https:\/\/ecofinishcoatings.com\/fr\/wp-json\/wp\/v2\/media?parent=4160"}],"curies":[{"name":"wp","href":"https:\/\/api.w.org\/{rel}","templated":true}]}}