{"id":4159,"date":"2022-11-11T16:57:19","date_gmt":"2022-11-11T16:57:19","guid":{"rendered":"https:\/\/ecofinishcoatings.com\/black-absinthe\/"},"modified":"2025-10-14T16:33:28","modified_gmt":"2025-10-14T16:33:28","slug":"black-absinthe","status":"publish","type":"page","link":"https:\/\/ecofinishcoatings.com\/fr\/black-absinthe\/","title":{"rendered":"Black Absinthe"},"content":{"rendered":"<div id=\"cs-content\" class=\"cs-content\"><\/div>\n","protected":false},"excerpt":{"rendered":"<p>Black Absinthe polyFIBRO : Absinthe noire Plongez dans les profondeurs \u00e9nigmatiques de Black Absinthe, une teinte s\u00e9duisante inspir\u00e9e par les myst\u00e8res de la nuit. Sa base noire riche et velout\u00e9e d\u00e9gage une aura d&rsquo;intrigue, tandis que de subtiles taches d&rsquo;\u00e9meraude et de jade dansent comme des esprits \u00e9th\u00e9r\u00e9s au clair de lune. Adoptez l&rsquo;allure s\u00e9duisante de cette couleur captivante et &#8230; <\/p>\n<div><a href=\"https:\/\/ecofinishcoatings.com\/fr\/black-absinthe\/\" class=\"more-link\">Read More<\/a><\/div>\n","protected":false},"author":7,"featured_media":0,"parent":0,"menu_order":0,"comment_status":"closed","ping_status":"closed","template":"template-blank-4.php","meta":{"om_disable_all_campaigns":false,"_monsterinsights_skip_tracking":false,"_monsterinsights_sitenote_active":false,"_monsterinsights_sitenote_note":"","_monsterinsights_sitenote_category":0,"_uf_show_specific_survey":0,"_uf_disable_surveys":false,"footnotes":""},"class_list":["post-4159","page","type-page","status-publish","hentry","no-post-thumbnail"],"yoast_head":"<!-- This site is optimized with the Yoast SEO plugin v27.3 - https:\/\/yoast.com\/product\/yoast-seo-wordpress\/ -->\n<title>Absinthe noire - ecoFINISH Coatings<\/title>\n<meta name=\"description\" content=\"Plongez dans les profondeurs \u00e9nigmatiques de polyFIBRO : Black Absinthe. Cette teinte s\u00e9duisante, avec sa base noire velout\u00e9e et ses subtiles mouchetures \u00e9meraude.\" \/>\n<meta name=\"robots\" content=\"index, follow, max-snippet:-1, max-image-preview:large, max-video-preview:-1\" \/>\n<link rel=\"canonical\" href=\"https:\/\/ecofinishcoatings.com\/fr\/black-absinthe\/\" \/>\n<meta property=\"og:locale\" content=\"fr_FR\" \/>\n<meta property=\"og:type\" content=\"article\" \/>\n<meta property=\"og:title\" content=\"Absinthe noire - ecoFINISH Coatings\" \/>\n<meta property=\"og:description\" content=\"Plongez dans les profondeurs \u00e9nigmatiques de polyFIBRO : Black Absinthe. Cette teinte s\u00e9duisante, avec sa base noire velout\u00e9e et ses subtiles mouchetures \u00e9meraude.\" \/>\n<meta property=\"og:url\" content=\"https:\/\/ecofinishcoatings.com\/fr\/black-absinthe\/\" \/>\n<meta property=\"og:site_name\" content=\"ecoFINISH Coatings\" \/>\n<meta property=\"article:modified_time\" content=\"2025-10-14T16:33:28+00:00\" \/>\n<meta name=\"twitter:card\" content=\"summary_large_image\" \/>\n<meta name=\"twitter:label1\" content=\"Dur\u00e9e de lecture estim\u00e9e\" \/>\n\t<meta name=\"twitter:data1\" content=\"3 minutes\" \/>\n<script type=\"application\/ld+json\" class=\"yoast-schema-graph\">{\"@context\":\"https:\\\/\\\/schema.org\",\"@graph\":[{\"@type\":\"WebPage\",\"@id\":\"https:\\\/\\\/ecofinishcoatings.com\\\/fr\\\/black-absinthe\\\/\",\"url\":\"https:\\\/\\\/ecofinishcoatings.com\\\/fr\\\/black-absinthe\\\/\",\"name\":\"Absinthe noire - ecoFINISH Coatings\",\"isPartOf\":{\"@id\":\"https:\\\/\\\/ecofinishcoatings.com\\\/fr\\\/#website\"},\"datePublished\":\"2022-11-11T16:57:19+00:00\",\"dateModified\":\"2025-10-14T16:33:28+00:00\",\"description\":\"Plongez dans les profondeurs \u00e9nigmatiques de polyFIBRO : Black Absinthe. Cette teinte s\u00e9duisante, avec sa base noire velout\u00e9e et ses subtiles mouchetures \u00e9meraude.\",\"breadcrumb\":{\"@id\":\"https:\\\/\\\/ecofinishcoatings.com\\\/fr\\\/black-absinthe\\\/#breadcrumb\"},\"inLanguage\":\"fr-FR\",\"potentialAction\":[{\"@type\":\"ReadAction\",\"target\":[\"https:\\\/\\\/ecofinishcoatings.com\\\/fr\\\/black-absinthe\\\/\"]}]},{\"@type\":\"BreadcrumbList\",\"@id\":\"https:\\\/\\\/ecofinishcoatings.com\\\/fr\\\/black-absinthe\\\/#breadcrumb\",\"itemListElement\":[{\"@type\":\"ListItem\",\"position\":1,\"name\":\"Home\",\"item\":\"https:\\\/\\\/ecofinishcoatings.com\\\/fr\\\/accueil\\\/\"},{\"@type\":\"ListItem\",\"position\":2,\"name\":\"Black Absinthe\"}]},{\"@type\":\"WebSite\",\"@id\":\"https:\\\/\\\/ecofinishcoatings.com\\\/fr\\\/#website\",\"url\":\"https:\\\/\\\/ecofinishcoatings.com\\\/fr\\\/\",\"name\":\"ecoFINISH Coatings\",\"description\":\"a new era of coatings\",\"potentialAction\":[{\"@type\":\"SearchAction\",\"target\":{\"@type\":\"EntryPoint\",\"urlTemplate\":\"https:\\\/\\\/ecofinishcoatings.com\\\/fr\\\/?s={search_term_string}\"},\"query-input\":{\"@type\":\"PropertyValueSpecification\",\"valueRequired\":true,\"valueName\":\"search_term_string\"}}],\"inLanguage\":\"fr-FR\"}]}<\/script>\n<!-- \/ Yoast SEO plugin. -->","yoast_head_json":{"title":"Absinthe noire - ecoFINISH Coatings","description":"Plongez dans les profondeurs \u00e9nigmatiques de polyFIBRO : Black Absinthe. Cette teinte s\u00e9duisante, avec sa base noire velout\u00e9e et ses subtiles mouchetures \u00e9meraude.","robots":{"index":"index","follow":"follow","max-snippet":"max-snippet:-1","max-image-preview":"max-image-preview:large","max-video-preview":"max-video-preview:-1"},"canonical":"https:\/\/ecofinishcoatings.com\/fr\/black-absinthe\/","og_locale":"fr_FR","og_type":"article","og_title":"Absinthe noire - ecoFINISH Coatings","og_description":"Plongez dans les profondeurs \u00e9nigmatiques de polyFIBRO : Black Absinthe. Cette teinte s\u00e9duisante, avec sa base noire velout\u00e9e et ses subtiles mouchetures \u00e9meraude.","og_url":"https:\/\/ecofinishcoatings.com\/fr\/black-absinthe\/","og_site_name":"ecoFINISH Coatings","article_modified_time":"2025-10-14T16:33:28+00:00","twitter_card":"summary_large_image","twitter_misc":{"Dur\u00e9e de lecture estim\u00e9e":"3 minutes"},"schema":{"@context":"https:\/\/schema.org","@graph":[{"@type":"WebPage","@id":"https:\/\/ecofinishcoatings.com\/fr\/black-absinthe\/","url":"https:\/\/ecofinishcoatings.com\/fr\/black-absinthe\/","name":"Absinthe noire - ecoFINISH Coatings","isPartOf":{"@id":"https:\/\/ecofinishcoatings.com\/fr\/#website"},"datePublished":"2022-11-11T16:57:19+00:00","dateModified":"2025-10-14T16:33:28+00:00","description":"Plongez dans les profondeurs \u00e9nigmatiques de polyFIBRO : Black Absinthe. Cette teinte s\u00e9duisante, avec sa base noire velout\u00e9e et ses subtiles mouchetures \u00e9meraude.","breadcrumb":{"@id":"https:\/\/ecofinishcoatings.com\/fr\/black-absinthe\/#breadcrumb"},"inLanguage":"fr-FR","potentialAction":[{"@type":"ReadAction","target":["https:\/\/ecofinishcoatings.com\/fr\/black-absinthe\/"]}]},{"@type":"BreadcrumbList","@id":"https:\/\/ecofinishcoatings.com\/fr\/black-absinthe\/#breadcrumb","itemListElement":[{"@type":"ListItem","position":1,"name":"Home","item":"https:\/\/ecofinishcoatings.com\/fr\/accueil\/"},{"@type":"ListItem","position":2,"name":"Black Absinthe"}]},{"@type":"WebSite","@id":"https:\/\/ecofinishcoatings.com\/fr\/#website","url":"https:\/\/ecofinishcoatings.com\/fr\/","name":"ecoFINISH Coatings","description":"a new era of coatings","potentialAction":[{"@type":"SearchAction","target":{"@type":"EntryPoint","urlTemplate":"https:\/\/ecofinishcoatings.com\/fr\/?s={search_term_string}"},"query-input":{"@type":"PropertyValueSpecification","valueRequired":true,"valueName":"search_term_string"}}],"inLanguage":"fr-FR"}]}},"_links":{"self":[{"href":"https:\/\/ecofinishcoatings.com\/fr\/wp-json\/wp\/v2\/pages\/4159","targetHints":{"allow":["GET"]}}],"collection":[{"href":"https:\/\/ecofinishcoatings.com\/fr\/wp-json\/wp\/v2\/pages"}],"about":[{"href":"https:\/\/ecofinishcoatings.com\/fr\/wp-json\/wp\/v2\/types\/page"}],"author":[{"embeddable":true,"href":"https:\/\/ecofinishcoatings.com\/fr\/wp-json\/wp\/v2\/users\/7"}],"replies":[{"embeddable":true,"href":"https:\/\/ecofinishcoatings.com\/fr\/wp-json\/wp\/v2\/comments?post=4159"}],"version-history":[{"count":0,"href":"https:\/\/ecofinishcoatings.com\/fr\/wp-json\/wp\/v2\/pages\/4159\/revisions"}],"wp:attachment":[{"href":"https:\/\/ecofinishcoatings.com\/fr\/wp-json\/wp\/v2\/media?parent=4159"}],"curies":[{"name":"wp","href":"https:\/\/api.w.org\/{rel}","templated":true}]}}