{"id":4158,"date":"2022-11-09T17:31:49","date_gmt":"2022-11-09T17:31:49","guid":{"rendered":"https:\/\/ecofinishcoatings.com\/barbuda\/"},"modified":"2025-10-14T16:21:44","modified_gmt":"2025-10-14T16:21:44","slug":"barbuda","status":"publish","type":"page","link":"https:\/\/ecofinishcoatings.com\/fr\/barbuda\/","title":{"rendered":"Barbuda"},"content":{"rendered":"<div id=\"cs-content\" class=\"cs-content\"><\/div>\n","protected":false},"excerpt":{"rendered":"<p>Barbuda polyFIBRO : Barbuda Embarquez pour un voyage sur les c\u00f4tes immacul\u00e9es de Barbuda avec cette teinte accueillante, inspir\u00e9e par les plages \u00e0 couper le souffle de l&rsquo;\u00eele. Sa base douce rayonne de chaleur, rappelant les sables vibrants de la mer des Cara\u00efbes. Embrassez la douce allure du charme c\u00f4tier de Barbuda, en cr\u00e9ant une retraite paisible parfaite pour se &#8230; <\/p>\n<div><a href=\"https:\/\/ecofinishcoatings.com\/fr\/barbuda\/\" class=\"more-link\">Read More<\/a><\/div>\n","protected":false},"author":7,"featured_media":0,"parent":0,"menu_order":0,"comment_status":"closed","ping_status":"closed","template":"template-blank-4.php","meta":{"om_disable_all_campaigns":false,"_monsterinsights_skip_tracking":false,"_monsterinsights_sitenote_active":false,"_monsterinsights_sitenote_note":"","_monsterinsights_sitenote_category":0,"_uf_show_specific_survey":0,"_uf_disable_surveys":false,"footnotes":""},"class_list":["post-4158","page","type-page","status-publish","hentry","no-post-thumbnail"],"yoast_head":"<!-- This site is optimized with the Yoast SEO plugin v27.3 - https:\/\/yoast.com\/product\/yoast-seo-wordpress\/ -->\n<title>Barbuda - ecoFINISH Coatings<\/title>\n<meta name=\"description\" content=\"D\u00e9couvrez la beaut\u00e9 sereine de Barbuda avec polyFIBRO : Barbuda. Inspir\u00e9 par les magnifiques plages de l&#039;\u00eele.\" \/>\n<meta name=\"robots\" content=\"index, follow, max-snippet:-1, max-image-preview:large, max-video-preview:-1\" \/>\n<link rel=\"canonical\" href=\"https:\/\/ecofinishcoatings.com\/fr\/barbuda\/\" \/>\n<meta property=\"og:locale\" content=\"fr_FR\" \/>\n<meta property=\"og:type\" content=\"article\" \/>\n<meta property=\"og:title\" content=\"Barbuda - ecoFINISH Coatings\" \/>\n<meta property=\"og:description\" content=\"D\u00e9couvrez la beaut\u00e9 sereine de Barbuda avec polyFIBRO : Barbuda. Inspir\u00e9 par les magnifiques plages de l&#039;\u00eele.\" \/>\n<meta property=\"og:url\" content=\"https:\/\/ecofinishcoatings.com\/fr\/barbuda\/\" \/>\n<meta property=\"og:site_name\" content=\"ecoFINISH Coatings\" \/>\n<meta property=\"article:modified_time\" content=\"2025-10-14T16:21:44+00:00\" \/>\n<meta name=\"twitter:card\" content=\"summary_large_image\" \/>\n<meta name=\"twitter:label1\" content=\"Dur\u00e9e de lecture estim\u00e9e\" \/>\n\t<meta name=\"twitter:data1\" content=\"3 minutes\" \/>\n<script type=\"application\/ld+json\" class=\"yoast-schema-graph\">{\"@context\":\"https:\\\/\\\/schema.org\",\"@graph\":[{\"@type\":\"WebPage\",\"@id\":\"https:\\\/\\\/ecofinishcoatings.com\\\/fr\\\/barbuda\\\/\",\"url\":\"https:\\\/\\\/ecofinishcoatings.com\\\/fr\\\/barbuda\\\/\",\"name\":\"Barbuda - ecoFINISH Coatings\",\"isPartOf\":{\"@id\":\"https:\\\/\\\/ecofinishcoatings.com\\\/fr\\\/#website\"},\"datePublished\":\"2022-11-09T17:31:49+00:00\",\"dateModified\":\"2025-10-14T16:21:44+00:00\",\"description\":\"D\u00e9couvrez la beaut\u00e9 sereine de Barbuda avec polyFIBRO : Barbuda. Inspir\u00e9 par les magnifiques plages de l'\u00eele.\",\"breadcrumb\":{\"@id\":\"https:\\\/\\\/ecofinishcoatings.com\\\/fr\\\/barbuda\\\/#breadcrumb\"},\"inLanguage\":\"fr-FR\",\"potentialAction\":[{\"@type\":\"ReadAction\",\"target\":[\"https:\\\/\\\/ecofinishcoatings.com\\\/fr\\\/barbuda\\\/\"]}]},{\"@type\":\"BreadcrumbList\",\"@id\":\"https:\\\/\\\/ecofinishcoatings.com\\\/fr\\\/barbuda\\\/#breadcrumb\",\"itemListElement\":[{\"@type\":\"ListItem\",\"position\":1,\"name\":\"Home\",\"item\":\"https:\\\/\\\/ecofinishcoatings.com\\\/fr\\\/accueil\\\/\"},{\"@type\":\"ListItem\",\"position\":2,\"name\":\"Barbuda\"}]},{\"@type\":\"WebSite\",\"@id\":\"https:\\\/\\\/ecofinishcoatings.com\\\/fr\\\/#website\",\"url\":\"https:\\\/\\\/ecofinishcoatings.com\\\/fr\\\/\",\"name\":\"ecoFINISH Coatings\",\"description\":\"a new era of coatings\",\"potentialAction\":[{\"@type\":\"SearchAction\",\"target\":{\"@type\":\"EntryPoint\",\"urlTemplate\":\"https:\\\/\\\/ecofinishcoatings.com\\\/fr\\\/?s={search_term_string}\"},\"query-input\":{\"@type\":\"PropertyValueSpecification\",\"valueRequired\":true,\"valueName\":\"search_term_string\"}}],\"inLanguage\":\"fr-FR\"}]}<\/script>\n<!-- \/ Yoast SEO plugin. -->","yoast_head_json":{"title":"Barbuda - ecoFINISH Coatings","description":"D\u00e9couvrez la beaut\u00e9 sereine de Barbuda avec polyFIBRO : Barbuda. Inspir\u00e9 par les magnifiques plages de l'\u00eele.","robots":{"index":"index","follow":"follow","max-snippet":"max-snippet:-1","max-image-preview":"max-image-preview:large","max-video-preview":"max-video-preview:-1"},"canonical":"https:\/\/ecofinishcoatings.com\/fr\/barbuda\/","og_locale":"fr_FR","og_type":"article","og_title":"Barbuda - ecoFINISH Coatings","og_description":"D\u00e9couvrez la beaut\u00e9 sereine de Barbuda avec polyFIBRO : Barbuda. Inspir\u00e9 par les magnifiques plages de l'\u00eele.","og_url":"https:\/\/ecofinishcoatings.com\/fr\/barbuda\/","og_site_name":"ecoFINISH Coatings","article_modified_time":"2025-10-14T16:21:44+00:00","twitter_card":"summary_large_image","twitter_misc":{"Dur\u00e9e de lecture estim\u00e9e":"3 minutes"},"schema":{"@context":"https:\/\/schema.org","@graph":[{"@type":"WebPage","@id":"https:\/\/ecofinishcoatings.com\/fr\/barbuda\/","url":"https:\/\/ecofinishcoatings.com\/fr\/barbuda\/","name":"Barbuda - ecoFINISH Coatings","isPartOf":{"@id":"https:\/\/ecofinishcoatings.com\/fr\/#website"},"datePublished":"2022-11-09T17:31:49+00:00","dateModified":"2025-10-14T16:21:44+00:00","description":"D\u00e9couvrez la beaut\u00e9 sereine de Barbuda avec polyFIBRO : Barbuda. Inspir\u00e9 par les magnifiques plages de l'\u00eele.","breadcrumb":{"@id":"https:\/\/ecofinishcoatings.com\/fr\/barbuda\/#breadcrumb"},"inLanguage":"fr-FR","potentialAction":[{"@type":"ReadAction","target":["https:\/\/ecofinishcoatings.com\/fr\/barbuda\/"]}]},{"@type":"BreadcrumbList","@id":"https:\/\/ecofinishcoatings.com\/fr\/barbuda\/#breadcrumb","itemListElement":[{"@type":"ListItem","position":1,"name":"Home","item":"https:\/\/ecofinishcoatings.com\/fr\/accueil\/"},{"@type":"ListItem","position":2,"name":"Barbuda"}]},{"@type":"WebSite","@id":"https:\/\/ecofinishcoatings.com\/fr\/#website","url":"https:\/\/ecofinishcoatings.com\/fr\/","name":"ecoFINISH Coatings","description":"a new era of coatings","potentialAction":[{"@type":"SearchAction","target":{"@type":"EntryPoint","urlTemplate":"https:\/\/ecofinishcoatings.com\/fr\/?s={search_term_string}"},"query-input":{"@type":"PropertyValueSpecification","valueRequired":true,"valueName":"search_term_string"}}],"inLanguage":"fr-FR"}]}},"_links":{"self":[{"href":"https:\/\/ecofinishcoatings.com\/fr\/wp-json\/wp\/v2\/pages\/4158","targetHints":{"allow":["GET"]}}],"collection":[{"href":"https:\/\/ecofinishcoatings.com\/fr\/wp-json\/wp\/v2\/pages"}],"about":[{"href":"https:\/\/ecofinishcoatings.com\/fr\/wp-json\/wp\/v2\/types\/page"}],"author":[{"embeddable":true,"href":"https:\/\/ecofinishcoatings.com\/fr\/wp-json\/wp\/v2\/users\/7"}],"replies":[{"embeddable":true,"href":"https:\/\/ecofinishcoatings.com\/fr\/wp-json\/wp\/v2\/comments?post=4158"}],"version-history":[{"count":0,"href":"https:\/\/ecofinishcoatings.com\/fr\/wp-json\/wp\/v2\/pages\/4158\/revisions"}],"wp:attachment":[{"href":"https:\/\/ecofinishcoatings.com\/fr\/wp-json\/wp\/v2\/media?parent=4158"}],"curies":[{"name":"wp","href":"https:\/\/api.w.org\/{rel}","templated":true}]}}