{"id":4143,"date":"2022-11-11T17:16:02","date_gmt":"2022-11-11T17:16:02","guid":{"rendered":"https:\/\/ecofinishcoatings.com\/sandy-beach\/"},"modified":"2025-10-14T15:47:32","modified_gmt":"2025-10-14T15:47:32","slug":"sandy-beach","status":"publish","type":"page","link":"https:\/\/ecofinishcoatings.com\/fr\/sandy-beach\/","title":{"rendered":"Sandy Beach"},"content":{"rendered":"<div id=\"cs-content\" class=\"cs-content\"><\/div>\n","protected":false},"excerpt":{"rendered":"<p>Sandy Beach polyFIBRO : Plage de sable Transportez-vous vers des rivages sereins avec cette teinte invitante inspir\u00e9e des plages de sable de destinations exotiques. Sa base chaude et dor\u00e9e rappelle les grains de sable gorg\u00e9s de soleil, vous invitant \u00e0 vous pr\u00e9lasser dans l&rsquo;\u00e9clat de l&rsquo;\u00e9t\u00e9. Des taches de beige et de brun dansent sur la surface, refl\u00e9tant la beaut\u00e9 &#8230; <\/p>\n<div><a href=\"https:\/\/ecofinishcoatings.com\/fr\/sandy-beach\/\" class=\"more-link\">Read More<\/a><\/div>\n","protected":false},"author":7,"featured_media":0,"parent":0,"menu_order":0,"comment_status":"closed","ping_status":"closed","template":"template-blank-4.php","meta":{"om_disable_all_campaigns":false,"_monsterinsights_skip_tracking":false,"_monsterinsights_sitenote_active":false,"_monsterinsights_sitenote_note":"","_monsterinsights_sitenote_category":0,"_uf_show_specific_survey":0,"_uf_disable_surveys":false,"footnotes":""},"class_list":["post-4143","page","type-page","status-publish","hentry","no-post-thumbnail"],"yoast_head":"<!-- This site is optimized with the Yoast SEO plugin v27.3 - https:\/\/yoast.com\/product\/yoast-seo-wordpress\/ -->\n<title>Sandy Beach - rev\u00eatements ecoFINISH<\/title>\n<meta name=\"description\" content=\"Transportez-vous vers des rivages sereins avec polyFIBRO : Sandy Beach. Cette teinte accueillante a une base chaude et dor\u00e9e et des mouchetures de beige et de marron.\" \/>\n<meta name=\"robots\" content=\"index, follow, max-snippet:-1, max-image-preview:large, max-video-preview:-1\" \/>\n<link rel=\"canonical\" href=\"https:\/\/ecofinishcoatings.com\/fr\/sandy-beach\/\" \/>\n<meta property=\"og:locale\" content=\"fr_FR\" \/>\n<meta property=\"og:type\" content=\"article\" \/>\n<meta property=\"og:title\" content=\"Sandy Beach - rev\u00eatements ecoFINISH\" \/>\n<meta property=\"og:description\" content=\"Transportez-vous vers des rivages sereins avec polyFIBRO : Sandy Beach. Cette teinte accueillante a une base chaude et dor\u00e9e et des mouchetures de beige et de marron.\" \/>\n<meta property=\"og:url\" content=\"https:\/\/ecofinishcoatings.com\/fr\/sandy-beach\/\" \/>\n<meta property=\"og:site_name\" content=\"ecoFINISH Coatings\" \/>\n<meta property=\"article:modified_time\" content=\"2025-10-14T15:47:32+00:00\" \/>\n<meta name=\"twitter:card\" content=\"summary_large_image\" \/>\n<meta name=\"twitter:label1\" content=\"Dur\u00e9e de lecture estim\u00e9e\" \/>\n\t<meta name=\"twitter:data1\" content=\"3 minutes\" \/>\n<script type=\"application\/ld+json\" class=\"yoast-schema-graph\">{\"@context\":\"https:\\\/\\\/schema.org\",\"@graph\":[{\"@type\":\"WebPage\",\"@id\":\"https:\\\/\\\/ecofinishcoatings.com\\\/fr\\\/sandy-beach\\\/\",\"url\":\"https:\\\/\\\/ecofinishcoatings.com\\\/fr\\\/sandy-beach\\\/\",\"name\":\"Sandy Beach - rev\u00eatements ecoFINISH\",\"isPartOf\":{\"@id\":\"https:\\\/\\\/ecofinishcoatings.com\\\/fr\\\/#website\"},\"datePublished\":\"2022-11-11T17:16:02+00:00\",\"dateModified\":\"2025-10-14T15:47:32+00:00\",\"description\":\"Transportez-vous vers des rivages sereins avec polyFIBRO : Sandy Beach. Cette teinte accueillante a une base chaude et dor\u00e9e et des mouchetures de beige et de marron.\",\"breadcrumb\":{\"@id\":\"https:\\\/\\\/ecofinishcoatings.com\\\/fr\\\/sandy-beach\\\/#breadcrumb\"},\"inLanguage\":\"fr-FR\",\"potentialAction\":[{\"@type\":\"ReadAction\",\"target\":[\"https:\\\/\\\/ecofinishcoatings.com\\\/fr\\\/sandy-beach\\\/\"]}]},{\"@type\":\"BreadcrumbList\",\"@id\":\"https:\\\/\\\/ecofinishcoatings.com\\\/fr\\\/sandy-beach\\\/#breadcrumb\",\"itemListElement\":[{\"@type\":\"ListItem\",\"position\":1,\"name\":\"Home\",\"item\":\"https:\\\/\\\/ecofinishcoatings.com\\\/fr\\\/accueil\\\/\"},{\"@type\":\"ListItem\",\"position\":2,\"name\":\"Sandy Beach\"}]},{\"@type\":\"WebSite\",\"@id\":\"https:\\\/\\\/ecofinishcoatings.com\\\/fr\\\/#website\",\"url\":\"https:\\\/\\\/ecofinishcoatings.com\\\/fr\\\/\",\"name\":\"ecoFINISH Coatings\",\"description\":\"a new era of coatings\",\"potentialAction\":[{\"@type\":\"SearchAction\",\"target\":{\"@type\":\"EntryPoint\",\"urlTemplate\":\"https:\\\/\\\/ecofinishcoatings.com\\\/fr\\\/?s={search_term_string}\"},\"query-input\":{\"@type\":\"PropertyValueSpecification\",\"valueRequired\":true,\"valueName\":\"search_term_string\"}}],\"inLanguage\":\"fr-FR\"}]}<\/script>\n<!-- \/ Yoast SEO plugin. -->","yoast_head_json":{"title":"Sandy Beach - rev\u00eatements ecoFINISH","description":"Transportez-vous vers des rivages sereins avec polyFIBRO : Sandy Beach. Cette teinte accueillante a une base chaude et dor\u00e9e et des mouchetures de beige et de marron.","robots":{"index":"index","follow":"follow","max-snippet":"max-snippet:-1","max-image-preview":"max-image-preview:large","max-video-preview":"max-video-preview:-1"},"canonical":"https:\/\/ecofinishcoatings.com\/fr\/sandy-beach\/","og_locale":"fr_FR","og_type":"article","og_title":"Sandy Beach - rev\u00eatements ecoFINISH","og_description":"Transportez-vous vers des rivages sereins avec polyFIBRO : Sandy Beach. Cette teinte accueillante a une base chaude et dor\u00e9e et des mouchetures de beige et de marron.","og_url":"https:\/\/ecofinishcoatings.com\/fr\/sandy-beach\/","og_site_name":"ecoFINISH Coatings","article_modified_time":"2025-10-14T15:47:32+00:00","twitter_card":"summary_large_image","twitter_misc":{"Dur\u00e9e de lecture estim\u00e9e":"3 minutes"},"schema":{"@context":"https:\/\/schema.org","@graph":[{"@type":"WebPage","@id":"https:\/\/ecofinishcoatings.com\/fr\/sandy-beach\/","url":"https:\/\/ecofinishcoatings.com\/fr\/sandy-beach\/","name":"Sandy Beach - rev\u00eatements ecoFINISH","isPartOf":{"@id":"https:\/\/ecofinishcoatings.com\/fr\/#website"},"datePublished":"2022-11-11T17:16:02+00:00","dateModified":"2025-10-14T15:47:32+00:00","description":"Transportez-vous vers des rivages sereins avec polyFIBRO : Sandy Beach. Cette teinte accueillante a une base chaude et dor\u00e9e et des mouchetures de beige et de marron.","breadcrumb":{"@id":"https:\/\/ecofinishcoatings.com\/fr\/sandy-beach\/#breadcrumb"},"inLanguage":"fr-FR","potentialAction":[{"@type":"ReadAction","target":["https:\/\/ecofinishcoatings.com\/fr\/sandy-beach\/"]}]},{"@type":"BreadcrumbList","@id":"https:\/\/ecofinishcoatings.com\/fr\/sandy-beach\/#breadcrumb","itemListElement":[{"@type":"ListItem","position":1,"name":"Home","item":"https:\/\/ecofinishcoatings.com\/fr\/accueil\/"},{"@type":"ListItem","position":2,"name":"Sandy Beach"}]},{"@type":"WebSite","@id":"https:\/\/ecofinishcoatings.com\/fr\/#website","url":"https:\/\/ecofinishcoatings.com\/fr\/","name":"ecoFINISH Coatings","description":"a new era of coatings","potentialAction":[{"@type":"SearchAction","target":{"@type":"EntryPoint","urlTemplate":"https:\/\/ecofinishcoatings.com\/fr\/?s={search_term_string}"},"query-input":{"@type":"PropertyValueSpecification","valueRequired":true,"valueName":"search_term_string"}}],"inLanguage":"fr-FR"}]}},"_links":{"self":[{"href":"https:\/\/ecofinishcoatings.com\/fr\/wp-json\/wp\/v2\/pages\/4143","targetHints":{"allow":["GET"]}}],"collection":[{"href":"https:\/\/ecofinishcoatings.com\/fr\/wp-json\/wp\/v2\/pages"}],"about":[{"href":"https:\/\/ecofinishcoatings.com\/fr\/wp-json\/wp\/v2\/types\/page"}],"author":[{"embeddable":true,"href":"https:\/\/ecofinishcoatings.com\/fr\/wp-json\/wp\/v2\/users\/7"}],"replies":[{"embeddable":true,"href":"https:\/\/ecofinishcoatings.com\/fr\/wp-json\/wp\/v2\/comments?post=4143"}],"version-history":[{"count":0,"href":"https:\/\/ecofinishcoatings.com\/fr\/wp-json\/wp\/v2\/pages\/4143\/revisions"}],"wp:attachment":[{"href":"https:\/\/ecofinishcoatings.com\/fr\/wp-json\/wp\/v2\/media?parent=4143"}],"curies":[{"name":"wp","href":"https:\/\/api.w.org\/{rel}","templated":true}]}}