{"id":4140,"date":"2022-11-11T17:36:31","date_gmt":"2022-11-11T17:36:31","guid":{"rendered":"https:\/\/ecofinishcoatings.com\/sahara-sand\/"},"modified":"2025-10-14T16:17:41","modified_gmt":"2025-10-14T16:17:41","slug":"sahara-sand","status":"publish","type":"page","link":"https:\/\/ecofinishcoatings.com\/fr\/sahara-sand\/","title":{"rendered":"Sahara Sand"},"content":{"rendered":"<div id=\"cs-content\" class=\"cs-content\"><\/div>\n","protected":false},"excerpt":{"rendered":"<p>Sahara Sand aquaBRIGHT : Sable Sahara Transportez-vous dans les dunes ensoleill\u00e9es du Sahara avec cette teinte chaude et accueillante. Sa base de sable dor\u00e9 refl\u00e8te l&rsquo;essence des paysages d\u00e9sertiques, scintillant avec des mouchetures de bronze et de beige. Embrassez la sensation de chaleur et de s\u00e9r\u00e9nit\u00e9 infinies, vous invitant \u00e0 vous d\u00e9tendre et \u00e0 vous d\u00e9lecter de la beaut\u00e9 de &#8230; <\/p>\n<div><a href=\"https:\/\/ecofinishcoatings.com\/fr\/sahara-sand\/\" class=\"more-link\">Read More<\/a><\/div>\n","protected":false},"author":7,"featured_media":0,"parent":0,"menu_order":0,"comment_status":"closed","ping_status":"closed","template":"template-blank-4.php","meta":{"om_disable_all_campaigns":false,"_monsterinsights_skip_tracking":false,"_monsterinsights_sitenote_active":false,"_monsterinsights_sitenote_note":"","_monsterinsights_sitenote_category":0,"_uf_show_specific_survey":0,"_uf_disable_surveys":false,"footnotes":""},"class_list":["post-4140","page","type-page","status-publish","hentry","no-post-thumbnail"],"yoast_head":"<!-- This site is optimized with the Yoast SEO plugin v27.4 - https:\/\/yoast.com\/product\/yoast-seo-wordpress\/ -->\n<title>Sahara Sand - ecoFINISH Coatings<\/title>\n<meta name=\"description\" content=\"Transportez-vous au Sahara avec aquaBRIGHT : Sahara Sand. Cette teinte de sable chaud et dor\u00e9, avec des mouchetures de bronze et de beige, refl\u00e8te les d\u00e9serts.\" \/>\n<meta name=\"robots\" content=\"index, follow, max-snippet:-1, max-image-preview:large, max-video-preview:-1\" \/>\n<link rel=\"canonical\" href=\"https:\/\/ecofinishcoatings.com\/fr\/sahara-sand\/\" \/>\n<meta property=\"og:locale\" content=\"fr_FR\" \/>\n<meta property=\"og:type\" content=\"article\" \/>\n<meta property=\"og:title\" content=\"Sahara Sand - ecoFINISH Coatings\" \/>\n<meta property=\"og:description\" content=\"Transportez-vous au Sahara avec aquaBRIGHT : Sahara Sand. Cette teinte de sable chaud et dor\u00e9, avec des mouchetures de bronze et de beige, refl\u00e8te les d\u00e9serts.\" \/>\n<meta property=\"og:url\" content=\"https:\/\/ecofinishcoatings.com\/fr\/sahara-sand\/\" \/>\n<meta property=\"og:site_name\" content=\"ecoFINISH Coatings\" \/>\n<meta property=\"article:modified_time\" content=\"2025-10-14T16:17:41+00:00\" \/>\n<meta name=\"twitter:card\" content=\"summary_large_image\" \/>\n<meta name=\"twitter:label1\" content=\"Dur\u00e9e de lecture estim\u00e9e\" \/>\n\t<meta name=\"twitter:data1\" content=\"3 minutes\" \/>\n<script type=\"application\/ld+json\" class=\"yoast-schema-graph\">{\"@context\":\"https:\\\/\\\/schema.org\",\"@graph\":[{\"@type\":\"WebPage\",\"@id\":\"https:\\\/\\\/ecofinishcoatings.com\\\/fr\\\/sahara-sand\\\/\",\"url\":\"https:\\\/\\\/ecofinishcoatings.com\\\/fr\\\/sahara-sand\\\/\",\"name\":\"Sahara Sand - ecoFINISH Coatings\",\"isPartOf\":{\"@id\":\"https:\\\/\\\/ecofinishcoatings.com\\\/fr\\\/#website\"},\"datePublished\":\"2022-11-11T17:36:31+00:00\",\"dateModified\":\"2025-10-14T16:17:41+00:00\",\"description\":\"Transportez-vous au Sahara avec aquaBRIGHT : Sahara Sand. Cette teinte de sable chaud et dor\u00e9, avec des mouchetures de bronze et de beige, refl\u00e8te les d\u00e9serts.\",\"breadcrumb\":{\"@id\":\"https:\\\/\\\/ecofinishcoatings.com\\\/fr\\\/sahara-sand\\\/#breadcrumb\"},\"inLanguage\":\"fr-FR\",\"potentialAction\":[{\"@type\":\"ReadAction\",\"target\":[\"https:\\\/\\\/ecofinishcoatings.com\\\/fr\\\/sahara-sand\\\/\"]}]},{\"@type\":\"BreadcrumbList\",\"@id\":\"https:\\\/\\\/ecofinishcoatings.com\\\/fr\\\/sahara-sand\\\/#breadcrumb\",\"itemListElement\":[{\"@type\":\"ListItem\",\"position\":1,\"name\":\"Home\",\"item\":\"https:\\\/\\\/ecofinishcoatings.com\\\/fr\\\/accueil\\\/\"},{\"@type\":\"ListItem\",\"position\":2,\"name\":\"Sahara Sand\"}]},{\"@type\":\"WebSite\",\"@id\":\"https:\\\/\\\/ecofinishcoatings.com\\\/fr\\\/#website\",\"url\":\"https:\\\/\\\/ecofinishcoatings.com\\\/fr\\\/\",\"name\":\"ecoFINISH Coatings\",\"description\":\"a new era of coatings\",\"potentialAction\":[{\"@type\":\"SearchAction\",\"target\":{\"@type\":\"EntryPoint\",\"urlTemplate\":\"https:\\\/\\\/ecofinishcoatings.com\\\/fr\\\/?s={search_term_string}\"},\"query-input\":{\"@type\":\"PropertyValueSpecification\",\"valueRequired\":true,\"valueName\":\"search_term_string\"}}],\"inLanguage\":\"fr-FR\"}]}<\/script>\n<!-- \/ Yoast SEO plugin. -->","yoast_head_json":{"title":"Sahara Sand - ecoFINISH Coatings","description":"Transportez-vous au Sahara avec aquaBRIGHT : Sahara Sand. Cette teinte de sable chaud et dor\u00e9, avec des mouchetures de bronze et de beige, refl\u00e8te les d\u00e9serts.","robots":{"index":"index","follow":"follow","max-snippet":"max-snippet:-1","max-image-preview":"max-image-preview:large","max-video-preview":"max-video-preview:-1"},"canonical":"https:\/\/ecofinishcoatings.com\/fr\/sahara-sand\/","og_locale":"fr_FR","og_type":"article","og_title":"Sahara Sand - ecoFINISH Coatings","og_description":"Transportez-vous au Sahara avec aquaBRIGHT : Sahara Sand. Cette teinte de sable chaud et dor\u00e9, avec des mouchetures de bronze et de beige, refl\u00e8te les d\u00e9serts.","og_url":"https:\/\/ecofinishcoatings.com\/fr\/sahara-sand\/","og_site_name":"ecoFINISH Coatings","article_modified_time":"2025-10-14T16:17:41+00:00","twitter_card":"summary_large_image","twitter_misc":{"Dur\u00e9e de lecture estim\u00e9e":"3 minutes"},"schema":{"@context":"https:\/\/schema.org","@graph":[{"@type":"WebPage","@id":"https:\/\/ecofinishcoatings.com\/fr\/sahara-sand\/","url":"https:\/\/ecofinishcoatings.com\/fr\/sahara-sand\/","name":"Sahara Sand - ecoFINISH Coatings","isPartOf":{"@id":"https:\/\/ecofinishcoatings.com\/fr\/#website"},"datePublished":"2022-11-11T17:36:31+00:00","dateModified":"2025-10-14T16:17:41+00:00","description":"Transportez-vous au Sahara avec aquaBRIGHT : Sahara Sand. Cette teinte de sable chaud et dor\u00e9, avec des mouchetures de bronze et de beige, refl\u00e8te les d\u00e9serts.","breadcrumb":{"@id":"https:\/\/ecofinishcoatings.com\/fr\/sahara-sand\/#breadcrumb"},"inLanguage":"fr-FR","potentialAction":[{"@type":"ReadAction","target":["https:\/\/ecofinishcoatings.com\/fr\/sahara-sand\/"]}]},{"@type":"BreadcrumbList","@id":"https:\/\/ecofinishcoatings.com\/fr\/sahara-sand\/#breadcrumb","itemListElement":[{"@type":"ListItem","position":1,"name":"Home","item":"https:\/\/ecofinishcoatings.com\/fr\/accueil\/"},{"@type":"ListItem","position":2,"name":"Sahara Sand"}]},{"@type":"WebSite","@id":"https:\/\/ecofinishcoatings.com\/fr\/#website","url":"https:\/\/ecofinishcoatings.com\/fr\/","name":"ecoFINISH Coatings","description":"a new era of coatings","potentialAction":[{"@type":"SearchAction","target":{"@type":"EntryPoint","urlTemplate":"https:\/\/ecofinishcoatings.com\/fr\/?s={search_term_string}"},"query-input":{"@type":"PropertyValueSpecification","valueRequired":true,"valueName":"search_term_string"}}],"inLanguage":"fr-FR"}]}},"_links":{"self":[{"href":"https:\/\/ecofinishcoatings.com\/fr\/wp-json\/wp\/v2\/pages\/4140","targetHints":{"allow":["GET"]}}],"collection":[{"href":"https:\/\/ecofinishcoatings.com\/fr\/wp-json\/wp\/v2\/pages"}],"about":[{"href":"https:\/\/ecofinishcoatings.com\/fr\/wp-json\/wp\/v2\/types\/page"}],"author":[{"embeddable":true,"href":"https:\/\/ecofinishcoatings.com\/fr\/wp-json\/wp\/v2\/users\/7"}],"replies":[{"embeddable":true,"href":"https:\/\/ecofinishcoatings.com\/fr\/wp-json\/wp\/v2\/comments?post=4140"}],"version-history":[{"count":0,"href":"https:\/\/ecofinishcoatings.com\/fr\/wp-json\/wp\/v2\/pages\/4140\/revisions"}],"wp:attachment":[{"href":"https:\/\/ecofinishcoatings.com\/fr\/wp-json\/wp\/v2\/media?parent=4140"}],"curies":[{"name":"wp","href":"https:\/\/api.w.org\/{rel}","templated":true}]}}