{"id":4125,"date":"2022-11-11T17:14:45","date_gmt":"2022-11-11T17:14:45","guid":{"rendered":"https:\/\/ecofinishcoatings.com\/pacific-blue\/"},"modified":"2025-10-14T16:31:06","modified_gmt":"2025-10-14T16:31:06","slug":"pacific-blue","status":"publish","type":"page","link":"https:\/\/ecofinishcoatings.com\/fr\/pacific-blue\/","title":{"rendered":"Pacific Blue"},"content":{"rendered":"<div id=\"cs-content\" class=\"cs-content\"><\/div>\n","protected":false},"excerpt":{"rendered":"<p>Pacific Blue polyFIBRO : Bleu Pacifique Plongez dans les profondeurs sereines de l&rsquo;oc\u00e9an Pacifique avec cette teinte captivante. Sa base bleue riche refl\u00e8te la vaste \u00e9tendue de la mer, vous invitant \u00e0 vous immerger dans son \u00e9treinte tranquille. Des taches d&rsquo;aigue-marine et d&rsquo;argent dansent \u00e0 la surface, rappelant la lumi\u00e8re du soleil scintillant sur les douces vagues. Cr\u00e9ez une atmosph\u00e8re &#8230; <\/p>\n<div><a href=\"https:\/\/ecofinishcoatings.com\/fr\/pacific-blue\/\" class=\"more-link\">Read More<\/a><\/div>\n","protected":false},"author":7,"featured_media":0,"parent":0,"menu_order":0,"comment_status":"closed","ping_status":"closed","template":"template-blank-4.php","meta":{"om_disable_all_campaigns":false,"_monsterinsights_skip_tracking":false,"_monsterinsights_sitenote_active":false,"_monsterinsights_sitenote_note":"","_monsterinsights_sitenote_category":0,"_uf_show_specific_survey":0,"_uf_disable_surveys":false,"footnotes":""},"class_list":["post-4125","page","type-page","status-publish","hentry","no-post-thumbnail"],"yoast_head":"<!-- This site is optimized with the Yoast SEO plugin v27.4 - https:\/\/yoast.com\/product\/yoast-seo-wordpress\/ -->\n<title>Bleu Pacifique - ecoFINISH Coatings<\/title>\n<meta name=\"description\" content=\"Plongez dans les profondeurs sereines de polyFIBRO : Pacific Blue. Cette riche teinte bleue refl\u00e8te l&#039;immensit\u00e9 de l&#039;oc\u00e9an, avec des mouchetures d&#039;aigue-marine et d&#039;argent.\" \/>\n<meta name=\"robots\" content=\"index, follow, max-snippet:-1, max-image-preview:large, max-video-preview:-1\" \/>\n<link rel=\"canonical\" href=\"https:\/\/ecofinishcoatings.com\/fr\/pacific-blue\/\" \/>\n<meta property=\"og:locale\" content=\"fr_FR\" \/>\n<meta property=\"og:type\" content=\"article\" \/>\n<meta property=\"og:title\" content=\"Bleu Pacifique - ecoFINISH Coatings\" \/>\n<meta property=\"og:description\" content=\"Plongez dans les profondeurs sereines de polyFIBRO : Pacific Blue. Cette riche teinte bleue refl\u00e8te l&#039;immensit\u00e9 de l&#039;oc\u00e9an, avec des mouchetures d&#039;aigue-marine et d&#039;argent.\" \/>\n<meta property=\"og:url\" content=\"https:\/\/ecofinishcoatings.com\/fr\/pacific-blue\/\" \/>\n<meta property=\"og:site_name\" content=\"ecoFINISH Coatings\" \/>\n<meta property=\"article:modified_time\" content=\"2025-10-14T16:31:06+00:00\" \/>\n<meta name=\"twitter:card\" content=\"summary_large_image\" \/>\n<meta name=\"twitter:label1\" content=\"Dur\u00e9e de lecture estim\u00e9e\" \/>\n\t<meta name=\"twitter:data1\" content=\"3 minutes\" \/>\n<script type=\"application\/ld+json\" class=\"yoast-schema-graph\">{\"@context\":\"https:\\\/\\\/schema.org\",\"@graph\":[{\"@type\":\"WebPage\",\"@id\":\"https:\\\/\\\/ecofinishcoatings.com\\\/fr\\\/pacific-blue\\\/\",\"url\":\"https:\\\/\\\/ecofinishcoatings.com\\\/fr\\\/pacific-blue\\\/\",\"name\":\"Bleu Pacifique - ecoFINISH Coatings\",\"isPartOf\":{\"@id\":\"https:\\\/\\\/ecofinishcoatings.com\\\/fr\\\/#website\"},\"datePublished\":\"2022-11-11T17:14:45+00:00\",\"dateModified\":\"2025-10-14T16:31:06+00:00\",\"description\":\"Plongez dans les profondeurs sereines de polyFIBRO : Pacific Blue. Cette riche teinte bleue refl\u00e8te l'immensit\u00e9 de l'oc\u00e9an, avec des mouchetures d'aigue-marine et d'argent.\",\"breadcrumb\":{\"@id\":\"https:\\\/\\\/ecofinishcoatings.com\\\/fr\\\/pacific-blue\\\/#breadcrumb\"},\"inLanguage\":\"fr-FR\",\"potentialAction\":[{\"@type\":\"ReadAction\",\"target\":[\"https:\\\/\\\/ecofinishcoatings.com\\\/fr\\\/pacific-blue\\\/\"]}]},{\"@type\":\"BreadcrumbList\",\"@id\":\"https:\\\/\\\/ecofinishcoatings.com\\\/fr\\\/pacific-blue\\\/#breadcrumb\",\"itemListElement\":[{\"@type\":\"ListItem\",\"position\":1,\"name\":\"Home\",\"item\":\"https:\\\/\\\/ecofinishcoatings.com\\\/fr\\\/accueil\\\/\"},{\"@type\":\"ListItem\",\"position\":2,\"name\":\"Pacific Blue\"}]},{\"@type\":\"WebSite\",\"@id\":\"https:\\\/\\\/ecofinishcoatings.com\\\/fr\\\/#website\",\"url\":\"https:\\\/\\\/ecofinishcoatings.com\\\/fr\\\/\",\"name\":\"ecoFINISH Coatings\",\"description\":\"a new era of coatings\",\"potentialAction\":[{\"@type\":\"SearchAction\",\"target\":{\"@type\":\"EntryPoint\",\"urlTemplate\":\"https:\\\/\\\/ecofinishcoatings.com\\\/fr\\\/?s={search_term_string}\"},\"query-input\":{\"@type\":\"PropertyValueSpecification\",\"valueRequired\":true,\"valueName\":\"search_term_string\"}}],\"inLanguage\":\"fr-FR\"}]}<\/script>\n<!-- \/ Yoast SEO plugin. -->","yoast_head_json":{"title":"Bleu Pacifique - ecoFINISH Coatings","description":"Plongez dans les profondeurs sereines de polyFIBRO : Pacific Blue. Cette riche teinte bleue refl\u00e8te l'immensit\u00e9 de l'oc\u00e9an, avec des mouchetures d'aigue-marine et d'argent.","robots":{"index":"index","follow":"follow","max-snippet":"max-snippet:-1","max-image-preview":"max-image-preview:large","max-video-preview":"max-video-preview:-1"},"canonical":"https:\/\/ecofinishcoatings.com\/fr\/pacific-blue\/","og_locale":"fr_FR","og_type":"article","og_title":"Bleu Pacifique - ecoFINISH Coatings","og_description":"Plongez dans les profondeurs sereines de polyFIBRO : Pacific Blue. Cette riche teinte bleue refl\u00e8te l'immensit\u00e9 de l'oc\u00e9an, avec des mouchetures d'aigue-marine et d'argent.","og_url":"https:\/\/ecofinishcoatings.com\/fr\/pacific-blue\/","og_site_name":"ecoFINISH Coatings","article_modified_time":"2025-10-14T16:31:06+00:00","twitter_card":"summary_large_image","twitter_misc":{"Dur\u00e9e de lecture estim\u00e9e":"3 minutes"},"schema":{"@context":"https:\/\/schema.org","@graph":[{"@type":"WebPage","@id":"https:\/\/ecofinishcoatings.com\/fr\/pacific-blue\/","url":"https:\/\/ecofinishcoatings.com\/fr\/pacific-blue\/","name":"Bleu Pacifique - ecoFINISH Coatings","isPartOf":{"@id":"https:\/\/ecofinishcoatings.com\/fr\/#website"},"datePublished":"2022-11-11T17:14:45+00:00","dateModified":"2025-10-14T16:31:06+00:00","description":"Plongez dans les profondeurs sereines de polyFIBRO : Pacific Blue. Cette riche teinte bleue refl\u00e8te l'immensit\u00e9 de l'oc\u00e9an, avec des mouchetures d'aigue-marine et d'argent.","breadcrumb":{"@id":"https:\/\/ecofinishcoatings.com\/fr\/pacific-blue\/#breadcrumb"},"inLanguage":"fr-FR","potentialAction":[{"@type":"ReadAction","target":["https:\/\/ecofinishcoatings.com\/fr\/pacific-blue\/"]}]},{"@type":"BreadcrumbList","@id":"https:\/\/ecofinishcoatings.com\/fr\/pacific-blue\/#breadcrumb","itemListElement":[{"@type":"ListItem","position":1,"name":"Home","item":"https:\/\/ecofinishcoatings.com\/fr\/accueil\/"},{"@type":"ListItem","position":2,"name":"Pacific Blue"}]},{"@type":"WebSite","@id":"https:\/\/ecofinishcoatings.com\/fr\/#website","url":"https:\/\/ecofinishcoatings.com\/fr\/","name":"ecoFINISH Coatings","description":"a new era of coatings","potentialAction":[{"@type":"SearchAction","target":{"@type":"EntryPoint","urlTemplate":"https:\/\/ecofinishcoatings.com\/fr\/?s={search_term_string}"},"query-input":{"@type":"PropertyValueSpecification","valueRequired":true,"valueName":"search_term_string"}}],"inLanguage":"fr-FR"}]}},"_links":{"self":[{"href":"https:\/\/ecofinishcoatings.com\/fr\/wp-json\/wp\/v2\/pages\/4125","targetHints":{"allow":["GET"]}}],"collection":[{"href":"https:\/\/ecofinishcoatings.com\/fr\/wp-json\/wp\/v2\/pages"}],"about":[{"href":"https:\/\/ecofinishcoatings.com\/fr\/wp-json\/wp\/v2\/types\/page"}],"author":[{"embeddable":true,"href":"https:\/\/ecofinishcoatings.com\/fr\/wp-json\/wp\/v2\/users\/7"}],"replies":[{"embeddable":true,"href":"https:\/\/ecofinishcoatings.com\/fr\/wp-json\/wp\/v2\/comments?post=4125"}],"version-history":[{"count":0,"href":"https:\/\/ecofinishcoatings.com\/fr\/wp-json\/wp\/v2\/pages\/4125\/revisions"}],"wp:attachment":[{"href":"https:\/\/ecofinishcoatings.com\/fr\/wp-json\/wp\/v2\/media?parent=4125"}],"curies":[{"name":"wp","href":"https:\/\/api.w.org\/{rel}","templated":true}]}}