{"id":4105,"date":"2024-09-03T13:00:19","date_gmt":"2024-09-03T13:00:19","guid":{"rendered":"https:\/\/ecofinishcoatings.com\/nouvelle-industrie\/"},"modified":"2025-10-13T16:13:21","modified_gmt":"2025-10-13T16:13:21","slug":"nouvelle-industrie","status":"publish","type":"page","link":"https:\/\/ecofinishcoatings.com\/fr\/nouvelle-industrie\/","title":{"rendered":"Nouvelle industrie"},"content":{"rendered":"<div id=\"cs-content\" class=\"cs-content\"><\/div>\n","protected":false},"excerpt":{"rendered":"<p>Rev\u00eatements industriels EcoFinish : La durabilit\u00e9 au service d&rsquo;une protection avanc\u00e9e Pr\u00e9sentation des rev\u00eatements ecoDUSTRIAL\u2122 avec la technologie BioCote\u00ae. EcoFinish est fier de proposer les rev\u00eatements ecoDUSTRIAL\u2122, d\u00e9sormais enrichis de la technologie antimicrobienne BioCote\u00ae. Con\u00e7us pour r\u00e9pondre aux exigences rigoureuses des environnements industriels, les rev\u00eatements ecoDUSTRIAL\u2122 offrent non seulement une durabilit\u00e9 exceptionnelle, mais aussi une couche de protection suppl\u00e9mentaire contre &#8230; <\/p>\n<div><a href=\"https:\/\/ecofinishcoatings.com\/fr\/nouvelle-industrie\/\" class=\"more-link\">Read More<\/a><\/div>\n","protected":false},"author":7,"featured_media":0,"parent":0,"menu_order":0,"comment_status":"closed","ping_status":"closed","template":"template-blank-4.php","meta":{"om_disable_all_campaigns":false,"_monsterinsights_skip_tracking":false,"_monsterinsights_sitenote_active":false,"_monsterinsights_sitenote_note":"","_monsterinsights_sitenote_category":0,"_uf_show_specific_survey":0,"_uf_disable_surveys":false,"footnotes":""},"class_list":["post-4105","page","type-page","status-publish","hentry","no-post-thumbnail"],"yoast_head":"<!-- This site is optimized with the Yoast SEO plugin v27.4 - https:\/\/yoast.com\/product\/yoast-seo-wordpress\/ -->\n<title>Nouvelle industrie - ecoFINISH Coatings<\/title>\n<meta name=\"robots\" content=\"index, follow, max-snippet:-1, max-image-preview:large, max-video-preview:-1\" \/>\n<link rel=\"canonical\" href=\"https:\/\/ecofinishcoatings.com\/fr\/nouvelle-industrie\/\" \/>\n<meta property=\"og:locale\" content=\"fr_FR\" \/>\n<meta property=\"og:type\" content=\"article\" \/>\n<meta property=\"og:title\" content=\"Nouvelle industrie - ecoFINISH Coatings\" \/>\n<meta property=\"og:description\" content=\"Rev\u00eatements industriels EcoFinish : La durabilit\u00e9 au service d&#039;une protection avanc\u00e9e Pr\u00e9sentation des rev\u00eatements ecoDUSTRIAL\u2122 avec la technologie BioCote\u00ae. EcoFinish est fier de proposer les rev\u00eatements ecoDUSTRIAL\u2122, d\u00e9sormais enrichis de la technologie antimicrobienne BioCote\u00ae. Con\u00e7us pour r\u00e9pondre aux exigences rigoureuses des environnements industriels, les rev\u00eatements ecoDUSTRIAL\u2122 offrent non seulement une durabilit\u00e9 exceptionnelle, mais aussi une couche de protection suppl\u00e9mentaire contre ... Read More\" \/>\n<meta property=\"og:url\" content=\"https:\/\/ecofinishcoatings.com\/fr\/nouvelle-industrie\/\" \/>\n<meta property=\"og:site_name\" content=\"ecoFINISH Coatings\" \/>\n<meta property=\"article:modified_time\" content=\"2025-10-13T16:13:21+00:00\" \/>\n<meta name=\"twitter:card\" content=\"summary_large_image\" \/>\n<meta name=\"twitter:label1\" content=\"Dur\u00e9e de lecture estim\u00e9e\" \/>\n\t<meta name=\"twitter:data1\" content=\"13 minutes\" \/>\n<script type=\"application\/ld+json\" class=\"yoast-schema-graph\">{\"@context\":\"https:\\\/\\\/schema.org\",\"@graph\":[{\"@type\":\"WebPage\",\"@id\":\"https:\\\/\\\/ecofinishcoatings.com\\\/fr\\\/nouvelle-industrie\\\/\",\"url\":\"https:\\\/\\\/ecofinishcoatings.com\\\/fr\\\/nouvelle-industrie\\\/\",\"name\":\"Nouvelle industrie - ecoFINISH Coatings\",\"isPartOf\":{\"@id\":\"https:\\\/\\\/ecofinishcoatings.com\\\/fr\\\/#website\"},\"datePublished\":\"2024-09-03T13:00:19+00:00\",\"dateModified\":\"2025-10-13T16:13:21+00:00\",\"breadcrumb\":{\"@id\":\"https:\\\/\\\/ecofinishcoatings.com\\\/fr\\\/nouvelle-industrie\\\/#breadcrumb\"},\"inLanguage\":\"fr-FR\",\"potentialAction\":[{\"@type\":\"ReadAction\",\"target\":[\"https:\\\/\\\/ecofinishcoatings.com\\\/fr\\\/nouvelle-industrie\\\/\"]}]},{\"@type\":\"BreadcrumbList\",\"@id\":\"https:\\\/\\\/ecofinishcoatings.com\\\/fr\\\/nouvelle-industrie\\\/#breadcrumb\",\"itemListElement\":[{\"@type\":\"ListItem\",\"position\":1,\"name\":\"Home\",\"item\":\"https:\\\/\\\/ecofinishcoatings.com\\\/fr\\\/accueil\\\/\"},{\"@type\":\"ListItem\",\"position\":2,\"name\":\"Nouvelle industrie\"}]},{\"@type\":\"WebSite\",\"@id\":\"https:\\\/\\\/ecofinishcoatings.com\\\/fr\\\/#website\",\"url\":\"https:\\\/\\\/ecofinishcoatings.com\\\/fr\\\/\",\"name\":\"ecoFINISH Coatings\",\"description\":\"a new era of coatings\",\"potentialAction\":[{\"@type\":\"SearchAction\",\"target\":{\"@type\":\"EntryPoint\",\"urlTemplate\":\"https:\\\/\\\/ecofinishcoatings.com\\\/fr\\\/?s={search_term_string}\"},\"query-input\":{\"@type\":\"PropertyValueSpecification\",\"valueRequired\":true,\"valueName\":\"search_term_string\"}}],\"inLanguage\":\"fr-FR\"}]}<\/script>\n<!-- \/ Yoast SEO plugin. -->","yoast_head_json":{"title":"Nouvelle industrie - ecoFINISH Coatings","robots":{"index":"index","follow":"follow","max-snippet":"max-snippet:-1","max-image-preview":"max-image-preview:large","max-video-preview":"max-video-preview:-1"},"canonical":"https:\/\/ecofinishcoatings.com\/fr\/nouvelle-industrie\/","og_locale":"fr_FR","og_type":"article","og_title":"Nouvelle industrie - ecoFINISH Coatings","og_description":"Rev\u00eatements industriels EcoFinish : La durabilit\u00e9 au service d'une protection avanc\u00e9e Pr\u00e9sentation des rev\u00eatements ecoDUSTRIAL\u2122 avec la technologie BioCote\u00ae. EcoFinish est fier de proposer les rev\u00eatements ecoDUSTRIAL\u2122, d\u00e9sormais enrichis de la technologie antimicrobienne BioCote\u00ae. Con\u00e7us pour r\u00e9pondre aux exigences rigoureuses des environnements industriels, les rev\u00eatements ecoDUSTRIAL\u2122 offrent non seulement une durabilit\u00e9 exceptionnelle, mais aussi une couche de protection suppl\u00e9mentaire contre ... Read More","og_url":"https:\/\/ecofinishcoatings.com\/fr\/nouvelle-industrie\/","og_site_name":"ecoFINISH Coatings","article_modified_time":"2025-10-13T16:13:21+00:00","twitter_card":"summary_large_image","twitter_misc":{"Dur\u00e9e de lecture estim\u00e9e":"13 minutes"},"schema":{"@context":"https:\/\/schema.org","@graph":[{"@type":"WebPage","@id":"https:\/\/ecofinishcoatings.com\/fr\/nouvelle-industrie\/","url":"https:\/\/ecofinishcoatings.com\/fr\/nouvelle-industrie\/","name":"Nouvelle industrie - ecoFINISH Coatings","isPartOf":{"@id":"https:\/\/ecofinishcoatings.com\/fr\/#website"},"datePublished":"2024-09-03T13:00:19+00:00","dateModified":"2025-10-13T16:13:21+00:00","breadcrumb":{"@id":"https:\/\/ecofinishcoatings.com\/fr\/nouvelle-industrie\/#breadcrumb"},"inLanguage":"fr-FR","potentialAction":[{"@type":"ReadAction","target":["https:\/\/ecofinishcoatings.com\/fr\/nouvelle-industrie\/"]}]},{"@type":"BreadcrumbList","@id":"https:\/\/ecofinishcoatings.com\/fr\/nouvelle-industrie\/#breadcrumb","itemListElement":[{"@type":"ListItem","position":1,"name":"Home","item":"https:\/\/ecofinishcoatings.com\/fr\/accueil\/"},{"@type":"ListItem","position":2,"name":"Nouvelle industrie"}]},{"@type":"WebSite","@id":"https:\/\/ecofinishcoatings.com\/fr\/#website","url":"https:\/\/ecofinishcoatings.com\/fr\/","name":"ecoFINISH Coatings","description":"a new era of coatings","potentialAction":[{"@type":"SearchAction","target":{"@type":"EntryPoint","urlTemplate":"https:\/\/ecofinishcoatings.com\/fr\/?s={search_term_string}"},"query-input":{"@type":"PropertyValueSpecification","valueRequired":true,"valueName":"search_term_string"}}],"inLanguage":"fr-FR"}]}},"_links":{"self":[{"href":"https:\/\/ecofinishcoatings.com\/fr\/wp-json\/wp\/v2\/pages\/4105","targetHints":{"allow":["GET"]}}],"collection":[{"href":"https:\/\/ecofinishcoatings.com\/fr\/wp-json\/wp\/v2\/pages"}],"about":[{"href":"https:\/\/ecofinishcoatings.com\/fr\/wp-json\/wp\/v2\/types\/page"}],"author":[{"embeddable":true,"href":"https:\/\/ecofinishcoatings.com\/fr\/wp-json\/wp\/v2\/users\/7"}],"replies":[{"embeddable":true,"href":"https:\/\/ecofinishcoatings.com\/fr\/wp-json\/wp\/v2\/comments?post=4105"}],"version-history":[{"count":0,"href":"https:\/\/ecofinishcoatings.com\/fr\/wp-json\/wp\/v2\/pages\/4105\/revisions"}],"wp:attachment":[{"href":"https:\/\/ecofinishcoatings.com\/fr\/wp-json\/wp\/v2\/media?parent=4105"}],"curies":[{"name":"wp","href":"https:\/\/api.w.org\/{rel}","templated":true}]}}