{"id":4094,"date":"2022-11-11T17:42:45","date_gmt":"2022-11-11T17:42:45","guid":{"rendered":"https:\/\/ecofinishcoatings.com\/perle-noire\/"},"modified":"2025-10-14T16:13:24","modified_gmt":"2025-10-14T16:13:24","slug":"perle-noire","status":"publish","type":"page","link":"https:\/\/ecofinishcoatings.com\/fr\/perle-noire\/","title":{"rendered":"Perle Noire"},"content":{"rendered":"<div id=\"cs-content\" class=\"cs-content\"><\/div>\n","protected":false},"excerpt":{"rendered":"<p>Perle Noire aquaBRIGHT : Perle Noire Embarquez pour un voyage d&rsquo;une \u00e9l\u00e9gance intemporelle avec Perle Noire, inspir\u00e9 par la sophistication d&rsquo;une perle noire. Sa base noire profonde et lustr\u00e9e rayonne de subtiles touches d&rsquo;argent et de charbon, \u00e9voquant les profondeurs myst\u00e9rieuses de l&rsquo;oc\u00e9an. Plongez dans l&rsquo;attrait du luxe et du raffinement, et cr\u00e9ez une ambiance d&rsquo;opulence discr\u00e8te au bord de &#8230; <\/p>\n<div><a href=\"https:\/\/ecofinishcoatings.com\/fr\/perle-noire\/\" class=\"more-link\">Read More<\/a><\/div>\n","protected":false},"author":7,"featured_media":0,"parent":0,"menu_order":0,"comment_status":"closed","ping_status":"closed","template":"template-blank-4.php","meta":{"om_disable_all_campaigns":false,"_monsterinsights_skip_tracking":false,"_monsterinsights_sitenote_active":false,"_monsterinsights_sitenote_note":"","_monsterinsights_sitenote_category":0,"_uf_show_specific_survey":0,"_uf_disable_surveys":false,"footnotes":""},"class_list":["post-4094","page","type-page","status-publish","hentry","no-post-thumbnail"],"yoast_head":"<!-- This site is optimized with the Yoast SEO plugin v27.3 - https:\/\/yoast.com\/product\/yoast-seo-wordpress\/ -->\n<title>Perle Noire - ecoFINISH Coatings<\/title>\n<meta name=\"description\" content=\"Embarquez pour un voyage d&#039;une \u00e9l\u00e9gance intemporelle avec aquaBRIGHT : Perle Noire. Cette teinte noire profonde et lustr\u00e9e pr\u00e9sente de subtils reflets argent\u00e9s et charbonneux.\" \/>\n<meta name=\"robots\" content=\"index, follow, max-snippet:-1, max-image-preview:large, max-video-preview:-1\" \/>\n<link rel=\"canonical\" href=\"https:\/\/ecofinishcoatings.com\/fr\/perle-noire\/\" \/>\n<meta property=\"og:locale\" content=\"fr_FR\" \/>\n<meta property=\"og:type\" content=\"article\" \/>\n<meta property=\"og:title\" content=\"Perle Noire - ecoFINISH Coatings\" \/>\n<meta property=\"og:description\" content=\"Embarquez pour un voyage d&#039;une \u00e9l\u00e9gance intemporelle avec aquaBRIGHT : Perle Noire. Cette teinte noire profonde et lustr\u00e9e pr\u00e9sente de subtils reflets argent\u00e9s et charbonneux.\" \/>\n<meta property=\"og:url\" content=\"https:\/\/ecofinishcoatings.com\/fr\/perle-noire\/\" \/>\n<meta property=\"og:site_name\" content=\"ecoFINISH Coatings\" \/>\n<meta property=\"article:modified_time\" content=\"2025-10-14T16:13:24+00:00\" \/>\n<meta name=\"twitter:card\" content=\"summary_large_image\" \/>\n<meta name=\"twitter:label1\" content=\"Dur\u00e9e de lecture estim\u00e9e\" \/>\n\t<meta name=\"twitter:data1\" content=\"3 minutes\" \/>\n<script type=\"application\/ld+json\" class=\"yoast-schema-graph\">{\"@context\":\"https:\\\/\\\/schema.org\",\"@graph\":[{\"@type\":\"WebPage\",\"@id\":\"https:\\\/\\\/ecofinishcoatings.com\\\/fr\\\/perle-noire\\\/\",\"url\":\"https:\\\/\\\/ecofinishcoatings.com\\\/fr\\\/perle-noire\\\/\",\"name\":\"Perle Noire - ecoFINISH Coatings\",\"isPartOf\":{\"@id\":\"https:\\\/\\\/ecofinishcoatings.com\\\/fr\\\/#website\"},\"datePublished\":\"2022-11-11T17:42:45+00:00\",\"dateModified\":\"2025-10-14T16:13:24+00:00\",\"description\":\"Embarquez pour un voyage d'une \u00e9l\u00e9gance intemporelle avec aquaBRIGHT : Perle Noire. Cette teinte noire profonde et lustr\u00e9e pr\u00e9sente de subtils reflets argent\u00e9s et charbonneux.\",\"breadcrumb\":{\"@id\":\"https:\\\/\\\/ecofinishcoatings.com\\\/fr\\\/perle-noire\\\/#breadcrumb\"},\"inLanguage\":\"fr-FR\",\"potentialAction\":[{\"@type\":\"ReadAction\",\"target\":[\"https:\\\/\\\/ecofinishcoatings.com\\\/fr\\\/perle-noire\\\/\"]}]},{\"@type\":\"BreadcrumbList\",\"@id\":\"https:\\\/\\\/ecofinishcoatings.com\\\/fr\\\/perle-noire\\\/#breadcrumb\",\"itemListElement\":[{\"@type\":\"ListItem\",\"position\":1,\"name\":\"Home\",\"item\":\"https:\\\/\\\/ecofinishcoatings.com\\\/fr\\\/accueil\\\/\"},{\"@type\":\"ListItem\",\"position\":2,\"name\":\"Perle Noire\"}]},{\"@type\":\"WebSite\",\"@id\":\"https:\\\/\\\/ecofinishcoatings.com\\\/fr\\\/#website\",\"url\":\"https:\\\/\\\/ecofinishcoatings.com\\\/fr\\\/\",\"name\":\"ecoFINISH Coatings\",\"description\":\"a new era of coatings\",\"potentialAction\":[{\"@type\":\"SearchAction\",\"target\":{\"@type\":\"EntryPoint\",\"urlTemplate\":\"https:\\\/\\\/ecofinishcoatings.com\\\/fr\\\/?s={search_term_string}\"},\"query-input\":{\"@type\":\"PropertyValueSpecification\",\"valueRequired\":true,\"valueName\":\"search_term_string\"}}],\"inLanguage\":\"fr-FR\"}]}<\/script>\n<!-- \/ Yoast SEO plugin. -->","yoast_head_json":{"title":"Perle Noire - ecoFINISH Coatings","description":"Embarquez pour un voyage d'une \u00e9l\u00e9gance intemporelle avec aquaBRIGHT : Perle Noire. Cette teinte noire profonde et lustr\u00e9e pr\u00e9sente de subtils reflets argent\u00e9s et charbonneux.","robots":{"index":"index","follow":"follow","max-snippet":"max-snippet:-1","max-image-preview":"max-image-preview:large","max-video-preview":"max-video-preview:-1"},"canonical":"https:\/\/ecofinishcoatings.com\/fr\/perle-noire\/","og_locale":"fr_FR","og_type":"article","og_title":"Perle Noire - ecoFINISH Coatings","og_description":"Embarquez pour un voyage d'une \u00e9l\u00e9gance intemporelle avec aquaBRIGHT : Perle Noire. Cette teinte noire profonde et lustr\u00e9e pr\u00e9sente de subtils reflets argent\u00e9s et charbonneux.","og_url":"https:\/\/ecofinishcoatings.com\/fr\/perle-noire\/","og_site_name":"ecoFINISH Coatings","article_modified_time":"2025-10-14T16:13:24+00:00","twitter_card":"summary_large_image","twitter_misc":{"Dur\u00e9e de lecture estim\u00e9e":"3 minutes"},"schema":{"@context":"https:\/\/schema.org","@graph":[{"@type":"WebPage","@id":"https:\/\/ecofinishcoatings.com\/fr\/perle-noire\/","url":"https:\/\/ecofinishcoatings.com\/fr\/perle-noire\/","name":"Perle Noire - ecoFINISH Coatings","isPartOf":{"@id":"https:\/\/ecofinishcoatings.com\/fr\/#website"},"datePublished":"2022-11-11T17:42:45+00:00","dateModified":"2025-10-14T16:13:24+00:00","description":"Embarquez pour un voyage d'une \u00e9l\u00e9gance intemporelle avec aquaBRIGHT : Perle Noire. Cette teinte noire profonde et lustr\u00e9e pr\u00e9sente de subtils reflets argent\u00e9s et charbonneux.","breadcrumb":{"@id":"https:\/\/ecofinishcoatings.com\/fr\/perle-noire\/#breadcrumb"},"inLanguage":"fr-FR","potentialAction":[{"@type":"ReadAction","target":["https:\/\/ecofinishcoatings.com\/fr\/perle-noire\/"]}]},{"@type":"BreadcrumbList","@id":"https:\/\/ecofinishcoatings.com\/fr\/perle-noire\/#breadcrumb","itemListElement":[{"@type":"ListItem","position":1,"name":"Home","item":"https:\/\/ecofinishcoatings.com\/fr\/accueil\/"},{"@type":"ListItem","position":2,"name":"Perle Noire"}]},{"@type":"WebSite","@id":"https:\/\/ecofinishcoatings.com\/fr\/#website","url":"https:\/\/ecofinishcoatings.com\/fr\/","name":"ecoFINISH Coatings","description":"a new era of coatings","potentialAction":[{"@type":"SearchAction","target":{"@type":"EntryPoint","urlTemplate":"https:\/\/ecofinishcoatings.com\/fr\/?s={search_term_string}"},"query-input":{"@type":"PropertyValueSpecification","valueRequired":true,"valueName":"search_term_string"}}],"inLanguage":"fr-FR"}]}},"_links":{"self":[{"href":"https:\/\/ecofinishcoatings.com\/fr\/wp-json\/wp\/v2\/pages\/4094","targetHints":{"allow":["GET"]}}],"collection":[{"href":"https:\/\/ecofinishcoatings.com\/fr\/wp-json\/wp\/v2\/pages"}],"about":[{"href":"https:\/\/ecofinishcoatings.com\/fr\/wp-json\/wp\/v2\/types\/page"}],"author":[{"embeddable":true,"href":"https:\/\/ecofinishcoatings.com\/fr\/wp-json\/wp\/v2\/users\/7"}],"replies":[{"embeddable":true,"href":"https:\/\/ecofinishcoatings.com\/fr\/wp-json\/wp\/v2\/comments?post=4094"}],"version-history":[{"count":0,"href":"https:\/\/ecofinishcoatings.com\/fr\/wp-json\/wp\/v2\/pages\/4094\/revisions"}],"wp:attachment":[{"href":"https:\/\/ecofinishcoatings.com\/fr\/wp-json\/wp\/v2\/media?parent=4094"}],"curies":[{"name":"wp","href":"https:\/\/api.w.org\/{rel}","templated":true}]}}