{"id":4087,"date":"2022-11-11T17:21:13","date_gmt":"2022-11-11T17:21:13","guid":{"rendered":"https:\/\/ecofinishcoatings.com\/kona-coast\/"},"modified":"2025-10-14T15:31:10","modified_gmt":"2025-10-14T15:31:10","slug":"kona-coast","status":"publish","type":"page","link":"https:\/\/ecofinishcoatings.com\/fr\/kona-coast\/","title":{"rendered":"Kona Coast"},"content":{"rendered":"<div id=\"cs-content\" class=\"cs-content\"><\/div>\n","protected":false},"excerpt":{"rendered":"<p>Kona Coast aquaBRIGHT : C\u00f4te de Kona D\u00e9couvrez l&rsquo;attrait des c\u00f4tes volcaniques d&rsquo;Hawa\u00ef avec Kona Coast. Cette teinte captivante poss\u00e8de une base profonde et terreuse qui rappelle le riche terrain volcanique de l&rsquo;\u00eele. Des taches d&rsquo;or et de cuivre dansent \u00e0 la surface, faisant \u00e9cho aux couchers de soleil ardents sur le Pacifique. Plongez dans un monde de chaleur et &#8230; <\/p>\n<div><a href=\"https:\/\/ecofinishcoatings.com\/fr\/kona-coast\/\" class=\"more-link\">Read More<\/a><\/div>\n","protected":false},"author":7,"featured_media":0,"parent":0,"menu_order":0,"comment_status":"closed","ping_status":"closed","template":"template-blank-4.php","meta":{"om_disable_all_campaigns":false,"_monsterinsights_skip_tracking":false,"_monsterinsights_sitenote_active":false,"_monsterinsights_sitenote_note":"","_monsterinsights_sitenote_category":0,"_uf_show_specific_survey":0,"_uf_disable_surveys":false,"footnotes":""},"class_list":["post-4087","page","type-page","status-publish","hentry","no-post-thumbnail"],"yoast_head":"<!-- This site is optimized with the Yoast SEO plugin v27.3 - https:\/\/yoast.com\/product\/yoast-seo-wordpress\/ -->\n<title>Kona Coast - Rev\u00eatements ecoFINISH<\/title>\n<meta name=\"description\" content=\"D\u00e9couvrez l&#039;attrait d&#039;Hawa\u00ef avec aquaBRIGHT : Kona Coast. Cette teinte profonde et terreuse s&#039;inspire des rivages volcaniques.\" \/>\n<meta name=\"robots\" content=\"index, follow, max-snippet:-1, max-image-preview:large, max-video-preview:-1\" \/>\n<link rel=\"canonical\" href=\"https:\/\/ecofinishcoatings.com\/fr\/kona-coast\/\" \/>\n<meta property=\"og:locale\" content=\"fr_FR\" \/>\n<meta property=\"og:type\" content=\"article\" \/>\n<meta property=\"og:title\" content=\"Kona Coast - Rev\u00eatements ecoFINISH\" \/>\n<meta property=\"og:description\" content=\"D\u00e9couvrez l&#039;attrait d&#039;Hawa\u00ef avec aquaBRIGHT : Kona Coast. Cette teinte profonde et terreuse s&#039;inspire des rivages volcaniques.\" \/>\n<meta property=\"og:url\" content=\"https:\/\/ecofinishcoatings.com\/fr\/kona-coast\/\" \/>\n<meta property=\"og:site_name\" content=\"ecoFINISH Coatings\" \/>\n<meta property=\"article:modified_time\" content=\"2025-10-14T15:31:10+00:00\" \/>\n<meta name=\"twitter:card\" content=\"summary_large_image\" \/>\n<meta name=\"twitter:label1\" content=\"Dur\u00e9e de lecture estim\u00e9e\" \/>\n\t<meta name=\"twitter:data1\" content=\"3 minutes\" \/>\n<script type=\"application\/ld+json\" class=\"yoast-schema-graph\">{\"@context\":\"https:\\\/\\\/schema.org\",\"@graph\":[{\"@type\":\"WebPage\",\"@id\":\"https:\\\/\\\/ecofinishcoatings.com\\\/fr\\\/kona-coast\\\/\",\"url\":\"https:\\\/\\\/ecofinishcoatings.com\\\/fr\\\/kona-coast\\\/\",\"name\":\"Kona Coast - Rev\u00eatements ecoFINISH\",\"isPartOf\":{\"@id\":\"https:\\\/\\\/ecofinishcoatings.com\\\/fr\\\/#website\"},\"datePublished\":\"2022-11-11T17:21:13+00:00\",\"dateModified\":\"2025-10-14T15:31:10+00:00\",\"description\":\"D\u00e9couvrez l'attrait d'Hawa\u00ef avec aquaBRIGHT : Kona Coast. Cette teinte profonde et terreuse s'inspire des rivages volcaniques.\",\"breadcrumb\":{\"@id\":\"https:\\\/\\\/ecofinishcoatings.com\\\/fr\\\/kona-coast\\\/#breadcrumb\"},\"inLanguage\":\"fr-FR\",\"potentialAction\":[{\"@type\":\"ReadAction\",\"target\":[\"https:\\\/\\\/ecofinishcoatings.com\\\/fr\\\/kona-coast\\\/\"]}]},{\"@type\":\"BreadcrumbList\",\"@id\":\"https:\\\/\\\/ecofinishcoatings.com\\\/fr\\\/kona-coast\\\/#breadcrumb\",\"itemListElement\":[{\"@type\":\"ListItem\",\"position\":1,\"name\":\"Home\",\"item\":\"https:\\\/\\\/ecofinishcoatings.com\\\/fr\\\/accueil\\\/\"},{\"@type\":\"ListItem\",\"position\":2,\"name\":\"Kona Coast\"}]},{\"@type\":\"WebSite\",\"@id\":\"https:\\\/\\\/ecofinishcoatings.com\\\/fr\\\/#website\",\"url\":\"https:\\\/\\\/ecofinishcoatings.com\\\/fr\\\/\",\"name\":\"ecoFINISH Coatings\",\"description\":\"a new era of coatings\",\"potentialAction\":[{\"@type\":\"SearchAction\",\"target\":{\"@type\":\"EntryPoint\",\"urlTemplate\":\"https:\\\/\\\/ecofinishcoatings.com\\\/fr\\\/?s={search_term_string}\"},\"query-input\":{\"@type\":\"PropertyValueSpecification\",\"valueRequired\":true,\"valueName\":\"search_term_string\"}}],\"inLanguage\":\"fr-FR\"}]}<\/script>\n<!-- \/ Yoast SEO plugin. -->","yoast_head_json":{"title":"Kona Coast - Rev\u00eatements ecoFINISH","description":"D\u00e9couvrez l'attrait d'Hawa\u00ef avec aquaBRIGHT : Kona Coast. Cette teinte profonde et terreuse s'inspire des rivages volcaniques.","robots":{"index":"index","follow":"follow","max-snippet":"max-snippet:-1","max-image-preview":"max-image-preview:large","max-video-preview":"max-video-preview:-1"},"canonical":"https:\/\/ecofinishcoatings.com\/fr\/kona-coast\/","og_locale":"fr_FR","og_type":"article","og_title":"Kona Coast - Rev\u00eatements ecoFINISH","og_description":"D\u00e9couvrez l'attrait d'Hawa\u00ef avec aquaBRIGHT : Kona Coast. Cette teinte profonde et terreuse s'inspire des rivages volcaniques.","og_url":"https:\/\/ecofinishcoatings.com\/fr\/kona-coast\/","og_site_name":"ecoFINISH Coatings","article_modified_time":"2025-10-14T15:31:10+00:00","twitter_card":"summary_large_image","twitter_misc":{"Dur\u00e9e de lecture estim\u00e9e":"3 minutes"},"schema":{"@context":"https:\/\/schema.org","@graph":[{"@type":"WebPage","@id":"https:\/\/ecofinishcoatings.com\/fr\/kona-coast\/","url":"https:\/\/ecofinishcoatings.com\/fr\/kona-coast\/","name":"Kona Coast - Rev\u00eatements ecoFINISH","isPartOf":{"@id":"https:\/\/ecofinishcoatings.com\/fr\/#website"},"datePublished":"2022-11-11T17:21:13+00:00","dateModified":"2025-10-14T15:31:10+00:00","description":"D\u00e9couvrez l'attrait d'Hawa\u00ef avec aquaBRIGHT : Kona Coast. Cette teinte profonde et terreuse s'inspire des rivages volcaniques.","breadcrumb":{"@id":"https:\/\/ecofinishcoatings.com\/fr\/kona-coast\/#breadcrumb"},"inLanguage":"fr-FR","potentialAction":[{"@type":"ReadAction","target":["https:\/\/ecofinishcoatings.com\/fr\/kona-coast\/"]}]},{"@type":"BreadcrumbList","@id":"https:\/\/ecofinishcoatings.com\/fr\/kona-coast\/#breadcrumb","itemListElement":[{"@type":"ListItem","position":1,"name":"Home","item":"https:\/\/ecofinishcoatings.com\/fr\/accueil\/"},{"@type":"ListItem","position":2,"name":"Kona Coast"}]},{"@type":"WebSite","@id":"https:\/\/ecofinishcoatings.com\/fr\/#website","url":"https:\/\/ecofinishcoatings.com\/fr\/","name":"ecoFINISH Coatings","description":"a new era of coatings","potentialAction":[{"@type":"SearchAction","target":{"@type":"EntryPoint","urlTemplate":"https:\/\/ecofinishcoatings.com\/fr\/?s={search_term_string}"},"query-input":{"@type":"PropertyValueSpecification","valueRequired":true,"valueName":"search_term_string"}}],"inLanguage":"fr-FR"}]}},"_links":{"self":[{"href":"https:\/\/ecofinishcoatings.com\/fr\/wp-json\/wp\/v2\/pages\/4087","targetHints":{"allow":["GET"]}}],"collection":[{"href":"https:\/\/ecofinishcoatings.com\/fr\/wp-json\/wp\/v2\/pages"}],"about":[{"href":"https:\/\/ecofinishcoatings.com\/fr\/wp-json\/wp\/v2\/types\/page"}],"author":[{"embeddable":true,"href":"https:\/\/ecofinishcoatings.com\/fr\/wp-json\/wp\/v2\/users\/7"}],"replies":[{"embeddable":true,"href":"https:\/\/ecofinishcoatings.com\/fr\/wp-json\/wp\/v2\/comments?post=4087"}],"version-history":[{"count":0,"href":"https:\/\/ecofinishcoatings.com\/fr\/wp-json\/wp\/v2\/pages\/4087\/revisions"}],"wp:attachment":[{"href":"https:\/\/ecofinishcoatings.com\/fr\/wp-json\/wp\/v2\/media?parent=4087"}],"curies":[{"name":"wp","href":"https:\/\/api.w.org\/{rel}","templated":true}]}}