{"id":4082,"date":"2022-11-11T17:13:00","date_gmt":"2022-11-11T17:13:00","guid":{"rendered":"https:\/\/ecofinishcoatings.com\/marrakesh\/"},"modified":"2025-10-14T16:36:10","modified_gmt":"2025-10-14T16:36:10","slug":"marrakesh","status":"publish","type":"page","link":"https:\/\/ecofinishcoatings.com\/fr\/marrakesh\/","title":{"rendered":"Marrakesh"},"content":{"rendered":"<div id=\"cs-content\" class=\"cs-content\"><\/div>\n","protected":false},"excerpt":{"rendered":"<p>Marrakesh polyFIBRO : Marrakech Embarquez pour un voyage dans les rues vibrantes de Marrakech avec cette teinte captivante, qui rappelle les teintes bleues et vertes embl\u00e9matiques de la ville. Sa base tranquille tourbillonne de nuances d&rsquo;azur et d&rsquo;\u00e9meraude, faisant \u00e9cho aux couleurs envo\u00fbtantes des carreaux marocains et des oasis luxuriantes. Des taches d&rsquo;or et de turquoise dansent \u00e0 la surface, &#8230; <\/p>\n<div><a href=\"https:\/\/ecofinishcoatings.com\/fr\/marrakesh\/\" class=\"more-link\">Read More<\/a><\/div>\n","protected":false},"author":7,"featured_media":0,"parent":0,"menu_order":0,"comment_status":"closed","ping_status":"closed","template":"template-blank-4.php","meta":{"om_disable_all_campaigns":false,"_monsterinsights_skip_tracking":false,"_monsterinsights_sitenote_active":false,"_monsterinsights_sitenote_note":"","_monsterinsights_sitenote_category":0,"_uf_show_specific_survey":0,"_uf_disable_surveys":false,"footnotes":""},"class_list":["post-4082","page","type-page","status-publish","hentry","no-post-thumbnail"],"yoast_head":"<!-- This site is optimized with the Yoast SEO plugin v27.4 - https:\/\/yoast.com\/product\/yoast-seo-wordpress\/ -->\n<title>Marrakech - ecoFINISH Coatings<\/title>\n<meta name=\"description\" content=\"Embarquez pour un voyage \u00e0 Marrakech avec polyFIBRO : Marrakesh. Cette teinte captivante pr\u00e9sente une base tranquille avec des nuances d&#039;azur et d&#039;\u00e9meraude.\" \/>\n<meta name=\"robots\" content=\"index, follow, max-snippet:-1, max-image-preview:large, max-video-preview:-1\" \/>\n<link rel=\"canonical\" href=\"https:\/\/ecofinishcoatings.com\/fr\/marrakesh\/\" \/>\n<meta property=\"og:locale\" content=\"fr_FR\" \/>\n<meta property=\"og:type\" content=\"article\" \/>\n<meta property=\"og:title\" content=\"Marrakech - ecoFINISH Coatings\" \/>\n<meta property=\"og:description\" content=\"Embarquez pour un voyage \u00e0 Marrakech avec polyFIBRO : Marrakesh. Cette teinte captivante pr\u00e9sente une base tranquille avec des nuances d&#039;azur et d&#039;\u00e9meraude.\" \/>\n<meta property=\"og:url\" content=\"https:\/\/ecofinishcoatings.com\/fr\/marrakesh\/\" \/>\n<meta property=\"og:site_name\" content=\"ecoFINISH Coatings\" \/>\n<meta property=\"article:modified_time\" content=\"2025-10-14T16:36:10+00:00\" \/>\n<meta name=\"twitter:card\" content=\"summary_large_image\" \/>\n<meta name=\"twitter:label1\" content=\"Dur\u00e9e de lecture estim\u00e9e\" \/>\n\t<meta name=\"twitter:data1\" content=\"3 minutes\" \/>\n<script type=\"application\/ld+json\" class=\"yoast-schema-graph\">{\"@context\":\"https:\\\/\\\/schema.org\",\"@graph\":[{\"@type\":\"WebPage\",\"@id\":\"https:\\\/\\\/ecofinishcoatings.com\\\/fr\\\/marrakesh\\\/\",\"url\":\"https:\\\/\\\/ecofinishcoatings.com\\\/fr\\\/marrakesh\\\/\",\"name\":\"Marrakech - ecoFINISH Coatings\",\"isPartOf\":{\"@id\":\"https:\\\/\\\/ecofinishcoatings.com\\\/fr\\\/#website\"},\"datePublished\":\"2022-11-11T17:13:00+00:00\",\"dateModified\":\"2025-10-14T16:36:10+00:00\",\"description\":\"Embarquez pour un voyage \u00e0 Marrakech avec polyFIBRO : Marrakesh. Cette teinte captivante pr\u00e9sente une base tranquille avec des nuances d'azur et d'\u00e9meraude.\",\"breadcrumb\":{\"@id\":\"https:\\\/\\\/ecofinishcoatings.com\\\/fr\\\/marrakesh\\\/#breadcrumb\"},\"inLanguage\":\"fr-FR\",\"potentialAction\":[{\"@type\":\"ReadAction\",\"target\":[\"https:\\\/\\\/ecofinishcoatings.com\\\/fr\\\/marrakesh\\\/\"]}]},{\"@type\":\"BreadcrumbList\",\"@id\":\"https:\\\/\\\/ecofinishcoatings.com\\\/fr\\\/marrakesh\\\/#breadcrumb\",\"itemListElement\":[{\"@type\":\"ListItem\",\"position\":1,\"name\":\"Home\",\"item\":\"https:\\\/\\\/ecofinishcoatings.com\\\/fr\\\/accueil\\\/\"},{\"@type\":\"ListItem\",\"position\":2,\"name\":\"Marrakesh\"}]},{\"@type\":\"WebSite\",\"@id\":\"https:\\\/\\\/ecofinishcoatings.com\\\/fr\\\/#website\",\"url\":\"https:\\\/\\\/ecofinishcoatings.com\\\/fr\\\/\",\"name\":\"ecoFINISH Coatings\",\"description\":\"a new era of coatings\",\"potentialAction\":[{\"@type\":\"SearchAction\",\"target\":{\"@type\":\"EntryPoint\",\"urlTemplate\":\"https:\\\/\\\/ecofinishcoatings.com\\\/fr\\\/?s={search_term_string}\"},\"query-input\":{\"@type\":\"PropertyValueSpecification\",\"valueRequired\":true,\"valueName\":\"search_term_string\"}}],\"inLanguage\":\"fr-FR\"}]}<\/script>\n<!-- \/ Yoast SEO plugin. -->","yoast_head_json":{"title":"Marrakech - ecoFINISH Coatings","description":"Embarquez pour un voyage \u00e0 Marrakech avec polyFIBRO : Marrakesh. Cette teinte captivante pr\u00e9sente une base tranquille avec des nuances d'azur et d'\u00e9meraude.","robots":{"index":"index","follow":"follow","max-snippet":"max-snippet:-1","max-image-preview":"max-image-preview:large","max-video-preview":"max-video-preview:-1"},"canonical":"https:\/\/ecofinishcoatings.com\/fr\/marrakesh\/","og_locale":"fr_FR","og_type":"article","og_title":"Marrakech - ecoFINISH Coatings","og_description":"Embarquez pour un voyage \u00e0 Marrakech avec polyFIBRO : Marrakesh. Cette teinte captivante pr\u00e9sente une base tranquille avec des nuances d'azur et d'\u00e9meraude.","og_url":"https:\/\/ecofinishcoatings.com\/fr\/marrakesh\/","og_site_name":"ecoFINISH Coatings","article_modified_time":"2025-10-14T16:36:10+00:00","twitter_card":"summary_large_image","twitter_misc":{"Dur\u00e9e de lecture estim\u00e9e":"3 minutes"},"schema":{"@context":"https:\/\/schema.org","@graph":[{"@type":"WebPage","@id":"https:\/\/ecofinishcoatings.com\/fr\/marrakesh\/","url":"https:\/\/ecofinishcoatings.com\/fr\/marrakesh\/","name":"Marrakech - ecoFINISH Coatings","isPartOf":{"@id":"https:\/\/ecofinishcoatings.com\/fr\/#website"},"datePublished":"2022-11-11T17:13:00+00:00","dateModified":"2025-10-14T16:36:10+00:00","description":"Embarquez pour un voyage \u00e0 Marrakech avec polyFIBRO : Marrakesh. Cette teinte captivante pr\u00e9sente une base tranquille avec des nuances d'azur et d'\u00e9meraude.","breadcrumb":{"@id":"https:\/\/ecofinishcoatings.com\/fr\/marrakesh\/#breadcrumb"},"inLanguage":"fr-FR","potentialAction":[{"@type":"ReadAction","target":["https:\/\/ecofinishcoatings.com\/fr\/marrakesh\/"]}]},{"@type":"BreadcrumbList","@id":"https:\/\/ecofinishcoatings.com\/fr\/marrakesh\/#breadcrumb","itemListElement":[{"@type":"ListItem","position":1,"name":"Home","item":"https:\/\/ecofinishcoatings.com\/fr\/accueil\/"},{"@type":"ListItem","position":2,"name":"Marrakesh"}]},{"@type":"WebSite","@id":"https:\/\/ecofinishcoatings.com\/fr\/#website","url":"https:\/\/ecofinishcoatings.com\/fr\/","name":"ecoFINISH Coatings","description":"a new era of coatings","potentialAction":[{"@type":"SearchAction","target":{"@type":"EntryPoint","urlTemplate":"https:\/\/ecofinishcoatings.com\/fr\/?s={search_term_string}"},"query-input":{"@type":"PropertyValueSpecification","valueRequired":true,"valueName":"search_term_string"}}],"inLanguage":"fr-FR"}]}},"_links":{"self":[{"href":"https:\/\/ecofinishcoatings.com\/fr\/wp-json\/wp\/v2\/pages\/4082","targetHints":{"allow":["GET"]}}],"collection":[{"href":"https:\/\/ecofinishcoatings.com\/fr\/wp-json\/wp\/v2\/pages"}],"about":[{"href":"https:\/\/ecofinishcoatings.com\/fr\/wp-json\/wp\/v2\/types\/page"}],"author":[{"embeddable":true,"href":"https:\/\/ecofinishcoatings.com\/fr\/wp-json\/wp\/v2\/users\/7"}],"replies":[{"embeddable":true,"href":"https:\/\/ecofinishcoatings.com\/fr\/wp-json\/wp\/v2\/comments?post=4082"}],"version-history":[{"count":0,"href":"https:\/\/ecofinishcoatings.com\/fr\/wp-json\/wp\/v2\/pages\/4082\/revisions"}],"wp:attachment":[{"href":"https:\/\/ecofinishcoatings.com\/fr\/wp-json\/wp\/v2\/media?parent=4082"}],"curies":[{"name":"wp","href":"https:\/\/api.w.org\/{rel}","templated":true}]}}