{"id":4079,"date":"2024-11-15T12:29:20","date_gmt":"2024-11-15T12:29:20","guid":{"rendered":"https:\/\/ecofinishcoatings.com\/faq\/"},"modified":"2026-03-31T14:11:08","modified_gmt":"2026-03-31T14:11:08","slug":"faq","status":"publish","type":"page","link":"https:\/\/ecofinishcoatings.com\/fr\/faq\/","title":{"rendered":"FAQ"},"content":{"rendered":"<div id=\"cs-content\" class=\"cs-content\"><\/div>\n","protected":false},"excerpt":{"rendered":"<p>FAQ Qu&rsquo;est-ce que ecoFINISH ? Issus de l&rsquo;industrie de la piscine, nous avons r\u00e9volutionn\u00e9 l&rsquo;industrie du rev\u00eatement apr\u00e8s avoir constat\u00e9 les insuffisances des finitions traditionnelles. En 2008, ecoFINISH\u00ae est n\u00e9, marquant un tournant dans les solutions de surface. ecoFINISH\u00ae est le fabricant de rev\u00eatements polym\u00e8res projet\u00e9s \u00e0 la flamme qui conna\u00eet la plus forte croissance, avec une pr\u00e9sence mondiale sur &#8230; <\/p>\n<div><a href=\"https:\/\/ecofinishcoatings.com\/fr\/faq\/\" class=\"more-link\">Read More<\/a><\/div>\n","protected":false},"author":7,"featured_media":0,"parent":0,"menu_order":0,"comment_status":"closed","ping_status":"closed","template":"template-blank-4.php","meta":{"om_disable_all_campaigns":false,"_monsterinsights_skip_tracking":false,"_monsterinsights_sitenote_active":false,"_monsterinsights_sitenote_note":"","_monsterinsights_sitenote_category":0,"_uf_show_specific_survey":0,"_uf_disable_surveys":false,"footnotes":""},"class_list":["post-4079","page","type-page","status-publish","hentry","no-post-thumbnail"],"yoast_head":"<!-- This site is optimized with the Yoast SEO plugin v27.5 - https:\/\/yoast.com\/product\/yoast-seo-wordpress\/ -->\n<title>FAQ - ecoFINISH Coatings<\/title>\n<meta name=\"robots\" content=\"index, follow, max-snippet:-1, max-image-preview:large, max-video-preview:-1\" \/>\n<link rel=\"canonical\" href=\"https:\/\/ecofinishcoatings.com\/fr\/faq\/\" \/>\n<meta property=\"og:locale\" content=\"fr_FR\" \/>\n<meta property=\"og:type\" content=\"article\" \/>\n<meta property=\"og:title\" content=\"FAQ - ecoFINISH Coatings\" \/>\n<meta property=\"og:description\" content=\"FAQ Qu&#039;est-ce que ecoFINISH ? Issus de l&#039;industrie de la piscine, nous avons r\u00e9volutionn\u00e9 l&#039;industrie du rev\u00eatement apr\u00e8s avoir constat\u00e9 les insuffisances des finitions traditionnelles. En 2008, ecoFINISH\u00ae est n\u00e9, marquant un tournant dans les solutions de surface. ecoFINISH\u00ae est le fabricant de rev\u00eatements polym\u00e8res projet\u00e9s \u00e0 la flamme qui conna\u00eet la plus forte croissance, avec une pr\u00e9sence mondiale sur ... Read More\" \/>\n<meta property=\"og:url\" content=\"https:\/\/ecofinishcoatings.com\/fr\/faq\/\" \/>\n<meta property=\"og:site_name\" content=\"ecoFINISH Coatings\" \/>\n<meta property=\"article:modified_time\" content=\"2026-03-31T14:11:08+00:00\" \/>\n<meta name=\"twitter:card\" content=\"summary_large_image\" \/>\n<meta name=\"twitter:label1\" content=\"Dur\u00e9e de lecture estim\u00e9e\" \/>\n\t<meta name=\"twitter:data1\" content=\"4 minutes\" \/>\n<script type=\"application\/ld+json\" class=\"yoast-schema-graph\">{\"@context\":\"https:\\\/\\\/schema.org\",\"@graph\":[{\"@type\":\"WebPage\",\"@id\":\"https:\\\/\\\/ecofinishcoatings.com\\\/fr\\\/faq\\\/\",\"url\":\"https:\\\/\\\/ecofinishcoatings.com\\\/fr\\\/faq\\\/\",\"name\":\"FAQ - ecoFINISH Coatings\",\"isPartOf\":{\"@id\":\"https:\\\/\\\/ecofinishcoatings.com\\\/fr\\\/#website\"},\"datePublished\":\"2024-11-15T12:29:20+00:00\",\"dateModified\":\"2026-03-31T14:11:08+00:00\",\"breadcrumb\":{\"@id\":\"https:\\\/\\\/ecofinishcoatings.com\\\/fr\\\/faq\\\/#breadcrumb\"},\"inLanguage\":\"fr-FR\",\"potentialAction\":[{\"@type\":\"ReadAction\",\"target\":[\"https:\\\/\\\/ecofinishcoatings.com\\\/fr\\\/faq\\\/\"]}]},{\"@type\":\"BreadcrumbList\",\"@id\":\"https:\\\/\\\/ecofinishcoatings.com\\\/fr\\\/faq\\\/#breadcrumb\",\"itemListElement\":[{\"@type\":\"ListItem\",\"position\":1,\"name\":\"Home\",\"item\":\"https:\\\/\\\/ecofinishcoatings.com\\\/fr\\\/accueil\\\/\"},{\"@type\":\"ListItem\",\"position\":2,\"name\":\"FAQ\"}]},{\"@type\":\"WebSite\",\"@id\":\"https:\\\/\\\/ecofinishcoatings.com\\\/fr\\\/#website\",\"url\":\"https:\\\/\\\/ecofinishcoatings.com\\\/fr\\\/\",\"name\":\"ecoFINISH Coatings\",\"description\":\"a new era of coatings\",\"potentialAction\":[{\"@type\":\"SearchAction\",\"target\":{\"@type\":\"EntryPoint\",\"urlTemplate\":\"https:\\\/\\\/ecofinishcoatings.com\\\/fr\\\/?s={search_term_string}\"},\"query-input\":{\"@type\":\"PropertyValueSpecification\",\"valueRequired\":true,\"valueName\":\"search_term_string\"}}],\"inLanguage\":\"fr-FR\"}]}<\/script>\n<!-- \/ Yoast SEO plugin. -->","yoast_head_json":{"title":"FAQ - ecoFINISH Coatings","robots":{"index":"index","follow":"follow","max-snippet":"max-snippet:-1","max-image-preview":"max-image-preview:large","max-video-preview":"max-video-preview:-1"},"canonical":"https:\/\/ecofinishcoatings.com\/fr\/faq\/","og_locale":"fr_FR","og_type":"article","og_title":"FAQ - ecoFINISH Coatings","og_description":"FAQ Qu'est-ce que ecoFINISH ? Issus de l'industrie de la piscine, nous avons r\u00e9volutionn\u00e9 l'industrie du rev\u00eatement apr\u00e8s avoir constat\u00e9 les insuffisances des finitions traditionnelles. En 2008, ecoFINISH\u00ae est n\u00e9, marquant un tournant dans les solutions de surface. ecoFINISH\u00ae est le fabricant de rev\u00eatements polym\u00e8res projet\u00e9s \u00e0 la flamme qui conna\u00eet la plus forte croissance, avec une pr\u00e9sence mondiale sur ... Read More","og_url":"https:\/\/ecofinishcoatings.com\/fr\/faq\/","og_site_name":"ecoFINISH Coatings","article_modified_time":"2026-03-31T14:11:08+00:00","twitter_card":"summary_large_image","twitter_misc":{"Dur\u00e9e de lecture estim\u00e9e":"4 minutes"},"schema":{"@context":"https:\/\/schema.org","@graph":[{"@type":"WebPage","@id":"https:\/\/ecofinishcoatings.com\/fr\/faq\/","url":"https:\/\/ecofinishcoatings.com\/fr\/faq\/","name":"FAQ - ecoFINISH Coatings","isPartOf":{"@id":"https:\/\/ecofinishcoatings.com\/fr\/#website"},"datePublished":"2024-11-15T12:29:20+00:00","dateModified":"2026-03-31T14:11:08+00:00","breadcrumb":{"@id":"https:\/\/ecofinishcoatings.com\/fr\/faq\/#breadcrumb"},"inLanguage":"fr-FR","potentialAction":[{"@type":"ReadAction","target":["https:\/\/ecofinishcoatings.com\/fr\/faq\/"]}]},{"@type":"BreadcrumbList","@id":"https:\/\/ecofinishcoatings.com\/fr\/faq\/#breadcrumb","itemListElement":[{"@type":"ListItem","position":1,"name":"Home","item":"https:\/\/ecofinishcoatings.com\/fr\/accueil\/"},{"@type":"ListItem","position":2,"name":"FAQ"}]},{"@type":"WebSite","@id":"https:\/\/ecofinishcoatings.com\/fr\/#website","url":"https:\/\/ecofinishcoatings.com\/fr\/","name":"ecoFINISH Coatings","description":"a new era of coatings","potentialAction":[{"@type":"SearchAction","target":{"@type":"EntryPoint","urlTemplate":"https:\/\/ecofinishcoatings.com\/fr\/?s={search_term_string}"},"query-input":{"@type":"PropertyValueSpecification","valueRequired":true,"valueName":"search_term_string"}}],"inLanguage":"fr-FR"}]}},"_links":{"self":[{"href":"https:\/\/ecofinishcoatings.com\/fr\/wp-json\/wp\/v2\/pages\/4079","targetHints":{"allow":["GET"]}}],"collection":[{"href":"https:\/\/ecofinishcoatings.com\/fr\/wp-json\/wp\/v2\/pages"}],"about":[{"href":"https:\/\/ecofinishcoatings.com\/fr\/wp-json\/wp\/v2\/types\/page"}],"author":[{"embeddable":true,"href":"https:\/\/ecofinishcoatings.com\/fr\/wp-json\/wp\/v2\/users\/7"}],"replies":[{"embeddable":true,"href":"https:\/\/ecofinishcoatings.com\/fr\/wp-json\/wp\/v2\/comments?post=4079"}],"version-history":[{"count":0,"href":"https:\/\/ecofinishcoatings.com\/fr\/wp-json\/wp\/v2\/pages\/4079\/revisions"}],"wp:attachment":[{"href":"https:\/\/ecofinishcoatings.com\/fr\/wp-json\/wp\/v2\/media?parent=4079"}],"curies":[{"name":"wp","href":"https:\/\/api.w.org\/{rel}","templated":true}]}}