{"id":4077,"date":"2022-11-11T17:40:17","date_gmt":"2022-11-11T17:40:17","guid":{"rendered":"https:\/\/ecofinishcoatings.com\/grey-reef\/"},"modified":"2025-10-14T16:03:28","modified_gmt":"2025-10-14T16:03:28","slug":"grey-reef","status":"publish","type":"page","link":"https:\/\/ecofinishcoatings.com\/fr\/grey-reef\/","title":{"rendered":"Grey Reef"},"content":{"rendered":"<div id=\"cs-content\" class=\"cs-content\"><\/div>\n","protected":false},"excerpt":{"rendered":"<p>Grey Reef aquaBRIGHT : R\u00e9cif gris Embrassez l&rsquo;\u00e9l\u00e9gance discr\u00e8te de Grey Reef, inspir\u00e9e par la majest\u00e9 sauvage des profondeurs oc\u00e9aniques. Sa base grise discr\u00e8te fait \u00e9cho aux r\u00e9cifs us\u00e9s par le temps que l&rsquo;on trouve dans les paysages c\u00f4tiers, tandis que des mouchetures chatoyantes d&rsquo;argent et de charbon de bois \u00e9voquent les teintes changeantes de la mer. Plongez dans un &#8230; <\/p>\n<div><a href=\"https:\/\/ecofinishcoatings.com\/fr\/grey-reef\/\" class=\"more-link\">Read More<\/a><\/div>\n","protected":false},"author":7,"featured_media":0,"parent":0,"menu_order":0,"comment_status":"closed","ping_status":"closed","template":"template-blank-4.php","meta":{"om_disable_all_campaigns":false,"_monsterinsights_skip_tracking":false,"_monsterinsights_sitenote_active":false,"_monsterinsights_sitenote_note":"","_monsterinsights_sitenote_category":0,"_uf_show_specific_survey":0,"_uf_disable_surveys":false,"footnotes":""},"class_list":["post-4077","page","type-page","status-publish","hentry","no-post-thumbnail"],"yoast_head":"<!-- This site is optimized with the Yoast SEO plugin v27.3 - https:\/\/yoast.com\/product\/yoast-seo-wordpress\/ -->\n<title>R\u00e9cif gris - ecoFINISH Coatings<\/title>\n<meta name=\"description\" content=\"Embrassez l&#039;\u00e9l\u00e9gance d&#039;aquaBRIGHT : Grey Reef. Inspir\u00e9e des profondeurs oc\u00e9aniques, cette teinte grise discr\u00e8te est parsem\u00e9e de mouchetures argent\u00e9es et charbonneuses.\" \/>\n<meta name=\"robots\" content=\"index, follow, max-snippet:-1, max-image-preview:large, max-video-preview:-1\" \/>\n<link rel=\"canonical\" href=\"https:\/\/ecofinishcoatings.com\/fr\/grey-reef\/\" \/>\n<meta property=\"og:locale\" content=\"fr_FR\" \/>\n<meta property=\"og:type\" content=\"article\" \/>\n<meta property=\"og:title\" content=\"R\u00e9cif gris - ecoFINISH Coatings\" \/>\n<meta property=\"og:description\" content=\"Embrassez l&#039;\u00e9l\u00e9gance d&#039;aquaBRIGHT : Grey Reef. Inspir\u00e9e des profondeurs oc\u00e9aniques, cette teinte grise discr\u00e8te est parsem\u00e9e de mouchetures argent\u00e9es et charbonneuses.\" \/>\n<meta property=\"og:url\" content=\"https:\/\/ecofinishcoatings.com\/fr\/grey-reef\/\" \/>\n<meta property=\"og:site_name\" content=\"ecoFINISH Coatings\" \/>\n<meta property=\"article:modified_time\" content=\"2025-10-14T16:03:28+00:00\" \/>\n<meta name=\"twitter:card\" content=\"summary_large_image\" \/>\n<meta name=\"twitter:label1\" content=\"Dur\u00e9e de lecture estim\u00e9e\" \/>\n\t<meta name=\"twitter:data1\" content=\"3 minutes\" \/>\n<script type=\"application\/ld+json\" class=\"yoast-schema-graph\">{\"@context\":\"https:\\\/\\\/schema.org\",\"@graph\":[{\"@type\":\"WebPage\",\"@id\":\"https:\\\/\\\/ecofinishcoatings.com\\\/fr\\\/grey-reef\\\/\",\"url\":\"https:\\\/\\\/ecofinishcoatings.com\\\/fr\\\/grey-reef\\\/\",\"name\":\"R\u00e9cif gris - ecoFINISH Coatings\",\"isPartOf\":{\"@id\":\"https:\\\/\\\/ecofinishcoatings.com\\\/fr\\\/#website\"},\"datePublished\":\"2022-11-11T17:40:17+00:00\",\"dateModified\":\"2025-10-14T16:03:28+00:00\",\"description\":\"Embrassez l'\u00e9l\u00e9gance d'aquaBRIGHT : Grey Reef. Inspir\u00e9e des profondeurs oc\u00e9aniques, cette teinte grise discr\u00e8te est parsem\u00e9e de mouchetures argent\u00e9es et charbonneuses.\",\"breadcrumb\":{\"@id\":\"https:\\\/\\\/ecofinishcoatings.com\\\/fr\\\/grey-reef\\\/#breadcrumb\"},\"inLanguage\":\"fr-FR\",\"potentialAction\":[{\"@type\":\"ReadAction\",\"target\":[\"https:\\\/\\\/ecofinishcoatings.com\\\/fr\\\/grey-reef\\\/\"]}]},{\"@type\":\"BreadcrumbList\",\"@id\":\"https:\\\/\\\/ecofinishcoatings.com\\\/fr\\\/grey-reef\\\/#breadcrumb\",\"itemListElement\":[{\"@type\":\"ListItem\",\"position\":1,\"name\":\"Home\",\"item\":\"https:\\\/\\\/ecofinishcoatings.com\\\/fr\\\/accueil\\\/\"},{\"@type\":\"ListItem\",\"position\":2,\"name\":\"Grey Reef\"}]},{\"@type\":\"WebSite\",\"@id\":\"https:\\\/\\\/ecofinishcoatings.com\\\/fr\\\/#website\",\"url\":\"https:\\\/\\\/ecofinishcoatings.com\\\/fr\\\/\",\"name\":\"ecoFINISH Coatings\",\"description\":\"a new era of coatings\",\"potentialAction\":[{\"@type\":\"SearchAction\",\"target\":{\"@type\":\"EntryPoint\",\"urlTemplate\":\"https:\\\/\\\/ecofinishcoatings.com\\\/fr\\\/?s={search_term_string}\"},\"query-input\":{\"@type\":\"PropertyValueSpecification\",\"valueRequired\":true,\"valueName\":\"search_term_string\"}}],\"inLanguage\":\"fr-FR\"}]}<\/script>\n<!-- \/ Yoast SEO plugin. -->","yoast_head_json":{"title":"R\u00e9cif gris - ecoFINISH Coatings","description":"Embrassez l'\u00e9l\u00e9gance d'aquaBRIGHT : Grey Reef. Inspir\u00e9e des profondeurs oc\u00e9aniques, cette teinte grise discr\u00e8te est parsem\u00e9e de mouchetures argent\u00e9es et charbonneuses.","robots":{"index":"index","follow":"follow","max-snippet":"max-snippet:-1","max-image-preview":"max-image-preview:large","max-video-preview":"max-video-preview:-1"},"canonical":"https:\/\/ecofinishcoatings.com\/fr\/grey-reef\/","og_locale":"fr_FR","og_type":"article","og_title":"R\u00e9cif gris - ecoFINISH Coatings","og_description":"Embrassez l'\u00e9l\u00e9gance d'aquaBRIGHT : Grey Reef. Inspir\u00e9e des profondeurs oc\u00e9aniques, cette teinte grise discr\u00e8te est parsem\u00e9e de mouchetures argent\u00e9es et charbonneuses.","og_url":"https:\/\/ecofinishcoatings.com\/fr\/grey-reef\/","og_site_name":"ecoFINISH Coatings","article_modified_time":"2025-10-14T16:03:28+00:00","twitter_card":"summary_large_image","twitter_misc":{"Dur\u00e9e de lecture estim\u00e9e":"3 minutes"},"schema":{"@context":"https:\/\/schema.org","@graph":[{"@type":"WebPage","@id":"https:\/\/ecofinishcoatings.com\/fr\/grey-reef\/","url":"https:\/\/ecofinishcoatings.com\/fr\/grey-reef\/","name":"R\u00e9cif gris - ecoFINISH Coatings","isPartOf":{"@id":"https:\/\/ecofinishcoatings.com\/fr\/#website"},"datePublished":"2022-11-11T17:40:17+00:00","dateModified":"2025-10-14T16:03:28+00:00","description":"Embrassez l'\u00e9l\u00e9gance d'aquaBRIGHT : Grey Reef. Inspir\u00e9e des profondeurs oc\u00e9aniques, cette teinte grise discr\u00e8te est parsem\u00e9e de mouchetures argent\u00e9es et charbonneuses.","breadcrumb":{"@id":"https:\/\/ecofinishcoatings.com\/fr\/grey-reef\/#breadcrumb"},"inLanguage":"fr-FR","potentialAction":[{"@type":"ReadAction","target":["https:\/\/ecofinishcoatings.com\/fr\/grey-reef\/"]}]},{"@type":"BreadcrumbList","@id":"https:\/\/ecofinishcoatings.com\/fr\/grey-reef\/#breadcrumb","itemListElement":[{"@type":"ListItem","position":1,"name":"Home","item":"https:\/\/ecofinishcoatings.com\/fr\/accueil\/"},{"@type":"ListItem","position":2,"name":"Grey Reef"}]},{"@type":"WebSite","@id":"https:\/\/ecofinishcoatings.com\/fr\/#website","url":"https:\/\/ecofinishcoatings.com\/fr\/","name":"ecoFINISH Coatings","description":"a new era of coatings","potentialAction":[{"@type":"SearchAction","target":{"@type":"EntryPoint","urlTemplate":"https:\/\/ecofinishcoatings.com\/fr\/?s={search_term_string}"},"query-input":{"@type":"PropertyValueSpecification","valueRequired":true,"valueName":"search_term_string"}}],"inLanguage":"fr-FR"}]}},"_links":{"self":[{"href":"https:\/\/ecofinishcoatings.com\/fr\/wp-json\/wp\/v2\/pages\/4077","targetHints":{"allow":["GET"]}}],"collection":[{"href":"https:\/\/ecofinishcoatings.com\/fr\/wp-json\/wp\/v2\/pages"}],"about":[{"href":"https:\/\/ecofinishcoatings.com\/fr\/wp-json\/wp\/v2\/types\/page"}],"author":[{"embeddable":true,"href":"https:\/\/ecofinishcoatings.com\/fr\/wp-json\/wp\/v2\/users\/7"}],"replies":[{"embeddable":true,"href":"https:\/\/ecofinishcoatings.com\/fr\/wp-json\/wp\/v2\/comments?post=4077"}],"version-history":[{"count":0,"href":"https:\/\/ecofinishcoatings.com\/fr\/wp-json\/wp\/v2\/pages\/4077\/revisions"}],"wp:attachment":[{"href":"https:\/\/ecofinishcoatings.com\/fr\/wp-json\/wp\/v2\/media?parent=4077"}],"curies":[{"name":"wp","href":"https:\/\/api.w.org\/{rel}","templated":true}]}}