{"id":4068,"date":"2024-03-19T18:17:20","date_gmt":"2024-03-19T18:17:20","guid":{"rendered":"https:\/\/ecofinishcoatings.com\/commencez\/"},"modified":"2025-10-14T18:49:11","modified_gmt":"2025-10-14T18:49:11","slug":"commencez","status":"publish","type":"page","link":"https:\/\/ecofinishcoatings.com\/fr\/commencez\/","title":{"rendered":"Commencez"},"content":{"rendered":"<div id=\"cs-content\" class=\"cs-content\"><\/div>\n","protected":false},"excerpt":{"rendered":"<p>Adoptez l&rsquo;avenir des finitions de piscine Commencez Piscines et spas Mirage Formation sur place Formateurs expertsNotre \u00e9quipe de professionnels chevronn\u00e9s met \u00e0 votre disposition des ann\u00e9es d&rsquo;expertise industrielle pour vous guider dans tous les aspects de l&rsquo;application d&rsquo;ecoFINISH.Soyez pay\u00e9 pendant que vous vous formezAvec ecoFINISH, vous ne faites pas qu&rsquo;apprendre, vous gagnez de l&rsquo;argent. Notre programme de formation unique vous &#8230; <\/p>\n<div><a href=\"https:\/\/ecofinishcoatings.com\/fr\/commencez\/\" class=\"more-link\">Read More<\/a><\/div>\n","protected":false},"author":7,"featured_media":0,"parent":0,"menu_order":0,"comment_status":"closed","ping_status":"closed","template":"template-blank-6.php","meta":{"om_disable_all_campaigns":false,"_monsterinsights_skip_tracking":false,"_monsterinsights_sitenote_active":false,"_monsterinsights_sitenote_note":"","_monsterinsights_sitenote_category":0,"_uf_show_specific_survey":0,"_uf_disable_surveys":false,"footnotes":""},"class_list":["post-4068","page","type-page","status-publish","hentry","no-post-thumbnail"],"yoast_head":"<!-- This site is optimized with the Yoast SEO plugin v27.5 - https:\/\/yoast.com\/product\/yoast-seo-wordpress\/ -->\n<title>Commencez - ecoFINISH Coatings<\/title>\n<meta name=\"robots\" content=\"noindex, follow\" \/>\n<meta property=\"og:locale\" content=\"fr_FR\" \/>\n<meta property=\"og:type\" content=\"article\" \/>\n<meta property=\"og:title\" content=\"Commencez - ecoFINISH Coatings\" \/>\n<meta property=\"og:description\" content=\"Adoptez l&#039;avenir des finitions de piscine Commencez Piscines et spas Mirage Formation sur place Formateurs expertsNotre \u00e9quipe de professionnels chevronn\u00e9s met \u00e0 votre disposition des ann\u00e9es d&#039;expertise industrielle pour vous guider dans tous les aspects de l&#039;application d&#039;ecoFINISH.Soyez pay\u00e9 pendant que vous vous formezAvec ecoFINISH, vous ne faites pas qu&#039;apprendre, vous gagnez de l&#039;argent. Notre programme de formation unique vous ... Read More\" \/>\n<meta property=\"og:url\" content=\"https:\/\/ecofinishcoatings.com\/fr\/commencez\/\" \/>\n<meta property=\"og:site_name\" content=\"ecoFINISH Coatings\" \/>\n<meta property=\"article:modified_time\" content=\"2025-10-14T18:49:11+00:00\" \/>\n<meta name=\"twitter:card\" content=\"summary_large_image\" \/>\n<meta name=\"twitter:label1\" content=\"Dur\u00e9e de lecture estim\u00e9e\" \/>\n\t<meta name=\"twitter:data1\" content=\"13 minutes\" \/>\n<script type=\"application\/ld+json\" class=\"yoast-schema-graph\">{\"@context\":\"https:\\\/\\\/schema.org\",\"@graph\":[{\"@type\":\"WebPage\",\"@id\":\"https:\\\/\\\/ecofinishcoatings.com\\\/fr\\\/commencez\\\/\",\"url\":\"https:\\\/\\\/ecofinishcoatings.com\\\/fr\\\/commencez\\\/\",\"name\":\"Commencez - ecoFINISH Coatings\",\"isPartOf\":{\"@id\":\"https:\\\/\\\/ecofinishcoatings.com\\\/fr\\\/#website\"},\"datePublished\":\"2024-03-19T18:17:20+00:00\",\"dateModified\":\"2025-10-14T18:49:11+00:00\",\"breadcrumb\":{\"@id\":\"https:\\\/\\\/ecofinishcoatings.com\\\/fr\\\/commencez\\\/#breadcrumb\"},\"inLanguage\":\"fr-FR\",\"potentialAction\":[{\"@type\":\"ReadAction\",\"target\":[\"https:\\\/\\\/ecofinishcoatings.com\\\/fr\\\/commencez\\\/\"]}]},{\"@type\":\"BreadcrumbList\",\"@id\":\"https:\\\/\\\/ecofinishcoatings.com\\\/fr\\\/commencez\\\/#breadcrumb\",\"itemListElement\":[{\"@type\":\"ListItem\",\"position\":1,\"name\":\"Home\",\"item\":\"https:\\\/\\\/ecofinishcoatings.com\\\/fr\\\/accueil\\\/\"},{\"@type\":\"ListItem\",\"position\":2,\"name\":\"Commencez\"}]},{\"@type\":\"WebSite\",\"@id\":\"https:\\\/\\\/ecofinishcoatings.com\\\/fr\\\/#website\",\"url\":\"https:\\\/\\\/ecofinishcoatings.com\\\/fr\\\/\",\"name\":\"ecoFINISH Coatings\",\"description\":\"a new era of coatings\",\"potentialAction\":[{\"@type\":\"SearchAction\",\"target\":{\"@type\":\"EntryPoint\",\"urlTemplate\":\"https:\\\/\\\/ecofinishcoatings.com\\\/fr\\\/?s={search_term_string}\"},\"query-input\":{\"@type\":\"PropertyValueSpecification\",\"valueRequired\":true,\"valueName\":\"search_term_string\"}}],\"inLanguage\":\"fr-FR\"}]}<\/script>\n<!-- \/ Yoast SEO plugin. -->","yoast_head_json":{"title":"Commencez - ecoFINISH Coatings","robots":{"index":"noindex","follow":"follow"},"og_locale":"fr_FR","og_type":"article","og_title":"Commencez - ecoFINISH Coatings","og_description":"Adoptez l'avenir des finitions de piscine Commencez Piscines et spas Mirage Formation sur place Formateurs expertsNotre \u00e9quipe de professionnels chevronn\u00e9s met \u00e0 votre disposition des ann\u00e9es d'expertise industrielle pour vous guider dans tous les aspects de l'application d'ecoFINISH.Soyez pay\u00e9 pendant que vous vous formezAvec ecoFINISH, vous ne faites pas qu'apprendre, vous gagnez de l'argent. Notre programme de formation unique vous ... Read More","og_url":"https:\/\/ecofinishcoatings.com\/fr\/commencez\/","og_site_name":"ecoFINISH Coatings","article_modified_time":"2025-10-14T18:49:11+00:00","twitter_card":"summary_large_image","twitter_misc":{"Dur\u00e9e de lecture estim\u00e9e":"13 minutes"},"schema":{"@context":"https:\/\/schema.org","@graph":[{"@type":"WebPage","@id":"https:\/\/ecofinishcoatings.com\/fr\/commencez\/","url":"https:\/\/ecofinishcoatings.com\/fr\/commencez\/","name":"Commencez - ecoFINISH Coatings","isPartOf":{"@id":"https:\/\/ecofinishcoatings.com\/fr\/#website"},"datePublished":"2024-03-19T18:17:20+00:00","dateModified":"2025-10-14T18:49:11+00:00","breadcrumb":{"@id":"https:\/\/ecofinishcoatings.com\/fr\/commencez\/#breadcrumb"},"inLanguage":"fr-FR","potentialAction":[{"@type":"ReadAction","target":["https:\/\/ecofinishcoatings.com\/fr\/commencez\/"]}]},{"@type":"BreadcrumbList","@id":"https:\/\/ecofinishcoatings.com\/fr\/commencez\/#breadcrumb","itemListElement":[{"@type":"ListItem","position":1,"name":"Home","item":"https:\/\/ecofinishcoatings.com\/fr\/accueil\/"},{"@type":"ListItem","position":2,"name":"Commencez"}]},{"@type":"WebSite","@id":"https:\/\/ecofinishcoatings.com\/fr\/#website","url":"https:\/\/ecofinishcoatings.com\/fr\/","name":"ecoFINISH Coatings","description":"a new era of coatings","potentialAction":[{"@type":"SearchAction","target":{"@type":"EntryPoint","urlTemplate":"https:\/\/ecofinishcoatings.com\/fr\/?s={search_term_string}"},"query-input":{"@type":"PropertyValueSpecification","valueRequired":true,"valueName":"search_term_string"}}],"inLanguage":"fr-FR"}]}},"_links":{"self":[{"href":"https:\/\/ecofinishcoatings.com\/fr\/wp-json\/wp\/v2\/pages\/4068","targetHints":{"allow":["GET"]}}],"collection":[{"href":"https:\/\/ecofinishcoatings.com\/fr\/wp-json\/wp\/v2\/pages"}],"about":[{"href":"https:\/\/ecofinishcoatings.com\/fr\/wp-json\/wp\/v2\/types\/page"}],"author":[{"embeddable":true,"href":"https:\/\/ecofinishcoatings.com\/fr\/wp-json\/wp\/v2\/users\/7"}],"replies":[{"embeddable":true,"href":"https:\/\/ecofinishcoatings.com\/fr\/wp-json\/wp\/v2\/comments?post=4068"}],"version-history":[{"count":0,"href":"https:\/\/ecofinishcoatings.com\/fr\/wp-json\/wp\/v2\/pages\/4068\/revisions"}],"wp:attachment":[{"href":"https:\/\/ecofinishcoatings.com\/fr\/wp-json\/wp\/v2\/media?parent=4068"}],"curies":[{"name":"wp","href":"https:\/\/api.w.org\/{rel}","templated":true}]}}