{"id":4066,"date":"2022-11-11T17:41:33","date_gmt":"2022-11-11T17:41:33","guid":{"rendered":"https:\/\/ecofinishcoatings.com\/french-grey\/"},"modified":"2025-10-14T16:09:40","modified_gmt":"2025-10-14T16:09:40","slug":"french-grey","status":"publish","type":"page","link":"https:\/\/ecofinishcoatings.com\/fr\/french-grey\/","title":{"rendered":"French Grey"},"content":{"rendered":"<div id=\"cs-content\" class=\"cs-content\"><\/div>\n","protected":false},"excerpt":{"rendered":"<p>French Grey aquaBRIGHT : Gris fran\u00e7ais Capturez l&rsquo;essence du chic urbain avec French Grey, une teinte contemporaine qui exsude le charme m\u00e9tropolitain. Sa base grise froide et discr\u00e8te constitue une toile de fond \u00e9l\u00e9gante, tandis que des mouchetures subtiles d&rsquo;argent et de charbon de bois ajoutent de la profondeur et de la texture. Embrassez la sophistication moderne et cr\u00e9ez une &#8230; <\/p>\n<div><a href=\"https:\/\/ecofinishcoatings.com\/fr\/french-grey\/\" class=\"more-link\">Read More<\/a><\/div>\n","protected":false},"author":7,"featured_media":0,"parent":0,"menu_order":0,"comment_status":"closed","ping_status":"closed","template":"template-blank-4.php","meta":{"om_disable_all_campaigns":false,"_monsterinsights_skip_tracking":false,"_monsterinsights_sitenote_active":false,"_monsterinsights_sitenote_note":"","_monsterinsights_sitenote_category":0,"_uf_show_specific_survey":0,"_uf_disable_surveys":false,"footnotes":""},"class_list":["post-4066","page","type-page","status-publish","hentry","no-post-thumbnail"],"yoast_head":"<!-- This site is optimized with the Yoast SEO plugin v27.4 - https:\/\/yoast.com\/product\/yoast-seo-wordpress\/ -->\n<title>Gris fran\u00e7ais - ecoFINISH Coatings<\/title>\n<meta name=\"description\" content=\"Capturez le chic urbain avec aquaBRIGHT : French Grey. Cette teinte contemporaine se caract\u00e9rise par une base grise froide et feutr\u00e9e, avec de subtiles mouchetures d&#039;argent.\" \/>\n<meta name=\"robots\" content=\"index, follow, max-snippet:-1, max-image-preview:large, max-video-preview:-1\" \/>\n<link rel=\"canonical\" href=\"https:\/\/ecofinishcoatings.com\/fr\/french-grey\/\" \/>\n<meta property=\"og:locale\" content=\"fr_FR\" \/>\n<meta property=\"og:type\" content=\"article\" \/>\n<meta property=\"og:title\" content=\"Gris fran\u00e7ais - ecoFINISH Coatings\" \/>\n<meta property=\"og:description\" content=\"Capturez le chic urbain avec aquaBRIGHT : French Grey. Cette teinte contemporaine se caract\u00e9rise par une base grise froide et feutr\u00e9e, avec de subtiles mouchetures d&#039;argent.\" \/>\n<meta property=\"og:url\" content=\"https:\/\/ecofinishcoatings.com\/fr\/french-grey\/\" \/>\n<meta property=\"og:site_name\" content=\"ecoFINISH Coatings\" \/>\n<meta property=\"article:modified_time\" content=\"2025-10-14T16:09:40+00:00\" \/>\n<meta name=\"twitter:card\" content=\"summary_large_image\" \/>\n<meta name=\"twitter:label1\" content=\"Dur\u00e9e de lecture estim\u00e9e\" \/>\n\t<meta name=\"twitter:data1\" content=\"4 minutes\" \/>\n<script type=\"application\/ld+json\" class=\"yoast-schema-graph\">{\"@context\":\"https:\\\/\\\/schema.org\",\"@graph\":[{\"@type\":\"WebPage\",\"@id\":\"https:\\\/\\\/ecofinishcoatings.com\\\/fr\\\/french-grey\\\/\",\"url\":\"https:\\\/\\\/ecofinishcoatings.com\\\/fr\\\/french-grey\\\/\",\"name\":\"Gris fran\u00e7ais - ecoFINISH Coatings\",\"isPartOf\":{\"@id\":\"https:\\\/\\\/ecofinishcoatings.com\\\/fr\\\/#website\"},\"datePublished\":\"2022-11-11T17:41:33+00:00\",\"dateModified\":\"2025-10-14T16:09:40+00:00\",\"description\":\"Capturez le chic urbain avec aquaBRIGHT : French Grey. Cette teinte contemporaine se caract\u00e9rise par une base grise froide et feutr\u00e9e, avec de subtiles mouchetures d'argent.\",\"breadcrumb\":{\"@id\":\"https:\\\/\\\/ecofinishcoatings.com\\\/fr\\\/french-grey\\\/#breadcrumb\"},\"inLanguage\":\"fr-FR\",\"potentialAction\":[{\"@type\":\"ReadAction\",\"target\":[\"https:\\\/\\\/ecofinishcoatings.com\\\/fr\\\/french-grey\\\/\"]}]},{\"@type\":\"BreadcrumbList\",\"@id\":\"https:\\\/\\\/ecofinishcoatings.com\\\/fr\\\/french-grey\\\/#breadcrumb\",\"itemListElement\":[{\"@type\":\"ListItem\",\"position\":1,\"name\":\"Home\",\"item\":\"https:\\\/\\\/ecofinishcoatings.com\\\/fr\\\/accueil\\\/\"},{\"@type\":\"ListItem\",\"position\":2,\"name\":\"French Grey\"}]},{\"@type\":\"WebSite\",\"@id\":\"https:\\\/\\\/ecofinishcoatings.com\\\/fr\\\/#website\",\"url\":\"https:\\\/\\\/ecofinishcoatings.com\\\/fr\\\/\",\"name\":\"ecoFINISH Coatings\",\"description\":\"a new era of coatings\",\"potentialAction\":[{\"@type\":\"SearchAction\",\"target\":{\"@type\":\"EntryPoint\",\"urlTemplate\":\"https:\\\/\\\/ecofinishcoatings.com\\\/fr\\\/?s={search_term_string}\"},\"query-input\":{\"@type\":\"PropertyValueSpecification\",\"valueRequired\":true,\"valueName\":\"search_term_string\"}}],\"inLanguage\":\"fr-FR\"}]}<\/script>\n<!-- \/ Yoast SEO plugin. -->","yoast_head_json":{"title":"Gris fran\u00e7ais - ecoFINISH Coatings","description":"Capturez le chic urbain avec aquaBRIGHT : French Grey. Cette teinte contemporaine se caract\u00e9rise par une base grise froide et feutr\u00e9e, avec de subtiles mouchetures d'argent.","robots":{"index":"index","follow":"follow","max-snippet":"max-snippet:-1","max-image-preview":"max-image-preview:large","max-video-preview":"max-video-preview:-1"},"canonical":"https:\/\/ecofinishcoatings.com\/fr\/french-grey\/","og_locale":"fr_FR","og_type":"article","og_title":"Gris fran\u00e7ais - ecoFINISH Coatings","og_description":"Capturez le chic urbain avec aquaBRIGHT : French Grey. Cette teinte contemporaine se caract\u00e9rise par une base grise froide et feutr\u00e9e, avec de subtiles mouchetures d'argent.","og_url":"https:\/\/ecofinishcoatings.com\/fr\/french-grey\/","og_site_name":"ecoFINISH Coatings","article_modified_time":"2025-10-14T16:09:40+00:00","twitter_card":"summary_large_image","twitter_misc":{"Dur\u00e9e de lecture estim\u00e9e":"4 minutes"},"schema":{"@context":"https:\/\/schema.org","@graph":[{"@type":"WebPage","@id":"https:\/\/ecofinishcoatings.com\/fr\/french-grey\/","url":"https:\/\/ecofinishcoatings.com\/fr\/french-grey\/","name":"Gris fran\u00e7ais - ecoFINISH Coatings","isPartOf":{"@id":"https:\/\/ecofinishcoatings.com\/fr\/#website"},"datePublished":"2022-11-11T17:41:33+00:00","dateModified":"2025-10-14T16:09:40+00:00","description":"Capturez le chic urbain avec aquaBRIGHT : French Grey. Cette teinte contemporaine se caract\u00e9rise par une base grise froide et feutr\u00e9e, avec de subtiles mouchetures d'argent.","breadcrumb":{"@id":"https:\/\/ecofinishcoatings.com\/fr\/french-grey\/#breadcrumb"},"inLanguage":"fr-FR","potentialAction":[{"@type":"ReadAction","target":["https:\/\/ecofinishcoatings.com\/fr\/french-grey\/"]}]},{"@type":"BreadcrumbList","@id":"https:\/\/ecofinishcoatings.com\/fr\/french-grey\/#breadcrumb","itemListElement":[{"@type":"ListItem","position":1,"name":"Home","item":"https:\/\/ecofinishcoatings.com\/fr\/accueil\/"},{"@type":"ListItem","position":2,"name":"French Grey"}]},{"@type":"WebSite","@id":"https:\/\/ecofinishcoatings.com\/fr\/#website","url":"https:\/\/ecofinishcoatings.com\/fr\/","name":"ecoFINISH Coatings","description":"a new era of coatings","potentialAction":[{"@type":"SearchAction","target":{"@type":"EntryPoint","urlTemplate":"https:\/\/ecofinishcoatings.com\/fr\/?s={search_term_string}"},"query-input":{"@type":"PropertyValueSpecification","valueRequired":true,"valueName":"search_term_string"}}],"inLanguage":"fr-FR"}]}},"_links":{"self":[{"href":"https:\/\/ecofinishcoatings.com\/fr\/wp-json\/wp\/v2\/pages\/4066","targetHints":{"allow":["GET"]}}],"collection":[{"href":"https:\/\/ecofinishcoatings.com\/fr\/wp-json\/wp\/v2\/pages"}],"about":[{"href":"https:\/\/ecofinishcoatings.com\/fr\/wp-json\/wp\/v2\/types\/page"}],"author":[{"embeddable":true,"href":"https:\/\/ecofinishcoatings.com\/fr\/wp-json\/wp\/v2\/users\/7"}],"replies":[{"embeddable":true,"href":"https:\/\/ecofinishcoatings.com\/fr\/wp-json\/wp\/v2\/comments?post=4066"}],"version-history":[{"count":0,"href":"https:\/\/ecofinishcoatings.com\/fr\/wp-json\/wp\/v2\/pages\/4066\/revisions"}],"wp:attachment":[{"href":"https:\/\/ecofinishcoatings.com\/fr\/wp-json\/wp\/v2\/media?parent=4066"}],"curies":[{"name":"wp","href":"https:\/\/api.w.org\/{rel}","templated":true}]}}