{"id":4057,"date":"2022-11-09T18:34:37","date_gmt":"2022-11-09T18:34:37","guid":{"rendered":"https:\/\/ecofinishcoatings.com\/selecteur-de-couleur-deau\/"},"modified":"2025-10-21T14:47:44","modified_gmt":"2025-10-21T14:47:44","slug":"selecteur-de-couleur-deau","status":"publish","type":"page","link":"https:\/\/ecofinishcoatings.com\/fr\/selecteur-de-couleur-deau\/","title":{"rendered":"S\u00e9lecteur de couleur d&rsquo;eau"},"content":{"rendered":"<div id=\"cs-content\" class=\"cs-content\"><\/div>\n","protected":false},"excerpt":{"rendered":"<p>Choisissez votreCouleur de l&rsquo;eau Vari\u00e9t\u00e9 d&rsquo;options de couleurs pour la piscine D\u00e9couvrez une gamme vari\u00e9e de couleurs de piscine qui peuvent \u00eatre utilis\u00e9es sur des supports en b\u00e9ton, en fibre de verre et en m\u00e9tal. Notre s\u00e9lection va au-del\u00e0 des finitions bleues et grises conventionnelles. Nous avons puis\u00e9 notre inspiration dans les plages captivantes du monde entier, notamment les sables &#8230; <\/p>\n<div><a href=\"https:\/\/ecofinishcoatings.com\/fr\/selecteur-de-couleur-deau\/\" class=\"more-link\">Read More<\/a><\/div>\n","protected":false},"author":7,"featured_media":0,"parent":0,"menu_order":0,"comment_status":"closed","ping_status":"closed","template":"template-blank-4.php","meta":{"om_disable_all_campaigns":false,"_monsterinsights_skip_tracking":false,"_monsterinsights_sitenote_active":false,"_monsterinsights_sitenote_note":"","_monsterinsights_sitenote_category":0,"_uf_show_specific_survey":0,"_uf_disable_surveys":false,"footnotes":""},"class_list":["post-4057","page","type-page","status-publish","hentry","no-post-thumbnail"],"yoast_head":"<!-- This site is optimized with the Yoast SEO plugin v27.3 - https:\/\/yoast.com\/product\/yoast-seo-wordpress\/ -->\n<title>S\u00e9lecteur d&#039;aquarelle - Rev\u00eatements ecoFINISH<\/title>\n<meta name=\"description\" content=\"Utilisez notre s\u00e9lecteur de couleur d&#039;eau pour choisir la finition de piscine parfaite qui correspond \u00e0 la couleur d&#039;eau souhait\u00e9e. Cr\u00e9ez une oasis aquatique unique !\" \/>\n<meta name=\"robots\" content=\"index, follow, max-snippet:-1, max-image-preview:large, max-video-preview:-1\" \/>\n<link rel=\"canonical\" href=\"https:\/\/ecofinishcoatings.com\/fr\/selecteur-de-couleur-deau\/\" \/>\n<meta property=\"og:locale\" content=\"fr_FR\" \/>\n<meta property=\"og:type\" content=\"article\" \/>\n<meta property=\"og:title\" content=\"S\u00e9lecteur d&#039;aquarelle - Rev\u00eatements ecoFINISH\" \/>\n<meta property=\"og:description\" content=\"Utilisez notre s\u00e9lecteur de couleur d&#039;eau pour choisir la finition de piscine parfaite qui correspond \u00e0 la couleur d&#039;eau souhait\u00e9e. Cr\u00e9ez une oasis aquatique unique !\" \/>\n<meta property=\"og:url\" content=\"https:\/\/ecofinishcoatings.com\/fr\/selecteur-de-couleur-deau\/\" \/>\n<meta property=\"og:site_name\" content=\"ecoFINISH Coatings\" \/>\n<meta property=\"article:modified_time\" content=\"2025-10-21T14:47:44+00:00\" \/>\n<meta name=\"twitter:card\" content=\"summary_large_image\" \/>\n<meta name=\"twitter:label1\" content=\"Dur\u00e9e de lecture estim\u00e9e\" \/>\n\t<meta name=\"twitter:data1\" content=\"19 minutes\" \/>\n<script type=\"application\/ld+json\" class=\"yoast-schema-graph\">{\"@context\":\"https:\\\/\\\/schema.org\",\"@graph\":[{\"@type\":\"WebPage\",\"@id\":\"https:\\\/\\\/ecofinishcoatings.com\\\/fr\\\/selecteur-de-couleur-deau\\\/\",\"url\":\"https:\\\/\\\/ecofinishcoatings.com\\\/fr\\\/selecteur-de-couleur-deau\\\/\",\"name\":\"S\u00e9lecteur d'aquarelle - Rev\u00eatements ecoFINISH\",\"isPartOf\":{\"@id\":\"https:\\\/\\\/ecofinishcoatings.com\\\/fr\\\/#website\"},\"datePublished\":\"2022-11-09T18:34:37+00:00\",\"dateModified\":\"2025-10-21T14:47:44+00:00\",\"description\":\"Utilisez notre s\u00e9lecteur de couleur d'eau pour choisir la finition de piscine parfaite qui correspond \u00e0 la couleur d'eau souhait\u00e9e. Cr\u00e9ez une oasis aquatique unique !\",\"breadcrumb\":{\"@id\":\"https:\\\/\\\/ecofinishcoatings.com\\\/fr\\\/selecteur-de-couleur-deau\\\/#breadcrumb\"},\"inLanguage\":\"fr-FR\",\"potentialAction\":[{\"@type\":\"ReadAction\",\"target\":[\"https:\\\/\\\/ecofinishcoatings.com\\\/fr\\\/selecteur-de-couleur-deau\\\/\"]}]},{\"@type\":\"BreadcrumbList\",\"@id\":\"https:\\\/\\\/ecofinishcoatings.com\\\/fr\\\/selecteur-de-couleur-deau\\\/#breadcrumb\",\"itemListElement\":[{\"@type\":\"ListItem\",\"position\":1,\"name\":\"Home\",\"item\":\"https:\\\/\\\/ecofinishcoatings.com\\\/fr\\\/accueil\\\/\"},{\"@type\":\"ListItem\",\"position\":2,\"name\":\"S\u00e9lecteur de couleur d&#8217;eau\"}]},{\"@type\":\"WebSite\",\"@id\":\"https:\\\/\\\/ecofinishcoatings.com\\\/fr\\\/#website\",\"url\":\"https:\\\/\\\/ecofinishcoatings.com\\\/fr\\\/\",\"name\":\"ecoFINISH Coatings\",\"description\":\"a new era of coatings\",\"potentialAction\":[{\"@type\":\"SearchAction\",\"target\":{\"@type\":\"EntryPoint\",\"urlTemplate\":\"https:\\\/\\\/ecofinishcoatings.com\\\/fr\\\/?s={search_term_string}\"},\"query-input\":{\"@type\":\"PropertyValueSpecification\",\"valueRequired\":true,\"valueName\":\"search_term_string\"}}],\"inLanguage\":\"fr-FR\"}]}<\/script>\n<!-- \/ Yoast SEO plugin. -->","yoast_head_json":{"title":"S\u00e9lecteur d'aquarelle - Rev\u00eatements ecoFINISH","description":"Utilisez notre s\u00e9lecteur de couleur d'eau pour choisir la finition de piscine parfaite qui correspond \u00e0 la couleur d'eau souhait\u00e9e. Cr\u00e9ez une oasis aquatique unique !","robots":{"index":"index","follow":"follow","max-snippet":"max-snippet:-1","max-image-preview":"max-image-preview:large","max-video-preview":"max-video-preview:-1"},"canonical":"https:\/\/ecofinishcoatings.com\/fr\/selecteur-de-couleur-deau\/","og_locale":"fr_FR","og_type":"article","og_title":"S\u00e9lecteur d'aquarelle - Rev\u00eatements ecoFINISH","og_description":"Utilisez notre s\u00e9lecteur de couleur d'eau pour choisir la finition de piscine parfaite qui correspond \u00e0 la couleur d'eau souhait\u00e9e. Cr\u00e9ez une oasis aquatique unique !","og_url":"https:\/\/ecofinishcoatings.com\/fr\/selecteur-de-couleur-deau\/","og_site_name":"ecoFINISH Coatings","article_modified_time":"2025-10-21T14:47:44+00:00","twitter_card":"summary_large_image","twitter_misc":{"Dur\u00e9e de lecture estim\u00e9e":"19 minutes"},"schema":{"@context":"https:\/\/schema.org","@graph":[{"@type":"WebPage","@id":"https:\/\/ecofinishcoatings.com\/fr\/selecteur-de-couleur-deau\/","url":"https:\/\/ecofinishcoatings.com\/fr\/selecteur-de-couleur-deau\/","name":"S\u00e9lecteur d'aquarelle - Rev\u00eatements ecoFINISH","isPartOf":{"@id":"https:\/\/ecofinishcoatings.com\/fr\/#website"},"datePublished":"2022-11-09T18:34:37+00:00","dateModified":"2025-10-21T14:47:44+00:00","description":"Utilisez notre s\u00e9lecteur de couleur d'eau pour choisir la finition de piscine parfaite qui correspond \u00e0 la couleur d'eau souhait\u00e9e. Cr\u00e9ez une oasis aquatique unique !","breadcrumb":{"@id":"https:\/\/ecofinishcoatings.com\/fr\/selecteur-de-couleur-deau\/#breadcrumb"},"inLanguage":"fr-FR","potentialAction":[{"@type":"ReadAction","target":["https:\/\/ecofinishcoatings.com\/fr\/selecteur-de-couleur-deau\/"]}]},{"@type":"BreadcrumbList","@id":"https:\/\/ecofinishcoatings.com\/fr\/selecteur-de-couleur-deau\/#breadcrumb","itemListElement":[{"@type":"ListItem","position":1,"name":"Home","item":"https:\/\/ecofinishcoatings.com\/fr\/accueil\/"},{"@type":"ListItem","position":2,"name":"S\u00e9lecteur de couleur d&#8217;eau"}]},{"@type":"WebSite","@id":"https:\/\/ecofinishcoatings.com\/fr\/#website","url":"https:\/\/ecofinishcoatings.com\/fr\/","name":"ecoFINISH Coatings","description":"a new era of coatings","potentialAction":[{"@type":"SearchAction","target":{"@type":"EntryPoint","urlTemplate":"https:\/\/ecofinishcoatings.com\/fr\/?s={search_term_string}"},"query-input":{"@type":"PropertyValueSpecification","valueRequired":true,"valueName":"search_term_string"}}],"inLanguage":"fr-FR"}]}},"_links":{"self":[{"href":"https:\/\/ecofinishcoatings.com\/fr\/wp-json\/wp\/v2\/pages\/4057","targetHints":{"allow":["GET"]}}],"collection":[{"href":"https:\/\/ecofinishcoatings.com\/fr\/wp-json\/wp\/v2\/pages"}],"about":[{"href":"https:\/\/ecofinishcoatings.com\/fr\/wp-json\/wp\/v2\/types\/page"}],"author":[{"embeddable":true,"href":"https:\/\/ecofinishcoatings.com\/fr\/wp-json\/wp\/v2\/users\/7"}],"replies":[{"embeddable":true,"href":"https:\/\/ecofinishcoatings.com\/fr\/wp-json\/wp\/v2\/comments?post=4057"}],"version-history":[{"count":0,"href":"https:\/\/ecofinishcoatings.com\/fr\/wp-json\/wp\/v2\/pages\/4057\/revisions"}],"wp:attachment":[{"href":"https:\/\/ecofinishcoatings.com\/fr\/wp-json\/wp\/v2\/media?parent=4057"}],"curies":[{"name":"wp","href":"https:\/\/api.w.org\/{rel}","templated":true}]}}