{"id":4030,"date":"2022-10-26T20:43:37","date_gmt":"2022-10-26T20:43:37","guid":{"rendered":"https:\/\/ecofinishcoatings.com\/personnel\/"},"modified":"2026-04-08T15:16:24","modified_gmt":"2026-04-08T15:16:24","slug":"personnel","status":"publish","type":"page","link":"https:\/\/ecofinishcoatings.com\/fr\/personnel\/","title":{"rendered":"Personnel"},"content":{"rendered":"<div id=\"cs-content\" class=\"cs-content\"><\/div>\n","protected":false},"excerpt":{"rendered":"<p>Faites connaissance avec notre famille de soci\u00e9t\u00e9s Gestion et Administration Joe Solana Pr&eacute;sidentEd Simons Directeur G&eacute;n&eacute;ral | Directeur des Ventes InternationalesMike Monti Directeur CommercialDamion Davies Assistant de DirectionChessie Filippo Comptes clients | Coordinateur de projetMichael Donovan Responsable des InstallationsAnthony DiPalmo Administrateur LogistiqueEvan Muska R&amp;DVentes et Services aux &Eacute;tats-Unis Kevin Lane Directeur des Ventes pour l&rsquo;Am&eacute;rique du NordRich Rollason Repr&eacute;sentant des &#8230; <\/p>\n<div><a href=\"https:\/\/ecofinishcoatings.com\/fr\/personnel\/\" class=\"more-link\">Read More<\/a><\/div>\n","protected":false},"author":7,"featured_media":0,"parent":0,"menu_order":0,"comment_status":"closed","ping_status":"closed","template":"template-blank-4.php","meta":{"om_disable_all_campaigns":false,"_monsterinsights_skip_tracking":false,"_monsterinsights_sitenote_active":false,"_monsterinsights_sitenote_note":"","_monsterinsights_sitenote_category":0,"_uf_show_specific_survey":0,"_uf_disable_surveys":false,"footnotes":""},"class_list":["post-4030","page","type-page","status-publish","hentry","no-post-thumbnail"],"yoast_head":"<!-- This site is optimized with the Yoast SEO plugin v27.5 - https:\/\/yoast.com\/product\/yoast-seo-wordpress\/ -->\n<title>Personnel - Rencontrez l&#039;\u00e9quipe ecoFINISH<\/title>\n<meta name=\"description\" content=\"Faites connaissance avec l&#039;\u00e9quipe d&#039;ecoFINISH ! Gestion, ventes, formation, et plus encore ! Notre personnel est l\u00e0 pour vous servir aux \u00c9tats-Unis et \u00e0 l&#039;\u00e9tranger !\" \/>\n<meta name=\"robots\" content=\"index, follow, max-snippet:-1, max-image-preview:large, max-video-preview:-1\" \/>\n<link rel=\"canonical\" href=\"https:\/\/ecofinishcoatings.com\/fr\/personnel\/\" \/>\n<meta property=\"og:locale\" content=\"fr_FR\" \/>\n<meta property=\"og:type\" content=\"article\" \/>\n<meta property=\"og:title\" content=\"Personnel - Rencontrez l&#039;\u00e9quipe ecoFINISH\" \/>\n<meta property=\"og:description\" content=\"Faites connaissance avec l&#039;\u00e9quipe d&#039;ecoFINISH ! Gestion, ventes, formation, et plus encore ! Notre personnel est l\u00e0 pour vous servir aux \u00c9tats-Unis et \u00e0 l&#039;\u00e9tranger !\" \/>\n<meta property=\"og:url\" content=\"https:\/\/ecofinishcoatings.com\/fr\/personnel\/\" \/>\n<meta property=\"og:site_name\" content=\"ecoFINISH Coatings\" \/>\n<meta property=\"article:modified_time\" content=\"2026-04-08T15:16:24+00:00\" \/>\n<meta name=\"twitter:card\" content=\"summary_large_image\" \/>\n<meta name=\"twitter:label1\" content=\"Dur\u00e9e de lecture estim\u00e9e\" \/>\n\t<meta name=\"twitter:data1\" content=\"5 minutes\" \/>\n<script type=\"application\/ld+json\" class=\"yoast-schema-graph\">{\"@context\":\"https:\\\/\\\/schema.org\",\"@graph\":[{\"@type\":\"WebPage\",\"@id\":\"https:\\\/\\\/ecofinishcoatings.com\\\/fr\\\/personnel\\\/\",\"url\":\"https:\\\/\\\/ecofinishcoatings.com\\\/fr\\\/personnel\\\/\",\"name\":\"Personnel - Rencontrez l'\u00e9quipe ecoFINISH\",\"isPartOf\":{\"@id\":\"https:\\\/\\\/ecofinishcoatings.com\\\/fr\\\/#website\"},\"datePublished\":\"2022-10-26T20:43:37+00:00\",\"dateModified\":\"2026-04-08T15:16:24+00:00\",\"description\":\"Faites connaissance avec l'\u00e9quipe d'ecoFINISH ! Gestion, ventes, formation, et plus encore ! Notre personnel est l\u00e0 pour vous servir aux \u00c9tats-Unis et \u00e0 l'\u00e9tranger !\",\"breadcrumb\":{\"@id\":\"https:\\\/\\\/ecofinishcoatings.com\\\/fr\\\/personnel\\\/#breadcrumb\"},\"inLanguage\":\"fr-FR\",\"potentialAction\":[{\"@type\":\"ReadAction\",\"target\":[\"https:\\\/\\\/ecofinishcoatings.com\\\/fr\\\/personnel\\\/\"]}]},{\"@type\":\"BreadcrumbList\",\"@id\":\"https:\\\/\\\/ecofinishcoatings.com\\\/fr\\\/personnel\\\/#breadcrumb\",\"itemListElement\":[{\"@type\":\"ListItem\",\"position\":1,\"name\":\"Home\",\"item\":\"https:\\\/\\\/ecofinishcoatings.com\\\/fr\\\/accueil\\\/\"},{\"@type\":\"ListItem\",\"position\":2,\"name\":\"Personnel\"}]},{\"@type\":\"WebSite\",\"@id\":\"https:\\\/\\\/ecofinishcoatings.com\\\/fr\\\/#website\",\"url\":\"https:\\\/\\\/ecofinishcoatings.com\\\/fr\\\/\",\"name\":\"ecoFINISH Coatings\",\"description\":\"a new era of coatings\",\"potentialAction\":[{\"@type\":\"SearchAction\",\"target\":{\"@type\":\"EntryPoint\",\"urlTemplate\":\"https:\\\/\\\/ecofinishcoatings.com\\\/fr\\\/?s={search_term_string}\"},\"query-input\":{\"@type\":\"PropertyValueSpecification\",\"valueRequired\":true,\"valueName\":\"search_term_string\"}}],\"inLanguage\":\"fr-FR\"}]}<\/script>\n<!-- \/ Yoast SEO plugin. -->","yoast_head_json":{"title":"Personnel - Rencontrez l'\u00e9quipe ecoFINISH","description":"Faites connaissance avec l'\u00e9quipe d'ecoFINISH ! Gestion, ventes, formation, et plus encore ! Notre personnel est l\u00e0 pour vous servir aux \u00c9tats-Unis et \u00e0 l'\u00e9tranger !","robots":{"index":"index","follow":"follow","max-snippet":"max-snippet:-1","max-image-preview":"max-image-preview:large","max-video-preview":"max-video-preview:-1"},"canonical":"https:\/\/ecofinishcoatings.com\/fr\/personnel\/","og_locale":"fr_FR","og_type":"article","og_title":"Personnel - Rencontrez l'\u00e9quipe ecoFINISH","og_description":"Faites connaissance avec l'\u00e9quipe d'ecoFINISH ! Gestion, ventes, formation, et plus encore ! Notre personnel est l\u00e0 pour vous servir aux \u00c9tats-Unis et \u00e0 l'\u00e9tranger !","og_url":"https:\/\/ecofinishcoatings.com\/fr\/personnel\/","og_site_name":"ecoFINISH Coatings","article_modified_time":"2026-04-08T15:16:24+00:00","twitter_card":"summary_large_image","twitter_misc":{"Dur\u00e9e de lecture estim\u00e9e":"5 minutes"},"schema":{"@context":"https:\/\/schema.org","@graph":[{"@type":"WebPage","@id":"https:\/\/ecofinishcoatings.com\/fr\/personnel\/","url":"https:\/\/ecofinishcoatings.com\/fr\/personnel\/","name":"Personnel - Rencontrez l'\u00e9quipe ecoFINISH","isPartOf":{"@id":"https:\/\/ecofinishcoatings.com\/fr\/#website"},"datePublished":"2022-10-26T20:43:37+00:00","dateModified":"2026-04-08T15:16:24+00:00","description":"Faites connaissance avec l'\u00e9quipe d'ecoFINISH ! Gestion, ventes, formation, et plus encore ! Notre personnel est l\u00e0 pour vous servir aux \u00c9tats-Unis et \u00e0 l'\u00e9tranger !","breadcrumb":{"@id":"https:\/\/ecofinishcoatings.com\/fr\/personnel\/#breadcrumb"},"inLanguage":"fr-FR","potentialAction":[{"@type":"ReadAction","target":["https:\/\/ecofinishcoatings.com\/fr\/personnel\/"]}]},{"@type":"BreadcrumbList","@id":"https:\/\/ecofinishcoatings.com\/fr\/personnel\/#breadcrumb","itemListElement":[{"@type":"ListItem","position":1,"name":"Home","item":"https:\/\/ecofinishcoatings.com\/fr\/accueil\/"},{"@type":"ListItem","position":2,"name":"Personnel"}]},{"@type":"WebSite","@id":"https:\/\/ecofinishcoatings.com\/fr\/#website","url":"https:\/\/ecofinishcoatings.com\/fr\/","name":"ecoFINISH Coatings","description":"a new era of coatings","potentialAction":[{"@type":"SearchAction","target":{"@type":"EntryPoint","urlTemplate":"https:\/\/ecofinishcoatings.com\/fr\/?s={search_term_string}"},"query-input":{"@type":"PropertyValueSpecification","valueRequired":true,"valueName":"search_term_string"}}],"inLanguage":"fr-FR"}]}},"_links":{"self":[{"href":"https:\/\/ecofinishcoatings.com\/fr\/wp-json\/wp\/v2\/pages\/4030","targetHints":{"allow":["GET"]}}],"collection":[{"href":"https:\/\/ecofinishcoatings.com\/fr\/wp-json\/wp\/v2\/pages"}],"about":[{"href":"https:\/\/ecofinishcoatings.com\/fr\/wp-json\/wp\/v2\/types\/page"}],"author":[{"embeddable":true,"href":"https:\/\/ecofinishcoatings.com\/fr\/wp-json\/wp\/v2\/users\/7"}],"replies":[{"embeddable":true,"href":"https:\/\/ecofinishcoatings.com\/fr\/wp-json\/wp\/v2\/comments?post=4030"}],"version-history":[{"count":0,"href":"https:\/\/ecofinishcoatings.com\/fr\/wp-json\/wp\/v2\/pages\/4030\/revisions"}],"wp:attachment":[{"href":"https:\/\/ecofinishcoatings.com\/fr\/wp-json\/wp\/v2\/media?parent=4030"}],"curies":[{"name":"wp","href":"https:\/\/api.w.org\/{rel}","templated":true}]}}