{"id":4020,"date":"2023-01-11T14:54:35","date_gmt":"2023-01-11T14:54:35","guid":{"rendered":"https:\/\/ecofinishcoatings.com\/finitions-de-la-piscine\/"},"modified":"2025-10-20T20:27:09","modified_gmt":"2025-10-20T20:27:09","slug":"finitions-de-la-piscine","status":"publish","type":"page","link":"https:\/\/ecofinishcoatings.com\/fr\/finitions-de-la-piscine\/","title":{"rendered":"Finitions de la piscine"},"content":{"rendered":"<div id=\"cs-content\" class=\"cs-content\"><\/div>\n","protected":false},"excerpt":{"rendered":"<p>Piscines et spas Mirage aquaBRIGHT polyFIBRO Entr\u00e9e de la plage Commercial aquaticLIFE Polyferrous Finitions de la piscine Explorez un large \u00e9ventail de finitions de piscines innovantes gr\u00e2ce \u00e0 notre gamme \u00e9tendue de produits con\u00e7us pour r\u00e9pondre aux exigences uniques de votre projet. Qu&rsquo;il s&rsquo;agisse d&rsquo;un projet r\u00e9sidentiel ou commercial, nous avons la solution parfaite pour r\u00e9pondre \u00e0 vos besoins. A &#8230; <\/p>\n<div><a href=\"https:\/\/ecofinishcoatings.com\/fr\/finitions-de-la-piscine\/\" class=\"more-link\">Read More<\/a><\/div>\n","protected":false},"author":7,"featured_media":0,"parent":0,"menu_order":0,"comment_status":"closed","ping_status":"closed","template":"template-blank-4.php","meta":{"om_disable_all_campaigns":false,"_monsterinsights_skip_tracking":false,"_monsterinsights_sitenote_active":false,"_monsterinsights_sitenote_note":"","_monsterinsights_sitenote_category":0,"_uf_show_specific_survey":0,"_uf_disable_surveys":false,"footnotes":""},"class_list":["post-4020","page","type-page","status-publish","hentry","no-post-thumbnail"],"yoast_head":"<!-- This site is optimized with the Yoast SEO plugin v27.3 - https:\/\/yoast.com\/product\/yoast-seo-wordpress\/ -->\n<title>Finitions de la piscine | ecoFINISH<\/title>\n<meta name=\"description\" content=\"D\u00e9couvrez notre vaste gamme de finitions innovantes pour piscines, soigneusement con\u00e7ues pour r\u00e9pondre aux besoins des projets r\u00e9sidentiels et commerciaux.\" \/>\n<meta name=\"robots\" content=\"index, follow, max-snippet:-1, max-image-preview:large, max-video-preview:-1\" \/>\n<link rel=\"canonical\" href=\"https:\/\/ecofinishcoatings.com\/fr\/finitions-de-la-piscine\/\" \/>\n<meta property=\"og:locale\" content=\"fr_FR\" \/>\n<meta property=\"og:type\" content=\"article\" \/>\n<meta property=\"og:title\" content=\"Finitions de la piscine | ecoFINISH\" \/>\n<meta property=\"og:description\" content=\"D\u00e9couvrez notre vaste gamme de finitions innovantes pour piscines, soigneusement con\u00e7ues pour r\u00e9pondre aux besoins des projets r\u00e9sidentiels et commerciaux.\" \/>\n<meta property=\"og:url\" content=\"https:\/\/ecofinishcoatings.com\/fr\/finitions-de-la-piscine\/\" \/>\n<meta property=\"og:site_name\" content=\"ecoFINISH Coatings\" \/>\n<meta property=\"article:modified_time\" content=\"2025-10-20T20:27:09+00:00\" \/>\n<meta name=\"twitter:card\" content=\"summary_large_image\" \/>\n<meta name=\"twitter:label1\" content=\"Dur\u00e9e de lecture estim\u00e9e\" \/>\n\t<meta name=\"twitter:data1\" content=\"14 minutes\" \/>\n<script type=\"application\/ld+json\" class=\"yoast-schema-graph\">{\"@context\":\"https:\\\/\\\/schema.org\",\"@graph\":[{\"@type\":\"WebPage\",\"@id\":\"https:\\\/\\\/ecofinishcoatings.com\\\/fr\\\/finitions-de-la-piscine\\\/\",\"url\":\"https:\\\/\\\/ecofinishcoatings.com\\\/fr\\\/finitions-de-la-piscine\\\/\",\"name\":\"Finitions de la piscine | ecoFINISH\",\"isPartOf\":{\"@id\":\"https:\\\/\\\/ecofinishcoatings.com\\\/fr\\\/#website\"},\"datePublished\":\"2023-01-11T14:54:35+00:00\",\"dateModified\":\"2025-10-20T20:27:09+00:00\",\"description\":\"D\u00e9couvrez notre vaste gamme de finitions innovantes pour piscines, soigneusement con\u00e7ues pour r\u00e9pondre aux besoins des projets r\u00e9sidentiels et commerciaux.\",\"breadcrumb\":{\"@id\":\"https:\\\/\\\/ecofinishcoatings.com\\\/fr\\\/finitions-de-la-piscine\\\/#breadcrumb\"},\"inLanguage\":\"fr-FR\",\"potentialAction\":[{\"@type\":\"ReadAction\",\"target\":[\"https:\\\/\\\/ecofinishcoatings.com\\\/fr\\\/finitions-de-la-piscine\\\/\"]}]},{\"@type\":\"BreadcrumbList\",\"@id\":\"https:\\\/\\\/ecofinishcoatings.com\\\/fr\\\/finitions-de-la-piscine\\\/#breadcrumb\",\"itemListElement\":[{\"@type\":\"ListItem\",\"position\":1,\"name\":\"Home\",\"item\":\"https:\\\/\\\/ecofinishcoatings.com\\\/fr\\\/accueil\\\/\"},{\"@type\":\"ListItem\",\"position\":2,\"name\":\"Finitions de la piscine\"}]},{\"@type\":\"WebSite\",\"@id\":\"https:\\\/\\\/ecofinishcoatings.com\\\/fr\\\/#website\",\"url\":\"https:\\\/\\\/ecofinishcoatings.com\\\/fr\\\/\",\"name\":\"ecoFINISH Coatings\",\"description\":\"a new era of coatings\",\"potentialAction\":[{\"@type\":\"SearchAction\",\"target\":{\"@type\":\"EntryPoint\",\"urlTemplate\":\"https:\\\/\\\/ecofinishcoatings.com\\\/fr\\\/?s={search_term_string}\"},\"query-input\":{\"@type\":\"PropertyValueSpecification\",\"valueRequired\":true,\"valueName\":\"search_term_string\"}}],\"inLanguage\":\"fr-FR\"}]}<\/script>\n<!-- \/ Yoast SEO plugin. -->","yoast_head_json":{"title":"Finitions de la piscine | ecoFINISH","description":"D\u00e9couvrez notre vaste gamme de finitions innovantes pour piscines, soigneusement con\u00e7ues pour r\u00e9pondre aux besoins des projets r\u00e9sidentiels et commerciaux.","robots":{"index":"index","follow":"follow","max-snippet":"max-snippet:-1","max-image-preview":"max-image-preview:large","max-video-preview":"max-video-preview:-1"},"canonical":"https:\/\/ecofinishcoatings.com\/fr\/finitions-de-la-piscine\/","og_locale":"fr_FR","og_type":"article","og_title":"Finitions de la piscine | ecoFINISH","og_description":"D\u00e9couvrez notre vaste gamme de finitions innovantes pour piscines, soigneusement con\u00e7ues pour r\u00e9pondre aux besoins des projets r\u00e9sidentiels et commerciaux.","og_url":"https:\/\/ecofinishcoatings.com\/fr\/finitions-de-la-piscine\/","og_site_name":"ecoFINISH Coatings","article_modified_time":"2025-10-20T20:27:09+00:00","twitter_card":"summary_large_image","twitter_misc":{"Dur\u00e9e de lecture estim\u00e9e":"14 minutes"},"schema":{"@context":"https:\/\/schema.org","@graph":[{"@type":"WebPage","@id":"https:\/\/ecofinishcoatings.com\/fr\/finitions-de-la-piscine\/","url":"https:\/\/ecofinishcoatings.com\/fr\/finitions-de-la-piscine\/","name":"Finitions de la piscine | ecoFINISH","isPartOf":{"@id":"https:\/\/ecofinishcoatings.com\/fr\/#website"},"datePublished":"2023-01-11T14:54:35+00:00","dateModified":"2025-10-20T20:27:09+00:00","description":"D\u00e9couvrez notre vaste gamme de finitions innovantes pour piscines, soigneusement con\u00e7ues pour r\u00e9pondre aux besoins des projets r\u00e9sidentiels et commerciaux.","breadcrumb":{"@id":"https:\/\/ecofinishcoatings.com\/fr\/finitions-de-la-piscine\/#breadcrumb"},"inLanguage":"fr-FR","potentialAction":[{"@type":"ReadAction","target":["https:\/\/ecofinishcoatings.com\/fr\/finitions-de-la-piscine\/"]}]},{"@type":"BreadcrumbList","@id":"https:\/\/ecofinishcoatings.com\/fr\/finitions-de-la-piscine\/#breadcrumb","itemListElement":[{"@type":"ListItem","position":1,"name":"Home","item":"https:\/\/ecofinishcoatings.com\/fr\/accueil\/"},{"@type":"ListItem","position":2,"name":"Finitions de la piscine"}]},{"@type":"WebSite","@id":"https:\/\/ecofinishcoatings.com\/fr\/#website","url":"https:\/\/ecofinishcoatings.com\/fr\/","name":"ecoFINISH Coatings","description":"a new era of coatings","potentialAction":[{"@type":"SearchAction","target":{"@type":"EntryPoint","urlTemplate":"https:\/\/ecofinishcoatings.com\/fr\/?s={search_term_string}"},"query-input":{"@type":"PropertyValueSpecification","valueRequired":true,"valueName":"search_term_string"}}],"inLanguage":"fr-FR"}]}},"_links":{"self":[{"href":"https:\/\/ecofinishcoatings.com\/fr\/wp-json\/wp\/v2\/pages\/4020","targetHints":{"allow":["GET"]}}],"collection":[{"href":"https:\/\/ecofinishcoatings.com\/fr\/wp-json\/wp\/v2\/pages"}],"about":[{"href":"https:\/\/ecofinishcoatings.com\/fr\/wp-json\/wp\/v2\/types\/page"}],"author":[{"embeddable":true,"href":"https:\/\/ecofinishcoatings.com\/fr\/wp-json\/wp\/v2\/users\/7"}],"replies":[{"embeddable":true,"href":"https:\/\/ecofinishcoatings.com\/fr\/wp-json\/wp\/v2\/comments?post=4020"}],"version-history":[{"count":0,"href":"https:\/\/ecofinishcoatings.com\/fr\/wp-json\/wp\/v2\/pages\/4020\/revisions"}],"wp:attachment":[{"href":"https:\/\/ecofinishcoatings.com\/fr\/wp-json\/wp\/v2\/media?parent=4020"}],"curies":[{"name":"wp","href":"https:\/\/api.w.org\/{rel}","templated":true}]}}