{"id":4015,"date":"2022-11-03T17:53:54","date_gmt":"2022-11-03T17:53:54","guid":{"rendered":"https:\/\/ecofinishcoatings.com\/polyfibro\/"},"modified":"2025-10-21T14:30:50","modified_gmt":"2025-10-21T14:30:50","slug":"polyfibro","status":"publish","type":"page","link":"https:\/\/ecofinishcoatings.com\/fr\/polyfibro\/","title":{"rendered":"Polyfibro"},"content":{"rendered":"<div id=\"cs-content\" class=\"cs-content\"><\/div>\n","protected":false},"excerpt":{"rendered":"<p>polyFIBRO\u00ae polyFIBRO\u00ae est un rev\u00eatement aquatique scientifiquement formul\u00e9\u00a0rev\u00eatement aquatique con\u00e7u pour r\u00e9soudre les probl\u00e8mes pos\u00e9s par les finitions gelcoat traditionnelles. Le rev\u00eatement thermo-polym\u00e8re est durable et ne s&rsquo;\u00e9caille pas, ne se d\u00e9colle pas et ne se fissure pas comme les finitions traditionnelles en gelcoat ou en peinture. polyFIBRO\u00ae est la gamme de rev\u00eatements aquatiques pour piscines en fibre de verre &#8230; <\/p>\n<div><a href=\"https:\/\/ecofinishcoatings.com\/fr\/polyfibro\/\" class=\"more-link\">Read More<\/a><\/div>\n","protected":false},"author":7,"featured_media":0,"parent":0,"menu_order":0,"comment_status":"closed","ping_status":"closed","template":"template-blank-4.php","meta":{"om_disable_all_campaigns":false,"_monsterinsights_skip_tracking":false,"_monsterinsights_sitenote_active":false,"_monsterinsights_sitenote_note":"","_monsterinsights_sitenote_category":0,"_uf_show_specific_survey":0,"_uf_disable_surveys":false,"footnotes":""},"class_list":["post-4015","page","type-page","status-publish","hentry","no-post-thumbnail"],"yoast_head":"<!-- This site is optimized with the Yoast SEO plugin v27.3 - https:\/\/yoast.com\/product\/yoast-seo-wordpress\/ -->\n<title>polyFIBRO - rev\u00eatement en fibre de verre pour piscines<\/title>\n<meta name=\"description\" content=\"D\u00e9couvrez polyFIBRO - un rev\u00eatement aquatique flexible et facilement r\u00e9parable. Transformez votre piscine en une oasis haut de gamme n\u00e9cessitant peu d&#039;entretien.\" \/>\n<meta name=\"robots\" content=\"index, follow, max-snippet:-1, max-image-preview:large, max-video-preview:-1\" \/>\n<link rel=\"canonical\" href=\"https:\/\/ecofinishcoatings.com\/fr\/polyfibro\/\" \/>\n<meta property=\"og:locale\" content=\"fr_FR\" \/>\n<meta property=\"og:type\" content=\"article\" \/>\n<meta property=\"og:title\" content=\"polyFIBRO - rev\u00eatement en fibre de verre pour piscines\" \/>\n<meta property=\"og:description\" content=\"D\u00e9couvrez polyFIBRO - un rev\u00eatement aquatique flexible et facilement r\u00e9parable. Transformez votre piscine en une oasis haut de gamme n\u00e9cessitant peu d&#039;entretien.\" \/>\n<meta property=\"og:url\" content=\"https:\/\/ecofinishcoatings.com\/fr\/polyfibro\/\" \/>\n<meta property=\"og:site_name\" content=\"ecoFINISH Coatings\" \/>\n<meta property=\"article:modified_time\" content=\"2025-10-21T14:30:50+00:00\" \/>\n<meta name=\"twitter:card\" content=\"summary_large_image\" \/>\n<meta name=\"twitter:label1\" content=\"Dur\u00e9e de lecture estim\u00e9e\" \/>\n\t<meta name=\"twitter:data1\" content=\"10 minutes\" \/>\n<script type=\"application\/ld+json\" class=\"yoast-schema-graph\">{\"@context\":\"https:\\\/\\\/schema.org\",\"@graph\":[{\"@type\":\"WebPage\",\"@id\":\"https:\\\/\\\/ecofinishcoatings.com\\\/fr\\\/polyfibro\\\/\",\"url\":\"https:\\\/\\\/ecofinishcoatings.com\\\/fr\\\/polyfibro\\\/\",\"name\":\"polyFIBRO - rev\u00eatement en fibre de verre pour piscines\",\"isPartOf\":{\"@id\":\"https:\\\/\\\/ecofinishcoatings.com\\\/fr\\\/#website\"},\"datePublished\":\"2022-11-03T17:53:54+00:00\",\"dateModified\":\"2025-10-21T14:30:50+00:00\",\"description\":\"D\u00e9couvrez polyFIBRO - un rev\u00eatement aquatique flexible et facilement r\u00e9parable. Transformez votre piscine en une oasis haut de gamme n\u00e9cessitant peu d'entretien.\",\"breadcrumb\":{\"@id\":\"https:\\\/\\\/ecofinishcoatings.com\\\/fr\\\/polyfibro\\\/#breadcrumb\"},\"inLanguage\":\"fr-FR\",\"potentialAction\":[{\"@type\":\"ReadAction\",\"target\":[\"https:\\\/\\\/ecofinishcoatings.com\\\/fr\\\/polyfibro\\\/\"]}]},{\"@type\":\"BreadcrumbList\",\"@id\":\"https:\\\/\\\/ecofinishcoatings.com\\\/fr\\\/polyfibro\\\/#breadcrumb\",\"itemListElement\":[{\"@type\":\"ListItem\",\"position\":1,\"name\":\"Home\",\"item\":\"https:\\\/\\\/ecofinishcoatings.com\\\/fr\\\/accueil\\\/\"},{\"@type\":\"ListItem\",\"position\":2,\"name\":\"Polyfibro\"}]},{\"@type\":\"WebSite\",\"@id\":\"https:\\\/\\\/ecofinishcoatings.com\\\/fr\\\/#website\",\"url\":\"https:\\\/\\\/ecofinishcoatings.com\\\/fr\\\/\",\"name\":\"ecoFINISH Coatings\",\"description\":\"a new era of coatings\",\"potentialAction\":[{\"@type\":\"SearchAction\",\"target\":{\"@type\":\"EntryPoint\",\"urlTemplate\":\"https:\\\/\\\/ecofinishcoatings.com\\\/fr\\\/?s={search_term_string}\"},\"query-input\":{\"@type\":\"PropertyValueSpecification\",\"valueRequired\":true,\"valueName\":\"search_term_string\"}}],\"inLanguage\":\"fr-FR\"}]}<\/script>\n<!-- \/ Yoast SEO plugin. -->","yoast_head_json":{"title":"polyFIBRO - rev\u00eatement en fibre de verre pour piscines","description":"D\u00e9couvrez polyFIBRO - un rev\u00eatement aquatique flexible et facilement r\u00e9parable. Transformez votre piscine en une oasis haut de gamme n\u00e9cessitant peu d'entretien.","robots":{"index":"index","follow":"follow","max-snippet":"max-snippet:-1","max-image-preview":"max-image-preview:large","max-video-preview":"max-video-preview:-1"},"canonical":"https:\/\/ecofinishcoatings.com\/fr\/polyfibro\/","og_locale":"fr_FR","og_type":"article","og_title":"polyFIBRO - rev\u00eatement en fibre de verre pour piscines","og_description":"D\u00e9couvrez polyFIBRO - un rev\u00eatement aquatique flexible et facilement r\u00e9parable. Transformez votre piscine en une oasis haut de gamme n\u00e9cessitant peu d'entretien.","og_url":"https:\/\/ecofinishcoatings.com\/fr\/polyfibro\/","og_site_name":"ecoFINISH Coatings","article_modified_time":"2025-10-21T14:30:50+00:00","twitter_card":"summary_large_image","twitter_misc":{"Dur\u00e9e de lecture estim\u00e9e":"10 minutes"},"schema":{"@context":"https:\/\/schema.org","@graph":[{"@type":"WebPage","@id":"https:\/\/ecofinishcoatings.com\/fr\/polyfibro\/","url":"https:\/\/ecofinishcoatings.com\/fr\/polyfibro\/","name":"polyFIBRO - rev\u00eatement en fibre de verre pour piscines","isPartOf":{"@id":"https:\/\/ecofinishcoatings.com\/fr\/#website"},"datePublished":"2022-11-03T17:53:54+00:00","dateModified":"2025-10-21T14:30:50+00:00","description":"D\u00e9couvrez polyFIBRO - un rev\u00eatement aquatique flexible et facilement r\u00e9parable. Transformez votre piscine en une oasis haut de gamme n\u00e9cessitant peu d'entretien.","breadcrumb":{"@id":"https:\/\/ecofinishcoatings.com\/fr\/polyfibro\/#breadcrumb"},"inLanguage":"fr-FR","potentialAction":[{"@type":"ReadAction","target":["https:\/\/ecofinishcoatings.com\/fr\/polyfibro\/"]}]},{"@type":"BreadcrumbList","@id":"https:\/\/ecofinishcoatings.com\/fr\/polyfibro\/#breadcrumb","itemListElement":[{"@type":"ListItem","position":1,"name":"Home","item":"https:\/\/ecofinishcoatings.com\/fr\/accueil\/"},{"@type":"ListItem","position":2,"name":"Polyfibro"}]},{"@type":"WebSite","@id":"https:\/\/ecofinishcoatings.com\/fr\/#website","url":"https:\/\/ecofinishcoatings.com\/fr\/","name":"ecoFINISH Coatings","description":"a new era of coatings","potentialAction":[{"@type":"SearchAction","target":{"@type":"EntryPoint","urlTemplate":"https:\/\/ecofinishcoatings.com\/fr\/?s={search_term_string}"},"query-input":{"@type":"PropertyValueSpecification","valueRequired":true,"valueName":"search_term_string"}}],"inLanguage":"fr-FR"}]}},"_links":{"self":[{"href":"https:\/\/ecofinishcoatings.com\/fr\/wp-json\/wp\/v2\/pages\/4015","targetHints":{"allow":["GET"]}}],"collection":[{"href":"https:\/\/ecofinishcoatings.com\/fr\/wp-json\/wp\/v2\/pages"}],"about":[{"href":"https:\/\/ecofinishcoatings.com\/fr\/wp-json\/wp\/v2\/types\/page"}],"author":[{"embeddable":true,"href":"https:\/\/ecofinishcoatings.com\/fr\/wp-json\/wp\/v2\/users\/7"}],"replies":[{"embeddable":true,"href":"https:\/\/ecofinishcoatings.com\/fr\/wp-json\/wp\/v2\/comments?post=4015"}],"version-history":[{"count":0,"href":"https:\/\/ecofinishcoatings.com\/fr\/wp-json\/wp\/v2\/pages\/4015\/revisions"}],"wp:attachment":[{"href":"https:\/\/ecofinishcoatings.com\/fr\/wp-json\/wp\/v2\/media?parent=4015"}],"curies":[{"name":"wp","href":"https:\/\/api.w.org\/{rel}","templated":true}]}}