{"id":4009,"date":"2022-11-11T18:41:51","date_gmt":"2022-11-11T18:41:51","guid":{"rendered":"https:\/\/ecofinishcoatings.com\/revetements-dentree-de-plage\/"},"modified":"2025-10-21T15:00:49","modified_gmt":"2025-10-21T15:00:49","slug":"revetements-dentree-de-plage","status":"publish","type":"page","link":"https:\/\/ecofinishcoatings.com\/fr\/revetements-dentree-de-plage\/","title":{"rendered":"Rev\u00eatements d&rsquo;entr\u00e9e de plage"},"content":{"rendered":"<div id=\"cs-content\" class=\"cs-content\"><\/div>\n","protected":false},"excerpt":{"rendered":"<p>Rev\u00eatements d&rsquo;entr\u00e9e de plage Les rev\u00eatements pour entr\u00e9es de plage sont la solution id\u00e9ale pour pr\u00e9venir les glissades et les chutes dans les lieux commerciaux tels que les parcs aquatiques et les centres de loisirs. Am\u00e9liorez l&rsquo;exp\u00e9rience de vos clients en ajoutant une couche suppl\u00e9mentaire de protection dans les zones \u00e0 fort trafic. Rev\u00eatements pour entr\u00e9es de plage par ecoFINISH\u00ae &#8230; <\/p>\n<div><a href=\"https:\/\/ecofinishcoatings.com\/fr\/revetements-dentree-de-plage\/\" class=\"more-link\">Read More<\/a><\/div>\n","protected":false},"author":7,"featured_media":0,"parent":0,"menu_order":0,"comment_status":"closed","ping_status":"closed","template":"template-blank-4.php","meta":{"om_disable_all_campaigns":false,"_monsterinsights_skip_tracking":false,"_monsterinsights_sitenote_active":false,"_monsterinsights_sitenote_note":"","_monsterinsights_sitenote_category":0,"_uf_show_specific_survey":0,"_uf_disable_surveys":false,"footnotes":""},"class_list":["post-4009","page","type-page","status-publish","hentry","no-post-thumbnail"],"yoast_head":"<!-- This site is optimized with the Yoast SEO plugin v27.3 - https:\/\/yoast.com\/product\/yoast-seo-wordpress\/ -->\n<title>Rev\u00eatements pour entr\u00e9es de plage | Rev\u00eatements ecoFINISH<\/title>\n<meta name=\"description\" content=\"Am\u00e9liorez votre s\u00e9curit\u00e9 et votre plaisir gr\u00e2ce \u00e0 nos rev\u00eatements pour entr\u00e9es de plage. D\u00e9couvrez des solutions durables, protectrices et antid\u00e9rapantes dans diff\u00e9rentes couleurs.\" \/>\n<meta name=\"robots\" content=\"index, follow, max-snippet:-1, max-image-preview:large, max-video-preview:-1\" \/>\n<link rel=\"canonical\" href=\"https:\/\/ecofinishcoatings.com\/fr\/revetements-dentree-de-plage\/\" \/>\n<meta property=\"og:locale\" content=\"fr_FR\" \/>\n<meta property=\"og:type\" content=\"article\" \/>\n<meta property=\"og:title\" content=\"Rev\u00eatements pour entr\u00e9es de plage | Rev\u00eatements ecoFINISH\" \/>\n<meta property=\"og:description\" content=\"Am\u00e9liorez votre s\u00e9curit\u00e9 et votre plaisir gr\u00e2ce \u00e0 nos rev\u00eatements pour entr\u00e9es de plage. D\u00e9couvrez des solutions durables, protectrices et antid\u00e9rapantes dans diff\u00e9rentes couleurs.\" \/>\n<meta property=\"og:url\" content=\"https:\/\/ecofinishcoatings.com\/fr\/revetements-dentree-de-plage\/\" \/>\n<meta property=\"og:site_name\" content=\"ecoFINISH Coatings\" \/>\n<meta property=\"article:modified_time\" content=\"2025-10-21T15:00:49+00:00\" \/>\n<meta name=\"twitter:card\" content=\"summary_large_image\" \/>\n<meta name=\"twitter:label1\" content=\"Dur\u00e9e de lecture estim\u00e9e\" \/>\n\t<meta name=\"twitter:data1\" content=\"5 minutes\" \/>\n<script type=\"application\/ld+json\" class=\"yoast-schema-graph\">{\"@context\":\"https:\\\/\\\/schema.org\",\"@graph\":[{\"@type\":\"WebPage\",\"@id\":\"https:\\\/\\\/ecofinishcoatings.com\\\/fr\\\/revetements-dentree-de-plage\\\/\",\"url\":\"https:\\\/\\\/ecofinishcoatings.com\\\/fr\\\/revetements-dentree-de-plage\\\/\",\"name\":\"Rev\u00eatements pour entr\u00e9es de plage | Rev\u00eatements ecoFINISH\",\"isPartOf\":{\"@id\":\"https:\\\/\\\/ecofinishcoatings.com\\\/fr\\\/#website\"},\"datePublished\":\"2022-11-11T18:41:51+00:00\",\"dateModified\":\"2025-10-21T15:00:49+00:00\",\"description\":\"Am\u00e9liorez votre s\u00e9curit\u00e9 et votre plaisir gr\u00e2ce \u00e0 nos rev\u00eatements pour entr\u00e9es de plage. D\u00e9couvrez des solutions durables, protectrices et antid\u00e9rapantes dans diff\u00e9rentes couleurs.\",\"breadcrumb\":{\"@id\":\"https:\\\/\\\/ecofinishcoatings.com\\\/fr\\\/revetements-dentree-de-plage\\\/#breadcrumb\"},\"inLanguage\":\"fr-FR\",\"potentialAction\":[{\"@type\":\"ReadAction\",\"target\":[\"https:\\\/\\\/ecofinishcoatings.com\\\/fr\\\/revetements-dentree-de-plage\\\/\"]}]},{\"@type\":\"BreadcrumbList\",\"@id\":\"https:\\\/\\\/ecofinishcoatings.com\\\/fr\\\/revetements-dentree-de-plage\\\/#breadcrumb\",\"itemListElement\":[{\"@type\":\"ListItem\",\"position\":1,\"name\":\"Home\",\"item\":\"https:\\\/\\\/ecofinishcoatings.com\\\/fr\\\/accueil\\\/\"},{\"@type\":\"ListItem\",\"position\":2,\"name\":\"Rev\u00eatements d&#8217;entr\u00e9e de plage\"}]},{\"@type\":\"WebSite\",\"@id\":\"https:\\\/\\\/ecofinishcoatings.com\\\/fr\\\/#website\",\"url\":\"https:\\\/\\\/ecofinishcoatings.com\\\/fr\\\/\",\"name\":\"ecoFINISH Coatings\",\"description\":\"a new era of coatings\",\"potentialAction\":[{\"@type\":\"SearchAction\",\"target\":{\"@type\":\"EntryPoint\",\"urlTemplate\":\"https:\\\/\\\/ecofinishcoatings.com\\\/fr\\\/?s={search_term_string}\"},\"query-input\":{\"@type\":\"PropertyValueSpecification\",\"valueRequired\":true,\"valueName\":\"search_term_string\"}}],\"inLanguage\":\"fr-FR\"}]}<\/script>\n<!-- \/ Yoast SEO plugin. -->","yoast_head_json":{"title":"Rev\u00eatements pour entr\u00e9es de plage | Rev\u00eatements ecoFINISH","description":"Am\u00e9liorez votre s\u00e9curit\u00e9 et votre plaisir gr\u00e2ce \u00e0 nos rev\u00eatements pour entr\u00e9es de plage. D\u00e9couvrez des solutions durables, protectrices et antid\u00e9rapantes dans diff\u00e9rentes couleurs.","robots":{"index":"index","follow":"follow","max-snippet":"max-snippet:-1","max-image-preview":"max-image-preview:large","max-video-preview":"max-video-preview:-1"},"canonical":"https:\/\/ecofinishcoatings.com\/fr\/revetements-dentree-de-plage\/","og_locale":"fr_FR","og_type":"article","og_title":"Rev\u00eatements pour entr\u00e9es de plage | Rev\u00eatements ecoFINISH","og_description":"Am\u00e9liorez votre s\u00e9curit\u00e9 et votre plaisir gr\u00e2ce \u00e0 nos rev\u00eatements pour entr\u00e9es de plage. D\u00e9couvrez des solutions durables, protectrices et antid\u00e9rapantes dans diff\u00e9rentes couleurs.","og_url":"https:\/\/ecofinishcoatings.com\/fr\/revetements-dentree-de-plage\/","og_site_name":"ecoFINISH Coatings","article_modified_time":"2025-10-21T15:00:49+00:00","twitter_card":"summary_large_image","twitter_misc":{"Dur\u00e9e de lecture estim\u00e9e":"5 minutes"},"schema":{"@context":"https:\/\/schema.org","@graph":[{"@type":"WebPage","@id":"https:\/\/ecofinishcoatings.com\/fr\/revetements-dentree-de-plage\/","url":"https:\/\/ecofinishcoatings.com\/fr\/revetements-dentree-de-plage\/","name":"Rev\u00eatements pour entr\u00e9es de plage | Rev\u00eatements ecoFINISH","isPartOf":{"@id":"https:\/\/ecofinishcoatings.com\/fr\/#website"},"datePublished":"2022-11-11T18:41:51+00:00","dateModified":"2025-10-21T15:00:49+00:00","description":"Am\u00e9liorez votre s\u00e9curit\u00e9 et votre plaisir gr\u00e2ce \u00e0 nos rev\u00eatements pour entr\u00e9es de plage. D\u00e9couvrez des solutions durables, protectrices et antid\u00e9rapantes dans diff\u00e9rentes couleurs.","breadcrumb":{"@id":"https:\/\/ecofinishcoatings.com\/fr\/revetements-dentree-de-plage\/#breadcrumb"},"inLanguage":"fr-FR","potentialAction":[{"@type":"ReadAction","target":["https:\/\/ecofinishcoatings.com\/fr\/revetements-dentree-de-plage\/"]}]},{"@type":"BreadcrumbList","@id":"https:\/\/ecofinishcoatings.com\/fr\/revetements-dentree-de-plage\/#breadcrumb","itemListElement":[{"@type":"ListItem","position":1,"name":"Home","item":"https:\/\/ecofinishcoatings.com\/fr\/accueil\/"},{"@type":"ListItem","position":2,"name":"Rev\u00eatements d&#8217;entr\u00e9e de plage"}]},{"@type":"WebSite","@id":"https:\/\/ecofinishcoatings.com\/fr\/#website","url":"https:\/\/ecofinishcoatings.com\/fr\/","name":"ecoFINISH Coatings","description":"a new era of coatings","potentialAction":[{"@type":"SearchAction","target":{"@type":"EntryPoint","urlTemplate":"https:\/\/ecofinishcoatings.com\/fr\/?s={search_term_string}"},"query-input":{"@type":"PropertyValueSpecification","valueRequired":true,"valueName":"search_term_string"}}],"inLanguage":"fr-FR"}]}},"_links":{"self":[{"href":"https:\/\/ecofinishcoatings.com\/fr\/wp-json\/wp\/v2\/pages\/4009","targetHints":{"allow":["GET"]}}],"collection":[{"href":"https:\/\/ecofinishcoatings.com\/fr\/wp-json\/wp\/v2\/pages"}],"about":[{"href":"https:\/\/ecofinishcoatings.com\/fr\/wp-json\/wp\/v2\/types\/page"}],"author":[{"embeddable":true,"href":"https:\/\/ecofinishcoatings.com\/fr\/wp-json\/wp\/v2\/users\/7"}],"replies":[{"embeddable":true,"href":"https:\/\/ecofinishcoatings.com\/fr\/wp-json\/wp\/v2\/comments?post=4009"}],"version-history":[{"count":0,"href":"https:\/\/ecofinishcoatings.com\/fr\/wp-json\/wp\/v2\/pages\/4009\/revisions"}],"wp:attachment":[{"href":"https:\/\/ecofinishcoatings.com\/fr\/wp-json\/wp\/v2\/media?parent=4009"}],"curies":[{"name":"wp","href":"https:\/\/api.w.org\/{rel}","templated":true}]}}