{"id":4006,"date":"2022-11-11T18:04:59","date_gmt":"2022-11-11T18:04:59","guid":{"rendered":"https:\/\/ecofinishcoatings.com\/revetements-commerciaux\/"},"modified":"2025-10-21T14:32:51","modified_gmt":"2025-10-21T14:32:51","slug":"revetements-commerciaux","status":"publish","type":"page","link":"https:\/\/ecofinishcoatings.com\/fr\/revetements-commerciaux\/","title":{"rendered":"Rev\u00eatements commerciaux"},"content":{"rendered":"<div id=\"cs-content\" class=\"cs-content\"><\/div>\n","protected":false},"excerpt":{"rendered":"<p>Rev\u00eatements commerciaux Applications antid\u00e9rapantes pour les rev\u00eatements commerciaux Tout espace aquatique \u00e0 forte fr\u00e9quentation, comme les entr\u00e9es de toboggans, les bassins \u00e0 entr\u00e9e z\u00e9ro et les pataugeoires, peut \u00eatre \u00e9quip\u00e9 en toute s\u00e9curit\u00e9 d&rsquo; aquaBRIGHT\u2122 et polyFIBRO\u00ae peuvent \u00eatre appliqu\u00e9s en toute s\u00e9curit\u00e9. Notre proc\u00e9d\u00e9 d&rsquo;application antid\u00e9rapant pour aquaBRIGHT\u2122 et polyFIBRO\u00ae est id\u00e9al pour les surfaces telles que les marches, &#8230; <\/p>\n<div><a href=\"https:\/\/ecofinishcoatings.com\/fr\/revetements-commerciaux\/\" class=\"more-link\">Read More<\/a><\/div>\n","protected":false},"author":7,"featured_media":0,"parent":0,"menu_order":0,"comment_status":"closed","ping_status":"closed","template":"template-blank-4.php","meta":{"om_disable_all_campaigns":false,"_monsterinsights_skip_tracking":false,"_monsterinsights_sitenote_active":false,"_monsterinsights_sitenote_note":"","_monsterinsights_sitenote_category":0,"_uf_show_specific_survey":0,"_uf_disable_surveys":false,"footnotes":""},"class_list":["post-4006","page","type-page","status-publish","hentry","no-post-thumbnail"],"yoast_head":"<!-- This site is optimized with the Yoast SEO plugin v27.5 - https:\/\/yoast.com\/product\/yoast-seo-wordpress\/ -->\n<title>Rev\u00eatements commerciaux - ecoFINISH<\/title>\n<meta name=\"description\" content=\"Am\u00e9liorez votre piscine commerciale avec la seule finition de piscine class\u00e9e NSF 61 au monde. D\u00e9couvrez les avantages des rev\u00eatements commerciaux aquaBRIGHT\u2122.\" \/>\n<meta name=\"robots\" content=\"index, follow, max-snippet:-1, max-image-preview:large, max-video-preview:-1\" \/>\n<link rel=\"canonical\" href=\"https:\/\/ecofinishcoatings.com\/fr\/revetements-commerciaux\/\" \/>\n<meta property=\"og:locale\" content=\"fr_FR\" \/>\n<meta property=\"og:type\" content=\"article\" \/>\n<meta property=\"og:title\" content=\"Rev\u00eatements commerciaux - ecoFINISH\" \/>\n<meta property=\"og:description\" content=\"Am\u00e9liorez votre piscine commerciale avec la seule finition de piscine class\u00e9e NSF 61 au monde. D\u00e9couvrez les avantages des rev\u00eatements commerciaux aquaBRIGHT\u2122.\" \/>\n<meta property=\"og:url\" content=\"https:\/\/ecofinishcoatings.com\/fr\/revetements-commerciaux\/\" \/>\n<meta property=\"og:site_name\" content=\"ecoFINISH Coatings\" \/>\n<meta property=\"article:modified_time\" content=\"2025-10-21T14:32:51+00:00\" \/>\n<meta name=\"twitter:card\" content=\"summary_large_image\" \/>\n<meta name=\"twitter:label1\" content=\"Dur\u00e9e de lecture estim\u00e9e\" \/>\n\t<meta name=\"twitter:data1\" content=\"8 minutes\" \/>\n<script type=\"application\/ld+json\" class=\"yoast-schema-graph\">{\"@context\":\"https:\\\/\\\/schema.org\",\"@graph\":[{\"@type\":\"WebPage\",\"@id\":\"https:\\\/\\\/ecofinishcoatings.com\\\/fr\\\/revetements-commerciaux\\\/\",\"url\":\"https:\\\/\\\/ecofinishcoatings.com\\\/fr\\\/revetements-commerciaux\\\/\",\"name\":\"Rev\u00eatements commerciaux - ecoFINISH\",\"isPartOf\":{\"@id\":\"https:\\\/\\\/ecofinishcoatings.com\\\/fr\\\/#website\"},\"datePublished\":\"2022-11-11T18:04:59+00:00\",\"dateModified\":\"2025-10-21T14:32:51+00:00\",\"description\":\"Am\u00e9liorez votre piscine commerciale avec la seule finition de piscine class\u00e9e NSF 61 au monde. D\u00e9couvrez les avantages des rev\u00eatements commerciaux aquaBRIGHT\u2122.\",\"breadcrumb\":{\"@id\":\"https:\\\/\\\/ecofinishcoatings.com\\\/fr\\\/revetements-commerciaux\\\/#breadcrumb\"},\"inLanguage\":\"fr-FR\",\"potentialAction\":[{\"@type\":\"ReadAction\",\"target\":[\"https:\\\/\\\/ecofinishcoatings.com\\\/fr\\\/revetements-commerciaux\\\/\"]}]},{\"@type\":\"BreadcrumbList\",\"@id\":\"https:\\\/\\\/ecofinishcoatings.com\\\/fr\\\/revetements-commerciaux\\\/#breadcrumb\",\"itemListElement\":[{\"@type\":\"ListItem\",\"position\":1,\"name\":\"Home\",\"item\":\"https:\\\/\\\/ecofinishcoatings.com\\\/fr\\\/accueil\\\/\"},{\"@type\":\"ListItem\",\"position\":2,\"name\":\"Rev\u00eatements commerciaux\"}]},{\"@type\":\"WebSite\",\"@id\":\"https:\\\/\\\/ecofinishcoatings.com\\\/fr\\\/#website\",\"url\":\"https:\\\/\\\/ecofinishcoatings.com\\\/fr\\\/\",\"name\":\"ecoFINISH Coatings\",\"description\":\"a new era of coatings\",\"potentialAction\":[{\"@type\":\"SearchAction\",\"target\":{\"@type\":\"EntryPoint\",\"urlTemplate\":\"https:\\\/\\\/ecofinishcoatings.com\\\/fr\\\/?s={search_term_string}\"},\"query-input\":{\"@type\":\"PropertyValueSpecification\",\"valueRequired\":true,\"valueName\":\"search_term_string\"}}],\"inLanguage\":\"fr-FR\"}]}<\/script>\n<!-- \/ Yoast SEO plugin. -->","yoast_head_json":{"title":"Rev\u00eatements commerciaux - ecoFINISH","description":"Am\u00e9liorez votre piscine commerciale avec la seule finition de piscine class\u00e9e NSF 61 au monde. D\u00e9couvrez les avantages des rev\u00eatements commerciaux aquaBRIGHT\u2122.","robots":{"index":"index","follow":"follow","max-snippet":"max-snippet:-1","max-image-preview":"max-image-preview:large","max-video-preview":"max-video-preview:-1"},"canonical":"https:\/\/ecofinishcoatings.com\/fr\/revetements-commerciaux\/","og_locale":"fr_FR","og_type":"article","og_title":"Rev\u00eatements commerciaux - ecoFINISH","og_description":"Am\u00e9liorez votre piscine commerciale avec la seule finition de piscine class\u00e9e NSF 61 au monde. D\u00e9couvrez les avantages des rev\u00eatements commerciaux aquaBRIGHT\u2122.","og_url":"https:\/\/ecofinishcoatings.com\/fr\/revetements-commerciaux\/","og_site_name":"ecoFINISH Coatings","article_modified_time":"2025-10-21T14:32:51+00:00","twitter_card":"summary_large_image","twitter_misc":{"Dur\u00e9e de lecture estim\u00e9e":"8 minutes"},"schema":{"@context":"https:\/\/schema.org","@graph":[{"@type":"WebPage","@id":"https:\/\/ecofinishcoatings.com\/fr\/revetements-commerciaux\/","url":"https:\/\/ecofinishcoatings.com\/fr\/revetements-commerciaux\/","name":"Rev\u00eatements commerciaux - ecoFINISH","isPartOf":{"@id":"https:\/\/ecofinishcoatings.com\/fr\/#website"},"datePublished":"2022-11-11T18:04:59+00:00","dateModified":"2025-10-21T14:32:51+00:00","description":"Am\u00e9liorez votre piscine commerciale avec la seule finition de piscine class\u00e9e NSF 61 au monde. D\u00e9couvrez les avantages des rev\u00eatements commerciaux aquaBRIGHT\u2122.","breadcrumb":{"@id":"https:\/\/ecofinishcoatings.com\/fr\/revetements-commerciaux\/#breadcrumb"},"inLanguage":"fr-FR","potentialAction":[{"@type":"ReadAction","target":["https:\/\/ecofinishcoatings.com\/fr\/revetements-commerciaux\/"]}]},{"@type":"BreadcrumbList","@id":"https:\/\/ecofinishcoatings.com\/fr\/revetements-commerciaux\/#breadcrumb","itemListElement":[{"@type":"ListItem","position":1,"name":"Home","item":"https:\/\/ecofinishcoatings.com\/fr\/accueil\/"},{"@type":"ListItem","position":2,"name":"Rev\u00eatements commerciaux"}]},{"@type":"WebSite","@id":"https:\/\/ecofinishcoatings.com\/fr\/#website","url":"https:\/\/ecofinishcoatings.com\/fr\/","name":"ecoFINISH Coatings","description":"a new era of coatings","potentialAction":[{"@type":"SearchAction","target":{"@type":"EntryPoint","urlTemplate":"https:\/\/ecofinishcoatings.com\/fr\/?s={search_term_string}"},"query-input":{"@type":"PropertyValueSpecification","valueRequired":true,"valueName":"search_term_string"}}],"inLanguage":"fr-FR"}]}},"_links":{"self":[{"href":"https:\/\/ecofinishcoatings.com\/fr\/wp-json\/wp\/v2\/pages\/4006","targetHints":{"allow":["GET"]}}],"collection":[{"href":"https:\/\/ecofinishcoatings.com\/fr\/wp-json\/wp\/v2\/pages"}],"about":[{"href":"https:\/\/ecofinishcoatings.com\/fr\/wp-json\/wp\/v2\/types\/page"}],"author":[{"embeddable":true,"href":"https:\/\/ecofinishcoatings.com\/fr\/wp-json\/wp\/v2\/users\/7"}],"replies":[{"embeddable":true,"href":"https:\/\/ecofinishcoatings.com\/fr\/wp-json\/wp\/v2\/comments?post=4006"}],"version-history":[{"count":0,"href":"https:\/\/ecofinishcoatings.com\/fr\/wp-json\/wp\/v2\/pages\/4006\/revisions"}],"wp:attachment":[{"href":"https:\/\/ecofinishcoatings.com\/fr\/wp-json\/wp\/v2\/media?parent=4006"}],"curies":[{"name":"wp","href":"https:\/\/api.w.org\/{rel}","templated":true}]}}