{"id":3990,"date":"2024-02-15T18:02:37","date_gmt":"2024-02-15T18:02:37","guid":{"rendered":"https:\/\/ecofinishcoatings.com\/brillo-blanco\/"},"modified":"2025-10-21T14:36:43","modified_gmt":"2025-10-21T14:36:43","slug":"brillo-blanco","status":"publish","type":"page","link":"https:\/\/ecofinishcoatings.com\/fr\/brillo-blanco\/","title":{"rendered":"Brillo Blanco"},"content":{"rendered":"<div id=\"cs-content\" class=\"cs-content\"><\/div>\n","protected":false},"excerpt":{"rendered":"<p>Notre nouvelle collection, , est pr\u00eate pour vous ! Voici la collection Brillo Blanco, une c\u00e9l\u00e9bration des merveilles europ\u00e9ennes. Cette collection m\u00e9ticuleusement fabriqu\u00e9e capture l&rsquo;essence des eaux calmes et claires de l&rsquo;oc\u00e9an, apportant une touche de sophistication chic \u00e0 votre jardin. Cette palette de couleurs modernes et \u00e9l\u00e9gantes est rehauss\u00e9e de taches subtiles qui scintillent comme le soleil sur le &#8230; <\/p>\n<div><a href=\"https:\/\/ecofinishcoatings.com\/fr\/brillo-blanco\/\" class=\"more-link\">Read More<\/a><\/div>\n","protected":false},"author":7,"featured_media":0,"parent":0,"menu_order":0,"comment_status":"closed","ping_status":"closed","template":"template-blank-4.php","meta":{"om_disable_all_campaigns":false,"_monsterinsights_skip_tracking":false,"_monsterinsights_sitenote_active":false,"_monsterinsights_sitenote_note":"","_monsterinsights_sitenote_category":0,"_uf_show_specific_survey":0,"_uf_disable_surveys":false,"footnotes":""},"class_list":["post-3990","page","type-page","status-publish","hentry","no-post-thumbnail"],"yoast_head":"<!-- This site is optimized with the Yoast SEO plugin v27.3 - https:\/\/yoast.com\/product\/yoast-seo-wordpress\/ -->\n<title>Collection Brillo Blanco - Rev\u00eatements ecoFINISH<\/title>\n<meta name=\"description\" content=\"D\u00e9couvrez la collection Brillo Blanco, inspir\u00e9e des merveilles europ\u00e9ennes. Cette collection propose neuf nouvelles couleurs \u00e9tonnantes.\" \/>\n<meta name=\"robots\" content=\"index, follow, max-snippet:-1, max-image-preview:large, max-video-preview:-1\" \/>\n<link rel=\"canonical\" href=\"https:\/\/ecofinishcoatings.com\/fr\/brillo-blanco\/\" \/>\n<meta property=\"og:locale\" content=\"fr_FR\" \/>\n<meta property=\"og:type\" content=\"article\" \/>\n<meta property=\"og:title\" content=\"Collection Brillo Blanco - Rev\u00eatements ecoFINISH\" \/>\n<meta property=\"og:description\" content=\"D\u00e9couvrez la collection Brillo Blanco, inspir\u00e9e des merveilles europ\u00e9ennes. Cette collection propose neuf nouvelles couleurs \u00e9tonnantes.\" \/>\n<meta property=\"og:url\" content=\"https:\/\/ecofinishcoatings.com\/fr\/brillo-blanco\/\" \/>\n<meta property=\"og:site_name\" content=\"ecoFINISH Coatings\" \/>\n<meta property=\"article:modified_time\" content=\"2025-10-21T14:36:43+00:00\" \/>\n<meta name=\"twitter:card\" content=\"summary_large_image\" \/>\n<meta name=\"twitter:label1\" content=\"Dur\u00e9e de lecture estim\u00e9e\" \/>\n\t<meta name=\"twitter:data1\" content=\"8 minutes\" \/>\n<script type=\"application\/ld+json\" class=\"yoast-schema-graph\">{\"@context\":\"https:\\\/\\\/schema.org\",\"@graph\":[{\"@type\":\"WebPage\",\"@id\":\"https:\\\/\\\/ecofinishcoatings.com\\\/fr\\\/brillo-blanco\\\/\",\"url\":\"https:\\\/\\\/ecofinishcoatings.com\\\/fr\\\/brillo-blanco\\\/\",\"name\":\"Collection Brillo Blanco - Rev\u00eatements ecoFINISH\",\"isPartOf\":{\"@id\":\"https:\\\/\\\/ecofinishcoatings.com\\\/fr\\\/#website\"},\"datePublished\":\"2024-02-15T18:02:37+00:00\",\"dateModified\":\"2025-10-21T14:36:43+00:00\",\"description\":\"D\u00e9couvrez la collection Brillo Blanco, inspir\u00e9e des merveilles europ\u00e9ennes. Cette collection propose neuf nouvelles couleurs \u00e9tonnantes.\",\"breadcrumb\":{\"@id\":\"https:\\\/\\\/ecofinishcoatings.com\\\/fr\\\/brillo-blanco\\\/#breadcrumb\"},\"inLanguage\":\"fr-FR\",\"potentialAction\":[{\"@type\":\"ReadAction\",\"target\":[\"https:\\\/\\\/ecofinishcoatings.com\\\/fr\\\/brillo-blanco\\\/\"]}]},{\"@type\":\"BreadcrumbList\",\"@id\":\"https:\\\/\\\/ecofinishcoatings.com\\\/fr\\\/brillo-blanco\\\/#breadcrumb\",\"itemListElement\":[{\"@type\":\"ListItem\",\"position\":1,\"name\":\"Home\",\"item\":\"https:\\\/\\\/ecofinishcoatings.com\\\/fr\\\/accueil\\\/\"},{\"@type\":\"ListItem\",\"position\":2,\"name\":\"Brillo Blanco\"}]},{\"@type\":\"WebSite\",\"@id\":\"https:\\\/\\\/ecofinishcoatings.com\\\/fr\\\/#website\",\"url\":\"https:\\\/\\\/ecofinishcoatings.com\\\/fr\\\/\",\"name\":\"ecoFINISH Coatings\",\"description\":\"a new era of coatings\",\"potentialAction\":[{\"@type\":\"SearchAction\",\"target\":{\"@type\":\"EntryPoint\",\"urlTemplate\":\"https:\\\/\\\/ecofinishcoatings.com\\\/fr\\\/?s={search_term_string}\"},\"query-input\":{\"@type\":\"PropertyValueSpecification\",\"valueRequired\":true,\"valueName\":\"search_term_string\"}}],\"inLanguage\":\"fr-FR\"}]}<\/script>\n<!-- \/ Yoast SEO plugin. -->","yoast_head_json":{"title":"Collection Brillo Blanco - Rev\u00eatements ecoFINISH","description":"D\u00e9couvrez la collection Brillo Blanco, inspir\u00e9e des merveilles europ\u00e9ennes. Cette collection propose neuf nouvelles couleurs \u00e9tonnantes.","robots":{"index":"index","follow":"follow","max-snippet":"max-snippet:-1","max-image-preview":"max-image-preview:large","max-video-preview":"max-video-preview:-1"},"canonical":"https:\/\/ecofinishcoatings.com\/fr\/brillo-blanco\/","og_locale":"fr_FR","og_type":"article","og_title":"Collection Brillo Blanco - Rev\u00eatements ecoFINISH","og_description":"D\u00e9couvrez la collection Brillo Blanco, inspir\u00e9e des merveilles europ\u00e9ennes. Cette collection propose neuf nouvelles couleurs \u00e9tonnantes.","og_url":"https:\/\/ecofinishcoatings.com\/fr\/brillo-blanco\/","og_site_name":"ecoFINISH Coatings","article_modified_time":"2025-10-21T14:36:43+00:00","twitter_card":"summary_large_image","twitter_misc":{"Dur\u00e9e de lecture estim\u00e9e":"8 minutes"},"schema":{"@context":"https:\/\/schema.org","@graph":[{"@type":"WebPage","@id":"https:\/\/ecofinishcoatings.com\/fr\/brillo-blanco\/","url":"https:\/\/ecofinishcoatings.com\/fr\/brillo-blanco\/","name":"Collection Brillo Blanco - Rev\u00eatements ecoFINISH","isPartOf":{"@id":"https:\/\/ecofinishcoatings.com\/fr\/#website"},"datePublished":"2024-02-15T18:02:37+00:00","dateModified":"2025-10-21T14:36:43+00:00","description":"D\u00e9couvrez la collection Brillo Blanco, inspir\u00e9e des merveilles europ\u00e9ennes. Cette collection propose neuf nouvelles couleurs \u00e9tonnantes.","breadcrumb":{"@id":"https:\/\/ecofinishcoatings.com\/fr\/brillo-blanco\/#breadcrumb"},"inLanguage":"fr-FR","potentialAction":[{"@type":"ReadAction","target":["https:\/\/ecofinishcoatings.com\/fr\/brillo-blanco\/"]}]},{"@type":"BreadcrumbList","@id":"https:\/\/ecofinishcoatings.com\/fr\/brillo-blanco\/#breadcrumb","itemListElement":[{"@type":"ListItem","position":1,"name":"Home","item":"https:\/\/ecofinishcoatings.com\/fr\/accueil\/"},{"@type":"ListItem","position":2,"name":"Brillo Blanco"}]},{"@type":"WebSite","@id":"https:\/\/ecofinishcoatings.com\/fr\/#website","url":"https:\/\/ecofinishcoatings.com\/fr\/","name":"ecoFINISH Coatings","description":"a new era of coatings","potentialAction":[{"@type":"SearchAction","target":{"@type":"EntryPoint","urlTemplate":"https:\/\/ecofinishcoatings.com\/fr\/?s={search_term_string}"},"query-input":{"@type":"PropertyValueSpecification","valueRequired":true,"valueName":"search_term_string"}}],"inLanguage":"fr-FR"}]}},"_links":{"self":[{"href":"https:\/\/ecofinishcoatings.com\/fr\/wp-json\/wp\/v2\/pages\/3990","targetHints":{"allow":["GET"]}}],"collection":[{"href":"https:\/\/ecofinishcoatings.com\/fr\/wp-json\/wp\/v2\/pages"}],"about":[{"href":"https:\/\/ecofinishcoatings.com\/fr\/wp-json\/wp\/v2\/types\/page"}],"author":[{"embeddable":true,"href":"https:\/\/ecofinishcoatings.com\/fr\/wp-json\/wp\/v2\/users\/7"}],"replies":[{"embeddable":true,"href":"https:\/\/ecofinishcoatings.com\/fr\/wp-json\/wp\/v2\/comments?post=3990"}],"version-history":[{"count":0,"href":"https:\/\/ecofinishcoatings.com\/fr\/wp-json\/wp\/v2\/pages\/3990\/revisions"}],"wp:attachment":[{"href":"https:\/\/ecofinishcoatings.com\/fr\/wp-json\/wp\/v2\/media?parent=3990"}],"curies":[{"name":"wp","href":"https:\/\/api.w.org\/{rel}","templated":true}]}}