{"id":3955,"date":"2022-11-28T14:10:40","date_gmt":"2022-11-28T14:10:40","guid":{"rendered":"https:\/\/ecofinishcoatings.com\/industriel\/"},"modified":"2025-10-14T14:11:36","modified_gmt":"2025-10-14T14:11:36","slug":"industriel","status":"publish","type":"page","link":"https:\/\/ecofinishcoatings.com\/fr\/industriel\/","title":{"rendered":"Industriel"},"content":{"rendered":"<div id=\"cs-content\" class=\"cs-content\"><\/div>\n","protected":false},"excerpt":{"rendered":"<p>Rev\u00eatements industriels EcoFinish : La durabilit\u00e9 au service d&rsquo;une protection avanc\u00e9e Pr\u00e9sentation des rev\u00eatements ecoDUSTRIAL\u2122 avec la technologie BioCote\u00ae. EcoFinish est fier de proposer les rev\u00eatements ecoDUSTRIAL\u2122, d\u00e9sormais enrichis de la technologie antimicrobienne BioCote\u00ae. Con\u00e7us pour r\u00e9pondre aux exigences rigoureuses des environnements industriels, les rev\u00eatements ecoDUSTRIAL\u2122 offrent non seulement une durabilit\u00e9 exceptionnelle, mais aussi une couche de protection suppl\u00e9mentaire contre &#8230; <\/p>\n<div><a href=\"https:\/\/ecofinishcoatings.com\/fr\/industriel\/\" class=\"more-link\">Read More<\/a><\/div>\n","protected":false},"author":7,"featured_media":0,"parent":0,"menu_order":0,"comment_status":"closed","ping_status":"closed","template":"template-blank-4.php","meta":{"om_disable_all_campaigns":false,"_monsterinsights_skip_tracking":false,"_monsterinsights_sitenote_active":false,"_monsterinsights_sitenote_note":"","_monsterinsights_sitenote_category":0,"_uf_show_specific_survey":0,"_uf_disable_surveys":false,"footnotes":""},"class_list":["post-3955","page","type-page","status-publish","hentry","no-post-thumbnail"],"yoast_head":"<!-- This site is optimized with the Yoast SEO plugin v27.3 - https:\/\/yoast.com\/product\/yoast-seo-wordpress\/ -->\n<title>Rev\u00eatements industriels - ecoFINISH<\/title>\n<meta name=\"description\" content=\"D\u00e9couvrez les rev\u00eatements ecoDUSTRIAL pour des rev\u00eatements industriels fiables avec une protection contre la corrosion. Certifi\u00e9s NSF-61 et antid\u00e9rapants.\" \/>\n<meta name=\"robots\" content=\"index, follow, max-snippet:-1, max-image-preview:large, max-video-preview:-1\" \/>\n<link rel=\"canonical\" href=\"https:\/\/ecofinishcoatings.com\/fr\/industriel\/\" \/>\n<meta property=\"og:locale\" content=\"fr_FR\" \/>\n<meta property=\"og:type\" content=\"article\" \/>\n<meta property=\"og:title\" content=\"Rev\u00eatements industriels - ecoFINISH\" \/>\n<meta property=\"og:description\" content=\"D\u00e9couvrez les rev\u00eatements ecoDUSTRIAL pour des rev\u00eatements industriels fiables avec une protection contre la corrosion. Certifi\u00e9s NSF-61 et antid\u00e9rapants.\" \/>\n<meta property=\"og:url\" content=\"https:\/\/ecofinishcoatings.com\/fr\/industriel\/\" \/>\n<meta property=\"og:site_name\" content=\"ecoFINISH Coatings\" \/>\n<meta property=\"article:modified_time\" content=\"2025-10-14T14:11:36+00:00\" \/>\n<meta name=\"twitter:card\" content=\"summary_large_image\" \/>\n<meta name=\"twitter:label1\" content=\"Dur\u00e9e de lecture estim\u00e9e\" \/>\n\t<meta name=\"twitter:data1\" content=\"13 minutes\" \/>\n<script type=\"application\/ld+json\" class=\"yoast-schema-graph\">{\"@context\":\"https:\\\/\\\/schema.org\",\"@graph\":[{\"@type\":\"WebPage\",\"@id\":\"https:\\\/\\\/ecofinishcoatings.com\\\/fr\\\/industriel\\\/\",\"url\":\"https:\\\/\\\/ecofinishcoatings.com\\\/fr\\\/industriel\\\/\",\"name\":\"Rev\u00eatements industriels - ecoFINISH\",\"isPartOf\":{\"@id\":\"https:\\\/\\\/ecofinishcoatings.com\\\/fr\\\/#website\"},\"datePublished\":\"2022-11-28T14:10:40+00:00\",\"dateModified\":\"2025-10-14T14:11:36+00:00\",\"description\":\"D\u00e9couvrez les rev\u00eatements ecoDUSTRIAL pour des rev\u00eatements industriels fiables avec une protection contre la corrosion. Certifi\u00e9s NSF-61 et antid\u00e9rapants.\",\"breadcrumb\":{\"@id\":\"https:\\\/\\\/ecofinishcoatings.com\\\/fr\\\/industriel\\\/#breadcrumb\"},\"inLanguage\":\"fr-FR\",\"potentialAction\":[{\"@type\":\"ReadAction\",\"target\":[\"https:\\\/\\\/ecofinishcoatings.com\\\/fr\\\/industriel\\\/\"]}]},{\"@type\":\"BreadcrumbList\",\"@id\":\"https:\\\/\\\/ecofinishcoatings.com\\\/fr\\\/industriel\\\/#breadcrumb\",\"itemListElement\":[{\"@type\":\"ListItem\",\"position\":1,\"name\":\"Home\",\"item\":\"https:\\\/\\\/ecofinishcoatings.com\\\/fr\\\/accueil\\\/\"},{\"@type\":\"ListItem\",\"position\":2,\"name\":\"Industriel\"}]},{\"@type\":\"WebSite\",\"@id\":\"https:\\\/\\\/ecofinishcoatings.com\\\/fr\\\/#website\",\"url\":\"https:\\\/\\\/ecofinishcoatings.com\\\/fr\\\/\",\"name\":\"ecoFINISH Coatings\",\"description\":\"a new era of coatings\",\"potentialAction\":[{\"@type\":\"SearchAction\",\"target\":{\"@type\":\"EntryPoint\",\"urlTemplate\":\"https:\\\/\\\/ecofinishcoatings.com\\\/fr\\\/?s={search_term_string}\"},\"query-input\":{\"@type\":\"PropertyValueSpecification\",\"valueRequired\":true,\"valueName\":\"search_term_string\"}}],\"inLanguage\":\"fr-FR\"}]}<\/script>\n<!-- \/ Yoast SEO plugin. -->","yoast_head_json":{"title":"Rev\u00eatements industriels - ecoFINISH","description":"D\u00e9couvrez les rev\u00eatements ecoDUSTRIAL pour des rev\u00eatements industriels fiables avec une protection contre la corrosion. Certifi\u00e9s NSF-61 et antid\u00e9rapants.","robots":{"index":"index","follow":"follow","max-snippet":"max-snippet:-1","max-image-preview":"max-image-preview:large","max-video-preview":"max-video-preview:-1"},"canonical":"https:\/\/ecofinishcoatings.com\/fr\/industriel\/","og_locale":"fr_FR","og_type":"article","og_title":"Rev\u00eatements industriels - ecoFINISH","og_description":"D\u00e9couvrez les rev\u00eatements ecoDUSTRIAL pour des rev\u00eatements industriels fiables avec une protection contre la corrosion. Certifi\u00e9s NSF-61 et antid\u00e9rapants.","og_url":"https:\/\/ecofinishcoatings.com\/fr\/industriel\/","og_site_name":"ecoFINISH Coatings","article_modified_time":"2025-10-14T14:11:36+00:00","twitter_card":"summary_large_image","twitter_misc":{"Dur\u00e9e de lecture estim\u00e9e":"13 minutes"},"schema":{"@context":"https:\/\/schema.org","@graph":[{"@type":"WebPage","@id":"https:\/\/ecofinishcoatings.com\/fr\/industriel\/","url":"https:\/\/ecofinishcoatings.com\/fr\/industriel\/","name":"Rev\u00eatements industriels - ecoFINISH","isPartOf":{"@id":"https:\/\/ecofinishcoatings.com\/fr\/#website"},"datePublished":"2022-11-28T14:10:40+00:00","dateModified":"2025-10-14T14:11:36+00:00","description":"D\u00e9couvrez les rev\u00eatements ecoDUSTRIAL pour des rev\u00eatements industriels fiables avec une protection contre la corrosion. Certifi\u00e9s NSF-61 et antid\u00e9rapants.","breadcrumb":{"@id":"https:\/\/ecofinishcoatings.com\/fr\/industriel\/#breadcrumb"},"inLanguage":"fr-FR","potentialAction":[{"@type":"ReadAction","target":["https:\/\/ecofinishcoatings.com\/fr\/industriel\/"]}]},{"@type":"BreadcrumbList","@id":"https:\/\/ecofinishcoatings.com\/fr\/industriel\/#breadcrumb","itemListElement":[{"@type":"ListItem","position":1,"name":"Home","item":"https:\/\/ecofinishcoatings.com\/fr\/accueil\/"},{"@type":"ListItem","position":2,"name":"Industriel"}]},{"@type":"WebSite","@id":"https:\/\/ecofinishcoatings.com\/fr\/#website","url":"https:\/\/ecofinishcoatings.com\/fr\/","name":"ecoFINISH Coatings","description":"a new era of coatings","potentialAction":[{"@type":"SearchAction","target":{"@type":"EntryPoint","urlTemplate":"https:\/\/ecofinishcoatings.com\/fr\/?s={search_term_string}"},"query-input":{"@type":"PropertyValueSpecification","valueRequired":true,"valueName":"search_term_string"}}],"inLanguage":"fr-FR"}]}},"_links":{"self":[{"href":"https:\/\/ecofinishcoatings.com\/fr\/wp-json\/wp\/v2\/pages\/3955","targetHints":{"allow":["GET"]}}],"collection":[{"href":"https:\/\/ecofinishcoatings.com\/fr\/wp-json\/wp\/v2\/pages"}],"about":[{"href":"https:\/\/ecofinishcoatings.com\/fr\/wp-json\/wp\/v2\/types\/page"}],"author":[{"embeddable":true,"href":"https:\/\/ecofinishcoatings.com\/fr\/wp-json\/wp\/v2\/users\/7"}],"replies":[{"embeddable":true,"href":"https:\/\/ecofinishcoatings.com\/fr\/wp-json\/wp\/v2\/comments?post=3955"}],"version-history":[{"count":0,"href":"https:\/\/ecofinishcoatings.com\/fr\/wp-json\/wp\/v2\/pages\/3955\/revisions"}],"wp:attachment":[{"href":"https:\/\/ecofinishcoatings.com\/fr\/wp-json\/wp\/v2\/media?parent=3955"}],"curies":[{"name":"wp","href":"https:\/\/api.w.org\/{rel}","templated":true}]}}