{"id":3953,"date":"2022-12-05T14:02:19","date_gmt":"2022-12-05T14:02:19","guid":{"rendered":"https:\/\/ecofinishcoatings.com\/portefeuille-commercial\/"},"modified":"2025-10-21T14:46:56","modified_gmt":"2025-10-21T14:46:56","slug":"portefeuille-commercial","status":"publish","type":"page","link":"https:\/\/ecofinishcoatings.com\/fr\/portefeuille-commercial\/","title":{"rendered":"Portefeuille commercial"},"content":{"rendered":"<div id=\"cs-content\" class=\"cs-content\"><\/div>\n","protected":false},"excerpt":{"rendered":"<p>Portefeuille commercial Portefeuille commercial Vous cherchez l&rsquo;inspiration ? Parcourez nos galeries r\u00e9sidentielles et commerciales. Vous ne savez pas quelle couleur choisir ? S\u00e9lectionnez votre couleur pr\u00e9f\u00e9r\u00e9e dans notre galerie de couleurs pour voir quelles options vous permettront d&rsquo;obtenir l&rsquo;effet d\u00e9sir\u00e9. Les exemples ci-dessus sont des piscines r\u00e9elles et non des rendus. Les variations dans la couleur de l&rsquo;eau et les &#8230; <\/p>\n<div><a href=\"https:\/\/ecofinishcoatings.com\/fr\/portefeuille-commercial\/\" class=\"more-link\">Read More<\/a><\/div>\n","protected":false},"author":7,"featured_media":0,"parent":0,"menu_order":0,"comment_status":"closed","ping_status":"closed","template":"template-blank-4.php","meta":{"om_disable_all_campaigns":false,"_monsterinsights_skip_tracking":false,"_monsterinsights_sitenote_active":false,"_monsterinsights_sitenote_note":"","_monsterinsights_sitenote_category":0,"_uf_show_specific_survey":0,"_uf_disable_surveys":false,"footnotes":""},"class_list":["post-3953","page","type-page","status-publish","hentry","no-post-thumbnail"],"yoast_head":"<!-- This site is optimized with the Yoast SEO plugin v27.5 - https:\/\/yoast.com\/product\/yoast-seo-wordpress\/ -->\n<title>Portefeuille commercial - Rev\u00eatements ecoFINISH<\/title>\n<meta name=\"description\" content=\"Explorez notre portefeuille commercial pour trouver l&#039;inspiration. Consultez des exemples de piscines pour vous aider \u00e0 choisir la bonne couleur et la bonne finition pour votre projet.\" \/>\n<meta name=\"robots\" content=\"index, follow, max-snippet:-1, max-image-preview:large, max-video-preview:-1\" \/>\n<link rel=\"canonical\" href=\"https:\/\/ecofinishcoatings.com\/fr\/portefeuille-commercial\/\" \/>\n<meta property=\"og:locale\" content=\"fr_FR\" \/>\n<meta property=\"og:type\" content=\"article\" \/>\n<meta property=\"og:title\" content=\"Portefeuille commercial - Rev\u00eatements ecoFINISH\" \/>\n<meta property=\"og:description\" content=\"Explorez notre portefeuille commercial pour trouver l&#039;inspiration. Consultez des exemples de piscines pour vous aider \u00e0 choisir la bonne couleur et la bonne finition pour votre projet.\" \/>\n<meta property=\"og:url\" content=\"https:\/\/ecofinishcoatings.com\/fr\/portefeuille-commercial\/\" \/>\n<meta property=\"og:site_name\" content=\"ecoFINISH Coatings\" \/>\n<meta property=\"article:modified_time\" content=\"2025-10-21T14:46:56+00:00\" \/>\n<meta name=\"twitter:card\" content=\"summary_large_image\" \/>\n<meta name=\"twitter:label1\" content=\"Dur\u00e9e de lecture estim\u00e9e\" \/>\n\t<meta name=\"twitter:data1\" content=\"2 minutes\" \/>\n<script type=\"application\/ld+json\" class=\"yoast-schema-graph\">{\"@context\":\"https:\\\/\\\/schema.org\",\"@graph\":[{\"@type\":\"WebPage\",\"@id\":\"https:\\\/\\\/ecofinishcoatings.com\\\/fr\\\/portefeuille-commercial\\\/\",\"url\":\"https:\\\/\\\/ecofinishcoatings.com\\\/fr\\\/portefeuille-commercial\\\/\",\"name\":\"Portefeuille commercial - Rev\u00eatements ecoFINISH\",\"isPartOf\":{\"@id\":\"https:\\\/\\\/ecofinishcoatings.com\\\/fr\\\/#website\"},\"datePublished\":\"2022-12-05T14:02:19+00:00\",\"dateModified\":\"2025-10-21T14:46:56+00:00\",\"description\":\"Explorez notre portefeuille commercial pour trouver l'inspiration. Consultez des exemples de piscines pour vous aider \u00e0 choisir la bonne couleur et la bonne finition pour votre projet.\",\"breadcrumb\":{\"@id\":\"https:\\\/\\\/ecofinishcoatings.com\\\/fr\\\/portefeuille-commercial\\\/#breadcrumb\"},\"inLanguage\":\"fr-FR\",\"potentialAction\":[{\"@type\":\"ReadAction\",\"target\":[\"https:\\\/\\\/ecofinishcoatings.com\\\/fr\\\/portefeuille-commercial\\\/\"]}]},{\"@type\":\"BreadcrumbList\",\"@id\":\"https:\\\/\\\/ecofinishcoatings.com\\\/fr\\\/portefeuille-commercial\\\/#breadcrumb\",\"itemListElement\":[{\"@type\":\"ListItem\",\"position\":1,\"name\":\"Home\",\"item\":\"https:\\\/\\\/ecofinishcoatings.com\\\/fr\\\/accueil\\\/\"},{\"@type\":\"ListItem\",\"position\":2,\"name\":\"Portefeuille commercial\"}]},{\"@type\":\"WebSite\",\"@id\":\"https:\\\/\\\/ecofinishcoatings.com\\\/fr\\\/#website\",\"url\":\"https:\\\/\\\/ecofinishcoatings.com\\\/fr\\\/\",\"name\":\"ecoFINISH Coatings\",\"description\":\"a new era of coatings\",\"potentialAction\":[{\"@type\":\"SearchAction\",\"target\":{\"@type\":\"EntryPoint\",\"urlTemplate\":\"https:\\\/\\\/ecofinishcoatings.com\\\/fr\\\/?s={search_term_string}\"},\"query-input\":{\"@type\":\"PropertyValueSpecification\",\"valueRequired\":true,\"valueName\":\"search_term_string\"}}],\"inLanguage\":\"fr-FR\"}]}<\/script>\n<!-- \/ Yoast SEO plugin. -->","yoast_head_json":{"title":"Portefeuille commercial - Rev\u00eatements ecoFINISH","description":"Explorez notre portefeuille commercial pour trouver l'inspiration. Consultez des exemples de piscines pour vous aider \u00e0 choisir la bonne couleur et la bonne finition pour votre projet.","robots":{"index":"index","follow":"follow","max-snippet":"max-snippet:-1","max-image-preview":"max-image-preview:large","max-video-preview":"max-video-preview:-1"},"canonical":"https:\/\/ecofinishcoatings.com\/fr\/portefeuille-commercial\/","og_locale":"fr_FR","og_type":"article","og_title":"Portefeuille commercial - Rev\u00eatements ecoFINISH","og_description":"Explorez notre portefeuille commercial pour trouver l'inspiration. Consultez des exemples de piscines pour vous aider \u00e0 choisir la bonne couleur et la bonne finition pour votre projet.","og_url":"https:\/\/ecofinishcoatings.com\/fr\/portefeuille-commercial\/","og_site_name":"ecoFINISH Coatings","article_modified_time":"2025-10-21T14:46:56+00:00","twitter_card":"summary_large_image","twitter_misc":{"Dur\u00e9e de lecture estim\u00e9e":"2 minutes"},"schema":{"@context":"https:\/\/schema.org","@graph":[{"@type":"WebPage","@id":"https:\/\/ecofinishcoatings.com\/fr\/portefeuille-commercial\/","url":"https:\/\/ecofinishcoatings.com\/fr\/portefeuille-commercial\/","name":"Portefeuille commercial - Rev\u00eatements ecoFINISH","isPartOf":{"@id":"https:\/\/ecofinishcoatings.com\/fr\/#website"},"datePublished":"2022-12-05T14:02:19+00:00","dateModified":"2025-10-21T14:46:56+00:00","description":"Explorez notre portefeuille commercial pour trouver l'inspiration. Consultez des exemples de piscines pour vous aider \u00e0 choisir la bonne couleur et la bonne finition pour votre projet.","breadcrumb":{"@id":"https:\/\/ecofinishcoatings.com\/fr\/portefeuille-commercial\/#breadcrumb"},"inLanguage":"fr-FR","potentialAction":[{"@type":"ReadAction","target":["https:\/\/ecofinishcoatings.com\/fr\/portefeuille-commercial\/"]}]},{"@type":"BreadcrumbList","@id":"https:\/\/ecofinishcoatings.com\/fr\/portefeuille-commercial\/#breadcrumb","itemListElement":[{"@type":"ListItem","position":1,"name":"Home","item":"https:\/\/ecofinishcoatings.com\/fr\/accueil\/"},{"@type":"ListItem","position":2,"name":"Portefeuille commercial"}]},{"@type":"WebSite","@id":"https:\/\/ecofinishcoatings.com\/fr\/#website","url":"https:\/\/ecofinishcoatings.com\/fr\/","name":"ecoFINISH Coatings","description":"a new era of coatings","potentialAction":[{"@type":"SearchAction","target":{"@type":"EntryPoint","urlTemplate":"https:\/\/ecofinishcoatings.com\/fr\/?s={search_term_string}"},"query-input":{"@type":"PropertyValueSpecification","valueRequired":true,"valueName":"search_term_string"}}],"inLanguage":"fr-FR"}]}},"_links":{"self":[{"href":"https:\/\/ecofinishcoatings.com\/fr\/wp-json\/wp\/v2\/pages\/3953","targetHints":{"allow":["GET"]}}],"collection":[{"href":"https:\/\/ecofinishcoatings.com\/fr\/wp-json\/wp\/v2\/pages"}],"about":[{"href":"https:\/\/ecofinishcoatings.com\/fr\/wp-json\/wp\/v2\/types\/page"}],"author":[{"embeddable":true,"href":"https:\/\/ecofinishcoatings.com\/fr\/wp-json\/wp\/v2\/users\/7"}],"replies":[{"embeddable":true,"href":"https:\/\/ecofinishcoatings.com\/fr\/wp-json\/wp\/v2\/comments?post=3953"}],"version-history":[{"count":0,"href":"https:\/\/ecofinishcoatings.com\/fr\/wp-json\/wp\/v2\/pages\/3953\/revisions"}],"wp:attachment":[{"href":"https:\/\/ecofinishcoatings.com\/fr\/wp-json\/wp\/v2\/media?parent=3953"}],"curies":[{"name":"wp","href":"https:\/\/api.w.org\/{rel}","templated":true}]}}