{"id":3948,"date":"2022-11-11T19:28:31","date_gmt":"2022-11-11T19:28:31","guid":{"rendered":"https:\/\/ecofinishcoatings.com\/maintenance-du-demarrage\/"},"modified":"2025-10-13T15:35:44","modified_gmt":"2025-10-13T15:35:44","slug":"maintenance-du-demarrage","status":"publish","type":"page","link":"https:\/\/ecofinishcoatings.com\/fr\/maintenance-du-demarrage\/","title":{"rendered":"Maintenance du d\u00e9marrage"},"content":{"rendered":"<div id=\"cs-content\" class=\"cs-content\"><\/div>\n","protected":false},"excerpt":{"rendered":"<p>D\u00e9marrage etMaintenance Notre guide de d\u00e9marrage et d&rsquo;entretien Proc\u00e9dure de d\u00e9marrage Remplissez la piscine d&rsquo;eau. Pendant le remplissage de la piscine, ajoutez le dosage McGrayel EasyCare StartUp-Tec ( Voir le tableau ) Effectuez une analyse professionnelle compl\u00e8te de l&rsquo;eau de la piscine apr\u00e8s son remplissage.D\u00e9marrez le syst\u00e8me de filtration lorsque les piscines sont pleines jusqu&rsquo;au milieu de l&rsquo;\u00e9cumoire.\u00c9quilibrez la composition &#8230; <\/p>\n<div><a href=\"https:\/\/ecofinishcoatings.com\/fr\/maintenance-du-demarrage\/\" class=\"more-link\">Read More<\/a><\/div>\n","protected":false},"author":7,"featured_media":0,"parent":0,"menu_order":0,"comment_status":"closed","ping_status":"closed","template":"template-blank-4.php","meta":{"om_disable_all_campaigns":false,"_monsterinsights_skip_tracking":false,"_monsterinsights_sitenote_active":false,"_monsterinsights_sitenote_note":"","_monsterinsights_sitenote_category":0,"_uf_show_specific_survey":0,"_uf_disable_surveys":false,"footnotes":""},"class_list":["post-3948","page","type-page","status-publish","hentry","no-post-thumbnail"],"yoast_head":"<!-- This site is optimized with the Yoast SEO plugin v27.4 - https:\/\/yoast.com\/product\/yoast-seo-wordpress\/ -->\n<title>Guide de d\u00e9marrage et d&#039;entretien - ecoFINISH<\/title>\n<meta name=\"description\" content=\"Suivez nos proc\u00e9dures de d\u00e9marrage et d&#039;entretien aquaBRIGHT\u2122 et polyFIBRO\u00ae. Veillez \u00e0 ce que votre piscine reste en parfait \u00e9tat.\" \/>\n<meta name=\"robots\" content=\"index, follow, max-snippet:-1, max-image-preview:large, max-video-preview:-1\" \/>\n<link rel=\"canonical\" href=\"https:\/\/ecofinishcoatings.com\/fr\/maintenance-du-demarrage\/\" \/>\n<meta property=\"og:locale\" content=\"fr_FR\" \/>\n<meta property=\"og:type\" content=\"article\" \/>\n<meta property=\"og:title\" content=\"Guide de d\u00e9marrage et d&#039;entretien - ecoFINISH\" \/>\n<meta property=\"og:description\" content=\"Suivez nos proc\u00e9dures de d\u00e9marrage et d&#039;entretien aquaBRIGHT\u2122 et polyFIBRO\u00ae. Veillez \u00e0 ce que votre piscine reste en parfait \u00e9tat.\" \/>\n<meta property=\"og:url\" content=\"https:\/\/ecofinishcoatings.com\/fr\/maintenance-du-demarrage\/\" \/>\n<meta property=\"og:site_name\" content=\"ecoFINISH Coatings\" \/>\n<meta property=\"article:modified_time\" content=\"2025-10-13T15:35:44+00:00\" \/>\n<meta name=\"twitter:card\" content=\"summary_large_image\" \/>\n<meta name=\"twitter:label1\" content=\"Dur\u00e9e de lecture estim\u00e9e\" \/>\n\t<meta name=\"twitter:data1\" content=\"8 minutes\" \/>\n<script type=\"application\/ld+json\" class=\"yoast-schema-graph\">{\"@context\":\"https:\\\/\\\/schema.org\",\"@graph\":[{\"@type\":\"WebPage\",\"@id\":\"https:\\\/\\\/ecofinishcoatings.com\\\/fr\\\/maintenance-du-demarrage\\\/\",\"url\":\"https:\\\/\\\/ecofinishcoatings.com\\\/fr\\\/maintenance-du-demarrage\\\/\",\"name\":\"Guide de d\u00e9marrage et d'entretien - ecoFINISH\",\"isPartOf\":{\"@id\":\"https:\\\/\\\/ecofinishcoatings.com\\\/fr\\\/#website\"},\"datePublished\":\"2022-11-11T19:28:31+00:00\",\"dateModified\":\"2025-10-13T15:35:44+00:00\",\"description\":\"Suivez nos proc\u00e9dures de d\u00e9marrage et d'entretien aquaBRIGHT\u2122 et polyFIBRO\u00ae. Veillez \u00e0 ce que votre piscine reste en parfait \u00e9tat.\",\"breadcrumb\":{\"@id\":\"https:\\\/\\\/ecofinishcoatings.com\\\/fr\\\/maintenance-du-demarrage\\\/#breadcrumb\"},\"inLanguage\":\"fr-FR\",\"potentialAction\":[{\"@type\":\"ReadAction\",\"target\":[\"https:\\\/\\\/ecofinishcoatings.com\\\/fr\\\/maintenance-du-demarrage\\\/\"]}]},{\"@type\":\"BreadcrumbList\",\"@id\":\"https:\\\/\\\/ecofinishcoatings.com\\\/fr\\\/maintenance-du-demarrage\\\/#breadcrumb\",\"itemListElement\":[{\"@type\":\"ListItem\",\"position\":1,\"name\":\"Home\",\"item\":\"https:\\\/\\\/ecofinishcoatings.com\\\/fr\\\/accueil\\\/\"},{\"@type\":\"ListItem\",\"position\":2,\"name\":\"Maintenance du d\u00e9marrage\"}]},{\"@type\":\"WebSite\",\"@id\":\"https:\\\/\\\/ecofinishcoatings.com\\\/fr\\\/#website\",\"url\":\"https:\\\/\\\/ecofinishcoatings.com\\\/fr\\\/\",\"name\":\"ecoFINISH Coatings\",\"description\":\"a new era of coatings\",\"potentialAction\":[{\"@type\":\"SearchAction\",\"target\":{\"@type\":\"EntryPoint\",\"urlTemplate\":\"https:\\\/\\\/ecofinishcoatings.com\\\/fr\\\/?s={search_term_string}\"},\"query-input\":{\"@type\":\"PropertyValueSpecification\",\"valueRequired\":true,\"valueName\":\"search_term_string\"}}],\"inLanguage\":\"fr-FR\"}]}<\/script>\n<!-- \/ Yoast SEO plugin. -->","yoast_head_json":{"title":"Guide de d\u00e9marrage et d'entretien - ecoFINISH","description":"Suivez nos proc\u00e9dures de d\u00e9marrage et d'entretien aquaBRIGHT\u2122 et polyFIBRO\u00ae. Veillez \u00e0 ce que votre piscine reste en parfait \u00e9tat.","robots":{"index":"index","follow":"follow","max-snippet":"max-snippet:-1","max-image-preview":"max-image-preview:large","max-video-preview":"max-video-preview:-1"},"canonical":"https:\/\/ecofinishcoatings.com\/fr\/maintenance-du-demarrage\/","og_locale":"fr_FR","og_type":"article","og_title":"Guide de d\u00e9marrage et d'entretien - ecoFINISH","og_description":"Suivez nos proc\u00e9dures de d\u00e9marrage et d'entretien aquaBRIGHT\u2122 et polyFIBRO\u00ae. Veillez \u00e0 ce que votre piscine reste en parfait \u00e9tat.","og_url":"https:\/\/ecofinishcoatings.com\/fr\/maintenance-du-demarrage\/","og_site_name":"ecoFINISH Coatings","article_modified_time":"2025-10-13T15:35:44+00:00","twitter_card":"summary_large_image","twitter_misc":{"Dur\u00e9e de lecture estim\u00e9e":"8 minutes"},"schema":{"@context":"https:\/\/schema.org","@graph":[{"@type":"WebPage","@id":"https:\/\/ecofinishcoatings.com\/fr\/maintenance-du-demarrage\/","url":"https:\/\/ecofinishcoatings.com\/fr\/maintenance-du-demarrage\/","name":"Guide de d\u00e9marrage et d'entretien - ecoFINISH","isPartOf":{"@id":"https:\/\/ecofinishcoatings.com\/fr\/#website"},"datePublished":"2022-11-11T19:28:31+00:00","dateModified":"2025-10-13T15:35:44+00:00","description":"Suivez nos proc\u00e9dures de d\u00e9marrage et d'entretien aquaBRIGHT\u2122 et polyFIBRO\u00ae. Veillez \u00e0 ce que votre piscine reste en parfait \u00e9tat.","breadcrumb":{"@id":"https:\/\/ecofinishcoatings.com\/fr\/maintenance-du-demarrage\/#breadcrumb"},"inLanguage":"fr-FR","potentialAction":[{"@type":"ReadAction","target":["https:\/\/ecofinishcoatings.com\/fr\/maintenance-du-demarrage\/"]}]},{"@type":"BreadcrumbList","@id":"https:\/\/ecofinishcoatings.com\/fr\/maintenance-du-demarrage\/#breadcrumb","itemListElement":[{"@type":"ListItem","position":1,"name":"Home","item":"https:\/\/ecofinishcoatings.com\/fr\/accueil\/"},{"@type":"ListItem","position":2,"name":"Maintenance du d\u00e9marrage"}]},{"@type":"WebSite","@id":"https:\/\/ecofinishcoatings.com\/fr\/#website","url":"https:\/\/ecofinishcoatings.com\/fr\/","name":"ecoFINISH Coatings","description":"a new era of coatings","potentialAction":[{"@type":"SearchAction","target":{"@type":"EntryPoint","urlTemplate":"https:\/\/ecofinishcoatings.com\/fr\/?s={search_term_string}"},"query-input":{"@type":"PropertyValueSpecification","valueRequired":true,"valueName":"search_term_string"}}],"inLanguage":"fr-FR"}]}},"_links":{"self":[{"href":"https:\/\/ecofinishcoatings.com\/fr\/wp-json\/wp\/v2\/pages\/3948","targetHints":{"allow":["GET"]}}],"collection":[{"href":"https:\/\/ecofinishcoatings.com\/fr\/wp-json\/wp\/v2\/pages"}],"about":[{"href":"https:\/\/ecofinishcoatings.com\/fr\/wp-json\/wp\/v2\/types\/page"}],"author":[{"embeddable":true,"href":"https:\/\/ecofinishcoatings.com\/fr\/wp-json\/wp\/v2\/users\/7"}],"replies":[{"embeddable":true,"href":"https:\/\/ecofinishcoatings.com\/fr\/wp-json\/wp\/v2\/comments?post=3948"}],"version-history":[{"count":0,"href":"https:\/\/ecofinishcoatings.com\/fr\/wp-json\/wp\/v2\/pages\/3948\/revisions"}],"wp:attachment":[{"href":"https:\/\/ecofinishcoatings.com\/fr\/wp-json\/wp\/v2\/media?parent=3948"}],"curies":[{"name":"wp","href":"https:\/\/api.w.org\/{rel}","templated":true}]}}