{"id":3946,"date":"2024-08-28T10:29:08","date_gmt":"2024-08-28T10:29:08","guid":{"rendered":"https:\/\/ecofinishcoatings.com\/coup-de-projecteur-sur-un-projet-carlton-pools\/"},"modified":"2025-12-08T16:39:39","modified_gmt":"2025-12-08T16:39:39","slug":"coup-de-projecteur-sur-un-projet-carlton-pools","status":"publish","type":"page","link":"https:\/\/ecofinishcoatings.com\/fr\/coup-de-projecteur-sur-un-projet-carlton-pools\/","title":{"rendered":"Coup de projecteur sur un projet &#8211; Carlton Pools"},"content":{"rendered":"<div id=\"cs-content\" class=\"cs-content\"><\/div>\n","protected":false},"excerpt":{"rendered":"<p>Pleins feux sur les projets Carlton PoolsCarlton Pools Carlton Pools a \u00e9t\u00e9 le premier installateur d&rsquo;ecoFINISH et recouvre les piscines de ce produit innovant depuis sa cr\u00e9ation. Sa vaste exp\u00e9rience lui permet d&rsquo;appliquer ecoFINISH de mani\u00e8re experte \u00e0 la fois sur les nouvelles constructions de piscines et sur les r\u00e9novations, transformant ainsi des piscines ordinaires en environnements aquatiques \u00e9tonnants et &#8230; <\/p>\n<div><a href=\"https:\/\/ecofinishcoatings.com\/fr\/coup-de-projecteur-sur-un-projet-carlton-pools\/\" class=\"more-link\">Read More<\/a><\/div>\n","protected":false},"author":7,"featured_media":3947,"parent":0,"menu_order":0,"comment_status":"closed","ping_status":"closed","template":"template-blank-4.php","meta":{"om_disable_all_campaigns":false,"_monsterinsights_skip_tracking":false,"_monsterinsights_sitenote_active":false,"_monsterinsights_sitenote_note":"","_monsterinsights_sitenote_category":0,"_uf_show_specific_survey":0,"_uf_disable_surveys":false,"footnotes":""},"class_list":["post-3946","page","type-page","status-publish","has-post-thumbnail","hentry"],"yoast_head":"<!-- This site is optimized with the Yoast SEO plugin v27.5 - https:\/\/yoast.com\/product\/yoast-seo-wordpress\/ -->\n<title>Coup de projecteur sur un projet - Carlton Pools - ecoFINISH Coatings<\/title>\n<meta name=\"robots\" content=\"index, follow, max-snippet:-1, max-image-preview:large, max-video-preview:-1\" \/>\n<link rel=\"canonical\" href=\"https:\/\/ecofinishcoatings.com\/fr\/coup-de-projecteur-sur-un-projet-carlton-pools\/\" \/>\n<meta property=\"og:locale\" content=\"fr_FR\" \/>\n<meta property=\"og:type\" content=\"article\" \/>\n<meta property=\"og:title\" content=\"Coup de projecteur sur un projet - Carlton Pools - ecoFINISH Coatings\" \/>\n<meta property=\"og:description\" content=\"Pleins feux sur les projets Carlton PoolsCarlton Pools Carlton Pools a \u00e9t\u00e9 le premier installateur d&#039;ecoFINISH et recouvre les piscines de ce produit innovant depuis sa cr\u00e9ation. Sa vaste exp\u00e9rience lui permet d&#039;appliquer ecoFINISH de mani\u00e8re experte \u00e0 la fois sur les nouvelles constructions de piscines et sur les r\u00e9novations, transformant ainsi des piscines ordinaires en environnements aquatiques \u00e9tonnants et ... Read More\" \/>\n<meta property=\"og:url\" content=\"https:\/\/ecofinishcoatings.com\/fr\/coup-de-projecteur-sur-un-projet-carlton-pools\/\" \/>\n<meta property=\"og:site_name\" content=\"ecoFINISH Coatings\" \/>\n<meta property=\"article:modified_time\" content=\"2025-12-08T16:39:39+00:00\" \/>\n<meta property=\"og:image\" content=\"https:\/\/ecofinishcoatings.com\/wp-content\/uploads\/2024\/08\/DJI_0388-scaled.webp\" \/>\n\t<meta property=\"og:image:width\" content=\"2560\" \/>\n\t<meta property=\"og:image:height\" content=\"1920\" \/>\n\t<meta property=\"og:image:type\" content=\"image\/jpeg\" \/>\n<meta name=\"twitter:card\" content=\"summary_large_image\" \/>\n<meta name=\"twitter:label1\" content=\"Dur\u00e9e de lecture estim\u00e9e\" \/>\n\t<meta name=\"twitter:data1\" content=\"3 minutes\" \/>\n<script type=\"application\/ld+json\" class=\"yoast-schema-graph\">{\"@context\":\"https:\\\/\\\/schema.org\",\"@graph\":[{\"@type\":\"WebPage\",\"@id\":\"https:\\\/\\\/ecofinishcoatings.com\\\/fr\\\/coup-de-projecteur-sur-un-projet-carlton-pools\\\/\",\"url\":\"https:\\\/\\\/ecofinishcoatings.com\\\/fr\\\/coup-de-projecteur-sur-un-projet-carlton-pools\\\/\",\"name\":\"Coup de projecteur sur un projet - Carlton Pools - ecoFINISH Coatings\",\"isPartOf\":{\"@id\":\"https:\\\/\\\/ecofinishcoatings.com\\\/fr\\\/#website\"},\"primaryImageOfPage\":{\"@id\":\"https:\\\/\\\/ecofinishcoatings.com\\\/fr\\\/coup-de-projecteur-sur-un-projet-carlton-pools\\\/#primaryimage\"},\"image\":{\"@id\":\"https:\\\/\\\/ecofinishcoatings.com\\\/fr\\\/coup-de-projecteur-sur-un-projet-carlton-pools\\\/#primaryimage\"},\"thumbnailUrl\":\"https:\\\/\\\/ecofinishcoatings.com\\\/wp-content\\\/uploads\\\/2024\\\/08\\\/DJI_0388-scaled.webp\",\"datePublished\":\"2024-08-28T10:29:08+00:00\",\"dateModified\":\"2025-12-08T16:39:39+00:00\",\"breadcrumb\":{\"@id\":\"https:\\\/\\\/ecofinishcoatings.com\\\/fr\\\/coup-de-projecteur-sur-un-projet-carlton-pools\\\/#breadcrumb\"},\"inLanguage\":\"fr-FR\",\"potentialAction\":[{\"@type\":\"ReadAction\",\"target\":[\"https:\\\/\\\/ecofinishcoatings.com\\\/fr\\\/coup-de-projecteur-sur-un-projet-carlton-pools\\\/\"]}]},{\"@type\":\"ImageObject\",\"inLanguage\":\"fr-FR\",\"@id\":\"https:\\\/\\\/ecofinishcoatings.com\\\/fr\\\/coup-de-projecteur-sur-un-projet-carlton-pools\\\/#primaryimage\",\"url\":\"https:\\\/\\\/ecofinishcoatings.com\\\/wp-content\\\/uploads\\\/2024\\\/08\\\/DJI_0388-scaled.webp\",\"contentUrl\":\"https:\\\/\\\/ecofinishcoatings.com\\\/wp-content\\\/uploads\\\/2024\\\/08\\\/DJI_0388-scaled.webp\",\"width\":2560,\"height\":1920,\"caption\":\"Une personne utilise un pulv\u00e9risateur \u00e0 flamme pour appliquer un rev\u00eatement bleu ecoFINISH \u00e0 l'int\u00e9rieur d'une piscine vide. Des rochers et une cascade sont visibles \u00e0 l'extr\u00e9mit\u00e9 de la piscine.\"},{\"@type\":\"BreadcrumbList\",\"@id\":\"https:\\\/\\\/ecofinishcoatings.com\\\/fr\\\/coup-de-projecteur-sur-un-projet-carlton-pools\\\/#breadcrumb\",\"itemListElement\":[{\"@type\":\"ListItem\",\"position\":1,\"name\":\"Home\",\"item\":\"https:\\\/\\\/ecofinishcoatings.com\\\/fr\\\/accueil\\\/\"},{\"@type\":\"ListItem\",\"position\":2,\"name\":\"Coup de projecteur sur un projet &#8211; Carlton Pools\"}]},{\"@type\":\"WebSite\",\"@id\":\"https:\\\/\\\/ecofinishcoatings.com\\\/fr\\\/#website\",\"url\":\"https:\\\/\\\/ecofinishcoatings.com\\\/fr\\\/\",\"name\":\"ecoFINISH Coatings\",\"description\":\"a new era of coatings\",\"potentialAction\":[{\"@type\":\"SearchAction\",\"target\":{\"@type\":\"EntryPoint\",\"urlTemplate\":\"https:\\\/\\\/ecofinishcoatings.com\\\/fr\\\/?s={search_term_string}\"},\"query-input\":{\"@type\":\"PropertyValueSpecification\",\"valueRequired\":true,\"valueName\":\"search_term_string\"}}],\"inLanguage\":\"fr-FR\"}]}<\/script>\n<!-- \/ Yoast SEO plugin. -->","yoast_head_json":{"title":"Coup de projecteur sur un projet - Carlton Pools - ecoFINISH Coatings","robots":{"index":"index","follow":"follow","max-snippet":"max-snippet:-1","max-image-preview":"max-image-preview:large","max-video-preview":"max-video-preview:-1"},"canonical":"https:\/\/ecofinishcoatings.com\/fr\/coup-de-projecteur-sur-un-projet-carlton-pools\/","og_locale":"fr_FR","og_type":"article","og_title":"Coup de projecteur sur un projet - Carlton Pools - ecoFINISH Coatings","og_description":"Pleins feux sur les projets Carlton PoolsCarlton Pools Carlton Pools a \u00e9t\u00e9 le premier installateur d'ecoFINISH et recouvre les piscines de ce produit innovant depuis sa cr\u00e9ation. Sa vaste exp\u00e9rience lui permet d'appliquer ecoFINISH de mani\u00e8re experte \u00e0 la fois sur les nouvelles constructions de piscines et sur les r\u00e9novations, transformant ainsi des piscines ordinaires en environnements aquatiques \u00e9tonnants et ... Read More","og_url":"https:\/\/ecofinishcoatings.com\/fr\/coup-de-projecteur-sur-un-projet-carlton-pools\/","og_site_name":"ecoFINISH Coatings","article_modified_time":"2025-12-08T16:39:39+00:00","og_image":[{"width":2560,"height":1920,"url":"https:\/\/ecofinishcoatings.com\/wp-content\/uploads\/2024\/08\/DJI_0388-scaled.webp","type":"image\/jpeg"}],"twitter_card":"summary_large_image","twitter_misc":{"Dur\u00e9e de lecture estim\u00e9e":"3 minutes"},"schema":{"@context":"https:\/\/schema.org","@graph":[{"@type":"WebPage","@id":"https:\/\/ecofinishcoatings.com\/fr\/coup-de-projecteur-sur-un-projet-carlton-pools\/","url":"https:\/\/ecofinishcoatings.com\/fr\/coup-de-projecteur-sur-un-projet-carlton-pools\/","name":"Coup de projecteur sur un projet - Carlton Pools - ecoFINISH Coatings","isPartOf":{"@id":"https:\/\/ecofinishcoatings.com\/fr\/#website"},"primaryImageOfPage":{"@id":"https:\/\/ecofinishcoatings.com\/fr\/coup-de-projecteur-sur-un-projet-carlton-pools\/#primaryimage"},"image":{"@id":"https:\/\/ecofinishcoatings.com\/fr\/coup-de-projecteur-sur-un-projet-carlton-pools\/#primaryimage"},"thumbnailUrl":"https:\/\/ecofinishcoatings.com\/wp-content\/uploads\/2024\/08\/DJI_0388-scaled.webp","datePublished":"2024-08-28T10:29:08+00:00","dateModified":"2025-12-08T16:39:39+00:00","breadcrumb":{"@id":"https:\/\/ecofinishcoatings.com\/fr\/coup-de-projecteur-sur-un-projet-carlton-pools\/#breadcrumb"},"inLanguage":"fr-FR","potentialAction":[{"@type":"ReadAction","target":["https:\/\/ecofinishcoatings.com\/fr\/coup-de-projecteur-sur-un-projet-carlton-pools\/"]}]},{"@type":"ImageObject","inLanguage":"fr-FR","@id":"https:\/\/ecofinishcoatings.com\/fr\/coup-de-projecteur-sur-un-projet-carlton-pools\/#primaryimage","url":"https:\/\/ecofinishcoatings.com\/wp-content\/uploads\/2024\/08\/DJI_0388-scaled.webp","contentUrl":"https:\/\/ecofinishcoatings.com\/wp-content\/uploads\/2024\/08\/DJI_0388-scaled.webp","width":2560,"height":1920,"caption":"Une personne utilise un pulv\u00e9risateur \u00e0 flamme pour appliquer un rev\u00eatement bleu ecoFINISH \u00e0 l'int\u00e9rieur d'une piscine vide. Des rochers et une cascade sont visibles \u00e0 l'extr\u00e9mit\u00e9 de la piscine."},{"@type":"BreadcrumbList","@id":"https:\/\/ecofinishcoatings.com\/fr\/coup-de-projecteur-sur-un-projet-carlton-pools\/#breadcrumb","itemListElement":[{"@type":"ListItem","position":1,"name":"Home","item":"https:\/\/ecofinishcoatings.com\/fr\/accueil\/"},{"@type":"ListItem","position":2,"name":"Coup de projecteur sur un projet &#8211; Carlton Pools"}]},{"@type":"WebSite","@id":"https:\/\/ecofinishcoatings.com\/fr\/#website","url":"https:\/\/ecofinishcoatings.com\/fr\/","name":"ecoFINISH Coatings","description":"a new era of coatings","potentialAction":[{"@type":"SearchAction","target":{"@type":"EntryPoint","urlTemplate":"https:\/\/ecofinishcoatings.com\/fr\/?s={search_term_string}"},"query-input":{"@type":"PropertyValueSpecification","valueRequired":true,"valueName":"search_term_string"}}],"inLanguage":"fr-FR"}]}},"_links":{"self":[{"href":"https:\/\/ecofinishcoatings.com\/fr\/wp-json\/wp\/v2\/pages\/3946","targetHints":{"allow":["GET"]}}],"collection":[{"href":"https:\/\/ecofinishcoatings.com\/fr\/wp-json\/wp\/v2\/pages"}],"about":[{"href":"https:\/\/ecofinishcoatings.com\/fr\/wp-json\/wp\/v2\/types\/page"}],"author":[{"embeddable":true,"href":"https:\/\/ecofinishcoatings.com\/fr\/wp-json\/wp\/v2\/users\/7"}],"replies":[{"embeddable":true,"href":"https:\/\/ecofinishcoatings.com\/fr\/wp-json\/wp\/v2\/comments?post=3946"}],"version-history":[{"count":0,"href":"https:\/\/ecofinishcoatings.com\/fr\/wp-json\/wp\/v2\/pages\/3946\/revisions"}],"wp:featuredmedia":[{"embeddable":true,"href":"https:\/\/ecofinishcoatings.com\/fr\/wp-json\/wp\/v2\/media\/3947"}],"wp:attachment":[{"href":"https:\/\/ecofinishcoatings.com\/fr\/wp-json\/wp\/v2\/media?parent=3946"}],"curies":[{"name":"wp","href":"https:\/\/api.w.org\/{rel}","templated":true}]}}