{"id":3945,"date":"2023-01-10T13:04:55","date_gmt":"2023-01-10T13:04:55","guid":{"rendered":"https:\/\/ecofinishcoatings.com\/carrieres\/"},"modified":"2025-10-21T14:51:58","modified_gmt":"2025-10-21T14:51:58","slug":"carrieres","status":"publish","type":"page","link":"https:\/\/ecofinishcoatings.com\/fr\/carrieres\/","title":{"rendered":"Carri\u00e8res"},"content":{"rendered":"<div id=\"cs-content\" class=\"cs-content\"><\/div>\n","protected":false},"excerpt":{"rendered":"<p>Carri\u00e8res Postes \u00e0 pourvoir Nous sommes toujours \u00e0 la recherche de personnes talentueuses et passionn\u00e9es pour rejoindre notre \u00e9quipe. Si vous ne voyez pas de poste sp\u00e9cifique correspondant \u00e0 vos comp\u00e9tences, nous vous encourageons \u00e0 soumettre une candidature g\u00e9n\u00e9rale. Nous sommes impatients de savoir ce que vous pouvez nous apporter et comment vous pouvez nous aider \u00e0 poursuivre notre croissance &#8230; <\/p>\n<div><a href=\"https:\/\/ecofinishcoatings.com\/fr\/carrieres\/\" class=\"more-link\">Read More<\/a><\/div>\n","protected":false},"author":7,"featured_media":0,"parent":0,"menu_order":0,"comment_status":"closed","ping_status":"closed","template":"template-blank-4.php","meta":{"om_disable_all_campaigns":false,"_monsterinsights_skip_tracking":false,"_monsterinsights_sitenote_active":false,"_monsterinsights_sitenote_note":"","_monsterinsights_sitenote_category":0,"_uf_show_specific_survey":0,"_uf_disable_surveys":false,"footnotes":""},"class_list":["post-3945","page","type-page","status-publish","hentry","no-post-thumbnail"],"yoast_head":"<!-- This site is optimized with the Yoast SEO plugin v27.5 - https:\/\/yoast.com\/product\/yoast-seo-wordpress\/ -->\n<title>Carri\u00e8res - Rev\u00eatements ecoFINISH<\/title>\n<meta name=\"description\" content=\"D\u00e9couvrez des opportunit\u00e9s gratifiantes et des carri\u00e8res passionnantes chez ecoFINISH ! Rejoignez notre \u00e9quipe engag\u00e9e dans l&#039;innovation et l&#039;excellence.\" \/>\n<meta name=\"robots\" content=\"index, follow, max-snippet:-1, max-image-preview:large, max-video-preview:-1\" \/>\n<link rel=\"canonical\" href=\"https:\/\/ecofinishcoatings.com\/fr\/carrieres\/\" \/>\n<meta property=\"og:locale\" content=\"fr_FR\" \/>\n<meta property=\"og:type\" content=\"article\" \/>\n<meta property=\"og:title\" content=\"Carri\u00e8res - Rev\u00eatements ecoFINISH\" \/>\n<meta property=\"og:description\" content=\"D\u00e9couvrez des opportunit\u00e9s gratifiantes et des carri\u00e8res passionnantes chez ecoFINISH ! Rejoignez notre \u00e9quipe engag\u00e9e dans l&#039;innovation et l&#039;excellence.\" \/>\n<meta property=\"og:url\" content=\"https:\/\/ecofinishcoatings.com\/fr\/carrieres\/\" \/>\n<meta property=\"og:site_name\" content=\"ecoFINISH Coatings\" \/>\n<meta property=\"article:modified_time\" content=\"2025-10-21T14:51:58+00:00\" \/>\n<meta name=\"twitter:card\" content=\"summary_large_image\" \/>\n<meta name=\"twitter:label1\" content=\"Dur\u00e9e de lecture estim\u00e9e\" \/>\n\t<meta name=\"twitter:data1\" content=\"1 minute\" \/>\n<script type=\"application\/ld+json\" class=\"yoast-schema-graph\">{\"@context\":\"https:\\\/\\\/schema.org\",\"@graph\":[{\"@type\":\"WebPage\",\"@id\":\"https:\\\/\\\/ecofinishcoatings.com\\\/fr\\\/carrieres\\\/\",\"url\":\"https:\\\/\\\/ecofinishcoatings.com\\\/fr\\\/carrieres\\\/\",\"name\":\"Carri\u00e8res - Rev\u00eatements ecoFINISH\",\"isPartOf\":{\"@id\":\"https:\\\/\\\/ecofinishcoatings.com\\\/fr\\\/#website\"},\"datePublished\":\"2023-01-10T13:04:55+00:00\",\"dateModified\":\"2025-10-21T14:51:58+00:00\",\"description\":\"D\u00e9couvrez des opportunit\u00e9s gratifiantes et des carri\u00e8res passionnantes chez ecoFINISH ! Rejoignez notre \u00e9quipe engag\u00e9e dans l'innovation et l'excellence.\",\"breadcrumb\":{\"@id\":\"https:\\\/\\\/ecofinishcoatings.com\\\/fr\\\/carrieres\\\/#breadcrumb\"},\"inLanguage\":\"fr-FR\",\"potentialAction\":[{\"@type\":\"ReadAction\",\"target\":[\"https:\\\/\\\/ecofinishcoatings.com\\\/fr\\\/carrieres\\\/\"]}]},{\"@type\":\"BreadcrumbList\",\"@id\":\"https:\\\/\\\/ecofinishcoatings.com\\\/fr\\\/carrieres\\\/#breadcrumb\",\"itemListElement\":[{\"@type\":\"ListItem\",\"position\":1,\"name\":\"Home\",\"item\":\"https:\\\/\\\/ecofinishcoatings.com\\\/fr\\\/accueil\\\/\"},{\"@type\":\"ListItem\",\"position\":2,\"name\":\"Carri\u00e8res\"}]},{\"@type\":\"WebSite\",\"@id\":\"https:\\\/\\\/ecofinishcoatings.com\\\/fr\\\/#website\",\"url\":\"https:\\\/\\\/ecofinishcoatings.com\\\/fr\\\/\",\"name\":\"ecoFINISH Coatings\",\"description\":\"a new era of coatings\",\"potentialAction\":[{\"@type\":\"SearchAction\",\"target\":{\"@type\":\"EntryPoint\",\"urlTemplate\":\"https:\\\/\\\/ecofinishcoatings.com\\\/fr\\\/?s={search_term_string}\"},\"query-input\":{\"@type\":\"PropertyValueSpecification\",\"valueRequired\":true,\"valueName\":\"search_term_string\"}}],\"inLanguage\":\"fr-FR\"}]}<\/script>\n<!-- \/ Yoast SEO plugin. -->","yoast_head_json":{"title":"Carri\u00e8res - Rev\u00eatements ecoFINISH","description":"D\u00e9couvrez des opportunit\u00e9s gratifiantes et des carri\u00e8res passionnantes chez ecoFINISH ! Rejoignez notre \u00e9quipe engag\u00e9e dans l'innovation et l'excellence.","robots":{"index":"index","follow":"follow","max-snippet":"max-snippet:-1","max-image-preview":"max-image-preview:large","max-video-preview":"max-video-preview:-1"},"canonical":"https:\/\/ecofinishcoatings.com\/fr\/carrieres\/","og_locale":"fr_FR","og_type":"article","og_title":"Carri\u00e8res - Rev\u00eatements ecoFINISH","og_description":"D\u00e9couvrez des opportunit\u00e9s gratifiantes et des carri\u00e8res passionnantes chez ecoFINISH ! Rejoignez notre \u00e9quipe engag\u00e9e dans l'innovation et l'excellence.","og_url":"https:\/\/ecofinishcoatings.com\/fr\/carrieres\/","og_site_name":"ecoFINISH Coatings","article_modified_time":"2025-10-21T14:51:58+00:00","twitter_card":"summary_large_image","twitter_misc":{"Dur\u00e9e de lecture estim\u00e9e":"1 minute"},"schema":{"@context":"https:\/\/schema.org","@graph":[{"@type":"WebPage","@id":"https:\/\/ecofinishcoatings.com\/fr\/carrieres\/","url":"https:\/\/ecofinishcoatings.com\/fr\/carrieres\/","name":"Carri\u00e8res - Rev\u00eatements ecoFINISH","isPartOf":{"@id":"https:\/\/ecofinishcoatings.com\/fr\/#website"},"datePublished":"2023-01-10T13:04:55+00:00","dateModified":"2025-10-21T14:51:58+00:00","description":"D\u00e9couvrez des opportunit\u00e9s gratifiantes et des carri\u00e8res passionnantes chez ecoFINISH ! Rejoignez notre \u00e9quipe engag\u00e9e dans l'innovation et l'excellence.","breadcrumb":{"@id":"https:\/\/ecofinishcoatings.com\/fr\/carrieres\/#breadcrumb"},"inLanguage":"fr-FR","potentialAction":[{"@type":"ReadAction","target":["https:\/\/ecofinishcoatings.com\/fr\/carrieres\/"]}]},{"@type":"BreadcrumbList","@id":"https:\/\/ecofinishcoatings.com\/fr\/carrieres\/#breadcrumb","itemListElement":[{"@type":"ListItem","position":1,"name":"Home","item":"https:\/\/ecofinishcoatings.com\/fr\/accueil\/"},{"@type":"ListItem","position":2,"name":"Carri\u00e8res"}]},{"@type":"WebSite","@id":"https:\/\/ecofinishcoatings.com\/fr\/#website","url":"https:\/\/ecofinishcoatings.com\/fr\/","name":"ecoFINISH Coatings","description":"a new era of coatings","potentialAction":[{"@type":"SearchAction","target":{"@type":"EntryPoint","urlTemplate":"https:\/\/ecofinishcoatings.com\/fr\/?s={search_term_string}"},"query-input":{"@type":"PropertyValueSpecification","valueRequired":true,"valueName":"search_term_string"}}],"inLanguage":"fr-FR"}]}},"_links":{"self":[{"href":"https:\/\/ecofinishcoatings.com\/fr\/wp-json\/wp\/v2\/pages\/3945","targetHints":{"allow":["GET"]}}],"collection":[{"href":"https:\/\/ecofinishcoatings.com\/fr\/wp-json\/wp\/v2\/pages"}],"about":[{"href":"https:\/\/ecofinishcoatings.com\/fr\/wp-json\/wp\/v2\/types\/page"}],"author":[{"embeddable":true,"href":"https:\/\/ecofinishcoatings.com\/fr\/wp-json\/wp\/v2\/users\/7"}],"replies":[{"embeddable":true,"href":"https:\/\/ecofinishcoatings.com\/fr\/wp-json\/wp\/v2\/comments?post=3945"}],"version-history":[{"count":0,"href":"https:\/\/ecofinishcoatings.com\/fr\/wp-json\/wp\/v2\/pages\/3945\/revisions"}],"wp:attachment":[{"href":"https:\/\/ecofinishcoatings.com\/fr\/wp-json\/wp\/v2\/media?parent=3945"}],"curies":[{"name":"wp","href":"https:\/\/api.w.org\/{rel}","templated":true}]}}