{"id":3943,"date":"2023-01-02T03:16:48","date_gmt":"2023-01-02T03:16:48","guid":{"rendered":"https:\/\/ecofinishcoatings.com\/login-revendeur\/"},"modified":"2025-11-20T15:25:05","modified_gmt":"2025-11-20T15:25:05","slug":"login-revendeur","status":"publish","type":"page","link":"https:\/\/ecofinishcoatings.com\/fr\/login-revendeur\/","title":{"rendered":"Login revendeur"},"content":{"rendered":"<div id=\"cs-content\" class=\"cs-content\"><\/div>\n","protected":false},"excerpt":{"rendered":"<p>Login revendeur ecoFINISH Pour acc\u00e9der \u00e0 votre profil de distributeur, cliquez sur le bouton de connexion des membres ci-dessous et remplissez vos informations. Member Login . Forgot? Show Go Stay Logged In . My Profile Sign Up Log Out Javascript Required For testing. You must have JavaScript enabled in order to log in.<\/p>\n","protected":false},"author":7,"featured_media":0,"parent":0,"menu_order":0,"comment_status":"closed","ping_status":"closed","template":"template-blank-4.php","meta":{"om_disable_all_campaigns":false,"_monsterinsights_skip_tracking":false,"_monsterinsights_sitenote_active":false,"_monsterinsights_sitenote_note":"","_monsterinsights_sitenote_category":0,"_uf_show_specific_survey":0,"_uf_disable_surveys":false,"footnotes":""},"class_list":["post-3943","page","type-page","status-publish","hentry","no-post-thumbnail"],"yoast_head":"<!-- This site is optimized with the Yoast SEO plugin v27.3 - https:\/\/yoast.com\/product\/yoast-seo-wordpress\/ -->\n<title>Login revendeur - ecoFINISH Coatings<\/title>\n<meta name=\"description\" content=\"Acc\u00e9dez \u00e0 votre profil de distributeur ecoFINISH en cliquant sur le bouton d&#039;acc\u00e8s au membre et en remplissant vos informations.\" \/>\n<meta name=\"robots\" content=\"noindex, nofollow\" \/>\n<meta property=\"og:locale\" content=\"fr_FR\" \/>\n<meta property=\"og:type\" content=\"article\" \/>\n<meta property=\"og:title\" content=\"Login revendeur - ecoFINISH Coatings\" \/>\n<meta property=\"og:description\" content=\"Acc\u00e9dez \u00e0 votre profil de distributeur ecoFINISH en cliquant sur le bouton d&#039;acc\u00e8s au membre et en remplissant vos informations.\" \/>\n<meta property=\"og:url\" content=\"https:\/\/ecofinishcoatings.com\/fr\/login-revendeur\/\" \/>\n<meta property=\"og:site_name\" content=\"ecoFINISH Coatings\" \/>\n<meta property=\"article:modified_time\" content=\"2025-11-20T15:25:05+00:00\" \/>\n<meta property=\"og:image\" content=\"https:\/\/www.sentrylogin.com\/sentry\/images\/logo.gif\" \/>\n<meta name=\"twitter:card\" content=\"summary_large_image\" \/>\n<meta name=\"twitter:label1\" content=\"Dur\u00e9e de lecture estim\u00e9e\" \/>\n\t<meta name=\"twitter:data1\" content=\"2 minutes\" \/>\n<script type=\"application\/ld+json\" class=\"yoast-schema-graph\">{\"@context\":\"https:\\\/\\\/schema.org\",\"@graph\":[{\"@type\":\"WebPage\",\"@id\":\"https:\\\/\\\/ecofinishcoatings.com\\\/fr\\\/login-revendeur\\\/\",\"url\":\"https:\\\/\\\/ecofinishcoatings.com\\\/fr\\\/login-revendeur\\\/\",\"name\":\"Login revendeur - ecoFINISH Coatings\",\"isPartOf\":{\"@id\":\"https:\\\/\\\/ecofinishcoatings.com\\\/fr\\\/#website\"},\"primaryImageOfPage\":{\"@id\":\"https:\\\/\\\/ecofinishcoatings.com\\\/fr\\\/login-revendeur\\\/#primaryimage\"},\"image\":{\"@id\":\"https:\\\/\\\/ecofinishcoatings.com\\\/fr\\\/login-revendeur\\\/#primaryimage\"},\"thumbnailUrl\":\"https:\\\/\\\/www.sentrylogin.com\\\/sentry\\\/images\\\/logo.gif\",\"datePublished\":\"2023-01-02T03:16:48+00:00\",\"dateModified\":\"2025-11-20T15:25:05+00:00\",\"description\":\"Acc\u00e9dez \u00e0 votre profil de distributeur ecoFINISH en cliquant sur le bouton d'acc\u00e8s au membre et en remplissant vos informations.\",\"breadcrumb\":{\"@id\":\"https:\\\/\\\/ecofinishcoatings.com\\\/fr\\\/login-revendeur\\\/#breadcrumb\"},\"inLanguage\":\"fr-FR\",\"potentialAction\":[{\"@type\":\"ReadAction\",\"target\":[\"https:\\\/\\\/ecofinishcoatings.com\\\/fr\\\/login-revendeur\\\/\"]}]},{\"@type\":\"ImageObject\",\"inLanguage\":\"fr-FR\",\"@id\":\"https:\\\/\\\/ecofinishcoatings.com\\\/fr\\\/login-revendeur\\\/#primaryimage\",\"url\":\"https:\\\/\\\/www.sentrylogin.com\\\/sentry\\\/images\\\/logo.gif\",\"contentUrl\":\"https:\\\/\\\/www.sentrylogin.com\\\/sentry\\\/images\\\/logo.gif\"},{\"@type\":\"BreadcrumbList\",\"@id\":\"https:\\\/\\\/ecofinishcoatings.com\\\/fr\\\/login-revendeur\\\/#breadcrumb\",\"itemListElement\":[{\"@type\":\"ListItem\",\"position\":1,\"name\":\"Home\",\"item\":\"https:\\\/\\\/ecofinishcoatings.com\\\/fr\\\/accueil\\\/\"},{\"@type\":\"ListItem\",\"position\":2,\"name\":\"Login revendeur\"}]},{\"@type\":\"WebSite\",\"@id\":\"https:\\\/\\\/ecofinishcoatings.com\\\/fr\\\/#website\",\"url\":\"https:\\\/\\\/ecofinishcoatings.com\\\/fr\\\/\",\"name\":\"ecoFINISH Coatings\",\"description\":\"a new era of coatings\",\"potentialAction\":[{\"@type\":\"SearchAction\",\"target\":{\"@type\":\"EntryPoint\",\"urlTemplate\":\"https:\\\/\\\/ecofinishcoatings.com\\\/fr\\\/?s={search_term_string}\"},\"query-input\":{\"@type\":\"PropertyValueSpecification\",\"valueRequired\":true,\"valueName\":\"search_term_string\"}}],\"inLanguage\":\"fr-FR\"}]}<\/script>\n<!-- \/ Yoast SEO plugin. -->","yoast_head_json":{"title":"Login revendeur - ecoFINISH Coatings","description":"Acc\u00e9dez \u00e0 votre profil de distributeur ecoFINISH en cliquant sur le bouton d'acc\u00e8s au membre et en remplissant vos informations.","robots":{"index":"noindex","follow":"nofollow"},"og_locale":"fr_FR","og_type":"article","og_title":"Login revendeur - ecoFINISH Coatings","og_description":"Acc\u00e9dez \u00e0 votre profil de distributeur ecoFINISH en cliquant sur le bouton d'acc\u00e8s au membre et en remplissant vos informations.","og_url":"https:\/\/ecofinishcoatings.com\/fr\/login-revendeur\/","og_site_name":"ecoFINISH Coatings","article_modified_time":"2025-11-20T15:25:05+00:00","og_image":[{"url":"https:\/\/www.sentrylogin.com\/sentry\/images\/logo.gif","type":"","width":"","height":""}],"twitter_card":"summary_large_image","twitter_misc":{"Dur\u00e9e de lecture estim\u00e9e":"2 minutes"},"schema":{"@context":"https:\/\/schema.org","@graph":[{"@type":"WebPage","@id":"https:\/\/ecofinishcoatings.com\/fr\/login-revendeur\/","url":"https:\/\/ecofinishcoatings.com\/fr\/login-revendeur\/","name":"Login revendeur - ecoFINISH Coatings","isPartOf":{"@id":"https:\/\/ecofinishcoatings.com\/fr\/#website"},"primaryImageOfPage":{"@id":"https:\/\/ecofinishcoatings.com\/fr\/login-revendeur\/#primaryimage"},"image":{"@id":"https:\/\/ecofinishcoatings.com\/fr\/login-revendeur\/#primaryimage"},"thumbnailUrl":"https:\/\/www.sentrylogin.com\/sentry\/images\/logo.gif","datePublished":"2023-01-02T03:16:48+00:00","dateModified":"2025-11-20T15:25:05+00:00","description":"Acc\u00e9dez \u00e0 votre profil de distributeur ecoFINISH en cliquant sur le bouton d'acc\u00e8s au membre et en remplissant vos informations.","breadcrumb":{"@id":"https:\/\/ecofinishcoatings.com\/fr\/login-revendeur\/#breadcrumb"},"inLanguage":"fr-FR","potentialAction":[{"@type":"ReadAction","target":["https:\/\/ecofinishcoatings.com\/fr\/login-revendeur\/"]}]},{"@type":"ImageObject","inLanguage":"fr-FR","@id":"https:\/\/ecofinishcoatings.com\/fr\/login-revendeur\/#primaryimage","url":"https:\/\/www.sentrylogin.com\/sentry\/images\/logo.gif","contentUrl":"https:\/\/www.sentrylogin.com\/sentry\/images\/logo.gif"},{"@type":"BreadcrumbList","@id":"https:\/\/ecofinishcoatings.com\/fr\/login-revendeur\/#breadcrumb","itemListElement":[{"@type":"ListItem","position":1,"name":"Home","item":"https:\/\/ecofinishcoatings.com\/fr\/accueil\/"},{"@type":"ListItem","position":2,"name":"Login revendeur"}]},{"@type":"WebSite","@id":"https:\/\/ecofinishcoatings.com\/fr\/#website","url":"https:\/\/ecofinishcoatings.com\/fr\/","name":"ecoFINISH Coatings","description":"a new era of coatings","potentialAction":[{"@type":"SearchAction","target":{"@type":"EntryPoint","urlTemplate":"https:\/\/ecofinishcoatings.com\/fr\/?s={search_term_string}"},"query-input":{"@type":"PropertyValueSpecification","valueRequired":true,"valueName":"search_term_string"}}],"inLanguage":"fr-FR"}]}},"_links":{"self":[{"href":"https:\/\/ecofinishcoatings.com\/fr\/wp-json\/wp\/v2\/pages\/3943","targetHints":{"allow":["GET"]}}],"collection":[{"href":"https:\/\/ecofinishcoatings.com\/fr\/wp-json\/wp\/v2\/pages"}],"about":[{"href":"https:\/\/ecofinishcoatings.com\/fr\/wp-json\/wp\/v2\/types\/page"}],"author":[{"embeddable":true,"href":"https:\/\/ecofinishcoatings.com\/fr\/wp-json\/wp\/v2\/users\/7"}],"replies":[{"embeddable":true,"href":"https:\/\/ecofinishcoatings.com\/fr\/wp-json\/wp\/v2\/comments?post=3943"}],"version-history":[{"count":0,"href":"https:\/\/ecofinishcoatings.com\/fr\/wp-json\/wp\/v2\/pages\/3943\/revisions"}],"wp:attachment":[{"href":"https:\/\/ecofinishcoatings.com\/fr\/wp-json\/wp\/v2\/media?parent=3943"}],"curies":[{"name":"wp","href":"https:\/\/api.w.org\/{rel}","templated":true}]}}