{"id":3931,"date":"2022-10-24T13:20:18","date_gmt":"2022-10-24T13:20:18","guid":{"rendered":"https:\/\/ecofinishcoatings.com\/accueil\/"},"modified":"2025-12-16T21:18:44","modified_gmt":"2025-12-16T21:18:44","slug":"accueil","status":"publish","type":"page","link":"https:\/\/ecofinishcoatings.com\/fr\/","title":{"rendered":"ecoFINISH Coatings &#8211; Rev\u00eatements Haute Performances"},"content":{"rendered":"<div id=\"cs-content\" class=\"cs-content\"><\/div>\n","protected":false},"excerpt":{"rendered":"<p>Rev\u00eatements haute performance ecoFINISH Une nouvelle \u00e8re pour les rev\u00eatementsEn savoir plus sur nousFinitions de la piscine Quelque chose que vous n&rsquo;avez jamais vu auparavantParcourez nos finitions de piscineDevenez revendeur Rejoignez la famille ecoFINISH d\u00e8s aujourd&rsquo;huiDevenez revendeurTrouver un installateur Trouvez un installateur local d\u00e8s aujourd&rsquo;huiTrouver un installateurPhoto de Mirage Pools and SpasPiscines et spas MirageQu&rsquo;est-ce que ecoFINISH ? Issus de &#8230; <\/p>\n<div><a href=\"https:\/\/ecofinishcoatings.com\/fr\/\" class=\"more-link\">Read More<\/a><\/div>\n","protected":false},"author":7,"featured_media":0,"parent":0,"menu_order":0,"comment_status":"closed","ping_status":"closed","template":"template-blank-4.php","meta":{"om_disable_all_campaigns":false,"_monsterinsights_skip_tracking":false,"_monsterinsights_sitenote_active":false,"_monsterinsights_sitenote_note":"","_monsterinsights_sitenote_category":0,"_uf_show_specific_survey":0,"_uf_disable_surveys":false,"footnotes":""},"class_list":["post-3931","page","type-page","status-publish","hentry","no-post-thumbnail"],"yoast_head":"<!-- This site is optimized with the Yoast SEO plugin v27.3 - https:\/\/yoast.com\/product\/yoast-seo-wordpress\/ -->\n<title>ecoFINISH Coatings \u2013 Rev\u00eatements Haute Performances<\/title>\n<meta name=\"description\" content=\"Bienvenue dans le monde d&#039;ecoFINISH\u00ae - le premier fournisseur de rev\u00eatements polym\u00e8res pulv\u00e9ris\u00e9s \u00e0 la flamme pour les applications de piscine.\" \/>\n<meta name=\"robots\" content=\"index, follow, max-snippet:-1, max-image-preview:large, max-video-preview:-1\" \/>\n<link rel=\"canonical\" href=\"https:\/\/ecofinishcoatings.com\/fr\/\" \/>\n<meta property=\"og:locale\" content=\"fr_FR\" \/>\n<meta property=\"og:type\" content=\"article\" \/>\n<meta property=\"og:title\" content=\"ecoFINISH Coatings \u2013 Rev\u00eatements Haute Performances\" \/>\n<meta property=\"og:description\" content=\"Bienvenue dans le monde d&#039;ecoFINISH\u00ae - le premier fournisseur de rev\u00eatements polym\u00e8res pulv\u00e9ris\u00e9s \u00e0 la flamme pour les applications de piscine.\" \/>\n<meta property=\"og:url\" content=\"https:\/\/ecofinishcoatings.com\/fr\/\" \/>\n<meta property=\"og:site_name\" content=\"ecoFINISH Coatings\" \/>\n<meta property=\"article:modified_time\" content=\"2025-12-16T21:18:44+00:00\" \/>\n<meta name=\"twitter:card\" content=\"summary_large_image\" \/>\n<meta name=\"twitter:label1\" content=\"Dur\u00e9e de lecture estim\u00e9e\" \/>\n\t<meta name=\"twitter:data1\" content=\"14 minutes\" \/>\n<script type=\"application\/ld+json\" class=\"yoast-schema-graph\">{\"@context\":\"https:\\\/\\\/schema.org\",\"@graph\":[{\"@type\":\"WebPage\",\"@id\":\"https:\\\/\\\/ecofinishcoatings.com\\\/fr\\\/\",\"url\":\"https:\\\/\\\/ecofinishcoatings.com\\\/fr\\\/\",\"name\":\"ecoFINISH Coatings \u2013 Rev\u00eatements Haute Performances\",\"isPartOf\":{\"@id\":\"https:\\\/\\\/ecofinishcoatings.com\\\/fr\\\/#website\"},\"datePublished\":\"2022-10-24T13:20:18+00:00\",\"dateModified\":\"2025-12-16T21:18:44+00:00\",\"description\":\"Bienvenue dans le monde d'ecoFINISH\u00ae - le premier fournisseur de rev\u00eatements polym\u00e8res pulv\u00e9ris\u00e9s \u00e0 la flamme pour les applications de piscine.\",\"breadcrumb\":{\"@id\":\"https:\\\/\\\/ecofinishcoatings.com\\\/fr\\\/#breadcrumb\"},\"inLanguage\":\"fr-FR\",\"potentialAction\":[{\"@type\":\"ReadAction\",\"target\":[\"https:\\\/\\\/ecofinishcoatings.com\\\/fr\\\/\"]}]},{\"@type\":\"BreadcrumbList\",\"@id\":\"https:\\\/\\\/ecofinishcoatings.com\\\/fr\\\/#breadcrumb\",\"itemListElement\":[{\"@type\":\"ListItem\",\"position\":1,\"name\":\"Home\",\"item\":\"https:\\\/\\\/ecofinishcoatings.com\\\/fr\\\/accueil\\\/\"},{\"@type\":\"ListItem\",\"position\":2,\"name\":\"ecoFINISH Coatings &#8211; Rev\u00eatements Haute Performances\"}]},{\"@type\":\"WebSite\",\"@id\":\"https:\\\/\\\/ecofinishcoatings.com\\\/fr\\\/#website\",\"url\":\"https:\\\/\\\/ecofinishcoatings.com\\\/fr\\\/\",\"name\":\"ecoFINISH Coatings\",\"description\":\"a new era of coatings\",\"potentialAction\":[{\"@type\":\"SearchAction\",\"target\":{\"@type\":\"EntryPoint\",\"urlTemplate\":\"https:\\\/\\\/ecofinishcoatings.com\\\/fr\\\/?s={search_term_string}\"},\"query-input\":{\"@type\":\"PropertyValueSpecification\",\"valueRequired\":true,\"valueName\":\"search_term_string\"}}],\"inLanguage\":\"fr-FR\"}]}<\/script>\n<!-- \/ Yoast SEO plugin. -->","yoast_head_json":{"title":"ecoFINISH Coatings \u2013 Rev\u00eatements Haute Performances","description":"Bienvenue dans le monde d'ecoFINISH\u00ae - le premier fournisseur de rev\u00eatements polym\u00e8res pulv\u00e9ris\u00e9s \u00e0 la flamme pour les applications de piscine.","robots":{"index":"index","follow":"follow","max-snippet":"max-snippet:-1","max-image-preview":"max-image-preview:large","max-video-preview":"max-video-preview:-1"},"canonical":"https:\/\/ecofinishcoatings.com\/fr\/","og_locale":"fr_FR","og_type":"article","og_title":"ecoFINISH Coatings \u2013 Rev\u00eatements Haute Performances","og_description":"Bienvenue dans le monde d'ecoFINISH\u00ae - le premier fournisseur de rev\u00eatements polym\u00e8res pulv\u00e9ris\u00e9s \u00e0 la flamme pour les applications de piscine.","og_url":"https:\/\/ecofinishcoatings.com\/fr\/","og_site_name":"ecoFINISH Coatings","article_modified_time":"2025-12-16T21:18:44+00:00","twitter_card":"summary_large_image","twitter_misc":{"Dur\u00e9e de lecture estim\u00e9e":"14 minutes"},"schema":{"@context":"https:\/\/schema.org","@graph":[{"@type":"WebPage","@id":"https:\/\/ecofinishcoatings.com\/fr\/","url":"https:\/\/ecofinishcoatings.com\/fr\/","name":"ecoFINISH Coatings \u2013 Rev\u00eatements Haute Performances","isPartOf":{"@id":"https:\/\/ecofinishcoatings.com\/fr\/#website"},"datePublished":"2022-10-24T13:20:18+00:00","dateModified":"2025-12-16T21:18:44+00:00","description":"Bienvenue dans le monde d'ecoFINISH\u00ae - le premier fournisseur de rev\u00eatements polym\u00e8res pulv\u00e9ris\u00e9s \u00e0 la flamme pour les applications de piscine.","breadcrumb":{"@id":"https:\/\/ecofinishcoatings.com\/fr\/#breadcrumb"},"inLanguage":"fr-FR","potentialAction":[{"@type":"ReadAction","target":["https:\/\/ecofinishcoatings.com\/fr\/"]}]},{"@type":"BreadcrumbList","@id":"https:\/\/ecofinishcoatings.com\/fr\/#breadcrumb","itemListElement":[{"@type":"ListItem","position":1,"name":"Home","item":"https:\/\/ecofinishcoatings.com\/fr\/accueil\/"},{"@type":"ListItem","position":2,"name":"ecoFINISH Coatings &#8211; Rev\u00eatements Haute Performances"}]},{"@type":"WebSite","@id":"https:\/\/ecofinishcoatings.com\/fr\/#website","url":"https:\/\/ecofinishcoatings.com\/fr\/","name":"ecoFINISH Coatings","description":"a new era of coatings","potentialAction":[{"@type":"SearchAction","target":{"@type":"EntryPoint","urlTemplate":"https:\/\/ecofinishcoatings.com\/fr\/?s={search_term_string}"},"query-input":{"@type":"PropertyValueSpecification","valueRequired":true,"valueName":"search_term_string"}}],"inLanguage":"fr-FR"}]}},"_links":{"self":[{"href":"https:\/\/ecofinishcoatings.com\/fr\/wp-json\/wp\/v2\/pages\/3931","targetHints":{"allow":["GET"]}}],"collection":[{"href":"https:\/\/ecofinishcoatings.com\/fr\/wp-json\/wp\/v2\/pages"}],"about":[{"href":"https:\/\/ecofinishcoatings.com\/fr\/wp-json\/wp\/v2\/types\/page"}],"author":[{"embeddable":true,"href":"https:\/\/ecofinishcoatings.com\/fr\/wp-json\/wp\/v2\/users\/7"}],"replies":[{"embeddable":true,"href":"https:\/\/ecofinishcoatings.com\/fr\/wp-json\/wp\/v2\/comments?post=3931"}],"version-history":[{"count":0,"href":"https:\/\/ecofinishcoatings.com\/fr\/wp-json\/wp\/v2\/pages\/3931\/revisions"}],"wp:attachment":[{"href":"https:\/\/ecofinishcoatings.com\/fr\/wp-json\/wp\/v2\/media?parent=3931"}],"curies":[{"name":"wp","href":"https:\/\/api.w.org\/{rel}","templated":true}]}}