{"id":3928,"date":"2023-11-02T13:14:03","date_gmt":"2023-11-02T13:14:03","guid":{"rendered":"https:\/\/ecofinishcoatings.com\/a-propos-de-nous\/"},"modified":"2026-03-31T13:31:00","modified_gmt":"2026-03-31T13:31:00","slug":"a-propos-de-nous","status":"publish","type":"page","link":"https:\/\/ecofinishcoatings.com\/fr\/a-propos-de-nous\/","title":{"rendered":"A propos de nous"},"content":{"rendered":"<div id=\"cs-content\" class=\"cs-content\"><\/div>\n","protected":false},"excerpt":{"rendered":"<p>A propos de nous Qui est ecoFINISH ? Bienvenue dans le monde de ecoFINISH\u00ae\u00a0&#8211; le premier fournisseur de rev\u00eatements polym\u00e8res pulv\u00e9ris\u00e9s \u00e0 la flamme con\u00e7us pour les applications industrielles et les piscines. Depuis sa cr\u00e9ation, ecoFINISH\u00ae est devenu le fabricant de rev\u00eatements polym\u00e8res projet\u00e9s \u00e0 la flamme qui conna\u00eet la plus forte croissance. Notre pr\u00e9sence mondiale s&rsquo;\u00e9tend sur les cinq &#8230; <\/p>\n<div><a href=\"https:\/\/ecofinishcoatings.com\/fr\/a-propos-de-nous\/\" class=\"more-link\">Read More<\/a><\/div>\n","protected":false},"author":7,"featured_media":0,"parent":0,"menu_order":0,"comment_status":"closed","ping_status":"closed","template":"template-blank-4.php","meta":{"om_disable_all_campaigns":false,"_monsterinsights_skip_tracking":false,"_monsterinsights_sitenote_active":false,"_monsterinsights_sitenote_note":"","_monsterinsights_sitenote_category":0,"_uf_show_specific_survey":0,"_uf_disable_surveys":false,"footnotes":""},"class_list":["post-3928","page","type-page","status-publish","hentry","no-post-thumbnail"],"yoast_head":"<!-- This site is optimized with the Yoast SEO plugin v27.5 - https:\/\/yoast.com\/product\/yoast-seo-wordpress\/ -->\n<title>A propos de nous - Rev\u00eatements ecoFINISH<\/title>\n<meta name=\"description\" content=\"ecoFINISH est le premier fournisseur mondial de rev\u00eatements polym\u00e8res pulv\u00e9ris\u00e9s \u00e0 la flamme, con\u00e7us pour les applications industrielles et les piscines.\" \/>\n<meta name=\"robots\" content=\"index, follow, max-snippet:-1, max-image-preview:large, max-video-preview:-1\" \/>\n<link rel=\"canonical\" href=\"https:\/\/ecofinishcoatings.com\/fr\/a-propos-de-nous\/\" \/>\n<meta property=\"og:locale\" content=\"fr_FR\" \/>\n<meta property=\"og:type\" content=\"article\" \/>\n<meta property=\"og:title\" content=\"A propos de nous - Rev\u00eatements ecoFINISH\" \/>\n<meta property=\"og:description\" content=\"ecoFINISH est le premier fournisseur mondial de rev\u00eatements polym\u00e8res pulv\u00e9ris\u00e9s \u00e0 la flamme, con\u00e7us pour les applications industrielles et les piscines.\" \/>\n<meta property=\"og:url\" content=\"https:\/\/ecofinishcoatings.com\/fr\/a-propos-de-nous\/\" \/>\n<meta property=\"og:site_name\" content=\"ecoFINISH Coatings\" \/>\n<meta property=\"article:modified_time\" content=\"2026-03-31T13:31:00+00:00\" \/>\n<meta name=\"twitter:card\" content=\"summary_large_image\" \/>\n<meta name=\"twitter:label1\" content=\"Dur\u00e9e de lecture estim\u00e9e\" \/>\n\t<meta name=\"twitter:data1\" content=\"4 minutes\" \/>\n<script type=\"application\/ld+json\" class=\"yoast-schema-graph\">{\"@context\":\"https:\\\/\\\/schema.org\",\"@graph\":[{\"@type\":\"WebPage\",\"@id\":\"https:\\\/\\\/ecofinishcoatings.com\\\/fr\\\/a-propos-de-nous\\\/\",\"url\":\"https:\\\/\\\/ecofinishcoatings.com\\\/fr\\\/a-propos-de-nous\\\/\",\"name\":\"A propos de nous - Rev\u00eatements ecoFINISH\",\"isPartOf\":{\"@id\":\"https:\\\/\\\/ecofinishcoatings.com\\\/fr\\\/#website\"},\"datePublished\":\"2023-11-02T13:14:03+00:00\",\"dateModified\":\"2026-03-31T13:31:00+00:00\",\"description\":\"ecoFINISH est le premier fournisseur mondial de rev\u00eatements polym\u00e8res pulv\u00e9ris\u00e9s \u00e0 la flamme, con\u00e7us pour les applications industrielles et les piscines.\",\"breadcrumb\":{\"@id\":\"https:\\\/\\\/ecofinishcoatings.com\\\/fr\\\/a-propos-de-nous\\\/#breadcrumb\"},\"inLanguage\":\"fr-FR\",\"potentialAction\":[{\"@type\":\"ReadAction\",\"target\":[\"https:\\\/\\\/ecofinishcoatings.com\\\/fr\\\/a-propos-de-nous\\\/\"]}]},{\"@type\":\"BreadcrumbList\",\"@id\":\"https:\\\/\\\/ecofinishcoatings.com\\\/fr\\\/a-propos-de-nous\\\/#breadcrumb\",\"itemListElement\":[{\"@type\":\"ListItem\",\"position\":1,\"name\":\"Home\",\"item\":\"https:\\\/\\\/ecofinishcoatings.com\\\/fr\\\/accueil\\\/\"},{\"@type\":\"ListItem\",\"position\":2,\"name\":\"A propos de nous\"}]},{\"@type\":\"WebSite\",\"@id\":\"https:\\\/\\\/ecofinishcoatings.com\\\/fr\\\/#website\",\"url\":\"https:\\\/\\\/ecofinishcoatings.com\\\/fr\\\/\",\"name\":\"ecoFINISH Coatings\",\"description\":\"a new era of coatings\",\"potentialAction\":[{\"@type\":\"SearchAction\",\"target\":{\"@type\":\"EntryPoint\",\"urlTemplate\":\"https:\\\/\\\/ecofinishcoatings.com\\\/fr\\\/?s={search_term_string}\"},\"query-input\":{\"@type\":\"PropertyValueSpecification\",\"valueRequired\":true,\"valueName\":\"search_term_string\"}}],\"inLanguage\":\"fr-FR\"}]}<\/script>\n<!-- \/ Yoast SEO plugin. -->","yoast_head_json":{"title":"A propos de nous - Rev\u00eatements ecoFINISH","description":"ecoFINISH est le premier fournisseur mondial de rev\u00eatements polym\u00e8res pulv\u00e9ris\u00e9s \u00e0 la flamme, con\u00e7us pour les applications industrielles et les piscines.","robots":{"index":"index","follow":"follow","max-snippet":"max-snippet:-1","max-image-preview":"max-image-preview:large","max-video-preview":"max-video-preview:-1"},"canonical":"https:\/\/ecofinishcoatings.com\/fr\/a-propos-de-nous\/","og_locale":"fr_FR","og_type":"article","og_title":"A propos de nous - Rev\u00eatements ecoFINISH","og_description":"ecoFINISH est le premier fournisseur mondial de rev\u00eatements polym\u00e8res pulv\u00e9ris\u00e9s \u00e0 la flamme, con\u00e7us pour les applications industrielles et les piscines.","og_url":"https:\/\/ecofinishcoatings.com\/fr\/a-propos-de-nous\/","og_site_name":"ecoFINISH Coatings","article_modified_time":"2026-03-31T13:31:00+00:00","twitter_card":"summary_large_image","twitter_misc":{"Dur\u00e9e de lecture estim\u00e9e":"4 minutes"},"schema":{"@context":"https:\/\/schema.org","@graph":[{"@type":"WebPage","@id":"https:\/\/ecofinishcoatings.com\/fr\/a-propos-de-nous\/","url":"https:\/\/ecofinishcoatings.com\/fr\/a-propos-de-nous\/","name":"A propos de nous - Rev\u00eatements ecoFINISH","isPartOf":{"@id":"https:\/\/ecofinishcoatings.com\/fr\/#website"},"datePublished":"2023-11-02T13:14:03+00:00","dateModified":"2026-03-31T13:31:00+00:00","description":"ecoFINISH est le premier fournisseur mondial de rev\u00eatements polym\u00e8res pulv\u00e9ris\u00e9s \u00e0 la flamme, con\u00e7us pour les applications industrielles et les piscines.","breadcrumb":{"@id":"https:\/\/ecofinishcoatings.com\/fr\/a-propos-de-nous\/#breadcrumb"},"inLanguage":"fr-FR","potentialAction":[{"@type":"ReadAction","target":["https:\/\/ecofinishcoatings.com\/fr\/a-propos-de-nous\/"]}]},{"@type":"BreadcrumbList","@id":"https:\/\/ecofinishcoatings.com\/fr\/a-propos-de-nous\/#breadcrumb","itemListElement":[{"@type":"ListItem","position":1,"name":"Home","item":"https:\/\/ecofinishcoatings.com\/fr\/accueil\/"},{"@type":"ListItem","position":2,"name":"A propos de nous"}]},{"@type":"WebSite","@id":"https:\/\/ecofinishcoatings.com\/fr\/#website","url":"https:\/\/ecofinishcoatings.com\/fr\/","name":"ecoFINISH Coatings","description":"a new era of coatings","potentialAction":[{"@type":"SearchAction","target":{"@type":"EntryPoint","urlTemplate":"https:\/\/ecofinishcoatings.com\/fr\/?s={search_term_string}"},"query-input":{"@type":"PropertyValueSpecification","valueRequired":true,"valueName":"search_term_string"}}],"inLanguage":"fr-FR"}]}},"_links":{"self":[{"href":"https:\/\/ecofinishcoatings.com\/fr\/wp-json\/wp\/v2\/pages\/3928","targetHints":{"allow":["GET"]}}],"collection":[{"href":"https:\/\/ecofinishcoatings.com\/fr\/wp-json\/wp\/v2\/pages"}],"about":[{"href":"https:\/\/ecofinishcoatings.com\/fr\/wp-json\/wp\/v2\/types\/page"}],"author":[{"embeddable":true,"href":"https:\/\/ecofinishcoatings.com\/fr\/wp-json\/wp\/v2\/users\/7"}],"replies":[{"embeddable":true,"href":"https:\/\/ecofinishcoatings.com\/fr\/wp-json\/wp\/v2\/comments?post=3928"}],"version-history":[{"count":0,"href":"https:\/\/ecofinishcoatings.com\/fr\/wp-json\/wp\/v2\/pages\/3928\/revisions"}],"wp:attachment":[{"href":"https:\/\/ecofinishcoatings.com\/fr\/wp-json\/wp\/v2\/media?parent=3928"}],"curies":[{"name":"wp","href":"https:\/\/api.w.org\/{rel}","templated":true}]}}