{"id":3915,"date":"2022-11-03T15:55:27","date_gmt":"2022-11-03T15:55:27","guid":{"rendered":"https:\/\/ecofinishcoatings.com\/aquabright\/"},"modified":"2025-10-14T18:06:27","modified_gmt":"2025-10-14T18:06:27","slug":"aquabright","status":"publish","type":"page","link":"https:\/\/ecofinishcoatings.com\/fr\/aquabright\/","title":{"rendered":"Aquabright"},"content":{"rendered":"<div id=\"cs-content\" class=\"cs-content\"><\/div>\n","protected":false},"excerpt":{"rendered":"<p>aquaBRIGHT\u2122 Pendant des d\u00e9cennies, les piscines ont \u00e9t\u00e9 recouvertes d&rsquo;une peinture blanche soyeuse \u00e0 base de caoutchouc. Outre sa texture lisse et son aspect blanc \u00e9clatant, ce type de peinture \u00e9tait r\u00e9put\u00e9 pour sa r\u00e9sistance aux taches et aux imperfections. \u00c0 la fin des ann\u00e9es 1980, les r\u00e9glementations gouvernementales ont interdit certains des ingr\u00e9dients les plus importants qui permettaient \u00e0 &#8230; <\/p>\n<div><a href=\"https:\/\/ecofinishcoatings.com\/fr\/aquabright\/\" class=\"more-link\">Read More<\/a><\/div>\n","protected":false},"author":7,"featured_media":0,"parent":0,"menu_order":0,"comment_status":"closed","ping_status":"closed","template":"template-blank-4.php","meta":{"om_disable_all_campaigns":false,"_monsterinsights_skip_tracking":false,"_monsterinsights_sitenote_active":false,"_monsterinsights_sitenote_note":"","_monsterinsights_sitenote_category":0,"_uf_show_specific_survey":0,"_uf_disable_surveys":false,"footnotes":""},"class_list":["post-3915","page","type-page","status-publish","hentry","no-post-thumbnail"],"yoast_head":"<!-- This site is optimized with the Yoast SEO plugin v27.3 - https:\/\/yoast.com\/product\/yoast-seo-wordpress\/ -->\n<title>aquaBRIGHT - ecoFINISH Coatings<\/title>\n<meta name=\"description\" content=\"D\u00e9couvrez Aquabright - le rev\u00eatement lisse et durable pour les piscines en b\u00e9ton et en pl\u00e2tre. Faites ressortir votre piscine !\" \/>\n<meta name=\"robots\" content=\"index, follow, max-snippet:-1, max-image-preview:large, max-video-preview:-1\" \/>\n<link rel=\"canonical\" href=\"https:\/\/ecofinishcoatings.com\/fr\/aquabright\/\" \/>\n<meta property=\"og:locale\" content=\"fr_FR\" \/>\n<meta property=\"og:type\" content=\"article\" \/>\n<meta property=\"og:title\" content=\"aquaBRIGHT - ecoFINISH Coatings\" \/>\n<meta property=\"og:description\" content=\"D\u00e9couvrez Aquabright - le rev\u00eatement lisse et durable pour les piscines en b\u00e9ton et en pl\u00e2tre. Faites ressortir votre piscine !\" \/>\n<meta property=\"og:url\" content=\"https:\/\/ecofinishcoatings.com\/fr\/aquabright\/\" \/>\n<meta property=\"og:site_name\" content=\"ecoFINISH Coatings\" \/>\n<meta property=\"article:modified_time\" content=\"2025-10-14T18:06:27+00:00\" \/>\n<meta name=\"twitter:card\" content=\"summary_large_image\" \/>\n<meta name=\"twitter:label1\" content=\"Dur\u00e9e de lecture estim\u00e9e\" \/>\n\t<meta name=\"twitter:data1\" content=\"8 minutes\" \/>\n<script type=\"application\/ld+json\" class=\"yoast-schema-graph\">{\"@context\":\"https:\\\/\\\/schema.org\",\"@graph\":[{\"@type\":\"WebPage\",\"@id\":\"https:\\\/\\\/ecofinishcoatings.com\\\/fr\\\/aquabright\\\/\",\"url\":\"https:\\\/\\\/ecofinishcoatings.com\\\/fr\\\/aquabright\\\/\",\"name\":\"aquaBRIGHT - ecoFINISH Coatings\",\"isPartOf\":{\"@id\":\"https:\\\/\\\/ecofinishcoatings.com\\\/fr\\\/#website\"},\"datePublished\":\"2022-11-03T15:55:27+00:00\",\"dateModified\":\"2025-10-14T18:06:27+00:00\",\"description\":\"D\u00e9couvrez Aquabright - le rev\u00eatement lisse et durable pour les piscines en b\u00e9ton et en pl\u00e2tre. Faites ressortir votre piscine !\",\"breadcrumb\":{\"@id\":\"https:\\\/\\\/ecofinishcoatings.com\\\/fr\\\/aquabright\\\/#breadcrumb\"},\"inLanguage\":\"fr-FR\",\"potentialAction\":[{\"@type\":\"ReadAction\",\"target\":[\"https:\\\/\\\/ecofinishcoatings.com\\\/fr\\\/aquabright\\\/\"]}]},{\"@type\":\"BreadcrumbList\",\"@id\":\"https:\\\/\\\/ecofinishcoatings.com\\\/fr\\\/aquabright\\\/#breadcrumb\",\"itemListElement\":[{\"@type\":\"ListItem\",\"position\":1,\"name\":\"Home\",\"item\":\"https:\\\/\\\/ecofinishcoatings.com\\\/fr\\\/accueil\\\/\"},{\"@type\":\"ListItem\",\"position\":2,\"name\":\"Aquabright\"}]},{\"@type\":\"WebSite\",\"@id\":\"https:\\\/\\\/ecofinishcoatings.com\\\/fr\\\/#website\",\"url\":\"https:\\\/\\\/ecofinishcoatings.com\\\/fr\\\/\",\"name\":\"ecoFINISH Coatings\",\"description\":\"a new era of coatings\",\"potentialAction\":[{\"@type\":\"SearchAction\",\"target\":{\"@type\":\"EntryPoint\",\"urlTemplate\":\"https:\\\/\\\/ecofinishcoatings.com\\\/fr\\\/?s={search_term_string}\"},\"query-input\":{\"@type\":\"PropertyValueSpecification\",\"valueRequired\":true,\"valueName\":\"search_term_string\"}}],\"inLanguage\":\"fr-FR\"}]}<\/script>\n<!-- \/ Yoast SEO plugin. -->","yoast_head_json":{"title":"aquaBRIGHT - ecoFINISH Coatings","description":"D\u00e9couvrez Aquabright - le rev\u00eatement lisse et durable pour les piscines en b\u00e9ton et en pl\u00e2tre. Faites ressortir votre piscine !","robots":{"index":"index","follow":"follow","max-snippet":"max-snippet:-1","max-image-preview":"max-image-preview:large","max-video-preview":"max-video-preview:-1"},"canonical":"https:\/\/ecofinishcoatings.com\/fr\/aquabright\/","og_locale":"fr_FR","og_type":"article","og_title":"aquaBRIGHT - ecoFINISH Coatings","og_description":"D\u00e9couvrez Aquabright - le rev\u00eatement lisse et durable pour les piscines en b\u00e9ton et en pl\u00e2tre. Faites ressortir votre piscine !","og_url":"https:\/\/ecofinishcoatings.com\/fr\/aquabright\/","og_site_name":"ecoFINISH Coatings","article_modified_time":"2025-10-14T18:06:27+00:00","twitter_card":"summary_large_image","twitter_misc":{"Dur\u00e9e de lecture estim\u00e9e":"8 minutes"},"schema":{"@context":"https:\/\/schema.org","@graph":[{"@type":"WebPage","@id":"https:\/\/ecofinishcoatings.com\/fr\/aquabright\/","url":"https:\/\/ecofinishcoatings.com\/fr\/aquabright\/","name":"aquaBRIGHT - ecoFINISH Coatings","isPartOf":{"@id":"https:\/\/ecofinishcoatings.com\/fr\/#website"},"datePublished":"2022-11-03T15:55:27+00:00","dateModified":"2025-10-14T18:06:27+00:00","description":"D\u00e9couvrez Aquabright - le rev\u00eatement lisse et durable pour les piscines en b\u00e9ton et en pl\u00e2tre. Faites ressortir votre piscine !","breadcrumb":{"@id":"https:\/\/ecofinishcoatings.com\/fr\/aquabright\/#breadcrumb"},"inLanguage":"fr-FR","potentialAction":[{"@type":"ReadAction","target":["https:\/\/ecofinishcoatings.com\/fr\/aquabright\/"]}]},{"@type":"BreadcrumbList","@id":"https:\/\/ecofinishcoatings.com\/fr\/aquabright\/#breadcrumb","itemListElement":[{"@type":"ListItem","position":1,"name":"Home","item":"https:\/\/ecofinishcoatings.com\/fr\/accueil\/"},{"@type":"ListItem","position":2,"name":"Aquabright"}]},{"@type":"WebSite","@id":"https:\/\/ecofinishcoatings.com\/fr\/#website","url":"https:\/\/ecofinishcoatings.com\/fr\/","name":"ecoFINISH Coatings","description":"a new era of coatings","potentialAction":[{"@type":"SearchAction","target":{"@type":"EntryPoint","urlTemplate":"https:\/\/ecofinishcoatings.com\/fr\/?s={search_term_string}"},"query-input":{"@type":"PropertyValueSpecification","valueRequired":true,"valueName":"search_term_string"}}],"inLanguage":"fr-FR"}]}},"_links":{"self":[{"href":"https:\/\/ecofinishcoatings.com\/fr\/wp-json\/wp\/v2\/pages\/3915","targetHints":{"allow":["GET"]}}],"collection":[{"href":"https:\/\/ecofinishcoatings.com\/fr\/wp-json\/wp\/v2\/pages"}],"about":[{"href":"https:\/\/ecofinishcoatings.com\/fr\/wp-json\/wp\/v2\/types\/page"}],"author":[{"embeddable":true,"href":"https:\/\/ecofinishcoatings.com\/fr\/wp-json\/wp\/v2\/users\/7"}],"replies":[{"embeddable":true,"href":"https:\/\/ecofinishcoatings.com\/fr\/wp-json\/wp\/v2\/comments?post=3915"}],"version-history":[{"count":0,"href":"https:\/\/ecofinishcoatings.com\/fr\/wp-json\/wp\/v2\/pages\/3915\/revisions"}],"wp:attachment":[{"href":"https:\/\/ecofinishcoatings.com\/fr\/wp-json\/wp\/v2\/media?parent=3915"}],"curies":[{"name":"wp","href":"https:\/\/api.w.org\/{rel}","templated":true}]}}