{"id":3894,"date":"2022-11-11T19:12:32","date_gmt":"2022-11-11T19:12:32","guid":{"rendered":"https:\/\/ecofinishcoatings.com\/aquaticlife\/"},"modified":"2025-10-21T14:34:44","modified_gmt":"2025-10-21T14:34:44","slug":"aquaticlife","status":"publish","type":"page","link":"https:\/\/ecofinishcoatings.com\/fr\/aquaticlife\/","title":{"rendered":"Aquaticlife"},"content":{"rendered":"<div id=\"cs-content\" class=\"cs-content\"><\/div>\n","protected":false},"excerpt":{"rendered":"<p>aquaticLIFE\u2122 Nous savons que l&rsquo;un des facteurs cl\u00e9s que les gestionnaires et les concepteurs de zoos et d&rsquo;aquariums doivent prendre en compte est le rev\u00eatement appropri\u00e9 pour votre installation. Le rev\u00eatement doit \u00eatre non seulement attrayant, mais aussi durable, facile \u00e0 entretenir et, surtout, sans danger pour la faune. C&rsquo;est pourquoi nous avons cr\u00e9\u00e9 les rev\u00eatements aquaticLIFE\u2122 pour la vie &#8230; <\/p>\n<div><a href=\"https:\/\/ecofinishcoatings.com\/fr\/aquaticlife\/\" class=\"more-link\">Read More<\/a><\/div>\n","protected":false},"author":7,"featured_media":0,"parent":0,"menu_order":0,"comment_status":"closed","ping_status":"closed","template":"template-blank-4.php","meta":{"om_disable_all_campaigns":false,"_monsterinsights_skip_tracking":false,"_monsterinsights_sitenote_active":false,"_monsterinsights_sitenote_note":"","_monsterinsights_sitenote_category":0,"_uf_show_specific_survey":0,"_uf_disable_surveys":false,"footnotes":""},"class_list":["post-3894","page","type-page","status-publish","hentry","no-post-thumbnail"],"yoast_head":"<!-- This site is optimized with the Yoast SEO plugin v27.3 - https:\/\/yoast.com\/product\/yoast-seo-wordpress\/ -->\n<title>aquaticLIFE - Rev\u00eatements ecoFINISH<\/title>\n<meta name=\"description\" content=\"D\u00e9couvrez les avantages des rev\u00eatements aquaticLIFE pour la vie marine. Stables aux UV, r\u00e9sistants aux produits chimiques et sans danger pour les environnements aquatiques.\" \/>\n<meta name=\"robots\" content=\"index, follow, max-snippet:-1, max-image-preview:large, max-video-preview:-1\" \/>\n<link rel=\"canonical\" href=\"https:\/\/ecofinishcoatings.com\/fr\/aquaticlife\/\" \/>\n<meta property=\"og:locale\" content=\"fr_FR\" \/>\n<meta property=\"og:type\" content=\"article\" \/>\n<meta property=\"og:title\" content=\"aquaticLIFE - Rev\u00eatements ecoFINISH\" \/>\n<meta property=\"og:description\" content=\"D\u00e9couvrez les avantages des rev\u00eatements aquaticLIFE pour la vie marine. Stables aux UV, r\u00e9sistants aux produits chimiques et sans danger pour les environnements aquatiques.\" \/>\n<meta property=\"og:url\" content=\"https:\/\/ecofinishcoatings.com\/fr\/aquaticlife\/\" \/>\n<meta property=\"og:site_name\" content=\"ecoFINISH Coatings\" \/>\n<meta property=\"article:modified_time\" content=\"2025-10-21T14:34:44+00:00\" \/>\n<meta name=\"twitter:card\" content=\"summary_large_image\" \/>\n<meta name=\"twitter:label1\" content=\"Dur\u00e9e de lecture estim\u00e9e\" \/>\n\t<meta name=\"twitter:data1\" content=\"6 minutes\" \/>\n<script type=\"application\/ld+json\" class=\"yoast-schema-graph\">{\"@context\":\"https:\\\/\\\/schema.org\",\"@graph\":[{\"@type\":\"WebPage\",\"@id\":\"https:\\\/\\\/ecofinishcoatings.com\\\/fr\\\/aquaticlife\\\/\",\"url\":\"https:\\\/\\\/ecofinishcoatings.com\\\/fr\\\/aquaticlife\\\/\",\"name\":\"aquaticLIFE - Rev\u00eatements ecoFINISH\",\"isPartOf\":{\"@id\":\"https:\\\/\\\/ecofinishcoatings.com\\\/fr\\\/#website\"},\"datePublished\":\"2022-11-11T19:12:32+00:00\",\"dateModified\":\"2025-10-21T14:34:44+00:00\",\"description\":\"D\u00e9couvrez les avantages des rev\u00eatements aquaticLIFE pour la vie marine. Stables aux UV, r\u00e9sistants aux produits chimiques et sans danger pour les environnements aquatiques.\",\"breadcrumb\":{\"@id\":\"https:\\\/\\\/ecofinishcoatings.com\\\/fr\\\/aquaticlife\\\/#breadcrumb\"},\"inLanguage\":\"fr-FR\",\"potentialAction\":[{\"@type\":\"ReadAction\",\"target\":[\"https:\\\/\\\/ecofinishcoatings.com\\\/fr\\\/aquaticlife\\\/\"]}]},{\"@type\":\"BreadcrumbList\",\"@id\":\"https:\\\/\\\/ecofinishcoatings.com\\\/fr\\\/aquaticlife\\\/#breadcrumb\",\"itemListElement\":[{\"@type\":\"ListItem\",\"position\":1,\"name\":\"Home\",\"item\":\"https:\\\/\\\/ecofinishcoatings.com\\\/fr\\\/accueil\\\/\"},{\"@type\":\"ListItem\",\"position\":2,\"name\":\"Aquaticlife\"}]},{\"@type\":\"WebSite\",\"@id\":\"https:\\\/\\\/ecofinishcoatings.com\\\/fr\\\/#website\",\"url\":\"https:\\\/\\\/ecofinishcoatings.com\\\/fr\\\/\",\"name\":\"ecoFINISH Coatings\",\"description\":\"a new era of coatings\",\"potentialAction\":[{\"@type\":\"SearchAction\",\"target\":{\"@type\":\"EntryPoint\",\"urlTemplate\":\"https:\\\/\\\/ecofinishcoatings.com\\\/fr\\\/?s={search_term_string}\"},\"query-input\":{\"@type\":\"PropertyValueSpecification\",\"valueRequired\":true,\"valueName\":\"search_term_string\"}}],\"inLanguage\":\"fr-FR\"}]}<\/script>\n<!-- \/ Yoast SEO plugin. -->","yoast_head_json":{"title":"aquaticLIFE - Rev\u00eatements ecoFINISH","description":"D\u00e9couvrez les avantages des rev\u00eatements aquaticLIFE pour la vie marine. Stables aux UV, r\u00e9sistants aux produits chimiques et sans danger pour les environnements aquatiques.","robots":{"index":"index","follow":"follow","max-snippet":"max-snippet:-1","max-image-preview":"max-image-preview:large","max-video-preview":"max-video-preview:-1"},"canonical":"https:\/\/ecofinishcoatings.com\/fr\/aquaticlife\/","og_locale":"fr_FR","og_type":"article","og_title":"aquaticLIFE - Rev\u00eatements ecoFINISH","og_description":"D\u00e9couvrez les avantages des rev\u00eatements aquaticLIFE pour la vie marine. Stables aux UV, r\u00e9sistants aux produits chimiques et sans danger pour les environnements aquatiques.","og_url":"https:\/\/ecofinishcoatings.com\/fr\/aquaticlife\/","og_site_name":"ecoFINISH Coatings","article_modified_time":"2025-10-21T14:34:44+00:00","twitter_card":"summary_large_image","twitter_misc":{"Dur\u00e9e de lecture estim\u00e9e":"6 minutes"},"schema":{"@context":"https:\/\/schema.org","@graph":[{"@type":"WebPage","@id":"https:\/\/ecofinishcoatings.com\/fr\/aquaticlife\/","url":"https:\/\/ecofinishcoatings.com\/fr\/aquaticlife\/","name":"aquaticLIFE - Rev\u00eatements ecoFINISH","isPartOf":{"@id":"https:\/\/ecofinishcoatings.com\/fr\/#website"},"datePublished":"2022-11-11T19:12:32+00:00","dateModified":"2025-10-21T14:34:44+00:00","description":"D\u00e9couvrez les avantages des rev\u00eatements aquaticLIFE pour la vie marine. Stables aux UV, r\u00e9sistants aux produits chimiques et sans danger pour les environnements aquatiques.","breadcrumb":{"@id":"https:\/\/ecofinishcoatings.com\/fr\/aquaticlife\/#breadcrumb"},"inLanguage":"fr-FR","potentialAction":[{"@type":"ReadAction","target":["https:\/\/ecofinishcoatings.com\/fr\/aquaticlife\/"]}]},{"@type":"BreadcrumbList","@id":"https:\/\/ecofinishcoatings.com\/fr\/aquaticlife\/#breadcrumb","itemListElement":[{"@type":"ListItem","position":1,"name":"Home","item":"https:\/\/ecofinishcoatings.com\/fr\/accueil\/"},{"@type":"ListItem","position":2,"name":"Aquaticlife"}]},{"@type":"WebSite","@id":"https:\/\/ecofinishcoatings.com\/fr\/#website","url":"https:\/\/ecofinishcoatings.com\/fr\/","name":"ecoFINISH Coatings","description":"a new era of coatings","potentialAction":[{"@type":"SearchAction","target":{"@type":"EntryPoint","urlTemplate":"https:\/\/ecofinishcoatings.com\/fr\/?s={search_term_string}"},"query-input":{"@type":"PropertyValueSpecification","valueRequired":true,"valueName":"search_term_string"}}],"inLanguage":"fr-FR"}]}},"_links":{"self":[{"href":"https:\/\/ecofinishcoatings.com\/fr\/wp-json\/wp\/v2\/pages\/3894","targetHints":{"allow":["GET"]}}],"collection":[{"href":"https:\/\/ecofinishcoatings.com\/fr\/wp-json\/wp\/v2\/pages"}],"about":[{"href":"https:\/\/ecofinishcoatings.com\/fr\/wp-json\/wp\/v2\/types\/page"}],"author":[{"embeddable":true,"href":"https:\/\/ecofinishcoatings.com\/fr\/wp-json\/wp\/v2\/users\/7"}],"replies":[{"embeddable":true,"href":"https:\/\/ecofinishcoatings.com\/fr\/wp-json\/wp\/v2\/comments?post=3894"}],"version-history":[{"count":0,"href":"https:\/\/ecofinishcoatings.com\/fr\/wp-json\/wp\/v2\/pages\/3894\/revisions"}],"wp:attachment":[{"href":"https:\/\/ecofinishcoatings.com\/fr\/wp-json\/wp\/v2\/media?parent=3894"}],"curies":[{"name":"wp","href":"https:\/\/api.w.org\/{rel}","templated":true}]}}