{"id":4549,"date":"2022-11-28T14:10:40","date_gmt":"2022-11-28T14:10:40","guid":{"rendered":"https:\/\/ecofinishcoatings.com\/industrial\/"},"modified":"2025-11-03T15:42:31","modified_gmt":"2025-11-03T15:42:31","slug":"industrial","status":"publish","type":"page","link":"https:\/\/ecofinishcoatings.com\/es\/industrial\/","title":{"rendered":"Industrial"},"content":{"rendered":"<div id=\"cs-content\" class=\"cs-content\"><\/div>\n","protected":false},"excerpt":{"rendered":"<p>Recubrimientos Industriales EcoFinish: La durabilidad se une a la protecci\u00f3n avanzada Presentamos los Revestimientos ecoDUSTRIAL\u2122 con Tecnolog\u00eda BioCote EcoFinish se enorgullece de ofrecer los Revestimientos ecoDUSTRIAL\u2122, ahora mejorados con la tecnolog\u00eda antimicrobiana BioCote\u00ae. Dise\u00f1ados para satisfacer las rigurosas exigencias de los entornos industriales, los Revestimientos ecoDUSTRIAL\u2122 no s\u00f3lo ofrecen una durabilidad excepcional, sino tambi\u00e9n una capa adicional de protecci\u00f3n contra &#8230; <\/p>\n<div><a href=\"https:\/\/ecofinishcoatings.com\/es\/industrial\/\" class=\"more-link\">Read More<\/a><\/div>\n","protected":false},"author":7,"featured_media":0,"parent":0,"menu_order":0,"comment_status":"closed","ping_status":"closed","template":"template-blank-4.php","meta":{"om_disable_all_campaigns":false,"_monsterinsights_skip_tracking":false,"_monsterinsights_sitenote_active":false,"_monsterinsights_sitenote_note":"","_monsterinsights_sitenote_category":0,"_uf_show_specific_survey":0,"_uf_disable_surveys":false,"footnotes":""},"class_list":["post-4549","page","type-page","status-publish","hentry","no-post-thumbnail"],"yoast_head":"<!-- This site is optimized with the Yoast SEO plugin v27.4 - https:\/\/yoast.com\/product\/yoast-seo-wordpress\/ -->\n<title>ecoDUSTRIAL: Recubrimientos Industriales de ecoFINISH<\/title>\n<meta name=\"description\" content=\"Explora los Revestimientos ecoDUSTRIAL para obtener revestimientos industriales fiables con protecci\u00f3n anticorrosi\u00f3n. Certificado NSF-61 y antideslizante.\" \/>\n<meta name=\"robots\" content=\"index, follow, max-snippet:-1, max-image-preview:large, max-video-preview:-1\" \/>\n<link rel=\"canonical\" href=\"https:\/\/ecofinishcoatings.com\/es\/industrial\/\" \/>\n<meta property=\"og:locale\" content=\"es_ES\" \/>\n<meta property=\"og:type\" content=\"article\" \/>\n<meta property=\"og:title\" content=\"ecoDUSTRIAL: Recubrimientos Industriales de ecoFINISH\" \/>\n<meta property=\"og:description\" content=\"Explora los Revestimientos ecoDUSTRIAL para obtener revestimientos industriales fiables con protecci\u00f3n anticorrosi\u00f3n. Certificado NSF-61 y antideslizante.\" \/>\n<meta property=\"og:url\" content=\"https:\/\/ecofinishcoatings.com\/es\/industrial\/\" \/>\n<meta property=\"og:site_name\" content=\"ecoFINISH Coatings\" \/>\n<meta property=\"article:modified_time\" content=\"2025-11-03T15:42:31+00:00\" \/>\n<meta name=\"twitter:card\" content=\"summary_large_image\" \/>\n<meta name=\"twitter:label1\" content=\"Tiempo de lectura\" \/>\n\t<meta name=\"twitter:data1\" content=\"10 minutos\" \/>\n<script type=\"application\/ld+json\" class=\"yoast-schema-graph\">{\"@context\":\"https:\\\/\\\/schema.org\",\"@graph\":[{\"@type\":\"WebPage\",\"@id\":\"https:\\\/\\\/ecofinishcoatings.com\\\/es\\\/industrial\\\/\",\"url\":\"https:\\\/\\\/ecofinishcoatings.com\\\/es\\\/industrial\\\/\",\"name\":\"ecoDUSTRIAL: Recubrimientos Industriales de ecoFINISH\",\"isPartOf\":{\"@id\":\"https:\\\/\\\/ecofinishcoatings.com\\\/es\\\/#website\"},\"datePublished\":\"2022-11-28T14:10:40+00:00\",\"dateModified\":\"2025-11-03T15:42:31+00:00\",\"description\":\"Explora los Revestimientos ecoDUSTRIAL para obtener revestimientos industriales fiables con protecci\u00f3n anticorrosi\u00f3n. Certificado NSF-61 y antideslizante.\",\"breadcrumb\":{\"@id\":\"https:\\\/\\\/ecofinishcoatings.com\\\/es\\\/industrial\\\/#breadcrumb\"},\"inLanguage\":\"es\",\"potentialAction\":[{\"@type\":\"ReadAction\",\"target\":[\"https:\\\/\\\/ecofinishcoatings.com\\\/es\\\/industrial\\\/\"]}]},{\"@type\":\"BreadcrumbList\",\"@id\":\"https:\\\/\\\/ecofinishcoatings.com\\\/es\\\/industrial\\\/#breadcrumb\",\"itemListElement\":[{\"@type\":\"ListItem\",\"position\":1,\"name\":\"Home\",\"item\":\"https:\\\/\\\/ecofinishcoatings.com\\\/es\\\/inicio\\\/\"},{\"@type\":\"ListItem\",\"position\":2,\"name\":\"Industrial\"}]},{\"@type\":\"WebSite\",\"@id\":\"https:\\\/\\\/ecofinishcoatings.com\\\/es\\\/#website\",\"url\":\"https:\\\/\\\/ecofinishcoatings.com\\\/es\\\/\",\"name\":\"ecoFINISH Coatings\",\"description\":\"a new era of coatings\",\"potentialAction\":[{\"@type\":\"SearchAction\",\"target\":{\"@type\":\"EntryPoint\",\"urlTemplate\":\"https:\\\/\\\/ecofinishcoatings.com\\\/es\\\/?s={search_term_string}\"},\"query-input\":{\"@type\":\"PropertyValueSpecification\",\"valueRequired\":true,\"valueName\":\"search_term_string\"}}],\"inLanguage\":\"es\"}]}<\/script>\n<!-- \/ Yoast SEO plugin. -->","yoast_head_json":{"title":"ecoDUSTRIAL: Recubrimientos Industriales de ecoFINISH","description":"Explora los Revestimientos ecoDUSTRIAL para obtener revestimientos industriales fiables con protecci\u00f3n anticorrosi\u00f3n. Certificado NSF-61 y antideslizante.","robots":{"index":"index","follow":"follow","max-snippet":"max-snippet:-1","max-image-preview":"max-image-preview:large","max-video-preview":"max-video-preview:-1"},"canonical":"https:\/\/ecofinishcoatings.com\/es\/industrial\/","og_locale":"es_ES","og_type":"article","og_title":"ecoDUSTRIAL: Recubrimientos Industriales de ecoFINISH","og_description":"Explora los Revestimientos ecoDUSTRIAL para obtener revestimientos industriales fiables con protecci\u00f3n anticorrosi\u00f3n. Certificado NSF-61 y antideslizante.","og_url":"https:\/\/ecofinishcoatings.com\/es\/industrial\/","og_site_name":"ecoFINISH Coatings","article_modified_time":"2025-11-03T15:42:31+00:00","twitter_card":"summary_large_image","twitter_misc":{"Tiempo de lectura":"10 minutos"},"schema":{"@context":"https:\/\/schema.org","@graph":[{"@type":"WebPage","@id":"https:\/\/ecofinishcoatings.com\/es\/industrial\/","url":"https:\/\/ecofinishcoatings.com\/es\/industrial\/","name":"ecoDUSTRIAL: Recubrimientos Industriales de ecoFINISH","isPartOf":{"@id":"https:\/\/ecofinishcoatings.com\/es\/#website"},"datePublished":"2022-11-28T14:10:40+00:00","dateModified":"2025-11-03T15:42:31+00:00","description":"Explora los Revestimientos ecoDUSTRIAL para obtener revestimientos industriales fiables con protecci\u00f3n anticorrosi\u00f3n. Certificado NSF-61 y antideslizante.","breadcrumb":{"@id":"https:\/\/ecofinishcoatings.com\/es\/industrial\/#breadcrumb"},"inLanguage":"es","potentialAction":[{"@type":"ReadAction","target":["https:\/\/ecofinishcoatings.com\/es\/industrial\/"]}]},{"@type":"BreadcrumbList","@id":"https:\/\/ecofinishcoatings.com\/es\/industrial\/#breadcrumb","itemListElement":[{"@type":"ListItem","position":1,"name":"Home","item":"https:\/\/ecofinishcoatings.com\/es\/inicio\/"},{"@type":"ListItem","position":2,"name":"Industrial"}]},{"@type":"WebSite","@id":"https:\/\/ecofinishcoatings.com\/es\/#website","url":"https:\/\/ecofinishcoatings.com\/es\/","name":"ecoFINISH Coatings","description":"a new era of coatings","potentialAction":[{"@type":"SearchAction","target":{"@type":"EntryPoint","urlTemplate":"https:\/\/ecofinishcoatings.com\/es\/?s={search_term_string}"},"query-input":{"@type":"PropertyValueSpecification","valueRequired":true,"valueName":"search_term_string"}}],"inLanguage":"es"}]}},"_links":{"self":[{"href":"https:\/\/ecofinishcoatings.com\/es\/wp-json\/wp\/v2\/pages\/4549","targetHints":{"allow":["GET"]}}],"collection":[{"href":"https:\/\/ecofinishcoatings.com\/es\/wp-json\/wp\/v2\/pages"}],"about":[{"href":"https:\/\/ecofinishcoatings.com\/es\/wp-json\/wp\/v2\/types\/page"}],"author":[{"embeddable":true,"href":"https:\/\/ecofinishcoatings.com\/es\/wp-json\/wp\/v2\/users\/7"}],"replies":[{"embeddable":true,"href":"https:\/\/ecofinishcoatings.com\/es\/wp-json\/wp\/v2\/comments?post=4549"}],"version-history":[{"count":0,"href":"https:\/\/ecofinishcoatings.com\/es\/wp-json\/wp\/v2\/pages\/4549\/revisions"}],"wp:attachment":[{"href":"https:\/\/ecofinishcoatings.com\/es\/wp-json\/wp\/v2\/media?parent=4549"}],"curies":[{"name":"wp","href":"https:\/\/api.w.org\/{rel}","templated":true}]}}