{"id":4523,"date":"2022-11-11T17:11:25","date_gmt":"2022-11-11T17:11:25","guid":{"rendered":"https:\/\/ecofinishcoatings.com\/hielo-bahia-bahia\/"},"modified":"2025-11-03T16:33:05","modified_gmt":"2025-11-03T16:33:05","slug":"ice-ice-bay-bay","status":"publish","type":"page","link":"https:\/\/ecofinishcoatings.com\/es\/ice-ice-bay-bay\/","title":{"rendered":"Ice Ice Bay Bay"},"content":{"rendered":"<div id=\"cs-content\" class=\"cs-content\"><\/div>\n","protected":false},"excerpt":{"rendered":"<p>Ice Ice Bay Bay polyFIBRO: Ice Ice Bay Bay Sum&eacute;rgete en el n&iacute;tido y fresco abrazo de Ice Ice Bay Bay, inspirada en la belleza pr&iacute;stina de las aguas heladas del &Aacute;rtico. Su base azul helado brilla con motas de plata y blanco, evocando la majestuosidad de los paisajes glaciares. Experimenta una sensaci&oacute;n de serenidad al sumergirte en este tranquilo &#8230; <\/p>\n<div><a href=\"https:\/\/ecofinishcoatings.com\/es\/ice-ice-bay-bay\/\" class=\"more-link\">Read More<\/a><\/div>\n","protected":false},"author":7,"featured_media":0,"parent":0,"menu_order":0,"comment_status":"closed","ping_status":"closed","template":"template-blank-4.php","meta":{"om_disable_all_campaigns":false,"_monsterinsights_skip_tracking":false,"_monsterinsights_sitenote_active":false,"_monsterinsights_sitenote_note":"","_monsterinsights_sitenote_category":0,"_uf_show_specific_survey":0,"_uf_disable_surveys":false,"footnotes":""},"class_list":["post-4523","page","type-page","status-publish","hentry","no-post-thumbnail"],"yoast_head":"<!-- This site is optimized with the Yoast SEO plugin v27.5 - https:\/\/yoast.com\/product\/yoast-seo-wordpress\/ -->\n<title>Ice Ice Bay Bay - Revestimientos ecoFINISH<\/title>\n<meta name=\"description\" content=\"Sum\u00e9rgete en el n\u00edtido abrazo de polyFIBRO: Ice Bay Bay. Inspirado en las aguas del \u00c1rtico, tiene un tono azul helado con motas plateadas y blancas.\" \/>\n<meta name=\"robots\" content=\"index, follow, max-snippet:-1, max-image-preview:large, max-video-preview:-1\" \/>\n<link rel=\"canonical\" href=\"https:\/\/ecofinishcoatings.com\/es\/ice-ice-bay-bay\/\" \/>\n<meta property=\"og:locale\" content=\"es_ES\" \/>\n<meta property=\"og:type\" content=\"article\" \/>\n<meta property=\"og:title\" content=\"Ice Ice Bay Bay - Revestimientos ecoFINISH\" \/>\n<meta property=\"og:description\" content=\"Sum\u00e9rgete en el n\u00edtido abrazo de polyFIBRO: Ice Bay Bay. Inspirado en las aguas del \u00c1rtico, tiene un tono azul helado con motas plateadas y blancas.\" \/>\n<meta property=\"og:url\" content=\"https:\/\/ecofinishcoatings.com\/es\/ice-ice-bay-bay\/\" \/>\n<meta property=\"og:site_name\" content=\"ecoFINISH Coatings\" \/>\n<meta property=\"article:modified_time\" content=\"2025-11-03T16:33:05+00:00\" \/>\n<meta name=\"twitter:card\" content=\"summary_large_image\" \/>\n<meta name=\"twitter:label1\" content=\"Tiempo de lectura\" \/>\n\t<meta name=\"twitter:data1\" content=\"3 minutos\" \/>\n<script type=\"application\/ld+json\" class=\"yoast-schema-graph\">{\"@context\":\"https:\\\/\\\/schema.org\",\"@graph\":[{\"@type\":\"WebPage\",\"@id\":\"https:\\\/\\\/ecofinishcoatings.com\\\/es\\\/ice-ice-bay-bay\\\/\",\"url\":\"https:\\\/\\\/ecofinishcoatings.com\\\/es\\\/ice-ice-bay-bay\\\/\",\"name\":\"Ice Ice Bay Bay - Revestimientos ecoFINISH\",\"isPartOf\":{\"@id\":\"https:\\\/\\\/ecofinishcoatings.com\\\/es\\\/#website\"},\"datePublished\":\"2022-11-11T17:11:25+00:00\",\"dateModified\":\"2025-11-03T16:33:05+00:00\",\"description\":\"Sum\u00e9rgete en el n\u00edtido abrazo de polyFIBRO: Ice Bay Bay. Inspirado en las aguas del \u00c1rtico, tiene un tono azul helado con motas plateadas y blancas.\",\"breadcrumb\":{\"@id\":\"https:\\\/\\\/ecofinishcoatings.com\\\/es\\\/ice-ice-bay-bay\\\/#breadcrumb\"},\"inLanguage\":\"es\",\"potentialAction\":[{\"@type\":\"ReadAction\",\"target\":[\"https:\\\/\\\/ecofinishcoatings.com\\\/es\\\/ice-ice-bay-bay\\\/\"]}]},{\"@type\":\"BreadcrumbList\",\"@id\":\"https:\\\/\\\/ecofinishcoatings.com\\\/es\\\/ice-ice-bay-bay\\\/#breadcrumb\",\"itemListElement\":[{\"@type\":\"ListItem\",\"position\":1,\"name\":\"Home\",\"item\":\"https:\\\/\\\/ecofinishcoatings.com\\\/es\\\/inicio\\\/\"},{\"@type\":\"ListItem\",\"position\":2,\"name\":\"Ice Ice Bay Bay\"}]},{\"@type\":\"WebSite\",\"@id\":\"https:\\\/\\\/ecofinishcoatings.com\\\/es\\\/#website\",\"url\":\"https:\\\/\\\/ecofinishcoatings.com\\\/es\\\/\",\"name\":\"ecoFINISH Coatings\",\"description\":\"a new era of coatings\",\"potentialAction\":[{\"@type\":\"SearchAction\",\"target\":{\"@type\":\"EntryPoint\",\"urlTemplate\":\"https:\\\/\\\/ecofinishcoatings.com\\\/es\\\/?s={search_term_string}\"},\"query-input\":{\"@type\":\"PropertyValueSpecification\",\"valueRequired\":true,\"valueName\":\"search_term_string\"}}],\"inLanguage\":\"es\"}]}<\/script>\n<!-- \/ Yoast SEO plugin. -->","yoast_head_json":{"title":"Ice Ice Bay Bay - Revestimientos ecoFINISH","description":"Sum\u00e9rgete en el n\u00edtido abrazo de polyFIBRO: Ice Bay Bay. Inspirado en las aguas del \u00c1rtico, tiene un tono azul helado con motas plateadas y blancas.","robots":{"index":"index","follow":"follow","max-snippet":"max-snippet:-1","max-image-preview":"max-image-preview:large","max-video-preview":"max-video-preview:-1"},"canonical":"https:\/\/ecofinishcoatings.com\/es\/ice-ice-bay-bay\/","og_locale":"es_ES","og_type":"article","og_title":"Ice Ice Bay Bay - Revestimientos ecoFINISH","og_description":"Sum\u00e9rgete en el n\u00edtido abrazo de polyFIBRO: Ice Bay Bay. Inspirado en las aguas del \u00c1rtico, tiene un tono azul helado con motas plateadas y blancas.","og_url":"https:\/\/ecofinishcoatings.com\/es\/ice-ice-bay-bay\/","og_site_name":"ecoFINISH Coatings","article_modified_time":"2025-11-03T16:33:05+00:00","twitter_card":"summary_large_image","twitter_misc":{"Tiempo de lectura":"3 minutos"},"schema":{"@context":"https:\/\/schema.org","@graph":[{"@type":"WebPage","@id":"https:\/\/ecofinishcoatings.com\/es\/ice-ice-bay-bay\/","url":"https:\/\/ecofinishcoatings.com\/es\/ice-ice-bay-bay\/","name":"Ice Ice Bay Bay - Revestimientos ecoFINISH","isPartOf":{"@id":"https:\/\/ecofinishcoatings.com\/es\/#website"},"datePublished":"2022-11-11T17:11:25+00:00","dateModified":"2025-11-03T16:33:05+00:00","description":"Sum\u00e9rgete en el n\u00edtido abrazo de polyFIBRO: Ice Bay Bay. Inspirado en las aguas del \u00c1rtico, tiene un tono azul helado con motas plateadas y blancas.","breadcrumb":{"@id":"https:\/\/ecofinishcoatings.com\/es\/ice-ice-bay-bay\/#breadcrumb"},"inLanguage":"es","potentialAction":[{"@type":"ReadAction","target":["https:\/\/ecofinishcoatings.com\/es\/ice-ice-bay-bay\/"]}]},{"@type":"BreadcrumbList","@id":"https:\/\/ecofinishcoatings.com\/es\/ice-ice-bay-bay\/#breadcrumb","itemListElement":[{"@type":"ListItem","position":1,"name":"Home","item":"https:\/\/ecofinishcoatings.com\/es\/inicio\/"},{"@type":"ListItem","position":2,"name":"Ice Ice Bay Bay"}]},{"@type":"WebSite","@id":"https:\/\/ecofinishcoatings.com\/es\/#website","url":"https:\/\/ecofinishcoatings.com\/es\/","name":"ecoFINISH Coatings","description":"a new era of coatings","potentialAction":[{"@type":"SearchAction","target":{"@type":"EntryPoint","urlTemplate":"https:\/\/ecofinishcoatings.com\/es\/?s={search_term_string}"},"query-input":{"@type":"PropertyValueSpecification","valueRequired":true,"valueName":"search_term_string"}}],"inLanguage":"es"}]}},"_links":{"self":[{"href":"https:\/\/ecofinishcoatings.com\/es\/wp-json\/wp\/v2\/pages\/4523","targetHints":{"allow":["GET"]}}],"collection":[{"href":"https:\/\/ecofinishcoatings.com\/es\/wp-json\/wp\/v2\/pages"}],"about":[{"href":"https:\/\/ecofinishcoatings.com\/es\/wp-json\/wp\/v2\/types\/page"}],"author":[{"embeddable":true,"href":"https:\/\/ecofinishcoatings.com\/es\/wp-json\/wp\/v2\/users\/7"}],"replies":[{"embeddable":true,"href":"https:\/\/ecofinishcoatings.com\/es\/wp-json\/wp\/v2\/comments?post=4523"}],"version-history":[{"count":0,"href":"https:\/\/ecofinishcoatings.com\/es\/wp-json\/wp\/v2\/pages\/4523\/revisions"}],"wp:attachment":[{"href":"https:\/\/ecofinishcoatings.com\/es\/wp-json\/wp\/v2\/media?parent=4523"}],"curies":[{"name":"wp","href":"https:\/\/api.w.org\/{rel}","templated":true}]}}