{"id":4505,"date":"2023-01-10T13:04:55","date_gmt":"2023-01-10T13:04:55","guid":{"rendered":"https:\/\/ecofinishcoatings.com\/empleo\/"},"modified":"2025-11-03T15:54:05","modified_gmt":"2025-11-03T15:54:05","slug":"empleo","status":"publish","type":"page","link":"https:\/\/ecofinishcoatings.com\/es\/empleo\/","title":{"rendered":"Empleo"},"content":{"rendered":"<div id=\"cs-content\" class=\"cs-content\"><\/div>\n","protected":false},"excerpt":{"rendered":"<p>Empleo Puestos vacantes Siempre estamos buscando personas con talento y pasi\u00f3n para unirse a nuestro equipo. Si no ves un puesto espec\u00edfico que se ajuste a tus habilidades, te animamos a que env\u00edes una solicitud general. Nos entusiasma saber lo que puedes aportar y c\u00f3mo puedes ayudarnos a seguir creciendo y triunfando. \u00a1Presenta tu candidatura hoy mismo! &#x25b8;Aplicaci\u00f3n general<\/p>\n","protected":false},"author":7,"featured_media":0,"parent":0,"menu_order":0,"comment_status":"closed","ping_status":"closed","template":"template-blank-4.php","meta":{"om_disable_all_campaigns":false,"_monsterinsights_skip_tracking":false,"_monsterinsights_sitenote_active":false,"_monsterinsights_sitenote_note":"","_monsterinsights_sitenote_category":0,"_uf_show_specific_survey":0,"_uf_disable_surveys":false,"footnotes":""},"class_list":["post-4505","page","type-page","status-publish","hentry","no-post-thumbnail"],"yoast_head":"<!-- This site is optimized with the Yoast SEO plugin v27.4 - https:\/\/yoast.com\/product\/yoast-seo-wordpress\/ -->\n<title>Empleo - Recubrimientos ecoFINISH<\/title>\n<meta name=\"description\" content=\"\u00a1Desbloquea oportunidades gratificantes y carreras apasionantes en ecoFINISH! \u00danete a nuestro equipo comprometido con la innovaci\u00f3n y la excelencia.\" \/>\n<meta name=\"robots\" content=\"index, follow, max-snippet:-1, max-image-preview:large, max-video-preview:-1\" \/>\n<link rel=\"canonical\" href=\"https:\/\/ecofinishcoatings.com\/es\/empleo\/\" \/>\n<meta property=\"og:locale\" content=\"es_ES\" \/>\n<meta property=\"og:type\" content=\"article\" \/>\n<meta property=\"og:title\" content=\"Empleo - Recubrimientos ecoFINISH\" \/>\n<meta property=\"og:description\" content=\"\u00a1Desbloquea oportunidades gratificantes y carreras apasionantes en ecoFINISH! \u00danete a nuestro equipo comprometido con la innovaci\u00f3n y la excelencia.\" \/>\n<meta property=\"og:url\" content=\"https:\/\/ecofinishcoatings.com\/es\/empleo\/\" \/>\n<meta property=\"og:site_name\" content=\"ecoFINISH Coatings\" \/>\n<meta property=\"article:modified_time\" content=\"2025-11-03T15:54:05+00:00\" \/>\n<meta name=\"twitter:card\" content=\"summary_large_image\" \/>\n<meta name=\"twitter:label1\" content=\"Tiempo de lectura\" \/>\n\t<meta name=\"twitter:data1\" content=\"1 minuto\" \/>\n<script type=\"application\/ld+json\" class=\"yoast-schema-graph\">{\"@context\":\"https:\\\/\\\/schema.org\",\"@graph\":[{\"@type\":\"WebPage\",\"@id\":\"https:\\\/\\\/ecofinishcoatings.com\\\/es\\\/empleo\\\/\",\"url\":\"https:\\\/\\\/ecofinishcoatings.com\\\/es\\\/empleo\\\/\",\"name\":\"Empleo - Recubrimientos ecoFINISH\",\"isPartOf\":{\"@id\":\"https:\\\/\\\/ecofinishcoatings.com\\\/es\\\/#website\"},\"datePublished\":\"2023-01-10T13:04:55+00:00\",\"dateModified\":\"2025-11-03T15:54:05+00:00\",\"description\":\"\u00a1Desbloquea oportunidades gratificantes y carreras apasionantes en ecoFINISH! \u00danete a nuestro equipo comprometido con la innovaci\u00f3n y la excelencia.\",\"breadcrumb\":{\"@id\":\"https:\\\/\\\/ecofinishcoatings.com\\\/es\\\/empleo\\\/#breadcrumb\"},\"inLanguage\":\"es\",\"potentialAction\":[{\"@type\":\"ReadAction\",\"target\":[\"https:\\\/\\\/ecofinishcoatings.com\\\/es\\\/empleo\\\/\"]}]},{\"@type\":\"BreadcrumbList\",\"@id\":\"https:\\\/\\\/ecofinishcoatings.com\\\/es\\\/empleo\\\/#breadcrumb\",\"itemListElement\":[{\"@type\":\"ListItem\",\"position\":1,\"name\":\"Home\",\"item\":\"https:\\\/\\\/ecofinishcoatings.com\\\/es\\\/inicio\\\/\"},{\"@type\":\"ListItem\",\"position\":2,\"name\":\"Empleo\"}]},{\"@type\":\"WebSite\",\"@id\":\"https:\\\/\\\/ecofinishcoatings.com\\\/es\\\/#website\",\"url\":\"https:\\\/\\\/ecofinishcoatings.com\\\/es\\\/\",\"name\":\"ecoFINISH Coatings\",\"description\":\"a new era of coatings\",\"potentialAction\":[{\"@type\":\"SearchAction\",\"target\":{\"@type\":\"EntryPoint\",\"urlTemplate\":\"https:\\\/\\\/ecofinishcoatings.com\\\/es\\\/?s={search_term_string}\"},\"query-input\":{\"@type\":\"PropertyValueSpecification\",\"valueRequired\":true,\"valueName\":\"search_term_string\"}}],\"inLanguage\":\"es\"}]}<\/script>\n<!-- \/ Yoast SEO plugin. -->","yoast_head_json":{"title":"Empleo - Recubrimientos ecoFINISH","description":"\u00a1Desbloquea oportunidades gratificantes y carreras apasionantes en ecoFINISH! \u00danete a nuestro equipo comprometido con la innovaci\u00f3n y la excelencia.","robots":{"index":"index","follow":"follow","max-snippet":"max-snippet:-1","max-image-preview":"max-image-preview:large","max-video-preview":"max-video-preview:-1"},"canonical":"https:\/\/ecofinishcoatings.com\/es\/empleo\/","og_locale":"es_ES","og_type":"article","og_title":"Empleo - Recubrimientos ecoFINISH","og_description":"\u00a1Desbloquea oportunidades gratificantes y carreras apasionantes en ecoFINISH! \u00danete a nuestro equipo comprometido con la innovaci\u00f3n y la excelencia.","og_url":"https:\/\/ecofinishcoatings.com\/es\/empleo\/","og_site_name":"ecoFINISH Coatings","article_modified_time":"2025-11-03T15:54:05+00:00","twitter_card":"summary_large_image","twitter_misc":{"Tiempo de lectura":"1 minuto"},"schema":{"@context":"https:\/\/schema.org","@graph":[{"@type":"WebPage","@id":"https:\/\/ecofinishcoatings.com\/es\/empleo\/","url":"https:\/\/ecofinishcoatings.com\/es\/empleo\/","name":"Empleo - Recubrimientos ecoFINISH","isPartOf":{"@id":"https:\/\/ecofinishcoatings.com\/es\/#website"},"datePublished":"2023-01-10T13:04:55+00:00","dateModified":"2025-11-03T15:54:05+00:00","description":"\u00a1Desbloquea oportunidades gratificantes y carreras apasionantes en ecoFINISH! \u00danete a nuestro equipo comprometido con la innovaci\u00f3n y la excelencia.","breadcrumb":{"@id":"https:\/\/ecofinishcoatings.com\/es\/empleo\/#breadcrumb"},"inLanguage":"es","potentialAction":[{"@type":"ReadAction","target":["https:\/\/ecofinishcoatings.com\/es\/empleo\/"]}]},{"@type":"BreadcrumbList","@id":"https:\/\/ecofinishcoatings.com\/es\/empleo\/#breadcrumb","itemListElement":[{"@type":"ListItem","position":1,"name":"Home","item":"https:\/\/ecofinishcoatings.com\/es\/inicio\/"},{"@type":"ListItem","position":2,"name":"Empleo"}]},{"@type":"WebSite","@id":"https:\/\/ecofinishcoatings.com\/es\/#website","url":"https:\/\/ecofinishcoatings.com\/es\/","name":"ecoFINISH Coatings","description":"a new era of coatings","potentialAction":[{"@type":"SearchAction","target":{"@type":"EntryPoint","urlTemplate":"https:\/\/ecofinishcoatings.com\/es\/?s={search_term_string}"},"query-input":{"@type":"PropertyValueSpecification","valueRequired":true,"valueName":"search_term_string"}}],"inLanguage":"es"}]}},"_links":{"self":[{"href":"https:\/\/ecofinishcoatings.com\/es\/wp-json\/wp\/v2\/pages\/4505","targetHints":{"allow":["GET"]}}],"collection":[{"href":"https:\/\/ecofinishcoatings.com\/es\/wp-json\/wp\/v2\/pages"}],"about":[{"href":"https:\/\/ecofinishcoatings.com\/es\/wp-json\/wp\/v2\/types\/page"}],"author":[{"embeddable":true,"href":"https:\/\/ecofinishcoatings.com\/es\/wp-json\/wp\/v2\/users\/7"}],"replies":[{"embeddable":true,"href":"https:\/\/ecofinishcoatings.com\/es\/wp-json\/wp\/v2\/comments?post=4505"}],"version-history":[{"count":0,"href":"https:\/\/ecofinishcoatings.com\/es\/wp-json\/wp\/v2\/pages\/4505\/revisions"}],"wp:attachment":[{"href":"https:\/\/ecofinishcoatings.com\/es\/wp-json\/wp\/v2\/media?parent=4505"}],"curies":[{"name":"wp","href":"https:\/\/api.w.org\/{rel}","templated":true}]}}