{"id":4480,"date":"2024-04-08T20:44:29","date_gmt":"2024-04-08T20:44:29","guid":{"rendered":"https:\/\/ecofinishcoatings.com\/hazte-distribuidor\/"},"modified":"2025-11-03T15:55:08","modified_gmt":"2025-11-03T15:55:08","slug":"hazte-distribuidor","status":"publish","type":"page","link":"https:\/\/ecofinishcoatings.com\/es\/hazte-distribuidor\/","title":{"rendered":"Hazte Distribuidor"},"content":{"rendered":"<div id=\"cs-content\" class=\"cs-content\"><\/div>\n","protected":false},"excerpt":{"rendered":"<p>Hazte Distribuidor deEcofinish Hazte distribuidor de ecoFINISH\u00ae hoy mismo\u00bfListo para convertirte en Distribuidor ecoFINISH\u00ae? \u00danete a la familia ecoFINISH\u00ae y eleva tu negocio con revestimientos de alto rendimiento. Buscamos profesionales con experiencia dispuestos a ampliar su oferta y ofrecer resultados excepcionales a sus clientes. Como distribuidor, tendr\u00e1s acceso a una marca reconocida en todo el mundo, a una tecnolog\u00eda innovadora &#8230; <\/p>\n<div><a href=\"https:\/\/ecofinishcoatings.com\/es\/hazte-distribuidor\/\" class=\"more-link\">Read More<\/a><\/div>\n","protected":false},"author":7,"featured_media":0,"parent":0,"menu_order":0,"comment_status":"closed","ping_status":"closed","template":"template-blank-4.php","meta":{"om_disable_all_campaigns":false,"_monsterinsights_skip_tracking":false,"_monsterinsights_sitenote_active":false,"_monsterinsights_sitenote_note":"","_monsterinsights_sitenote_category":0,"_uf_show_specific_survey":0,"_uf_disable_surveys":false,"footnotes":""},"class_list":["post-4480","page","type-page","status-publish","hentry","no-post-thumbnail"],"yoast_head":"<!-- This site is optimized with the Yoast SEO plugin v27.3 - https:\/\/yoast.com\/product\/yoast-seo-wordpress\/ -->\n<title>Hazte Distribuidor ecoFINISH<\/title>\n<meta name=\"description\" content=\"Convi\u00e9rtete en distribuidor ecoFINISH y \u00fanete a nuestro equipo con formaci\u00f3n in situ, orientaci\u00f3n experta, apoyo continuo y cero cuotas de franquicia.\" \/>\n<meta name=\"robots\" content=\"index, follow, max-snippet:-1, max-image-preview:large, max-video-preview:-1\" \/>\n<link rel=\"canonical\" href=\"https:\/\/ecofinishcoatings.com\/es\/hazte-distribuidor\/\" \/>\n<meta property=\"og:locale\" content=\"es_ES\" \/>\n<meta property=\"og:type\" content=\"article\" \/>\n<meta property=\"og:title\" content=\"Hazte Distribuidor ecoFINISH\" \/>\n<meta property=\"og:description\" content=\"Convi\u00e9rtete en distribuidor ecoFINISH y \u00fanete a nuestro equipo con formaci\u00f3n in situ, orientaci\u00f3n experta, apoyo continuo y cero cuotas de franquicia.\" \/>\n<meta property=\"og:url\" content=\"https:\/\/ecofinishcoatings.com\/es\/hazte-distribuidor\/\" \/>\n<meta property=\"og:site_name\" content=\"ecoFINISH Coatings\" \/>\n<meta property=\"article:modified_time\" content=\"2025-11-03T15:55:08+00:00\" \/>\n<meta name=\"twitter:card\" content=\"summary_large_image\" \/>\n<meta name=\"twitter:label1\" content=\"Tiempo de lectura\" \/>\n\t<meta name=\"twitter:data1\" content=\"4 minutos\" \/>\n<script type=\"application\/ld+json\" class=\"yoast-schema-graph\">{\"@context\":\"https:\\\/\\\/schema.org\",\"@graph\":[{\"@type\":\"WebPage\",\"@id\":\"https:\\\/\\\/ecofinishcoatings.com\\\/es\\\/hazte-distribuidor\\\/\",\"url\":\"https:\\\/\\\/ecofinishcoatings.com\\\/es\\\/hazte-distribuidor\\\/\",\"name\":\"Hazte Distribuidor ecoFINISH\",\"isPartOf\":{\"@id\":\"https:\\\/\\\/ecofinishcoatings.com\\\/es\\\/#website\"},\"datePublished\":\"2024-04-08T20:44:29+00:00\",\"dateModified\":\"2025-11-03T15:55:08+00:00\",\"description\":\"Convi\u00e9rtete en distribuidor ecoFINISH y \u00fanete a nuestro equipo con formaci\u00f3n in situ, orientaci\u00f3n experta, apoyo continuo y cero cuotas de franquicia.\",\"breadcrumb\":{\"@id\":\"https:\\\/\\\/ecofinishcoatings.com\\\/es\\\/hazte-distribuidor\\\/#breadcrumb\"},\"inLanguage\":\"es\",\"potentialAction\":[{\"@type\":\"ReadAction\",\"target\":[\"https:\\\/\\\/ecofinishcoatings.com\\\/es\\\/hazte-distribuidor\\\/\"]}]},{\"@type\":\"BreadcrumbList\",\"@id\":\"https:\\\/\\\/ecofinishcoatings.com\\\/es\\\/hazte-distribuidor\\\/#breadcrumb\",\"itemListElement\":[{\"@type\":\"ListItem\",\"position\":1,\"name\":\"Home\",\"item\":\"https:\\\/\\\/ecofinishcoatings.com\\\/es\\\/inicio\\\/\"},{\"@type\":\"ListItem\",\"position\":2,\"name\":\"Hazte Distribuidor\"}]},{\"@type\":\"WebSite\",\"@id\":\"https:\\\/\\\/ecofinishcoatings.com\\\/es\\\/#website\",\"url\":\"https:\\\/\\\/ecofinishcoatings.com\\\/es\\\/\",\"name\":\"ecoFINISH Coatings\",\"description\":\"a new era of coatings\",\"potentialAction\":[{\"@type\":\"SearchAction\",\"target\":{\"@type\":\"EntryPoint\",\"urlTemplate\":\"https:\\\/\\\/ecofinishcoatings.com\\\/es\\\/?s={search_term_string}\"},\"query-input\":{\"@type\":\"PropertyValueSpecification\",\"valueRequired\":true,\"valueName\":\"search_term_string\"}}],\"inLanguage\":\"es\"}]}<\/script>\n<!-- \/ Yoast SEO plugin. -->","yoast_head_json":{"title":"Hazte Distribuidor ecoFINISH","description":"Convi\u00e9rtete en distribuidor ecoFINISH y \u00fanete a nuestro equipo con formaci\u00f3n in situ, orientaci\u00f3n experta, apoyo continuo y cero cuotas de franquicia.","robots":{"index":"index","follow":"follow","max-snippet":"max-snippet:-1","max-image-preview":"max-image-preview:large","max-video-preview":"max-video-preview:-1"},"canonical":"https:\/\/ecofinishcoatings.com\/es\/hazte-distribuidor\/","og_locale":"es_ES","og_type":"article","og_title":"Hazte Distribuidor ecoFINISH","og_description":"Convi\u00e9rtete en distribuidor ecoFINISH y \u00fanete a nuestro equipo con formaci\u00f3n in situ, orientaci\u00f3n experta, apoyo continuo y cero cuotas de franquicia.","og_url":"https:\/\/ecofinishcoatings.com\/es\/hazte-distribuidor\/","og_site_name":"ecoFINISH Coatings","article_modified_time":"2025-11-03T15:55:08+00:00","twitter_card":"summary_large_image","twitter_misc":{"Tiempo de lectura":"4 minutos"},"schema":{"@context":"https:\/\/schema.org","@graph":[{"@type":"WebPage","@id":"https:\/\/ecofinishcoatings.com\/es\/hazte-distribuidor\/","url":"https:\/\/ecofinishcoatings.com\/es\/hazte-distribuidor\/","name":"Hazte Distribuidor ecoFINISH","isPartOf":{"@id":"https:\/\/ecofinishcoatings.com\/es\/#website"},"datePublished":"2024-04-08T20:44:29+00:00","dateModified":"2025-11-03T15:55:08+00:00","description":"Convi\u00e9rtete en distribuidor ecoFINISH y \u00fanete a nuestro equipo con formaci\u00f3n in situ, orientaci\u00f3n experta, apoyo continuo y cero cuotas de franquicia.","breadcrumb":{"@id":"https:\/\/ecofinishcoatings.com\/es\/hazte-distribuidor\/#breadcrumb"},"inLanguage":"es","potentialAction":[{"@type":"ReadAction","target":["https:\/\/ecofinishcoatings.com\/es\/hazte-distribuidor\/"]}]},{"@type":"BreadcrumbList","@id":"https:\/\/ecofinishcoatings.com\/es\/hazte-distribuidor\/#breadcrumb","itemListElement":[{"@type":"ListItem","position":1,"name":"Home","item":"https:\/\/ecofinishcoatings.com\/es\/inicio\/"},{"@type":"ListItem","position":2,"name":"Hazte Distribuidor"}]},{"@type":"WebSite","@id":"https:\/\/ecofinishcoatings.com\/es\/#website","url":"https:\/\/ecofinishcoatings.com\/es\/","name":"ecoFINISH Coatings","description":"a new era of coatings","potentialAction":[{"@type":"SearchAction","target":{"@type":"EntryPoint","urlTemplate":"https:\/\/ecofinishcoatings.com\/es\/?s={search_term_string}"},"query-input":{"@type":"PropertyValueSpecification","valueRequired":true,"valueName":"search_term_string"}}],"inLanguage":"es"}]}},"_links":{"self":[{"href":"https:\/\/ecofinishcoatings.com\/es\/wp-json\/wp\/v2\/pages\/4480","targetHints":{"allow":["GET"]}}],"collection":[{"href":"https:\/\/ecofinishcoatings.com\/es\/wp-json\/wp\/v2\/pages"}],"about":[{"href":"https:\/\/ecofinishcoatings.com\/es\/wp-json\/wp\/v2\/types\/page"}],"author":[{"embeddable":true,"href":"https:\/\/ecofinishcoatings.com\/es\/wp-json\/wp\/v2\/users\/7"}],"replies":[{"embeddable":true,"href":"https:\/\/ecofinishcoatings.com\/es\/wp-json\/wp\/v2\/comments?post=4480"}],"version-history":[{"count":0,"href":"https:\/\/ecofinishcoatings.com\/es\/wp-json\/wp\/v2\/pages\/4480\/revisions"}],"wp:attachment":[{"href":"https:\/\/ecofinishcoatings.com\/es\/wp-json\/wp\/v2\/media?parent=4480"}],"curies":[{"name":"wp","href":"https:\/\/api.w.org\/{rel}","templated":true}]}}