{"id":4473,"date":"2023-11-02T13:14:03","date_gmt":"2023-11-02T13:14:03","guid":{"rendered":"https:\/\/ecofinishcoatings.com\/quienes-somos\/"},"modified":"2026-03-31T13:32:51","modified_gmt":"2026-03-31T13:32:51","slug":"quienes-somos","status":"publish","type":"page","link":"https:\/\/ecofinishcoatings.com\/es\/quienes-somos\/","title":{"rendered":"Qui\u00e9nes Somos"},"content":{"rendered":"<div id=\"cs-content\" class=\"cs-content\"><\/div>\n","protected":false},"excerpt":{"rendered":"<p>Qui\u00e9nes somos \u00bfQui\u00e9n es ecoFINISH? Bienvenido al mundo de ecoFINISH &#8211; el principal proveedor de revestimientos polim\u00e9ricos pulverizados con llama de \u00faltima generaci\u00f3n, dise\u00f1ados para aplicaciones tanto industriales como en piscinas. Desde su creaci\u00f3n, ecoFINISH\u00ae se ha convertido en el fabricante de revestimientos polim\u00e9ricos pulverizados con llama de m\u00e1s r\u00e1pido crecimiento. Nuestra presencia mundial se extiende por los cinco continentes, &#8230; <\/p>\n<div><a href=\"https:\/\/ecofinishcoatings.com\/es\/quienes-somos\/\" class=\"more-link\">Read More<\/a><\/div>\n","protected":false},"author":7,"featured_media":0,"parent":0,"menu_order":0,"comment_status":"closed","ping_status":"closed","template":"template-blank-4.php","meta":{"om_disable_all_campaigns":false,"_monsterinsights_skip_tracking":false,"_monsterinsights_sitenote_active":false,"_monsterinsights_sitenote_note":"","_monsterinsights_sitenote_category":0,"_uf_show_specific_survey":0,"_uf_disable_surveys":false,"footnotes":""},"class_list":["post-4473","page","type-page","status-publish","hentry","no-post-thumbnail"],"yoast_head":"<!-- This site is optimized with the Yoast SEO plugin v27.4 - https:\/\/yoast.com\/product\/yoast-seo-wordpress\/ -->\n<title>Qui\u00e9nes Somos - Recubrimientos ecoFINISH<\/title>\n<meta name=\"description\" content=\"ecoFINISH es el principal proveedor mundial de revestimientos polim\u00e9ricos de \u00faltima generaci\u00f3n pulverizados con llama, dise\u00f1ados tanto para aplicaciones industriales como para piscinas.\" \/>\n<meta name=\"robots\" content=\"index, follow, max-snippet:-1, max-image-preview:large, max-video-preview:-1\" \/>\n<link rel=\"canonical\" href=\"https:\/\/ecofinishcoatings.com\/es\/quienes-somos\/\" \/>\n<meta property=\"og:locale\" content=\"es_ES\" \/>\n<meta property=\"og:type\" content=\"article\" \/>\n<meta property=\"og:title\" content=\"Qui\u00e9nes Somos - Recubrimientos ecoFINISH\" \/>\n<meta property=\"og:description\" content=\"ecoFINISH es el principal proveedor mundial de revestimientos polim\u00e9ricos de \u00faltima generaci\u00f3n pulverizados con llama, dise\u00f1ados tanto para aplicaciones industriales como para piscinas.\" \/>\n<meta property=\"og:url\" content=\"https:\/\/ecofinishcoatings.com\/es\/quienes-somos\/\" \/>\n<meta property=\"og:site_name\" content=\"ecoFINISH Coatings\" \/>\n<meta property=\"article:modified_time\" content=\"2026-03-31T13:32:51+00:00\" \/>\n<meta name=\"twitter:card\" content=\"summary_large_image\" \/>\n<meta name=\"twitter:label1\" content=\"Tiempo de lectura\" \/>\n\t<meta name=\"twitter:data1\" content=\"3 minutos\" \/>\n<script type=\"application\/ld+json\" class=\"yoast-schema-graph\">{\"@context\":\"https:\\\/\\\/schema.org\",\"@graph\":[{\"@type\":\"WebPage\",\"@id\":\"https:\\\/\\\/ecofinishcoatings.com\\\/es\\\/quienes-somos\\\/\",\"url\":\"https:\\\/\\\/ecofinishcoatings.com\\\/es\\\/quienes-somos\\\/\",\"name\":\"Qui\u00e9nes Somos - Recubrimientos ecoFINISH\",\"isPartOf\":{\"@id\":\"https:\\\/\\\/ecofinishcoatings.com\\\/es\\\/#website\"},\"datePublished\":\"2023-11-02T13:14:03+00:00\",\"dateModified\":\"2026-03-31T13:32:51+00:00\",\"description\":\"ecoFINISH es el principal proveedor mundial de revestimientos polim\u00e9ricos de \u00faltima generaci\u00f3n pulverizados con llama, dise\u00f1ados tanto para aplicaciones industriales como para piscinas.\",\"breadcrumb\":{\"@id\":\"https:\\\/\\\/ecofinishcoatings.com\\\/es\\\/quienes-somos\\\/#breadcrumb\"},\"inLanguage\":\"es\",\"potentialAction\":[{\"@type\":\"ReadAction\",\"target\":[\"https:\\\/\\\/ecofinishcoatings.com\\\/es\\\/quienes-somos\\\/\"]}]},{\"@type\":\"BreadcrumbList\",\"@id\":\"https:\\\/\\\/ecofinishcoatings.com\\\/es\\\/quienes-somos\\\/#breadcrumb\",\"itemListElement\":[{\"@type\":\"ListItem\",\"position\":1,\"name\":\"Home\",\"item\":\"https:\\\/\\\/ecofinishcoatings.com\\\/es\\\/inicio\\\/\"},{\"@type\":\"ListItem\",\"position\":2,\"name\":\"Qui\u00e9nes Somos\"}]},{\"@type\":\"WebSite\",\"@id\":\"https:\\\/\\\/ecofinishcoatings.com\\\/es\\\/#website\",\"url\":\"https:\\\/\\\/ecofinishcoatings.com\\\/es\\\/\",\"name\":\"ecoFINISH Coatings\",\"description\":\"a new era of coatings\",\"potentialAction\":[{\"@type\":\"SearchAction\",\"target\":{\"@type\":\"EntryPoint\",\"urlTemplate\":\"https:\\\/\\\/ecofinishcoatings.com\\\/es\\\/?s={search_term_string}\"},\"query-input\":{\"@type\":\"PropertyValueSpecification\",\"valueRequired\":true,\"valueName\":\"search_term_string\"}}],\"inLanguage\":\"es\"}]}<\/script>\n<!-- \/ Yoast SEO plugin. -->","yoast_head_json":{"title":"Qui\u00e9nes Somos - Recubrimientos ecoFINISH","description":"ecoFINISH es el principal proveedor mundial de revestimientos polim\u00e9ricos de \u00faltima generaci\u00f3n pulverizados con llama, dise\u00f1ados tanto para aplicaciones industriales como para piscinas.","robots":{"index":"index","follow":"follow","max-snippet":"max-snippet:-1","max-image-preview":"max-image-preview:large","max-video-preview":"max-video-preview:-1"},"canonical":"https:\/\/ecofinishcoatings.com\/es\/quienes-somos\/","og_locale":"es_ES","og_type":"article","og_title":"Qui\u00e9nes Somos - Recubrimientos ecoFINISH","og_description":"ecoFINISH es el principal proveedor mundial de revestimientos polim\u00e9ricos de \u00faltima generaci\u00f3n pulverizados con llama, dise\u00f1ados tanto para aplicaciones industriales como para piscinas.","og_url":"https:\/\/ecofinishcoatings.com\/es\/quienes-somos\/","og_site_name":"ecoFINISH Coatings","article_modified_time":"2026-03-31T13:32:51+00:00","twitter_card":"summary_large_image","twitter_misc":{"Tiempo de lectura":"3 minutos"},"schema":{"@context":"https:\/\/schema.org","@graph":[{"@type":"WebPage","@id":"https:\/\/ecofinishcoatings.com\/es\/quienes-somos\/","url":"https:\/\/ecofinishcoatings.com\/es\/quienes-somos\/","name":"Qui\u00e9nes Somos - Recubrimientos ecoFINISH","isPartOf":{"@id":"https:\/\/ecofinishcoatings.com\/es\/#website"},"datePublished":"2023-11-02T13:14:03+00:00","dateModified":"2026-03-31T13:32:51+00:00","description":"ecoFINISH es el principal proveedor mundial de revestimientos polim\u00e9ricos de \u00faltima generaci\u00f3n pulverizados con llama, dise\u00f1ados tanto para aplicaciones industriales como para piscinas.","breadcrumb":{"@id":"https:\/\/ecofinishcoatings.com\/es\/quienes-somos\/#breadcrumb"},"inLanguage":"es","potentialAction":[{"@type":"ReadAction","target":["https:\/\/ecofinishcoatings.com\/es\/quienes-somos\/"]}]},{"@type":"BreadcrumbList","@id":"https:\/\/ecofinishcoatings.com\/es\/quienes-somos\/#breadcrumb","itemListElement":[{"@type":"ListItem","position":1,"name":"Home","item":"https:\/\/ecofinishcoatings.com\/es\/inicio\/"},{"@type":"ListItem","position":2,"name":"Qui\u00e9nes Somos"}]},{"@type":"WebSite","@id":"https:\/\/ecofinishcoatings.com\/es\/#website","url":"https:\/\/ecofinishcoatings.com\/es\/","name":"ecoFINISH Coatings","description":"a new era of coatings","potentialAction":[{"@type":"SearchAction","target":{"@type":"EntryPoint","urlTemplate":"https:\/\/ecofinishcoatings.com\/es\/?s={search_term_string}"},"query-input":{"@type":"PropertyValueSpecification","valueRequired":true,"valueName":"search_term_string"}}],"inLanguage":"es"}]}},"_links":{"self":[{"href":"https:\/\/ecofinishcoatings.com\/es\/wp-json\/wp\/v2\/pages\/4473","targetHints":{"allow":["GET"]}}],"collection":[{"href":"https:\/\/ecofinishcoatings.com\/es\/wp-json\/wp\/v2\/pages"}],"about":[{"href":"https:\/\/ecofinishcoatings.com\/es\/wp-json\/wp\/v2\/types\/page"}],"author":[{"embeddable":true,"href":"https:\/\/ecofinishcoatings.com\/es\/wp-json\/wp\/v2\/users\/7"}],"replies":[{"embeddable":true,"href":"https:\/\/ecofinishcoatings.com\/es\/wp-json\/wp\/v2\/comments?post=4473"}],"version-history":[{"count":0,"href":"https:\/\/ecofinishcoatings.com\/es\/wp-json\/wp\/v2\/pages\/4473\/revisions"}],"wp:attachment":[{"href":"https:\/\/ecofinishcoatings.com\/es\/wp-json\/wp\/v2\/media?parent=4473"}],"curies":[{"name":"wp","href":"https:\/\/api.w.org\/{rel}","templated":true}]}}