{"id":4472,"date":"2022-10-19T14:38:43","date_gmt":"2022-10-19T14:38:43","guid":{"rendered":"https:\/\/ecofinishcoatings.com\/politica-de-privacidad\/"},"modified":"2025-10-28T17:58:28","modified_gmt":"2025-10-28T17:58:28","slug":"politica-de-privacidad","status":"publish","type":"page","link":"https:\/\/ecofinishcoatings.com\/es\/politica-de-privacidad\/","title":{"rendered":"Pol\u00edtica de privacidad"},"content":{"rendered":"<div id=\"cs-content\" class=\"cs-content\"><\/div>\n","protected":false},"excerpt":{"rendered":"<p>Pol\u00edtica de privacidad ecoFINISH Pol\u00edtica de privacidad Fecha de entrada en vigor: 25 de octubre de 2024ecoFINISH\u00ae (\u00abecoFINISH\u00bb, \u00abnosotros\u00bb, \u00abnos\u00bb o \u00abnuestro\u00bb) respeta la privacidad de nuestros usuarios (\u00abt\u00fa\u00bb o \u00abtu\u00bb). Esta Pol\u00edtica de privacidad describe los tipos de datos personales que recopilamos a trav\u00e9s de nuestro sitio web ubicado en ecofinishcoatings.com (el \u00abSitio web\u00bb) y c\u00f3mo utilizamos, revelamos y &#8230; <\/p>\n<div><a href=\"https:\/\/ecofinishcoatings.com\/es\/politica-de-privacidad\/\" class=\"more-link\">Read More<\/a><\/div>\n","protected":false},"author":1,"featured_media":0,"parent":0,"menu_order":0,"comment_status":"closed","ping_status":"open","template":"template-blank-4.php","meta":{"om_disable_all_campaigns":false,"_monsterinsights_skip_tracking":false,"_monsterinsights_sitenote_active":false,"_monsterinsights_sitenote_note":"","_monsterinsights_sitenote_category":0,"_uf_show_specific_survey":0,"_uf_disable_surveys":false,"footnotes":""},"class_list":["post-4472","page","type-page","status-publish","hentry","no-post-thumbnail"],"yoast_head":"<!-- This site is optimized with the Yoast SEO plugin v27.3 - https:\/\/yoast.com\/product\/yoast-seo-wordpress\/ -->\n<title>Pol\u00edtica de privacidad - ecoFINISH Coatings<\/title>\n<meta name=\"robots\" content=\"index, follow, max-snippet:-1, max-image-preview:large, max-video-preview:-1\" \/>\n<link rel=\"canonical\" href=\"https:\/\/ecofinishcoatings.com\/es\/politica-de-privacidad\/\" \/>\n<meta property=\"og:locale\" content=\"es_ES\" \/>\n<meta property=\"og:type\" content=\"article\" \/>\n<meta property=\"og:title\" content=\"Pol\u00edtica de privacidad - ecoFINISH Coatings\" \/>\n<meta property=\"og:description\" content=\"Pol\u00edtica de privacidad ecoFINISH Pol\u00edtica de privacidad Fecha de entrada en vigor: 25 de octubre de 2024ecoFINISH\u00ae (&quot;ecoFINISH&quot;, &quot;nosotros&quot;, &quot;nos&quot; o &quot;nuestro&quot;) respeta la privacidad de nuestros usuarios (&quot;t\u00fa&quot; o &quot;tu&quot;). Esta Pol\u00edtica de privacidad describe los tipos de datos personales que recopilamos a trav\u00e9s de nuestro sitio web ubicado en ecofinishcoatings.com (el &quot;Sitio web&quot;) y c\u00f3mo utilizamos, revelamos y ... Read More\" \/>\n<meta property=\"og:url\" content=\"https:\/\/ecofinishcoatings.com\/es\/politica-de-privacidad\/\" \/>\n<meta property=\"og:site_name\" content=\"ecoFINISH Coatings\" \/>\n<meta property=\"article:modified_time\" content=\"2025-10-28T17:58:28+00:00\" \/>\n<meta name=\"twitter:card\" content=\"summary_large_image\" \/>\n<meta name=\"twitter:label1\" content=\"Tiempo de lectura\" \/>\n\t<meta name=\"twitter:data1\" content=\"5 minutos\" \/>\n<script type=\"application\/ld+json\" class=\"yoast-schema-graph\">{\"@context\":\"https:\\\/\\\/schema.org\",\"@graph\":[{\"@type\":\"WebPage\",\"@id\":\"https:\\\/\\\/ecofinishcoatings.com\\\/es\\\/politica-de-privacidad\\\/\",\"url\":\"https:\\\/\\\/ecofinishcoatings.com\\\/es\\\/politica-de-privacidad\\\/\",\"name\":\"Pol\u00edtica de privacidad - ecoFINISH Coatings\",\"isPartOf\":{\"@id\":\"https:\\\/\\\/ecofinishcoatings.com\\\/es\\\/#website\"},\"datePublished\":\"2022-10-19T14:38:43+00:00\",\"dateModified\":\"2025-10-28T17:58:28+00:00\",\"breadcrumb\":{\"@id\":\"https:\\\/\\\/ecofinishcoatings.com\\\/es\\\/politica-de-privacidad\\\/#breadcrumb\"},\"inLanguage\":\"es\",\"potentialAction\":[{\"@type\":\"ReadAction\",\"target\":[\"https:\\\/\\\/ecofinishcoatings.com\\\/es\\\/politica-de-privacidad\\\/\"]}]},{\"@type\":\"BreadcrumbList\",\"@id\":\"https:\\\/\\\/ecofinishcoatings.com\\\/es\\\/politica-de-privacidad\\\/#breadcrumb\",\"itemListElement\":[{\"@type\":\"ListItem\",\"position\":1,\"name\":\"Home\",\"item\":\"https:\\\/\\\/ecofinishcoatings.com\\\/es\\\/inicio\\\/\"},{\"@type\":\"ListItem\",\"position\":2,\"name\":\"Pol\u00edtica de privacidad\"}]},{\"@type\":\"WebSite\",\"@id\":\"https:\\\/\\\/ecofinishcoatings.com\\\/es\\\/#website\",\"url\":\"https:\\\/\\\/ecofinishcoatings.com\\\/es\\\/\",\"name\":\"ecoFINISH Coatings\",\"description\":\"a new era of coatings\",\"potentialAction\":[{\"@type\":\"SearchAction\",\"target\":{\"@type\":\"EntryPoint\",\"urlTemplate\":\"https:\\\/\\\/ecofinishcoatings.com\\\/es\\\/?s={search_term_string}\"},\"query-input\":{\"@type\":\"PropertyValueSpecification\",\"valueRequired\":true,\"valueName\":\"search_term_string\"}}],\"inLanguage\":\"es\"}]}<\/script>\n<!-- \/ Yoast SEO plugin. -->","yoast_head_json":{"title":"Pol\u00edtica de privacidad - ecoFINISH Coatings","robots":{"index":"index","follow":"follow","max-snippet":"max-snippet:-1","max-image-preview":"max-image-preview:large","max-video-preview":"max-video-preview:-1"},"canonical":"https:\/\/ecofinishcoatings.com\/es\/politica-de-privacidad\/","og_locale":"es_ES","og_type":"article","og_title":"Pol\u00edtica de privacidad - ecoFINISH Coatings","og_description":"Pol\u00edtica de privacidad ecoFINISH Pol\u00edtica de privacidad Fecha de entrada en vigor: 25 de octubre de 2024ecoFINISH\u00ae (\"ecoFINISH\", \"nosotros\", \"nos\" o \"nuestro\") respeta la privacidad de nuestros usuarios (\"t\u00fa\" o \"tu\"). Esta Pol\u00edtica de privacidad describe los tipos de datos personales que recopilamos a trav\u00e9s de nuestro sitio web ubicado en ecofinishcoatings.com (el \"Sitio web\") y c\u00f3mo utilizamos, revelamos y ... Read More","og_url":"https:\/\/ecofinishcoatings.com\/es\/politica-de-privacidad\/","og_site_name":"ecoFINISH Coatings","article_modified_time":"2025-10-28T17:58:28+00:00","twitter_card":"summary_large_image","twitter_misc":{"Tiempo de lectura":"5 minutos"},"schema":{"@context":"https:\/\/schema.org","@graph":[{"@type":"WebPage","@id":"https:\/\/ecofinishcoatings.com\/es\/politica-de-privacidad\/","url":"https:\/\/ecofinishcoatings.com\/es\/politica-de-privacidad\/","name":"Pol\u00edtica de privacidad - ecoFINISH Coatings","isPartOf":{"@id":"https:\/\/ecofinishcoatings.com\/es\/#website"},"datePublished":"2022-10-19T14:38:43+00:00","dateModified":"2025-10-28T17:58:28+00:00","breadcrumb":{"@id":"https:\/\/ecofinishcoatings.com\/es\/politica-de-privacidad\/#breadcrumb"},"inLanguage":"es","potentialAction":[{"@type":"ReadAction","target":["https:\/\/ecofinishcoatings.com\/es\/politica-de-privacidad\/"]}]},{"@type":"BreadcrumbList","@id":"https:\/\/ecofinishcoatings.com\/es\/politica-de-privacidad\/#breadcrumb","itemListElement":[{"@type":"ListItem","position":1,"name":"Home","item":"https:\/\/ecofinishcoatings.com\/es\/inicio\/"},{"@type":"ListItem","position":2,"name":"Pol\u00edtica de privacidad"}]},{"@type":"WebSite","@id":"https:\/\/ecofinishcoatings.com\/es\/#website","url":"https:\/\/ecofinishcoatings.com\/es\/","name":"ecoFINISH Coatings","description":"a new era of coatings","potentialAction":[{"@type":"SearchAction","target":{"@type":"EntryPoint","urlTemplate":"https:\/\/ecofinishcoatings.com\/es\/?s={search_term_string}"},"query-input":{"@type":"PropertyValueSpecification","valueRequired":true,"valueName":"search_term_string"}}],"inLanguage":"es"}]}},"_links":{"self":[{"href":"https:\/\/ecofinishcoatings.com\/es\/wp-json\/wp\/v2\/pages\/4472","targetHints":{"allow":["GET"]}}],"collection":[{"href":"https:\/\/ecofinishcoatings.com\/es\/wp-json\/wp\/v2\/pages"}],"about":[{"href":"https:\/\/ecofinishcoatings.com\/es\/wp-json\/wp\/v2\/types\/page"}],"author":[{"embeddable":true,"href":"https:\/\/ecofinishcoatings.com\/es\/wp-json\/wp\/v2\/users\/1"}],"replies":[{"embeddable":true,"href":"https:\/\/ecofinishcoatings.com\/es\/wp-json\/wp\/v2\/comments?post=4472"}],"version-history":[{"count":0,"href":"https:\/\/ecofinishcoatings.com\/es\/wp-json\/wp\/v2\/pages\/4472\/revisions"}],"wp:attachment":[{"href":"https:\/\/ecofinishcoatings.com\/es\/wp-json\/wp\/v2\/media?parent=4472"}],"curies":[{"name":"wp","href":"https:\/\/api.w.org\/{rel}","templated":true}]}}