{"id":4470,"date":"2024-08-28T10:29:08","date_gmt":"2024-08-28T10:29:08","guid":{"rendered":"https:\/\/ecofinishcoatings.com\/proyecto-destacado-carlton-pools\/"},"modified":"2025-10-29T16:29:33","modified_gmt":"2025-10-29T16:29:33","slug":"proyecto-destacado-carlton-pools","status":"publish","type":"page","link":"https:\/\/ecofinishcoatings.com\/es\/proyecto-destacado-carlton-pools\/","title":{"rendered":"Proyecto Destacado"},"content":{"rendered":"<div id=\"cs-content\" class=\"cs-content\"><\/div>\n","protected":false},"excerpt":{"rendered":"<p>Proyecto destacado Piscinas CarltonPiscinas Carlton Carlton Pools fue el instalador pionero de ecoFINISH, y lleva recubriendo piscinas con este innovador producto desde su creaci\u00f3n. Su amplia experiencia les permite aplicar con pericia ecoFINISH tanto en piscinas de nueva construcci\u00f3n como en renovaciones, transformando piscinas corrientes en entornos acu\u00e1ticos asombrosos y duraderos. Carlton Pools fue el primero en reconocer las ventajas &#8230; <\/p>\n<div><a href=\"https:\/\/ecofinishcoatings.com\/es\/proyecto-destacado-carlton-pools\/\" class=\"more-link\">Read More<\/a><\/div>\n","protected":false},"author":7,"featured_media":4471,"parent":0,"menu_order":0,"comment_status":"closed","ping_status":"closed","template":"template-blank-4.php","meta":{"om_disable_all_campaigns":false,"_monsterinsights_skip_tracking":false,"_monsterinsights_sitenote_active":false,"_monsterinsights_sitenote_note":"","_monsterinsights_sitenote_category":0,"_uf_show_specific_survey":0,"_uf_disable_surveys":false,"footnotes":""},"class_list":["post-4470","page","type-page","status-publish","has-post-thumbnail","hentry"],"yoast_head":"<!-- This site is optimized with the Yoast SEO plugin v27.4 - https:\/\/yoast.com\/product\/yoast-seo-wordpress\/ -->\n<title>Proyecto Destacado - ecoFINISH Coatings<\/title>\n<meta name=\"robots\" content=\"index, follow, max-snippet:-1, max-image-preview:large, max-video-preview:-1\" \/>\n<link rel=\"canonical\" href=\"https:\/\/ecofinishcoatings.com\/es\/proyecto-destacado-carlton-pools\/\" \/>\n<meta property=\"og:locale\" content=\"es_ES\" \/>\n<meta property=\"og:type\" content=\"article\" \/>\n<meta property=\"og:title\" content=\"Proyecto Destacado - ecoFINISH Coatings\" \/>\n<meta property=\"og:description\" content=\"Proyecto destacado Piscinas CarltonPiscinas Carlton Carlton Pools fue el instalador pionero de ecoFINISH, y lleva recubriendo piscinas con este innovador producto desde su creaci\u00f3n. Su amplia experiencia les permite aplicar con pericia ecoFINISH tanto en piscinas de nueva construcci\u00f3n como en renovaciones, transformando piscinas corrientes en entornos acu\u00e1ticos asombrosos y duraderos. Carlton Pools fue el primero en reconocer las ventajas ... Read More\" \/>\n<meta property=\"og:url\" content=\"https:\/\/ecofinishcoatings.com\/es\/proyecto-destacado-carlton-pools\/\" \/>\n<meta property=\"og:site_name\" content=\"ecoFINISH Coatings\" \/>\n<meta property=\"article:modified_time\" content=\"2025-10-29T16:29:33+00:00\" \/>\n<meta property=\"og:image\" content=\"https:\/\/ecofinishcoatings.com\/wp-content\/uploads\/2024\/08\/DJI_0388-scaled.webp\" \/>\n\t<meta property=\"og:image:width\" content=\"2560\" \/>\n\t<meta property=\"og:image:height\" content=\"1920\" \/>\n\t<meta property=\"og:image:type\" content=\"image\/jpeg\" \/>\n<meta name=\"twitter:card\" content=\"summary_large_image\" \/>\n<meta name=\"twitter:label1\" content=\"Tiempo de lectura\" \/>\n\t<meta name=\"twitter:data1\" content=\"3 minutos\" \/>\n<script type=\"application\/ld+json\" class=\"yoast-schema-graph\">{\"@context\":\"https:\\\/\\\/schema.org\",\"@graph\":[{\"@type\":\"WebPage\",\"@id\":\"https:\\\/\\\/ecofinishcoatings.com\\\/es\\\/proyecto-destacado-carlton-pools\\\/\",\"url\":\"https:\\\/\\\/ecofinishcoatings.com\\\/es\\\/proyecto-destacado-carlton-pools\\\/\",\"name\":\"Proyecto Destacado - ecoFINISH Coatings\",\"isPartOf\":{\"@id\":\"https:\\\/\\\/ecofinishcoatings.com\\\/es\\\/#website\"},\"primaryImageOfPage\":{\"@id\":\"https:\\\/\\\/ecofinishcoatings.com\\\/es\\\/proyecto-destacado-carlton-pools\\\/#primaryimage\"},\"image\":{\"@id\":\"https:\\\/\\\/ecofinishcoatings.com\\\/es\\\/proyecto-destacado-carlton-pools\\\/#primaryimage\"},\"thumbnailUrl\":\"https:\\\/\\\/ecofinishcoatings.com\\\/wp-content\\\/uploads\\\/2024\\\/08\\\/DJI_0388-scaled.webp\",\"datePublished\":\"2024-08-28T10:29:08+00:00\",\"dateModified\":\"2025-10-29T16:29:33+00:00\",\"breadcrumb\":{\"@id\":\"https:\\\/\\\/ecofinishcoatings.com\\\/es\\\/proyecto-destacado-carlton-pools\\\/#breadcrumb\"},\"inLanguage\":\"es\",\"potentialAction\":[{\"@type\":\"ReadAction\",\"target\":[\"https:\\\/\\\/ecofinishcoatings.com\\\/es\\\/proyecto-destacado-carlton-pools\\\/\"]}]},{\"@type\":\"ImageObject\",\"inLanguage\":\"es\",\"@id\":\"https:\\\/\\\/ecofinishcoatings.com\\\/es\\\/proyecto-destacado-carlton-pools\\\/#primaryimage\",\"url\":\"https:\\\/\\\/ecofinishcoatings.com\\\/wp-content\\\/uploads\\\/2024\\\/08\\\/DJI_0388-scaled.webp\",\"contentUrl\":\"https:\\\/\\\/ecofinishcoatings.com\\\/wp-content\\\/uploads\\\/2024\\\/08\\\/DJI_0388-scaled.webp\",\"width\":2560,\"height\":1920,\"caption\":\"Una persona utiliza un pulverizador de llama para aplicar un revestimiento azul ecoFINISH en el interior de una piscina vac\u00eda. Al fondo de la piscina se ven rocas y una cascada.\"},{\"@type\":\"BreadcrumbList\",\"@id\":\"https:\\\/\\\/ecofinishcoatings.com\\\/es\\\/proyecto-destacado-carlton-pools\\\/#breadcrumb\",\"itemListElement\":[{\"@type\":\"ListItem\",\"position\":1,\"name\":\"Home\",\"item\":\"https:\\\/\\\/ecofinishcoatings.com\\\/es\\\/inicio\\\/\"},{\"@type\":\"ListItem\",\"position\":2,\"name\":\"Proyecto Destacado\"}]},{\"@type\":\"WebSite\",\"@id\":\"https:\\\/\\\/ecofinishcoatings.com\\\/es\\\/#website\",\"url\":\"https:\\\/\\\/ecofinishcoatings.com\\\/es\\\/\",\"name\":\"ecoFINISH Coatings\",\"description\":\"a new era of coatings\",\"potentialAction\":[{\"@type\":\"SearchAction\",\"target\":{\"@type\":\"EntryPoint\",\"urlTemplate\":\"https:\\\/\\\/ecofinishcoatings.com\\\/es\\\/?s={search_term_string}\"},\"query-input\":{\"@type\":\"PropertyValueSpecification\",\"valueRequired\":true,\"valueName\":\"search_term_string\"}}],\"inLanguage\":\"es\"}]}<\/script>\n<!-- \/ Yoast SEO plugin. -->","yoast_head_json":{"title":"Proyecto Destacado - ecoFINISH Coatings","robots":{"index":"index","follow":"follow","max-snippet":"max-snippet:-1","max-image-preview":"max-image-preview:large","max-video-preview":"max-video-preview:-1"},"canonical":"https:\/\/ecofinishcoatings.com\/es\/proyecto-destacado-carlton-pools\/","og_locale":"es_ES","og_type":"article","og_title":"Proyecto Destacado - ecoFINISH Coatings","og_description":"Proyecto destacado Piscinas CarltonPiscinas Carlton Carlton Pools fue el instalador pionero de ecoFINISH, y lleva recubriendo piscinas con este innovador producto desde su creaci\u00f3n. Su amplia experiencia les permite aplicar con pericia ecoFINISH tanto en piscinas de nueva construcci\u00f3n como en renovaciones, transformando piscinas corrientes en entornos acu\u00e1ticos asombrosos y duraderos. Carlton Pools fue el primero en reconocer las ventajas ... Read More","og_url":"https:\/\/ecofinishcoatings.com\/es\/proyecto-destacado-carlton-pools\/","og_site_name":"ecoFINISH Coatings","article_modified_time":"2025-10-29T16:29:33+00:00","og_image":[{"width":2560,"height":1920,"url":"https:\/\/ecofinishcoatings.com\/wp-content\/uploads\/2024\/08\/DJI_0388-scaled.webp","type":"image\/jpeg"}],"twitter_card":"summary_large_image","twitter_misc":{"Tiempo de lectura":"3 minutos"},"schema":{"@context":"https:\/\/schema.org","@graph":[{"@type":"WebPage","@id":"https:\/\/ecofinishcoatings.com\/es\/proyecto-destacado-carlton-pools\/","url":"https:\/\/ecofinishcoatings.com\/es\/proyecto-destacado-carlton-pools\/","name":"Proyecto Destacado - ecoFINISH Coatings","isPartOf":{"@id":"https:\/\/ecofinishcoatings.com\/es\/#website"},"primaryImageOfPage":{"@id":"https:\/\/ecofinishcoatings.com\/es\/proyecto-destacado-carlton-pools\/#primaryimage"},"image":{"@id":"https:\/\/ecofinishcoatings.com\/es\/proyecto-destacado-carlton-pools\/#primaryimage"},"thumbnailUrl":"https:\/\/ecofinishcoatings.com\/wp-content\/uploads\/2024\/08\/DJI_0388-scaled.webp","datePublished":"2024-08-28T10:29:08+00:00","dateModified":"2025-10-29T16:29:33+00:00","breadcrumb":{"@id":"https:\/\/ecofinishcoatings.com\/es\/proyecto-destacado-carlton-pools\/#breadcrumb"},"inLanguage":"es","potentialAction":[{"@type":"ReadAction","target":["https:\/\/ecofinishcoatings.com\/es\/proyecto-destacado-carlton-pools\/"]}]},{"@type":"ImageObject","inLanguage":"es","@id":"https:\/\/ecofinishcoatings.com\/es\/proyecto-destacado-carlton-pools\/#primaryimage","url":"https:\/\/ecofinishcoatings.com\/wp-content\/uploads\/2024\/08\/DJI_0388-scaled.webp","contentUrl":"https:\/\/ecofinishcoatings.com\/wp-content\/uploads\/2024\/08\/DJI_0388-scaled.webp","width":2560,"height":1920,"caption":"Una persona utiliza un pulverizador de llama para aplicar un revestimiento azul ecoFINISH en el interior de una piscina vac\u00eda. Al fondo de la piscina se ven rocas y una cascada."},{"@type":"BreadcrumbList","@id":"https:\/\/ecofinishcoatings.com\/es\/proyecto-destacado-carlton-pools\/#breadcrumb","itemListElement":[{"@type":"ListItem","position":1,"name":"Home","item":"https:\/\/ecofinishcoatings.com\/es\/inicio\/"},{"@type":"ListItem","position":2,"name":"Proyecto Destacado"}]},{"@type":"WebSite","@id":"https:\/\/ecofinishcoatings.com\/es\/#website","url":"https:\/\/ecofinishcoatings.com\/es\/","name":"ecoFINISH Coatings","description":"a new era of coatings","potentialAction":[{"@type":"SearchAction","target":{"@type":"EntryPoint","urlTemplate":"https:\/\/ecofinishcoatings.com\/es\/?s={search_term_string}"},"query-input":{"@type":"PropertyValueSpecification","valueRequired":true,"valueName":"search_term_string"}}],"inLanguage":"es"}]}},"_links":{"self":[{"href":"https:\/\/ecofinishcoatings.com\/es\/wp-json\/wp\/v2\/pages\/4470","targetHints":{"allow":["GET"]}}],"collection":[{"href":"https:\/\/ecofinishcoatings.com\/es\/wp-json\/wp\/v2\/pages"}],"about":[{"href":"https:\/\/ecofinishcoatings.com\/es\/wp-json\/wp\/v2\/types\/page"}],"author":[{"embeddable":true,"href":"https:\/\/ecofinishcoatings.com\/es\/wp-json\/wp\/v2\/users\/7"}],"replies":[{"embeddable":true,"href":"https:\/\/ecofinishcoatings.com\/es\/wp-json\/wp\/v2\/comments?post=4470"}],"version-history":[{"count":0,"href":"https:\/\/ecofinishcoatings.com\/es\/wp-json\/wp\/v2\/pages\/4470\/revisions"}],"wp:featuredmedia":[{"embeddable":true,"href":"https:\/\/ecofinishcoatings.com\/es\/wp-json\/wp\/v2\/media\/4471"}],"wp:attachment":[{"href":"https:\/\/ecofinishcoatings.com\/es\/wp-json\/wp\/v2\/media?parent=4470"}],"curies":[{"name":"wp","href":"https:\/\/api.w.org\/{rel}","templated":true}]}}