{"id":4464,"date":"2022-12-15T16:24:03","date_gmt":"2022-12-15T16:24:03","guid":{"rendered":"https:\/\/ecofinishcoatings.com\/pruebas-acuaticas\/"},"modified":"2025-11-03T15:44:19","modified_gmt":"2025-11-03T15:44:19","slug":"pruebas-acuaticas","status":"publish","type":"page","link":"https:\/\/ecofinishcoatings.com\/es\/pruebas-acuaticas\/","title":{"rendered":"Pruebas acu\u00e1ticas"},"content":{"rendered":"<div id=\"cs-content\" class=\"cs-content\"><\/div>\n","protected":false},"excerpt":{"rendered":"<p>Pruebas acu\u00e1ticas Nuestras normas de ensayo Prueba QUV acelerada El ensayo clim\u00e1tico acelerado QUV reproduce los efectos da\u00f1inos de la luz solar UV y la humedad sobre los revestimientos polim\u00e9ricos en un entorno de laboratorio. El ensayo acelera el da\u00f1o que normalmente se producir\u00eda en el transcurso de a\u00f1os al de s\u00f3lo d\u00edas o semanas en la c\u00e1mara de alta &#8230; <\/p>\n<div><a href=\"https:\/\/ecofinishcoatings.com\/es\/pruebas-acuaticas\/\" class=\"more-link\">Read More<\/a><\/div>\n","protected":false},"author":7,"featured_media":0,"parent":0,"menu_order":0,"comment_status":"closed","ping_status":"closed","template":"template-blank-4.php","meta":{"om_disable_all_campaigns":false,"_monsterinsights_skip_tracking":false,"_monsterinsights_sitenote_active":false,"_monsterinsights_sitenote_note":"","_monsterinsights_sitenote_category":0,"_uf_show_specific_survey":0,"_uf_disable_surveys":false,"footnotes":""},"class_list":["post-4464","page","type-page","status-publish","hentry","no-post-thumbnail"],"yoast_head":"<!-- This site is optimized with the Yoast SEO plugin v27.4 - https:\/\/yoast.com\/product\/yoast-seo-wordpress\/ -->\n<title>Pruebas Acu\u00e1ticas - Recubrimientos ecoFINISH<\/title>\n<meta name=\"description\" content=\"Explora nuestras rigurosas normas de pruebas acu\u00e1ticas y consulta los resultados de las pruebas de intemperie acelerada QUV. Consulta el cumplimiento de la norma NSF\/ANSI 61 y mucho m\u00e1s.\" \/>\n<meta name=\"robots\" content=\"index, follow, max-snippet:-1, max-image-preview:large, max-video-preview:-1\" \/>\n<link rel=\"canonical\" href=\"https:\/\/ecofinishcoatings.com\/es\/pruebas-acuaticas\/\" \/>\n<meta property=\"og:locale\" content=\"es_ES\" \/>\n<meta property=\"og:type\" content=\"article\" \/>\n<meta property=\"og:title\" content=\"Pruebas Acu\u00e1ticas - Recubrimientos ecoFINISH\" \/>\n<meta property=\"og:description\" content=\"Explora nuestras rigurosas normas de pruebas acu\u00e1ticas y consulta los resultados de las pruebas de intemperie acelerada QUV. Consulta el cumplimiento de la norma NSF\/ANSI 61 y mucho m\u00e1s.\" \/>\n<meta property=\"og:url\" content=\"https:\/\/ecofinishcoatings.com\/es\/pruebas-acuaticas\/\" \/>\n<meta property=\"og:site_name\" content=\"ecoFINISH Coatings\" \/>\n<meta property=\"article:modified_time\" content=\"2025-11-03T15:44:19+00:00\" \/>\n<meta name=\"twitter:card\" content=\"summary_large_image\" \/>\n<meta name=\"twitter:label1\" content=\"Tiempo de lectura\" \/>\n\t<meta name=\"twitter:data1\" content=\"6 minutos\" \/>\n<script type=\"application\/ld+json\" class=\"yoast-schema-graph\">{\"@context\":\"https:\\\/\\\/schema.org\",\"@graph\":[{\"@type\":\"WebPage\",\"@id\":\"https:\\\/\\\/ecofinishcoatings.com\\\/es\\\/pruebas-acuaticas\\\/\",\"url\":\"https:\\\/\\\/ecofinishcoatings.com\\\/es\\\/pruebas-acuaticas\\\/\",\"name\":\"Pruebas Acu\u00e1ticas - Recubrimientos ecoFINISH\",\"isPartOf\":{\"@id\":\"https:\\\/\\\/ecofinishcoatings.com\\\/es\\\/#website\"},\"datePublished\":\"2022-12-15T16:24:03+00:00\",\"dateModified\":\"2025-11-03T15:44:19+00:00\",\"description\":\"Explora nuestras rigurosas normas de pruebas acu\u00e1ticas y consulta los resultados de las pruebas de intemperie acelerada QUV. Consulta el cumplimiento de la norma NSF\\\/ANSI 61 y mucho m\u00e1s.\",\"breadcrumb\":{\"@id\":\"https:\\\/\\\/ecofinishcoatings.com\\\/es\\\/pruebas-acuaticas\\\/#breadcrumb\"},\"inLanguage\":\"es\",\"potentialAction\":[{\"@type\":\"ReadAction\",\"target\":[\"https:\\\/\\\/ecofinishcoatings.com\\\/es\\\/pruebas-acuaticas\\\/\"]}]},{\"@type\":\"BreadcrumbList\",\"@id\":\"https:\\\/\\\/ecofinishcoatings.com\\\/es\\\/pruebas-acuaticas\\\/#breadcrumb\",\"itemListElement\":[{\"@type\":\"ListItem\",\"position\":1,\"name\":\"Home\",\"item\":\"https:\\\/\\\/ecofinishcoatings.com\\\/es\\\/inicio\\\/\"},{\"@type\":\"ListItem\",\"position\":2,\"name\":\"Pruebas acu\u00e1ticas\"}]},{\"@type\":\"WebSite\",\"@id\":\"https:\\\/\\\/ecofinishcoatings.com\\\/es\\\/#website\",\"url\":\"https:\\\/\\\/ecofinishcoatings.com\\\/es\\\/\",\"name\":\"ecoFINISH Coatings\",\"description\":\"a new era of coatings\",\"potentialAction\":[{\"@type\":\"SearchAction\",\"target\":{\"@type\":\"EntryPoint\",\"urlTemplate\":\"https:\\\/\\\/ecofinishcoatings.com\\\/es\\\/?s={search_term_string}\"},\"query-input\":{\"@type\":\"PropertyValueSpecification\",\"valueRequired\":true,\"valueName\":\"search_term_string\"}}],\"inLanguage\":\"es\"}]}<\/script>\n<!-- \/ Yoast SEO plugin. -->","yoast_head_json":{"title":"Pruebas Acu\u00e1ticas - Recubrimientos ecoFINISH","description":"Explora nuestras rigurosas normas de pruebas acu\u00e1ticas y consulta los resultados de las pruebas de intemperie acelerada QUV. Consulta el cumplimiento de la norma NSF\/ANSI 61 y mucho m\u00e1s.","robots":{"index":"index","follow":"follow","max-snippet":"max-snippet:-1","max-image-preview":"max-image-preview:large","max-video-preview":"max-video-preview:-1"},"canonical":"https:\/\/ecofinishcoatings.com\/es\/pruebas-acuaticas\/","og_locale":"es_ES","og_type":"article","og_title":"Pruebas Acu\u00e1ticas - Recubrimientos ecoFINISH","og_description":"Explora nuestras rigurosas normas de pruebas acu\u00e1ticas y consulta los resultados de las pruebas de intemperie acelerada QUV. Consulta el cumplimiento de la norma NSF\/ANSI 61 y mucho m\u00e1s.","og_url":"https:\/\/ecofinishcoatings.com\/es\/pruebas-acuaticas\/","og_site_name":"ecoFINISH Coatings","article_modified_time":"2025-11-03T15:44:19+00:00","twitter_card":"summary_large_image","twitter_misc":{"Tiempo de lectura":"6 minutos"},"schema":{"@context":"https:\/\/schema.org","@graph":[{"@type":"WebPage","@id":"https:\/\/ecofinishcoatings.com\/es\/pruebas-acuaticas\/","url":"https:\/\/ecofinishcoatings.com\/es\/pruebas-acuaticas\/","name":"Pruebas Acu\u00e1ticas - Recubrimientos ecoFINISH","isPartOf":{"@id":"https:\/\/ecofinishcoatings.com\/es\/#website"},"datePublished":"2022-12-15T16:24:03+00:00","dateModified":"2025-11-03T15:44:19+00:00","description":"Explora nuestras rigurosas normas de pruebas acu\u00e1ticas y consulta los resultados de las pruebas de intemperie acelerada QUV. Consulta el cumplimiento de la norma NSF\/ANSI 61 y mucho m\u00e1s.","breadcrumb":{"@id":"https:\/\/ecofinishcoatings.com\/es\/pruebas-acuaticas\/#breadcrumb"},"inLanguage":"es","potentialAction":[{"@type":"ReadAction","target":["https:\/\/ecofinishcoatings.com\/es\/pruebas-acuaticas\/"]}]},{"@type":"BreadcrumbList","@id":"https:\/\/ecofinishcoatings.com\/es\/pruebas-acuaticas\/#breadcrumb","itemListElement":[{"@type":"ListItem","position":1,"name":"Home","item":"https:\/\/ecofinishcoatings.com\/es\/inicio\/"},{"@type":"ListItem","position":2,"name":"Pruebas acu\u00e1ticas"}]},{"@type":"WebSite","@id":"https:\/\/ecofinishcoatings.com\/es\/#website","url":"https:\/\/ecofinishcoatings.com\/es\/","name":"ecoFINISH Coatings","description":"a new era of coatings","potentialAction":[{"@type":"SearchAction","target":{"@type":"EntryPoint","urlTemplate":"https:\/\/ecofinishcoatings.com\/es\/?s={search_term_string}"},"query-input":{"@type":"PropertyValueSpecification","valueRequired":true,"valueName":"search_term_string"}}],"inLanguage":"es"}]}},"_links":{"self":[{"href":"https:\/\/ecofinishcoatings.com\/es\/wp-json\/wp\/v2\/pages\/4464","targetHints":{"allow":["GET"]}}],"collection":[{"href":"https:\/\/ecofinishcoatings.com\/es\/wp-json\/wp\/v2\/pages"}],"about":[{"href":"https:\/\/ecofinishcoatings.com\/es\/wp-json\/wp\/v2\/types\/page"}],"author":[{"embeddable":true,"href":"https:\/\/ecofinishcoatings.com\/es\/wp-json\/wp\/v2\/users\/7"}],"replies":[{"embeddable":true,"href":"https:\/\/ecofinishcoatings.com\/es\/wp-json\/wp\/v2\/comments?post=4464"}],"version-history":[{"count":0,"href":"https:\/\/ecofinishcoatings.com\/es\/wp-json\/wp\/v2\/pages\/4464\/revisions"}],"wp:attachment":[{"href":"https:\/\/ecofinishcoatings.com\/es\/wp-json\/wp\/v2\/media?parent=4464"}],"curies":[{"name":"wp","href":"https:\/\/api.w.org\/{rel}","templated":true}]}}