{"id":4439,"date":"2022-11-09T18:34:37","date_gmt":"2022-11-09T18:34:37","guid":{"rendered":"https:\/\/ecofinishcoatings.com\/selector-de-acuarela\/"},"modified":"2025-11-03T15:50:08","modified_gmt":"2025-11-03T15:50:08","slug":"selector-de-acuarela","status":"publish","type":"page","link":"https:\/\/ecofinishcoatings.com\/es\/selector-de-acuarela\/","title":{"rendered":"Selector de acuarela"},"content":{"rendered":"<div id=\"cs-content\" class=\"cs-content\"><\/div>\n","protected":false},"excerpt":{"rendered":"<p>Elige tuAcuarela Variedad de opciones de color de la piscina Descubre una variada gama de colores para piscinas que pueden utilizarse en sustratos de hormig\u00f3n, fibra de vidrio y metal. Nuestra selecci\u00f3n va m\u00e1s all\u00e1 de los acabados azules y grises convencionales. Nos hemos inspirado en playas cautivadoras de todo el mundo, como las arenas de coral rosa de Indonesia &#8230; <\/p>\n<div><a href=\"https:\/\/ecofinishcoatings.com\/es\/selector-de-acuarela\/\" class=\"more-link\">Read More<\/a><\/div>\n","protected":false},"author":7,"featured_media":0,"parent":0,"menu_order":0,"comment_status":"closed","ping_status":"closed","template":"template-blank-4.php","meta":{"om_disable_all_campaigns":false,"_monsterinsights_skip_tracking":false,"_monsterinsights_sitenote_active":false,"_monsterinsights_sitenote_note":"","_monsterinsights_sitenote_category":0,"_uf_show_specific_survey":0,"_uf_disable_surveys":false,"footnotes":""},"class_list":["post-4439","page","type-page","status-publish","hentry","no-post-thumbnail"],"yoast_head":"<!-- This site is optimized with the Yoast SEO plugin v27.4 - https:\/\/yoast.com\/product\/yoast-seo-wordpress\/ -->\n<title>Selector de Colores al Agua - ecoFINISH<\/title>\n<meta name=\"description\" content=\"Utiliza nuestro selector de color del agua para elegir el acabado de piscina perfecto que coincida con el color del agua que deseas. \u00a1Crea un oasis acu\u00e1tico \u00fanico!\" \/>\n<meta name=\"robots\" content=\"index, follow, max-snippet:-1, max-image-preview:large, max-video-preview:-1\" \/>\n<link rel=\"canonical\" href=\"https:\/\/ecofinishcoatings.com\/es\/selector-de-acuarela\/\" \/>\n<meta property=\"og:locale\" content=\"es_ES\" \/>\n<meta property=\"og:type\" content=\"article\" \/>\n<meta property=\"og:title\" content=\"Selector de Colores al Agua - ecoFINISH\" \/>\n<meta property=\"og:description\" content=\"Utiliza nuestro selector de color del agua para elegir el acabado de piscina perfecto que coincida con el color del agua que deseas. \u00a1Crea un oasis acu\u00e1tico \u00fanico!\" \/>\n<meta property=\"og:url\" content=\"https:\/\/ecofinishcoatings.com\/es\/selector-de-acuarela\/\" \/>\n<meta property=\"og:site_name\" content=\"ecoFINISH Coatings\" \/>\n<meta property=\"article:modified_time\" content=\"2025-11-03T15:50:08+00:00\" \/>\n<meta name=\"twitter:card\" content=\"summary_large_image\" \/>\n<meta name=\"twitter:label1\" content=\"Tiempo de lectura\" \/>\n\t<meta name=\"twitter:data1\" content=\"19 minutos\" \/>\n<script type=\"application\/ld+json\" class=\"yoast-schema-graph\">{\"@context\":\"https:\\\/\\\/schema.org\",\"@graph\":[{\"@type\":\"WebPage\",\"@id\":\"https:\\\/\\\/ecofinishcoatings.com\\\/es\\\/selector-de-acuarela\\\/\",\"url\":\"https:\\\/\\\/ecofinishcoatings.com\\\/es\\\/selector-de-acuarela\\\/\",\"name\":\"Selector de Colores al Agua - ecoFINISH\",\"isPartOf\":{\"@id\":\"https:\\\/\\\/ecofinishcoatings.com\\\/es\\\/#website\"},\"datePublished\":\"2022-11-09T18:34:37+00:00\",\"dateModified\":\"2025-11-03T15:50:08+00:00\",\"description\":\"Utiliza nuestro selector de color del agua para elegir el acabado de piscina perfecto que coincida con el color del agua que deseas. \u00a1Crea un oasis acu\u00e1tico \u00fanico!\",\"breadcrumb\":{\"@id\":\"https:\\\/\\\/ecofinishcoatings.com\\\/es\\\/selector-de-acuarela\\\/#breadcrumb\"},\"inLanguage\":\"es\",\"potentialAction\":[{\"@type\":\"ReadAction\",\"target\":[\"https:\\\/\\\/ecofinishcoatings.com\\\/es\\\/selector-de-acuarela\\\/\"]}]},{\"@type\":\"BreadcrumbList\",\"@id\":\"https:\\\/\\\/ecofinishcoatings.com\\\/es\\\/selector-de-acuarela\\\/#breadcrumb\",\"itemListElement\":[{\"@type\":\"ListItem\",\"position\":1,\"name\":\"Home\",\"item\":\"https:\\\/\\\/ecofinishcoatings.com\\\/es\\\/inicio\\\/\"},{\"@type\":\"ListItem\",\"position\":2,\"name\":\"Selector de acuarela\"}]},{\"@type\":\"WebSite\",\"@id\":\"https:\\\/\\\/ecofinishcoatings.com\\\/es\\\/#website\",\"url\":\"https:\\\/\\\/ecofinishcoatings.com\\\/es\\\/\",\"name\":\"ecoFINISH Coatings\",\"description\":\"a new era of coatings\",\"potentialAction\":[{\"@type\":\"SearchAction\",\"target\":{\"@type\":\"EntryPoint\",\"urlTemplate\":\"https:\\\/\\\/ecofinishcoatings.com\\\/es\\\/?s={search_term_string}\"},\"query-input\":{\"@type\":\"PropertyValueSpecification\",\"valueRequired\":true,\"valueName\":\"search_term_string\"}}],\"inLanguage\":\"es\"}]}<\/script>\n<!-- \/ Yoast SEO plugin. -->","yoast_head_json":{"title":"Selector de Colores al Agua - ecoFINISH","description":"Utiliza nuestro selector de color del agua para elegir el acabado de piscina perfecto que coincida con el color del agua que deseas. \u00a1Crea un oasis acu\u00e1tico \u00fanico!","robots":{"index":"index","follow":"follow","max-snippet":"max-snippet:-1","max-image-preview":"max-image-preview:large","max-video-preview":"max-video-preview:-1"},"canonical":"https:\/\/ecofinishcoatings.com\/es\/selector-de-acuarela\/","og_locale":"es_ES","og_type":"article","og_title":"Selector de Colores al Agua - ecoFINISH","og_description":"Utiliza nuestro selector de color del agua para elegir el acabado de piscina perfecto que coincida con el color del agua que deseas. \u00a1Crea un oasis acu\u00e1tico \u00fanico!","og_url":"https:\/\/ecofinishcoatings.com\/es\/selector-de-acuarela\/","og_site_name":"ecoFINISH Coatings","article_modified_time":"2025-11-03T15:50:08+00:00","twitter_card":"summary_large_image","twitter_misc":{"Tiempo de lectura":"19 minutos"},"schema":{"@context":"https:\/\/schema.org","@graph":[{"@type":"WebPage","@id":"https:\/\/ecofinishcoatings.com\/es\/selector-de-acuarela\/","url":"https:\/\/ecofinishcoatings.com\/es\/selector-de-acuarela\/","name":"Selector de Colores al Agua - ecoFINISH","isPartOf":{"@id":"https:\/\/ecofinishcoatings.com\/es\/#website"},"datePublished":"2022-11-09T18:34:37+00:00","dateModified":"2025-11-03T15:50:08+00:00","description":"Utiliza nuestro selector de color del agua para elegir el acabado de piscina perfecto que coincida con el color del agua que deseas. \u00a1Crea un oasis acu\u00e1tico \u00fanico!","breadcrumb":{"@id":"https:\/\/ecofinishcoatings.com\/es\/selector-de-acuarela\/#breadcrumb"},"inLanguage":"es","potentialAction":[{"@type":"ReadAction","target":["https:\/\/ecofinishcoatings.com\/es\/selector-de-acuarela\/"]}]},{"@type":"BreadcrumbList","@id":"https:\/\/ecofinishcoatings.com\/es\/selector-de-acuarela\/#breadcrumb","itemListElement":[{"@type":"ListItem","position":1,"name":"Home","item":"https:\/\/ecofinishcoatings.com\/es\/inicio\/"},{"@type":"ListItem","position":2,"name":"Selector de acuarela"}]},{"@type":"WebSite","@id":"https:\/\/ecofinishcoatings.com\/es\/#website","url":"https:\/\/ecofinishcoatings.com\/es\/","name":"ecoFINISH Coatings","description":"a new era of coatings","potentialAction":[{"@type":"SearchAction","target":{"@type":"EntryPoint","urlTemplate":"https:\/\/ecofinishcoatings.com\/es\/?s={search_term_string}"},"query-input":{"@type":"PropertyValueSpecification","valueRequired":true,"valueName":"search_term_string"}}],"inLanguage":"es"}]}},"_links":{"self":[{"href":"https:\/\/ecofinishcoatings.com\/es\/wp-json\/wp\/v2\/pages\/4439","targetHints":{"allow":["GET"]}}],"collection":[{"href":"https:\/\/ecofinishcoatings.com\/es\/wp-json\/wp\/v2\/pages"}],"about":[{"href":"https:\/\/ecofinishcoatings.com\/es\/wp-json\/wp\/v2\/types\/page"}],"author":[{"embeddable":true,"href":"https:\/\/ecofinishcoatings.com\/es\/wp-json\/wp\/v2\/users\/7"}],"replies":[{"embeddable":true,"href":"https:\/\/ecofinishcoatings.com\/es\/wp-json\/wp\/v2\/comments?post=4439"}],"version-history":[{"count":0,"href":"https:\/\/ecofinishcoatings.com\/es\/wp-json\/wp\/v2\/pages\/4439\/revisions"}],"wp:attachment":[{"href":"https:\/\/ecofinishcoatings.com\/es\/wp-json\/wp\/v2\/media?parent=4439"}],"curies":[{"name":"wp","href":"https:\/\/api.w.org\/{rel}","templated":true}]}}