{"id":4437,"date":"2023-01-02T14:11:18","date_gmt":"2023-01-02T14:11:18","guid":{"rendered":"https:\/\/ecofinishcoatings.com\/poliferrico\/"},"modified":"2025-11-03T15:40:09","modified_gmt":"2025-11-03T15:40:09","slug":"polyferrous","status":"publish","type":"page","link":"https:\/\/ecofinishcoatings.com\/es\/polyferrous\/","title":{"rendered":"Polyferrous"},"content":{"rendered":"<div id=\"cs-content\" class=\"cs-content\"><\/div>\n","protected":false},"excerpt":{"rendered":"<p>Polyferrous&trade; Las piscinas contenedoras son cada vez m\u00e1s populares, y el acero es el metal m\u00e1s pr\u00e1ctico utilizado en aplicaciones cotidianas, desde vigas en I hasta cisternas. El \u00f3xido es un problema com\u00fan y las soluciones son escasas para quienes buscan un revestimiento atractivo y duradero. En ecoFINISH\u00ae, hemos desarrollado Polyferrous\u2122: un sistema que combina las ventajas de nuestra imprimaci\u00f3n &#8230; <\/p>\n<div><a href=\"https:\/\/ecofinishcoatings.com\/es\/polyferrous\/\" class=\"more-link\">Read More<\/a><\/div>\n","protected":false},"author":7,"featured_media":0,"parent":0,"menu_order":0,"comment_status":"closed","ping_status":"closed","template":"template-blank-4.php","meta":{"om_disable_all_campaigns":false,"_monsterinsights_skip_tracking":false,"_monsterinsights_sitenote_active":false,"_monsterinsights_sitenote_note":"","_monsterinsights_sitenote_category":0,"_uf_show_specific_survey":0,"_uf_disable_surveys":false,"footnotes":""},"class_list":["post-4437","page","type-page","status-publish","hentry","no-post-thumbnail"],"yoast_head":"<!-- This site is optimized with the Yoast SEO plugin v27.3 - https:\/\/yoast.com\/product\/yoast-seo-wordpress\/ -->\n<title>Polyferrous\u2122 - Revestimientos ecoFINISH<\/title>\n<meta name=\"description\" content=\"Descubre Polyferrous\u2122, un revestimiento anticorrosivo, antioxidante y decorativo de ecoFINISH\u00ae para estructuras met\u00e1licas ferrosas.\" \/>\n<meta name=\"robots\" content=\"index, follow, max-snippet:-1, max-image-preview:large, max-video-preview:-1\" \/>\n<link rel=\"canonical\" href=\"https:\/\/ecofinishcoatings.com\/es\/polyferrous\/\" \/>\n<meta property=\"og:locale\" content=\"es_ES\" \/>\n<meta property=\"og:type\" content=\"article\" \/>\n<meta property=\"og:title\" content=\"Polyferrous\u2122 - Revestimientos ecoFINISH\" \/>\n<meta property=\"og:description\" content=\"Descubre Polyferrous\u2122, un revestimiento anticorrosivo, antioxidante y decorativo de ecoFINISH\u00ae para estructuras met\u00e1licas ferrosas.\" \/>\n<meta property=\"og:url\" content=\"https:\/\/ecofinishcoatings.com\/es\/polyferrous\/\" \/>\n<meta property=\"og:site_name\" content=\"ecoFINISH Coatings\" \/>\n<meta property=\"article:modified_time\" content=\"2025-11-03T15:40:09+00:00\" \/>\n<meta name=\"twitter:card\" content=\"summary_large_image\" \/>\n<meta name=\"twitter:label1\" content=\"Tiempo de lectura\" \/>\n\t<meta name=\"twitter:data1\" content=\"8 minutos\" \/>\n<script type=\"application\/ld+json\" class=\"yoast-schema-graph\">{\"@context\":\"https:\\\/\\\/schema.org\",\"@graph\":[{\"@type\":\"WebPage\",\"@id\":\"https:\\\/\\\/ecofinishcoatings.com\\\/es\\\/polyferrous\\\/\",\"url\":\"https:\\\/\\\/ecofinishcoatings.com\\\/es\\\/polyferrous\\\/\",\"name\":\"Polyferrous\u2122 - Revestimientos ecoFINISH\",\"isPartOf\":{\"@id\":\"https:\\\/\\\/ecofinishcoatings.com\\\/es\\\/#website\"},\"datePublished\":\"2023-01-02T14:11:18+00:00\",\"dateModified\":\"2025-11-03T15:40:09+00:00\",\"description\":\"Descubre Polyferrous\u2122, un revestimiento anticorrosivo, antioxidante y decorativo de ecoFINISH\u00ae para estructuras met\u00e1licas ferrosas.\",\"breadcrumb\":{\"@id\":\"https:\\\/\\\/ecofinishcoatings.com\\\/es\\\/polyferrous\\\/#breadcrumb\"},\"inLanguage\":\"es\",\"potentialAction\":[{\"@type\":\"ReadAction\",\"target\":[\"https:\\\/\\\/ecofinishcoatings.com\\\/es\\\/polyferrous\\\/\"]}]},{\"@type\":\"BreadcrumbList\",\"@id\":\"https:\\\/\\\/ecofinishcoatings.com\\\/es\\\/polyferrous\\\/#breadcrumb\",\"itemListElement\":[{\"@type\":\"ListItem\",\"position\":1,\"name\":\"Home\",\"item\":\"https:\\\/\\\/ecofinishcoatings.com\\\/es\\\/inicio\\\/\"},{\"@type\":\"ListItem\",\"position\":2,\"name\":\"Polyferrous\"}]},{\"@type\":\"WebSite\",\"@id\":\"https:\\\/\\\/ecofinishcoatings.com\\\/es\\\/#website\",\"url\":\"https:\\\/\\\/ecofinishcoatings.com\\\/es\\\/\",\"name\":\"ecoFINISH Coatings\",\"description\":\"a new era of coatings\",\"potentialAction\":[{\"@type\":\"SearchAction\",\"target\":{\"@type\":\"EntryPoint\",\"urlTemplate\":\"https:\\\/\\\/ecofinishcoatings.com\\\/es\\\/?s={search_term_string}\"},\"query-input\":{\"@type\":\"PropertyValueSpecification\",\"valueRequired\":true,\"valueName\":\"search_term_string\"}}],\"inLanguage\":\"es\"}]}<\/script>\n<!-- \/ Yoast SEO plugin. -->","yoast_head_json":{"title":"Polyferrous\u2122 - Revestimientos ecoFINISH","description":"Descubre Polyferrous\u2122, un revestimiento anticorrosivo, antioxidante y decorativo de ecoFINISH\u00ae para estructuras met\u00e1licas ferrosas.","robots":{"index":"index","follow":"follow","max-snippet":"max-snippet:-1","max-image-preview":"max-image-preview:large","max-video-preview":"max-video-preview:-1"},"canonical":"https:\/\/ecofinishcoatings.com\/es\/polyferrous\/","og_locale":"es_ES","og_type":"article","og_title":"Polyferrous\u2122 - Revestimientos ecoFINISH","og_description":"Descubre Polyferrous\u2122, un revestimiento anticorrosivo, antioxidante y decorativo de ecoFINISH\u00ae para estructuras met\u00e1licas ferrosas.","og_url":"https:\/\/ecofinishcoatings.com\/es\/polyferrous\/","og_site_name":"ecoFINISH Coatings","article_modified_time":"2025-11-03T15:40:09+00:00","twitter_card":"summary_large_image","twitter_misc":{"Tiempo de lectura":"8 minutos"},"schema":{"@context":"https:\/\/schema.org","@graph":[{"@type":"WebPage","@id":"https:\/\/ecofinishcoatings.com\/es\/polyferrous\/","url":"https:\/\/ecofinishcoatings.com\/es\/polyferrous\/","name":"Polyferrous\u2122 - Revestimientos ecoFINISH","isPartOf":{"@id":"https:\/\/ecofinishcoatings.com\/es\/#website"},"datePublished":"2023-01-02T14:11:18+00:00","dateModified":"2025-11-03T15:40:09+00:00","description":"Descubre Polyferrous\u2122, un revestimiento anticorrosivo, antioxidante y decorativo de ecoFINISH\u00ae para estructuras met\u00e1licas ferrosas.","breadcrumb":{"@id":"https:\/\/ecofinishcoatings.com\/es\/polyferrous\/#breadcrumb"},"inLanguage":"es","potentialAction":[{"@type":"ReadAction","target":["https:\/\/ecofinishcoatings.com\/es\/polyferrous\/"]}]},{"@type":"BreadcrumbList","@id":"https:\/\/ecofinishcoatings.com\/es\/polyferrous\/#breadcrumb","itemListElement":[{"@type":"ListItem","position":1,"name":"Home","item":"https:\/\/ecofinishcoatings.com\/es\/inicio\/"},{"@type":"ListItem","position":2,"name":"Polyferrous"}]},{"@type":"WebSite","@id":"https:\/\/ecofinishcoatings.com\/es\/#website","url":"https:\/\/ecofinishcoatings.com\/es\/","name":"ecoFINISH Coatings","description":"a new era of coatings","potentialAction":[{"@type":"SearchAction","target":{"@type":"EntryPoint","urlTemplate":"https:\/\/ecofinishcoatings.com\/es\/?s={search_term_string}"},"query-input":{"@type":"PropertyValueSpecification","valueRequired":true,"valueName":"search_term_string"}}],"inLanguage":"es"}]}},"_links":{"self":[{"href":"https:\/\/ecofinishcoatings.com\/es\/wp-json\/wp\/v2\/pages\/4437","targetHints":{"allow":["GET"]}}],"collection":[{"href":"https:\/\/ecofinishcoatings.com\/es\/wp-json\/wp\/v2\/pages"}],"about":[{"href":"https:\/\/ecofinishcoatings.com\/es\/wp-json\/wp\/v2\/types\/page"}],"author":[{"embeddable":true,"href":"https:\/\/ecofinishcoatings.com\/es\/wp-json\/wp\/v2\/users\/7"}],"replies":[{"embeddable":true,"href":"https:\/\/ecofinishcoatings.com\/es\/wp-json\/wp\/v2\/comments?post=4437"}],"version-history":[{"count":0,"href":"https:\/\/ecofinishcoatings.com\/es\/wp-json\/wp\/v2\/pages\/4437\/revisions"}],"wp:attachment":[{"href":"https:\/\/ecofinishcoatings.com\/es\/wp-json\/wp\/v2\/media?parent=4437"}],"curies":[{"name":"wp","href":"https:\/\/api.w.org\/{rel}","templated":true}]}}