{"id":4435,"date":"2022-12-05T13:58:59","date_gmt":"2022-12-05T13:58:59","guid":{"rendered":"https:\/\/ecofinishcoatings.com\/cartera-residencial\/"},"modified":"2025-11-03T15:49:08","modified_gmt":"2025-11-03T15:49:08","slug":"cartera-residencial","status":"publish","type":"page","link":"https:\/\/ecofinishcoatings.com\/es\/cartera-residencial\/","title":{"rendered":"Cartera Residencial"},"content":{"rendered":"<div id=\"cs-content\" class=\"cs-content\"><\/div>\n","protected":false},"excerpt":{"rendered":"<p>ResidencialCartera Cartera Residencial \u00bfQuieres inspirarte? Navega por nuestras galer\u00edas residenciales y comerciales. \u00bfNo est\u00e1s seguro de qu\u00e9 color elegir? Selecciona tu color de agua favorito en Nuestra Galer\u00eda de Colores de Agua para ver qu\u00e9 opciones te dar\u00e1n el aspecto deseado. Los ejemplos anteriores son piscinas reales, no representaciones. Las variaciones en el color del agua y las muestras de &#8230; <\/p>\n<div><a href=\"https:\/\/ecofinishcoatings.com\/es\/cartera-residencial\/\" class=\"more-link\">Read More<\/a><\/div>\n","protected":false},"author":7,"featured_media":0,"parent":0,"menu_order":0,"comment_status":"closed","ping_status":"closed","template":"template-blank-4.php","meta":{"om_disable_all_campaigns":false,"_monsterinsights_skip_tracking":false,"_monsterinsights_sitenote_active":false,"_monsterinsights_sitenote_note":"","_monsterinsights_sitenote_category":0,"_uf_show_specific_survey":0,"_uf_disable_surveys":false,"footnotes":""},"class_list":["post-4435","page","type-page","status-publish","hentry","no-post-thumbnail"],"yoast_head":"<!-- This site is optimized with the Yoast SEO plugin v27.4 - https:\/\/yoast.com\/product\/yoast-seo-wordpress\/ -->\n<title>Cartera Residencial - Revestimientos ecoFINISH<\/title>\n<meta name=\"description\" content=\"Explora nuestra Cartera Residencial para inspirarte. Mira ejemplos de piscinas que te ayudar\u00e1n a elegir el color y el acabado adecuados para tu proyecto.\" \/>\n<meta name=\"robots\" content=\"index, follow, max-snippet:-1, max-image-preview:large, max-video-preview:-1\" \/>\n<link rel=\"canonical\" href=\"https:\/\/ecofinishcoatings.com\/es\/cartera-residencial\/\" \/>\n<meta property=\"og:locale\" content=\"es_ES\" \/>\n<meta property=\"og:type\" content=\"article\" \/>\n<meta property=\"og:title\" content=\"Cartera Residencial - Revestimientos ecoFINISH\" \/>\n<meta property=\"og:description\" content=\"Explora nuestra Cartera Residencial para inspirarte. Mira ejemplos de piscinas que te ayudar\u00e1n a elegir el color y el acabado adecuados para tu proyecto.\" \/>\n<meta property=\"og:url\" content=\"https:\/\/ecofinishcoatings.com\/es\/cartera-residencial\/\" \/>\n<meta property=\"og:site_name\" content=\"ecoFINISH Coatings\" \/>\n<meta property=\"article:modified_time\" content=\"2025-11-03T15:49:08+00:00\" \/>\n<meta name=\"twitter:card\" content=\"summary_large_image\" \/>\n<meta name=\"twitter:label1\" content=\"Tiempo de lectura\" \/>\n\t<meta name=\"twitter:data1\" content=\"1 minuto\" \/>\n<script type=\"application\/ld+json\" class=\"yoast-schema-graph\">{\"@context\":\"https:\\\/\\\/schema.org\",\"@graph\":[{\"@type\":\"WebPage\",\"@id\":\"https:\\\/\\\/ecofinishcoatings.com\\\/es\\\/cartera-residencial\\\/\",\"url\":\"https:\\\/\\\/ecofinishcoatings.com\\\/es\\\/cartera-residencial\\\/\",\"name\":\"Cartera Residencial - Revestimientos ecoFINISH\",\"isPartOf\":{\"@id\":\"https:\\\/\\\/ecofinishcoatings.com\\\/es\\\/#website\"},\"datePublished\":\"2022-12-05T13:58:59+00:00\",\"dateModified\":\"2025-11-03T15:49:08+00:00\",\"description\":\"Explora nuestra Cartera Residencial para inspirarte. Mira ejemplos de piscinas que te ayudar\u00e1n a elegir el color y el acabado adecuados para tu proyecto.\",\"breadcrumb\":{\"@id\":\"https:\\\/\\\/ecofinishcoatings.com\\\/es\\\/cartera-residencial\\\/#breadcrumb\"},\"inLanguage\":\"es\",\"potentialAction\":[{\"@type\":\"ReadAction\",\"target\":[\"https:\\\/\\\/ecofinishcoatings.com\\\/es\\\/cartera-residencial\\\/\"]}]},{\"@type\":\"BreadcrumbList\",\"@id\":\"https:\\\/\\\/ecofinishcoatings.com\\\/es\\\/cartera-residencial\\\/#breadcrumb\",\"itemListElement\":[{\"@type\":\"ListItem\",\"position\":1,\"name\":\"Home\",\"item\":\"https:\\\/\\\/ecofinishcoatings.com\\\/es\\\/inicio\\\/\"},{\"@type\":\"ListItem\",\"position\":2,\"name\":\"Cartera Residencial\"}]},{\"@type\":\"WebSite\",\"@id\":\"https:\\\/\\\/ecofinishcoatings.com\\\/es\\\/#website\",\"url\":\"https:\\\/\\\/ecofinishcoatings.com\\\/es\\\/\",\"name\":\"ecoFINISH Coatings\",\"description\":\"a new era of coatings\",\"potentialAction\":[{\"@type\":\"SearchAction\",\"target\":{\"@type\":\"EntryPoint\",\"urlTemplate\":\"https:\\\/\\\/ecofinishcoatings.com\\\/es\\\/?s={search_term_string}\"},\"query-input\":{\"@type\":\"PropertyValueSpecification\",\"valueRequired\":true,\"valueName\":\"search_term_string\"}}],\"inLanguage\":\"es\"}]}<\/script>\n<!-- \/ Yoast SEO plugin. -->","yoast_head_json":{"title":"Cartera Residencial - Revestimientos ecoFINISH","description":"Explora nuestra Cartera Residencial para inspirarte. Mira ejemplos de piscinas que te ayudar\u00e1n a elegir el color y el acabado adecuados para tu proyecto.","robots":{"index":"index","follow":"follow","max-snippet":"max-snippet:-1","max-image-preview":"max-image-preview:large","max-video-preview":"max-video-preview:-1"},"canonical":"https:\/\/ecofinishcoatings.com\/es\/cartera-residencial\/","og_locale":"es_ES","og_type":"article","og_title":"Cartera Residencial - Revestimientos ecoFINISH","og_description":"Explora nuestra Cartera Residencial para inspirarte. Mira ejemplos de piscinas que te ayudar\u00e1n a elegir el color y el acabado adecuados para tu proyecto.","og_url":"https:\/\/ecofinishcoatings.com\/es\/cartera-residencial\/","og_site_name":"ecoFINISH Coatings","article_modified_time":"2025-11-03T15:49:08+00:00","twitter_card":"summary_large_image","twitter_misc":{"Tiempo de lectura":"1 minuto"},"schema":{"@context":"https:\/\/schema.org","@graph":[{"@type":"WebPage","@id":"https:\/\/ecofinishcoatings.com\/es\/cartera-residencial\/","url":"https:\/\/ecofinishcoatings.com\/es\/cartera-residencial\/","name":"Cartera Residencial - Revestimientos ecoFINISH","isPartOf":{"@id":"https:\/\/ecofinishcoatings.com\/es\/#website"},"datePublished":"2022-12-05T13:58:59+00:00","dateModified":"2025-11-03T15:49:08+00:00","description":"Explora nuestra Cartera Residencial para inspirarte. Mira ejemplos de piscinas que te ayudar\u00e1n a elegir el color y el acabado adecuados para tu proyecto.","breadcrumb":{"@id":"https:\/\/ecofinishcoatings.com\/es\/cartera-residencial\/#breadcrumb"},"inLanguage":"es","potentialAction":[{"@type":"ReadAction","target":["https:\/\/ecofinishcoatings.com\/es\/cartera-residencial\/"]}]},{"@type":"BreadcrumbList","@id":"https:\/\/ecofinishcoatings.com\/es\/cartera-residencial\/#breadcrumb","itemListElement":[{"@type":"ListItem","position":1,"name":"Home","item":"https:\/\/ecofinishcoatings.com\/es\/inicio\/"},{"@type":"ListItem","position":2,"name":"Cartera Residencial"}]},{"@type":"WebSite","@id":"https:\/\/ecofinishcoatings.com\/es\/#website","url":"https:\/\/ecofinishcoatings.com\/es\/","name":"ecoFINISH Coatings","description":"a new era of coatings","potentialAction":[{"@type":"SearchAction","target":{"@type":"EntryPoint","urlTemplate":"https:\/\/ecofinishcoatings.com\/es\/?s={search_term_string}"},"query-input":{"@type":"PropertyValueSpecification","valueRequired":true,"valueName":"search_term_string"}}],"inLanguage":"es"}]}},"_links":{"self":[{"href":"https:\/\/ecofinishcoatings.com\/es\/wp-json\/wp\/v2\/pages\/4435","targetHints":{"allow":["GET"]}}],"collection":[{"href":"https:\/\/ecofinishcoatings.com\/es\/wp-json\/wp\/v2\/pages"}],"about":[{"href":"https:\/\/ecofinishcoatings.com\/es\/wp-json\/wp\/v2\/types\/page"}],"author":[{"embeddable":true,"href":"https:\/\/ecofinishcoatings.com\/es\/wp-json\/wp\/v2\/users\/7"}],"replies":[{"embeddable":true,"href":"https:\/\/ecofinishcoatings.com\/es\/wp-json\/wp\/v2\/comments?post=4435"}],"version-history":[{"count":0,"href":"https:\/\/ecofinishcoatings.com\/es\/wp-json\/wp\/v2\/pages\/4435\/revisions"}],"wp:attachment":[{"href":"https:\/\/ecofinishcoatings.com\/es\/wp-json\/wp\/v2\/media?parent=4435"}],"curies":[{"name":"wp","href":"https:\/\/api.w.org\/{rel}","templated":true}]}}