{"id":4431,"date":"2022-11-11T19:12:32","date_gmt":"2022-11-11T19:12:32","guid":{"rendered":"https:\/\/ecofinishcoatings.com\/vida-acuatica\/"},"modified":"2025-11-03T15:39:37","modified_gmt":"2025-11-03T15:39:37","slug":"aquaticlife","status":"publish","type":"page","link":"https:\/\/ecofinishcoatings.com\/es\/aquaticlife\/","title":{"rendered":"aquaticLIFE"},"content":{"rendered":"<div id=\"cs-content\" class=\"cs-content\"><\/div>\n","protected":false},"excerpt":{"rendered":"<p>aquaticLIFE\u2122 Sabemos que uno de los factores clave que deben tener en cuenta los gestores y dise\u00f1adores de zoos y acuarios es el revestimiento adecuado para sus instalaciones. El revestimiento debe ser no s\u00f3lo atractivo, sino duradero, f\u00e1cil de mantener y, lo m\u00e1s importante, seguro para la fauna. Por eso creamos aquaticLIFE\u2122 Revestimientos para la vida marina. aquaticLIFE\u2122 es un &#8230; <\/p>\n<div><a href=\"https:\/\/ecofinishcoatings.com\/es\/aquaticlife\/\" class=\"more-link\">Read More<\/a><\/div>\n","protected":false},"author":7,"featured_media":0,"parent":0,"menu_order":0,"comment_status":"closed","ping_status":"closed","template":"template-blank-4.php","meta":{"om_disable_all_campaigns":false,"_monsterinsights_skip_tracking":false,"_monsterinsights_sitenote_active":false,"_monsterinsights_sitenote_note":"","_monsterinsights_sitenote_category":0,"_uf_show_specific_survey":0,"_uf_disable_surveys":false,"footnotes":""},"class_list":["post-4431","page","type-page","status-publish","hentry","no-post-thumbnail"],"yoast_head":"<!-- This site is optimized with the Yoast SEO plugin v27.4 - https:\/\/yoast.com\/product\/yoast-seo-wordpress\/ -->\n<title>aquaticLIFE - Revestimientos ecoFINISH<\/title>\n<meta name=\"description\" content=\"Descubre las ventajas de los revestimientos aquaticLIFE para la vida marina. Estables a los rayos UV, resistentes a los productos qu\u00edmicos y seguros para los entornos acu\u00e1ticos.\" \/>\n<meta name=\"robots\" content=\"index, follow, max-snippet:-1, max-image-preview:large, max-video-preview:-1\" \/>\n<link rel=\"canonical\" href=\"https:\/\/ecofinishcoatings.com\/es\/aquaticlife\/\" \/>\n<meta property=\"og:locale\" content=\"es_ES\" \/>\n<meta property=\"og:type\" content=\"article\" \/>\n<meta property=\"og:title\" content=\"aquaticLIFE - Revestimientos ecoFINISH\" \/>\n<meta property=\"og:description\" content=\"Descubre las ventajas de los revestimientos aquaticLIFE para la vida marina. Estables a los rayos UV, resistentes a los productos qu\u00edmicos y seguros para los entornos acu\u00e1ticos.\" \/>\n<meta property=\"og:url\" content=\"https:\/\/ecofinishcoatings.com\/es\/aquaticlife\/\" \/>\n<meta property=\"og:site_name\" content=\"ecoFINISH Coatings\" \/>\n<meta property=\"article:modified_time\" content=\"2025-11-03T15:39:37+00:00\" \/>\n<meta name=\"twitter:card\" content=\"summary_large_image\" \/>\n<meta name=\"twitter:label1\" content=\"Tiempo de lectura\" \/>\n\t<meta name=\"twitter:data1\" content=\"6 minutos\" \/>\n<script type=\"application\/ld+json\" class=\"yoast-schema-graph\">{\"@context\":\"https:\\\/\\\/schema.org\",\"@graph\":[{\"@type\":\"WebPage\",\"@id\":\"https:\\\/\\\/ecofinishcoatings.com\\\/es\\\/aquaticlife\\\/\",\"url\":\"https:\\\/\\\/ecofinishcoatings.com\\\/es\\\/aquaticlife\\\/\",\"name\":\"aquaticLIFE - Revestimientos ecoFINISH\",\"isPartOf\":{\"@id\":\"https:\\\/\\\/ecofinishcoatings.com\\\/es\\\/#website\"},\"datePublished\":\"2022-11-11T19:12:32+00:00\",\"dateModified\":\"2025-11-03T15:39:37+00:00\",\"description\":\"Descubre las ventajas de los revestimientos aquaticLIFE para la vida marina. Estables a los rayos UV, resistentes a los productos qu\u00edmicos y seguros para los entornos acu\u00e1ticos.\",\"breadcrumb\":{\"@id\":\"https:\\\/\\\/ecofinishcoatings.com\\\/es\\\/aquaticlife\\\/#breadcrumb\"},\"inLanguage\":\"es\",\"potentialAction\":[{\"@type\":\"ReadAction\",\"target\":[\"https:\\\/\\\/ecofinishcoatings.com\\\/es\\\/aquaticlife\\\/\"]}]},{\"@type\":\"BreadcrumbList\",\"@id\":\"https:\\\/\\\/ecofinishcoatings.com\\\/es\\\/aquaticlife\\\/#breadcrumb\",\"itemListElement\":[{\"@type\":\"ListItem\",\"position\":1,\"name\":\"Home\",\"item\":\"https:\\\/\\\/ecofinishcoatings.com\\\/es\\\/inicio\\\/\"},{\"@type\":\"ListItem\",\"position\":2,\"name\":\"aquaticLIFE\"}]},{\"@type\":\"WebSite\",\"@id\":\"https:\\\/\\\/ecofinishcoatings.com\\\/es\\\/#website\",\"url\":\"https:\\\/\\\/ecofinishcoatings.com\\\/es\\\/\",\"name\":\"ecoFINISH Coatings\",\"description\":\"a new era of coatings\",\"potentialAction\":[{\"@type\":\"SearchAction\",\"target\":{\"@type\":\"EntryPoint\",\"urlTemplate\":\"https:\\\/\\\/ecofinishcoatings.com\\\/es\\\/?s={search_term_string}\"},\"query-input\":{\"@type\":\"PropertyValueSpecification\",\"valueRequired\":true,\"valueName\":\"search_term_string\"}}],\"inLanguage\":\"es\"}]}<\/script>\n<!-- \/ Yoast SEO plugin. -->","yoast_head_json":{"title":"aquaticLIFE - Revestimientos ecoFINISH","description":"Descubre las ventajas de los revestimientos aquaticLIFE para la vida marina. Estables a los rayos UV, resistentes a los productos qu\u00edmicos y seguros para los entornos acu\u00e1ticos.","robots":{"index":"index","follow":"follow","max-snippet":"max-snippet:-1","max-image-preview":"max-image-preview:large","max-video-preview":"max-video-preview:-1"},"canonical":"https:\/\/ecofinishcoatings.com\/es\/aquaticlife\/","og_locale":"es_ES","og_type":"article","og_title":"aquaticLIFE - Revestimientos ecoFINISH","og_description":"Descubre las ventajas de los revestimientos aquaticLIFE para la vida marina. Estables a los rayos UV, resistentes a los productos qu\u00edmicos y seguros para los entornos acu\u00e1ticos.","og_url":"https:\/\/ecofinishcoatings.com\/es\/aquaticlife\/","og_site_name":"ecoFINISH Coatings","article_modified_time":"2025-11-03T15:39:37+00:00","twitter_card":"summary_large_image","twitter_misc":{"Tiempo de lectura":"6 minutos"},"schema":{"@context":"https:\/\/schema.org","@graph":[{"@type":"WebPage","@id":"https:\/\/ecofinishcoatings.com\/es\/aquaticlife\/","url":"https:\/\/ecofinishcoatings.com\/es\/aquaticlife\/","name":"aquaticLIFE - Revestimientos ecoFINISH","isPartOf":{"@id":"https:\/\/ecofinishcoatings.com\/es\/#website"},"datePublished":"2022-11-11T19:12:32+00:00","dateModified":"2025-11-03T15:39:37+00:00","description":"Descubre las ventajas de los revestimientos aquaticLIFE para la vida marina. Estables a los rayos UV, resistentes a los productos qu\u00edmicos y seguros para los entornos acu\u00e1ticos.","breadcrumb":{"@id":"https:\/\/ecofinishcoatings.com\/es\/aquaticlife\/#breadcrumb"},"inLanguage":"es","potentialAction":[{"@type":"ReadAction","target":["https:\/\/ecofinishcoatings.com\/es\/aquaticlife\/"]}]},{"@type":"BreadcrumbList","@id":"https:\/\/ecofinishcoatings.com\/es\/aquaticlife\/#breadcrumb","itemListElement":[{"@type":"ListItem","position":1,"name":"Home","item":"https:\/\/ecofinishcoatings.com\/es\/inicio\/"},{"@type":"ListItem","position":2,"name":"aquaticLIFE"}]},{"@type":"WebSite","@id":"https:\/\/ecofinishcoatings.com\/es\/#website","url":"https:\/\/ecofinishcoatings.com\/es\/","name":"ecoFINISH Coatings","description":"a new era of coatings","potentialAction":[{"@type":"SearchAction","target":{"@type":"EntryPoint","urlTemplate":"https:\/\/ecofinishcoatings.com\/es\/?s={search_term_string}"},"query-input":{"@type":"PropertyValueSpecification","valueRequired":true,"valueName":"search_term_string"}}],"inLanguage":"es"}]}},"_links":{"self":[{"href":"https:\/\/ecofinishcoatings.com\/es\/wp-json\/wp\/v2\/pages\/4431","targetHints":{"allow":["GET"]}}],"collection":[{"href":"https:\/\/ecofinishcoatings.com\/es\/wp-json\/wp\/v2\/pages"}],"about":[{"href":"https:\/\/ecofinishcoatings.com\/es\/wp-json\/wp\/v2\/types\/page"}],"author":[{"embeddable":true,"href":"https:\/\/ecofinishcoatings.com\/es\/wp-json\/wp\/v2\/users\/7"}],"replies":[{"embeddable":true,"href":"https:\/\/ecofinishcoatings.com\/es\/wp-json\/wp\/v2\/comments?post=4431"}],"version-history":[{"count":0,"href":"https:\/\/ecofinishcoatings.com\/es\/wp-json\/wp\/v2\/pages\/4431\/revisions"}],"wp:attachment":[{"href":"https:\/\/ecofinishcoatings.com\/es\/wp-json\/wp\/v2\/media?parent=4431"}],"curies":[{"name":"wp","href":"https:\/\/api.w.org\/{rel}","templated":true}]}}