{"id":4424,"date":"2022-11-11T18:41:51","date_gmt":"2022-11-11T18:41:51","guid":{"rendered":"https:\/\/ecofinishcoatings.com\/revestimientos-de-entrada-a-la-playa\/"},"modified":"2025-11-03T15:37:10","modified_gmt":"2025-11-03T15:37:10","slug":"revestimientos-de-entrada-a-la-playa","status":"publish","type":"page","link":"https:\/\/ecofinishcoatings.com\/es\/revestimientos-de-entrada-a-la-playa\/","title":{"rendered":"Revestimientos de entrada a la playa"},"content":{"rendered":"<div id=\"cs-content\" class=\"cs-content\"><\/div>\n","protected":false},"excerpt":{"rendered":"<p>Revestimientos de entrada a la playa Los Revestimientos de Entradas a Playas son la soluci\u00f3n ideal para evitar resbalones y ca\u00eddas en entornos comerciales como parques acu\u00e1ticos y centros recreativos. Mejora la experiencia del cliente a\u00f1adiendo una capa extra de protecci\u00f3n en zonas de mucho tr\u00e1nsito. Revestimientos de entrada a la playa de ecoFINISH son revestimientos antideslizantes y abrasivos creados &#8230; <\/p>\n<div><a href=\"https:\/\/ecofinishcoatings.com\/es\/revestimientos-de-entrada-a-la-playa\/\" class=\"more-link\">Read More<\/a><\/div>\n","protected":false},"author":7,"featured_media":0,"parent":0,"menu_order":0,"comment_status":"closed","ping_status":"closed","template":"template-blank-4.php","meta":{"om_disable_all_campaigns":false,"_monsterinsights_skip_tracking":false,"_monsterinsights_sitenote_active":false,"_monsterinsights_sitenote_note":"","_monsterinsights_sitenote_category":0,"_uf_show_specific_survey":0,"_uf_disable_surveys":false,"footnotes":""},"class_list":["post-4424","page","type-page","status-publish","hentry","no-post-thumbnail"],"yoast_head":"<!-- This site is optimized with the Yoast SEO plugin v27.4 - https:\/\/yoast.com\/product\/yoast-seo-wordpress\/ -->\n<title>Revestimientos de Entrada a la Playa | ecoFINISH<\/title>\n<meta name=\"description\" content=\"Mejora la seguridad y el disfrute con nuestros revestimientos para entradas de playa. Explora soluciones duraderas, protectoras y antideslizantes en varios colores.\" \/>\n<meta name=\"robots\" content=\"index, follow, max-snippet:-1, max-image-preview:large, max-video-preview:-1\" \/>\n<link rel=\"canonical\" href=\"https:\/\/ecofinishcoatings.com\/es\/revestimientos-de-entrada-a-la-playa\/\" \/>\n<meta property=\"og:locale\" content=\"es_ES\" \/>\n<meta property=\"og:type\" content=\"article\" \/>\n<meta property=\"og:title\" content=\"Revestimientos de Entrada a la Playa | ecoFINISH\" \/>\n<meta property=\"og:description\" content=\"Mejora la seguridad y el disfrute con nuestros revestimientos para entradas de playa. Explora soluciones duraderas, protectoras y antideslizantes en varios colores.\" \/>\n<meta property=\"og:url\" content=\"https:\/\/ecofinishcoatings.com\/es\/revestimientos-de-entrada-a-la-playa\/\" \/>\n<meta property=\"og:site_name\" content=\"ecoFINISH Coatings\" \/>\n<meta property=\"article:modified_time\" content=\"2025-11-03T15:37:10+00:00\" \/>\n<meta name=\"twitter:card\" content=\"summary_large_image\" \/>\n<meta name=\"twitter:label1\" content=\"Tiempo de lectura\" \/>\n\t<meta name=\"twitter:data1\" content=\"5 minutos\" \/>\n<script type=\"application\/ld+json\" class=\"yoast-schema-graph\">{\"@context\":\"https:\\\/\\\/schema.org\",\"@graph\":[{\"@type\":\"WebPage\",\"@id\":\"https:\\\/\\\/ecofinishcoatings.com\\\/es\\\/revestimientos-de-entrada-a-la-playa\\\/\",\"url\":\"https:\\\/\\\/ecofinishcoatings.com\\\/es\\\/revestimientos-de-entrada-a-la-playa\\\/\",\"name\":\"Revestimientos de Entrada a la Playa | ecoFINISH\",\"isPartOf\":{\"@id\":\"https:\\\/\\\/ecofinishcoatings.com\\\/es\\\/#website\"},\"datePublished\":\"2022-11-11T18:41:51+00:00\",\"dateModified\":\"2025-11-03T15:37:10+00:00\",\"description\":\"Mejora la seguridad y el disfrute con nuestros revestimientos para entradas de playa. Explora soluciones duraderas, protectoras y antideslizantes en varios colores.\",\"breadcrumb\":{\"@id\":\"https:\\\/\\\/ecofinishcoatings.com\\\/es\\\/revestimientos-de-entrada-a-la-playa\\\/#breadcrumb\"},\"inLanguage\":\"es\",\"potentialAction\":[{\"@type\":\"ReadAction\",\"target\":[\"https:\\\/\\\/ecofinishcoatings.com\\\/es\\\/revestimientos-de-entrada-a-la-playa\\\/\"]}]},{\"@type\":\"BreadcrumbList\",\"@id\":\"https:\\\/\\\/ecofinishcoatings.com\\\/es\\\/revestimientos-de-entrada-a-la-playa\\\/#breadcrumb\",\"itemListElement\":[{\"@type\":\"ListItem\",\"position\":1,\"name\":\"Home\",\"item\":\"https:\\\/\\\/ecofinishcoatings.com\\\/es\\\/inicio\\\/\"},{\"@type\":\"ListItem\",\"position\":2,\"name\":\"Revestimientos de entrada a la playa\"}]},{\"@type\":\"WebSite\",\"@id\":\"https:\\\/\\\/ecofinishcoatings.com\\\/es\\\/#website\",\"url\":\"https:\\\/\\\/ecofinishcoatings.com\\\/es\\\/\",\"name\":\"ecoFINISH Coatings\",\"description\":\"a new era of coatings\",\"potentialAction\":[{\"@type\":\"SearchAction\",\"target\":{\"@type\":\"EntryPoint\",\"urlTemplate\":\"https:\\\/\\\/ecofinishcoatings.com\\\/es\\\/?s={search_term_string}\"},\"query-input\":{\"@type\":\"PropertyValueSpecification\",\"valueRequired\":true,\"valueName\":\"search_term_string\"}}],\"inLanguage\":\"es\"}]}<\/script>\n<!-- \/ Yoast SEO plugin. -->","yoast_head_json":{"title":"Revestimientos de Entrada a la Playa | ecoFINISH","description":"Mejora la seguridad y el disfrute con nuestros revestimientos para entradas de playa. Explora soluciones duraderas, protectoras y antideslizantes en varios colores.","robots":{"index":"index","follow":"follow","max-snippet":"max-snippet:-1","max-image-preview":"max-image-preview:large","max-video-preview":"max-video-preview:-1"},"canonical":"https:\/\/ecofinishcoatings.com\/es\/revestimientos-de-entrada-a-la-playa\/","og_locale":"es_ES","og_type":"article","og_title":"Revestimientos de Entrada a la Playa | ecoFINISH","og_description":"Mejora la seguridad y el disfrute con nuestros revestimientos para entradas de playa. Explora soluciones duraderas, protectoras y antideslizantes en varios colores.","og_url":"https:\/\/ecofinishcoatings.com\/es\/revestimientos-de-entrada-a-la-playa\/","og_site_name":"ecoFINISH Coatings","article_modified_time":"2025-11-03T15:37:10+00:00","twitter_card":"summary_large_image","twitter_misc":{"Tiempo de lectura":"5 minutos"},"schema":{"@context":"https:\/\/schema.org","@graph":[{"@type":"WebPage","@id":"https:\/\/ecofinishcoatings.com\/es\/revestimientos-de-entrada-a-la-playa\/","url":"https:\/\/ecofinishcoatings.com\/es\/revestimientos-de-entrada-a-la-playa\/","name":"Revestimientos de Entrada a la Playa | ecoFINISH","isPartOf":{"@id":"https:\/\/ecofinishcoatings.com\/es\/#website"},"datePublished":"2022-11-11T18:41:51+00:00","dateModified":"2025-11-03T15:37:10+00:00","description":"Mejora la seguridad y el disfrute con nuestros revestimientos para entradas de playa. Explora soluciones duraderas, protectoras y antideslizantes en varios colores.","breadcrumb":{"@id":"https:\/\/ecofinishcoatings.com\/es\/revestimientos-de-entrada-a-la-playa\/#breadcrumb"},"inLanguage":"es","potentialAction":[{"@type":"ReadAction","target":["https:\/\/ecofinishcoatings.com\/es\/revestimientos-de-entrada-a-la-playa\/"]}]},{"@type":"BreadcrumbList","@id":"https:\/\/ecofinishcoatings.com\/es\/revestimientos-de-entrada-a-la-playa\/#breadcrumb","itemListElement":[{"@type":"ListItem","position":1,"name":"Home","item":"https:\/\/ecofinishcoatings.com\/es\/inicio\/"},{"@type":"ListItem","position":2,"name":"Revestimientos de entrada a la playa"}]},{"@type":"WebSite","@id":"https:\/\/ecofinishcoatings.com\/es\/#website","url":"https:\/\/ecofinishcoatings.com\/es\/","name":"ecoFINISH Coatings","description":"a new era of coatings","potentialAction":[{"@type":"SearchAction","target":{"@type":"EntryPoint","urlTemplate":"https:\/\/ecofinishcoatings.com\/es\/?s={search_term_string}"},"query-input":{"@type":"PropertyValueSpecification","valueRequired":true,"valueName":"search_term_string"}}],"inLanguage":"es"}]}},"_links":{"self":[{"href":"https:\/\/ecofinishcoatings.com\/es\/wp-json\/wp\/v2\/pages\/4424","targetHints":{"allow":["GET"]}}],"collection":[{"href":"https:\/\/ecofinishcoatings.com\/es\/wp-json\/wp\/v2\/pages"}],"about":[{"href":"https:\/\/ecofinishcoatings.com\/es\/wp-json\/wp\/v2\/types\/page"}],"author":[{"embeddable":true,"href":"https:\/\/ecofinishcoatings.com\/es\/wp-json\/wp\/v2\/users\/7"}],"replies":[{"embeddable":true,"href":"https:\/\/ecofinishcoatings.com\/es\/wp-json\/wp\/v2\/comments?post=4424"}],"version-history":[{"count":0,"href":"https:\/\/ecofinishcoatings.com\/es\/wp-json\/wp\/v2\/pages\/4424\/revisions"}],"wp:attachment":[{"href":"https:\/\/ecofinishcoatings.com\/es\/wp-json\/wp\/v2\/media?parent=4424"}],"curies":[{"name":"wp","href":"https:\/\/api.w.org\/{rel}","templated":true}]}}